{"id":8076,"date":"2018-12-26T22:43:30","date_gmt":"2018-12-26T22:43:30","guid":{"rendered":"https:\/\/www.steinberglawfirm.com\/?page_id=8076"},"modified":"2022-04-20T19:42:39","modified_gmt":"2022-04-20T19:42:39","slug":"yaz-injury","status":"publish","type":"page","link":"https:\/\/steinberglawfirm-staging.clmcloud.app\/es\/lesiones-personales\/productos-peligrosos\/drogas-peligrosas\/yaz-lesion\/","title":{"rendered":"Abogado de lesiones de Yaz"},"content":{"rendered":"<h1 class=\"wp-block-heading\">Charleston Abogado de lesiones por Yaz<\/h1>\n\n\n\n<div style=\"height:15px\" aria-hidden=\"true\" class=\"wp-block-spacer\"><\/div>\n\n\n\n<p>Se supone que los nuevos medicamentos recetados deben ser probados exhaustivamente antes de ser comercializados al p\u00fablico. En las pruebas se identifican los efectos secundarios. Sin embargo, a pesar de que los medicamentos deben ser probados exhaustivamente antes de ser vendidos a los consumidores, muchos de ellos han llegado al mercado y han causado un da\u00f1o incalculable.<\/p>\n\n\n\n<p>Las empresas farmac\u00e9uticas ganan enormes cantidades de dinero creando y vendiendo medicamentos que dicen ayudar a los consumidores y hacerles sentir mejor. La \u00fanica forma de comercializar un f\u00e1rmaco es que lo apruebe la Administraci\u00f3n de Alimentos y Medicamentos (FDA). Sin embargo, el componente de las pruebas sigue estando en manos de las compa\u00f1\u00edas farmac\u00e9uticas y se sabe que eso causa problemas \u00e9ticos, como no informar de los efectos adversos a la FDA, restar importancia a los datos que no son buenos para la compa\u00f1\u00eda o el nuevo f\u00e1rmaco, y realizar un estudio durante un periodo de tiempo demasiado corto para evaluar con precisi\u00f3n si el f\u00e1rmaco que se est\u00e1 probando tiene problemas.<\/p>\n\n\n\n<p>Yaz y otros derivados son fabricados y comercializados actualmente por Bayer Healthcare y Barr Laboratories, que fabrican una versi\u00f3n gen\u00e9rica de Yasmin. Yasmin y Ocella son comercializados en Estados Unidos desde 2008 por Teva Pharmaceuticals. Estos medicamentos tambi\u00e9n se utilizan para el tratamiento de la osteoporosis, la menopausia y el acn\u00e9 moderado.<\/p>\n\n\n\n<p><strong>YAZ y otros anticonceptivos similares<\/strong><\/p>\n\n\n\n<p>Yaz y otras p\u00edldoras anticonceptivas de cuarta generaci\u00f3n se conocen con muchos nombres. Lo que las hace diferentes es la presencia de drospirenona combinada con etinilestradiol. Los anticonceptivos orales tradicionales no contienen drospirenona.  <\/p>\n\n\n\n<p>Las nuevas hormonas progest\u00e1genas, la drospirenona, el desogestrel y\/o el gestodeno, tienen el doble de riesgo de sufrir trombosis venosa que las mujeres que toman p\u00edldoras que contienen el antiguo progest\u00e1geno levonorgestrel. Es conveniente leer la etiqueta de cualquier anticonceptivo que se prescriba para ver c\u00f3mo puede afectarle.<\/p>\n\n\n\n<p>Las siguientes p\u00edldoras de cuarta generaci\u00f3n contienen drospirenona:<br><\/p>\n\n\n\n<ul class=\"wp-block-list\"><li>Loryna <\/li><li> Safyral <\/li><li> Gianvi <\/li><li> Zarah <\/li><li> Syeda <\/li><li> Beyaz <\/li><li> Ocella <\/li><li> Yasmin <\/li><li> Yaz <\/li><\/ul>\n\n\n\n<p><strong>Efectos secundarios de YAZ<\/strong><\/p>\n\n\n\n<ul class=\"wp-block-list\"><li> Sangrado vaginal severo <\/li><li> Cansancio\/Debilidad <\/li><li> Irritaci\u00f3n vaginal, secreci\u00f3n <\/li><li> Cambios en la visi\u00f3n  <\/li><li> Reacciones al\u00e9rgicas graves <\/li><li> Dificultad para respirar <\/li><li> Tensi\u00f3n en el pecho <\/li><li> Desmayos <\/li><li> Erupciones <\/li><li> Urticaria <\/li><li> Co\u00e1gulos de sangre <\/li><li> Trazos <\/li><li> Insuficiencia renal <\/li><li> Enfermedad de la ves\u00edcula biliar\/extracci\u00f3n <\/li><li> Hipercalemia (debido a los altos niveles de potasio causados por la drospirenona) <\/li><li> C\u00e1ncer de p\u00e1ncreas <\/li><li> Trombosis venosa profunda  <\/li><li> Eventos tromb\u00f3ticos arteriales <\/li><li> Ataques card\u00edacos <\/li><li> Embolias pulmonares <\/li><li> Eventos tromboemb\u00f3licos <\/li><li> Neoplasia hep\u00e1tica <\/li><li> Hipertensi\u00f3n <\/li><\/ul>\n\n\n\n<p><strong>La historia de Yaz<\/strong><\/p>\n\n\n\n<p>El uso de Yasmin se aprob\u00f3 en Estados Unidos en 2001. Yaz recibi\u00f3 la aprobaci\u00f3n en 2006. Yaz y Yasmin se fabrican con estr\u00f3geno y progestina, y ah\u00ed acaban las similitudes con otras p\u00edldoras anticonceptivas. Yasmin contiene 30 mcg de etinilestradiol y Yaz contiene 20 mcg. Adem\u00e1s, los medicamentos se fabrican con un nuevo tipo de hormona progest\u00e1geno llamada drospirenona. La drospirenona no se comercializ\u00f3 en Estados Unidos hasta 2001.  <\/p>\n\n\n\n<p>Curiosamente, en 2003 la Administraci\u00f3n de Alimentos y Medicamentos (FDA) de EE.UU. emiti\u00f3 una advertencia a los anteriores fabricantes de Yasmin y Yaz, Berlex Laboratories (comprados por Bayer Healthcare), para que suspendieran su publicidad en televisi\u00f3n y los materiales promocionales relacionados, por considerarlos enga\u00f1osos. La FDA dijo que la publicidad exageraba la seguridad y la eficacia de las p\u00edldoras al sugerir que la drospirenona, una progestina, mejoraba qu\u00edmicamente las p\u00edldoras. La FDA no estaba de acuerdo con las afirmaciones y a\u00f1adi\u00f3 que era consciente del riesgo cl\u00ednico asociado a la drospirenona. Bayer, los nuevos propietarios de Berlex, continuaron con los anuncios a pesar de la advertencia de la FDA.<\/p>\n\n\n\n<p>Con el tiempo, Bayer Healthcare corrigi\u00f3 la publicidad de Yaz, pero para entonces ya hab\u00eda alcanzado un m\u00e1ximo de ventas de $616 millones para una de las p\u00edldoras anticonceptivas m\u00e1s populares del pa\u00eds. Al mismo tiempo, las mujeres empezaban a presentar demandas alegando lesiones por tomar Yaz. En 2009 se presentaron inicialmente 129 demandas por Yaz\/Yasmin. En 2010, aproximadamente 1.100 y en 2011, m\u00e1s de 4.000 mujeres presentaron demandas y las cifras siguieron aumentando.<\/p>\n\n\n\n<p>A pesar de las preocupaciones y advertencias de la FDA, la agencia no pidi\u00f3 que Yaz y las p\u00edldoras anticonceptivas relacionadas fueran retiradas del mercado. &nbsp;<\/p>\n\n\n\n<p><strong>Lo que alegan las demandas:<\/strong><br> <\/p>\n\n\n\n<ul class=\"wp-block-list\"><li>Que Bayer no actu\u00f3 con la debida diligencia en la investigaci\u00f3n del medicamento <\/li><li> Que Bayer rest\u00f3 importancia a los riesgos de sus p\u00edldoras y exager\u00f3 los beneficios para atraer a m\u00e1s mujeres a utilizar sus productos, que declaraban seguros <\/li><li> Que Bayer no retir\u00f3 el medicamento ni siquiera despu\u00e9s de que un informe posterior a la comercializaci\u00f3n mostrara el efecto secundario potencialmente mortal de los medicamentos <\/li><\/ul>\n\n\n\n<p>El Steinberg Law Firm entiende lo que se necesita para hacer un s\u00f3lido <a href=\"https:\/\/www.steinberglawfirm.com\/practice-areas\/dangerous-products\/dangerous-drugs\/\" target=\"_blank\" rel=\"noopener\">caso de medicamento defectuoso<\/a> que resulte en una compensaci\u00f3n justa y equitativa para usted. Ll\u00e1menos hoy para su consulta gratuita y conozca sus derechos legales. Llame al Steinberg Law Firm al 843-720-2800 lo antes posible para contarnos su historia.  <\/p>\n\n\n\n<p>Demandas por medicamentos defectuosos, y\/o <a href=\"https:\/\/www.steinberglawfirm.com\/practice-areas\/personal-injury\/\" target=\"_blank\" rel=\"noopener\">demandas por da\u00f1os personales<\/a>son complejas. Asegurarse de contar con un abogado con experiencia en Yaz\/Yasmin del Steinberg Law Firm garantiza que no se enfrentar\u00e1 a ning\u00fan escollo potencial.<\/p>\n\n\n\n<p><a href=\"https:\/\/www.steinberglawfirm.com\/free-consultation\/\" target=\"_blank\" rel=\"noopener\">Nuestra consulta inicial es confidencial y totalmente gratuita.<\/a> Usted no paga nada por hablar con un abogado sobre su caso. Entendemos que el proceso de reclamaci\u00f3n puede ser dif\u00edcil, y el papeleo puede realmente acumularse. Nuestros abogados pueden ayudarle a entender los detalles de su caso, sus derechos legales, y c\u00f3mo obtener la compensaci\u00f3n y la justicia que se merece.<\/p>","protected":false},"excerpt":{"rendered":"<p>Charleston Abogado de lesiones por Yaz Se supone que los nuevos medicamentos recetados deben ser probados exhaustivamente antes de ser comercializados al p\u00fablico. En las pruebas se identifican los efectos secundarios. Sin embargo, a pesar del hecho de que los medicamentos deben ser probados a fondo antes de ser vendidos a los consumidores, muchos han llegado al mercado y han causado un dolor incalculable...<\/p>","protected":false},"author":1,"featured_media":20368,"parent":2251,"menu_order":0,"comment_status":"closed","ping_status":"closed","template":"","meta":{"_acf_changed":false,"footnotes":""},"class_list":["post-8076","page","type-page","status-publish","has-post-thumbnail","hentry"],"acf":[],"_links":{"self":[{"href":"https:\/\/steinberglawfirm-staging.clmcloud.app\/es\/wp-json\/wp\/v2\/pages\/8076"}],"collection":[{"href":"https:\/\/steinberglawfirm-staging.clmcloud.app\/es\/wp-json\/wp\/v2\/pages"}],"about":[{"href":"https:\/\/steinberglawfirm-staging.clmcloud.app\/es\/wp-json\/wp\/v2\/types\/page"}],"author":[{"embeddable":true,"href":"https:\/\/steinberglawfirm-staging.clmcloud.app\/es\/wp-json\/wp\/v2\/users\/1"}],"replies":[{"embeddable":true,"href":"https:\/\/steinberglawfirm-staging.clmcloud.app\/es\/wp-json\/wp\/v2\/comments?post=8076"}],"version-history":[{"count":2,"href":"https:\/\/steinberglawfirm-staging.clmcloud.app\/es\/wp-json\/wp\/v2\/pages\/8076\/revisions"}],"predecessor-version":[{"id":20397,"href":"https:\/\/steinberglawfirm-staging.clmcloud.app\/es\/wp-json\/wp\/v2\/pages\/8076\/revisions\/20397"}],"up":[{"embeddable":true,"href":"https:\/\/steinberglawfirm-staging.clmcloud.app\/es\/wp-json\/wp\/v2\/pages\/2251"}],"wp:featuredmedia":[{"embeddable":true,"href":"https:\/\/steinberglawfirm-staging.clmcloud.app\/es\/wp-json\/wp\/v2\/media\/20368"}],"wp:attachment":[{"href":"https:\/\/steinberglawfirm-staging.clmcloud.app\/es\/wp-json\/wp\/v2\/media?parent=8076"}],"curies":[{"name":"wp","href":"https:\/\/api.w.org\/{rel}","templated":true}]}}