{"id":8071,"date":"2018-12-26T22:37:32","date_gmt":"2018-12-26T22:37:32","guid":{"rendered":"https:\/\/www.steinberglawfirm.com\/?page_id=8071"},"modified":"2022-04-20T19:39:33","modified_gmt":"2022-04-20T19:39:33","slug":"ssri-birth-defect","status":"publish","type":"page","link":"https:\/\/steinberglawfirm-staging.clmcloud.app\/es\/lesiones-personales\/productos-peligrosos\/drogas-peligrosas\/ssri-defecto-de-nacimiento\/","title":{"rendered":"Abogado de defectos de nacimiento de SSRI"},"content":{"rendered":"<h1 class=\"wp-block-heading\">Charleston Abogado de defectos de nacimiento de ISRS<\/h1>\n\n\n\n<div style=\"height:15px\" aria-hidden=\"true\" class=\"wp-block-spacer\"><\/div>\n\n\n\n<p>Los ISRS se utilizan para tratar la depresi\u00f3n, la ansiedad, el trastorno de p\u00e1nico, el trastorno de estr\u00e9s postraum\u00e1tico y la fobia social. Sin embargo, los ISRS son un medicamento que podr\u00eda aumentar los riesgos de <a href=\"https:\/\/www.steinberglawfirm.com\/practice-areas\/birth-injury-attorneys\/\" target=\"_blank\" rel=\"noopener\">ni\u00f1o con defectos de nacimiento<\/a>. Y el fabricante del medicamento no advirti\u00f3 a sus consumidores sobre los devastadores efectos secundarios.  <\/p>\n\n\n\n<p>Si tu hijo ha nacido con una anomal\u00eda cong\u00e9nita y has estado tomando ISRS, ven a vernos al Steinberg Law Firm. Aqu\u00ed tienes un lugar seguro para contar tu historia y descubrir c\u00f3mo puedes hacer que Big Pharma se responsabilice de los da\u00f1os causados por los ISRS. El nacimiento de un hijo deber\u00eda ser un acontecimiento feliz y no uno lleno de dolor y pena por la comercializaci\u00f3n negligente de un medicamento. Comprendemos su dolor y estamos aqu\u00ed para ayudarle.<\/p>\n\n\n\n<p><strong> F\u00e1rmacos ISRS denominados  <\/strong><\/p>\n\n\n\n<p> La Administraci\u00f3n Federal de Medicamentos (FDA) aprob\u00f3 el primer ISRS en 1988 y desde entonces se han desarrollado y comercializado m\u00e1s de ellos. En la actualidad, hay muchos f\u00e1rmacos ISRS en el mercado y es posible que haya o\u00eddo hablar de algunos de ellos, pero que no se haya dado cuenta de lo peligrosos que pueden ser. A continuaci\u00f3n se presenta una lista de f\u00e1rmacos que se han relacionado con un mayor riesgo de defectos de nacimiento. <\/p>\n\n\n\n<ul class=\"wp-block-list\"><li>Zoloft - sertralina (Pfizer) <\/li><li> Paxil, Pexeva, Brisdelle, Paxil CR - paroxetina (GlaxoSmithKline) <\/li><li> Lexapro - escitalopram (Forest Laboratories) <\/li><li> Prozac, Sarafem - fluoxetina (Eli Lilly &amp; Company) <\/li><li> Celexa - citalopram (Forest Laboratories) <\/li><li> Luvox - fluvoxamina (Jazz Pharmaceuticals) <\/li><li> Symbyax - olanzepina\/fluoxetina (Eli Lilly) <\/li><li> Viibryd - clorhidrato de vilazodona (MercKgaA, licenciado por Clinical Data, comprado por Forest Laboratories) <\/li><li> Effexor (Venlafaxina) (Pfizer) <\/li><li> Prisitq (Desvenlafaxina) (Pfizer) <\/li><\/ul>\n\n\n\n<p><strong>Defectos de nacimiento y los ISRS<\/strong><br><\/p>\n\n\n\n<p>Las mujeres embarazadas deben ser muy cautelosas a la hora de tomar ISRS. Aunque es posible que una madre que toma ISRS tenga un beb\u00e9 sano, la lista de complicaciones y defectos de estos f\u00e1rmacos puede resultar peligrosa. Un beb\u00e9 que nazca con defectos de nacimiento puede no requerir necesariamente una intervenci\u00f3n quir\u00fargica por defectos de nacimiento, una situaci\u00f3n econ\u00f3micamente dif\u00edcil que puede suponer una carga para la familia durante el resto de su vida y la de su hijo. Es m\u00e1s, incluso a\u00f1os despu\u00e9s del nacimiento del ni\u00f1o y de la cirug\u00eda correctiva, los ni\u00f1os con defectos cong\u00e9nitos requieren m\u00e1s procedimientos a medida que envejecen.<\/p>\n\n\n\n<p>Los defectos de nacimiento relacionados con los f\u00e1rmacos ISRS incluyen: <\/p>\n\n\n\n<ul class=\"wp-block-list\"><li>Aborto involuntario <\/li><li> Obstrucci\u00f3n del tracto de salida del ventr\u00edculo derecho (atresia pulmonar) <\/li><li> Defecto septal auricular (ASD) <\/li><li> Malformaciones card\u00edacas <\/li><li> Hipertensi\u00f3n pulmonar persistente (HPPN) - Los estudios demuestran que las mujeres que toman ISRS durante los \u00faltimos tres meses del embarazo tienen seis veces m\u00e1s probabilidades de dar a luz a beb\u00e9s con HPPN. <\/li><li> S\u00edndrome del coraz\u00f3n izquierdo hipopl\u00e1sico (SCIH) <\/li><li> Transposici\u00f3n de grandes arterias (TGA) <\/li><li> Coartaci\u00f3n de aorta <\/li><li> Tetralog\u00eda de Fallot (cuatro defectos card\u00edacos juntos) <\/li><li> Defecto septal ventral (VSD) <\/li><li> Gastrosquisis - est\u00f3mago\/intestino fuera del cuerpo <\/li><li> Defecto de la pared abdominal (onfalocele) <\/li><li> Extrofia cloacal <\/li><li> Atresia intestinal <\/li><li> Atresia anal - cierre completo\/parcial del ano  <\/li><li> Espina b\u00edfida <\/li><li> S\u00edndrome de Dandy-Walker <\/li><li> Anencefalia <\/li><li> Hidrocefalia <\/li><li> Encefalocele (defecto del tubo neural\/protuberancias cerebrales en forma de saco) <\/li><li> Labio leporino <\/li><li> Paladar hendido <\/li><li> Cr\u00e1neo (craneosinostosis) <\/li><li> Polidactilia <\/li><li> Pie de palo - uno\/ambos <\/li><li> Reducci\u00f3n de extremidades <\/li><li> Anotia\/Microtia <\/li><li> Deficiencias mentales <\/li><li> Atresia esof\u00e1gica <\/li><li> Hernia diafragm\u00e1tica <\/li><li> Autismo <\/li><li> Hipospadias <\/li><li> Glaucoma cong\u00e9nito <\/li><li> S\u00edndrome de abstinencia neonatal: beb\u00e9s con s\u00edndrome de abstinencia de drogas <\/li><li> Retraso en el desarrollo motor <\/li><\/ul>\n\n\n\n<p>En el bufete de abogados Steinberg sabemos que es muy costoso para usted y su familia, financiera y emocionalmente para hacer frente y cuidar de un ni\u00f1o nacido con un defecto de nacimiento. Podemos ayudarle a obtener una compensaci\u00f3n por sus p\u00e9rdidas mediante la presentaci\u00f3n de una demanda por da\u00f1os personales por medicamentos defectuosos contra el fabricante que no advirti\u00f3 a su m\u00e9dico o a usted de los devastadores efectos secundarios de los ISRS.<\/p>\n\n\n\n<p><strong>Indemnizaci\u00f3n por da\u00f1os y perjuicios conforme a la ley<\/strong><\/p>\n\n\n\n<p>Aunque cada caso es \u00fanico, y las circunstancias del caso suelen dictar una serie de indemnizaciones por da\u00f1os y perjuicios, en general un demandante puede recibir una indemnizaci\u00f3n: <\/p>\n\n\n\n<ul class=\"wp-block-list\"><li>Gastos m\u00e9dicos <\/li><li> Futuros gastos m\u00e9dicos <\/li><li> P\u00e9rdida de ingresos potenciales <\/li><li> Dolor y sufrimiento <\/li><li> Posiblemente da\u00f1os punitivos <\/li><\/ul>\n\n\n\n<p><a href=\"https:\/\/www.steinberglawfirm.com\/\" target=\"_blank\" rel=\"noopener\">El Steinberg Law Firm<\/a> entiende lo que se necesita para hacer un caso fuerte de medicamentos defectuosos que resulte en una compensaci\u00f3n justa y equitativa para usted. Ll\u00e1menos hoy para su consulta gratuita y conozca sus derechos legales. Llame al Steinberg Law Firm al 843-720-2800 lo antes posible para contarnos su historia.<\/p>\n\n\n\n<p><a href=\"https:\/\/www.steinberglawfirm.com\/practice-areas\/dangerous-products\/dangerous-drugs\/\" target=\"_blank\" rel=\"noopener\">Demandas por medicamentos defectuosos<\/a> y <a href=\"https:\/\/www.steinberglawfirm.com\/practice-areas\/personal-injury\/\" target=\"_blank\" rel=\"noopener\">demandas por da\u00f1os personales<\/a> son complejas. Asegurarse de contar con un abogado experto en defectos cong\u00e9nitos de los ISRS del Steinberg Law Firm garantiza que no se enfrentar\u00e1 a ning\u00fan escollo potencial.<\/p>\n\n\n\n<p><a href=\"https:\/\/www.steinberglawfirm.com\/free-consultation\/\" target=\"_blank\" rel=\"noopener\">Nuestra consulta inicial es confidencial y totalmente gratuita.<\/a> Usted no paga nada por hablar con un abogado sobre su caso. Entendemos que el proceso de reclamaci\u00f3n puede ser dif\u00edcil, y el papeleo puede realmente acumularse. Nuestros abogados pueden ayudarle a entender los detalles de su caso, sus derechos legales, y c\u00f3mo obtener la compensaci\u00f3n y la justicia que se merece.<\/p>","protected":false},"excerpt":{"rendered":"<p>Charleston Abogado especializado en defectos de nacimiento Los ISRS se utilizan para tratar la depresi\u00f3n, la ansiedad, el trastorno de p\u00e1nico, el trastorno de estr\u00e9s postraum\u00e1tico y la fobia social. Sin embargo, los ISRS son un medicamento que podr\u00eda aumentar los riesgos de tener un hijo con defectos de nacimiento. Y el fabricante del medicamento no advirti\u00f3 a sus consumidores de los devastadores efectos secundarios. Si su hijo fue...<\/p>","protected":false},"author":1,"featured_media":20368,"parent":2251,"menu_order":0,"comment_status":"closed","ping_status":"closed","template":"","meta":{"_acf_changed":false,"footnotes":""},"class_list":["post-8071","page","type-page","status-publish","has-post-thumbnail","hentry"],"acf":[],"_links":{"self":[{"href":"https:\/\/steinberglawfirm-staging.clmcloud.app\/es\/wp-json\/wp\/v2\/pages\/8071"}],"collection":[{"href":"https:\/\/steinberglawfirm-staging.clmcloud.app\/es\/wp-json\/wp\/v2\/pages"}],"about":[{"href":"https:\/\/steinberglawfirm-staging.clmcloud.app\/es\/wp-json\/wp\/v2\/types\/page"}],"author":[{"embeddable":true,"href":"https:\/\/steinberglawfirm-staging.clmcloud.app\/es\/wp-json\/wp\/v2\/users\/1"}],"replies":[{"embeddable":true,"href":"https:\/\/steinberglawfirm-staging.clmcloud.app\/es\/wp-json\/wp\/v2\/comments?post=8071"}],"version-history":[{"count":2,"href":"https:\/\/steinberglawfirm-staging.clmcloud.app\/es\/wp-json\/wp\/v2\/pages\/8071\/revisions"}],"predecessor-version":[{"id":20389,"href":"https:\/\/steinberglawfirm-staging.clmcloud.app\/es\/wp-json\/wp\/v2\/pages\/8071\/revisions\/20389"}],"up":[{"embeddable":true,"href":"https:\/\/steinberglawfirm-staging.clmcloud.app\/es\/wp-json\/wp\/v2\/pages\/2251"}],"wp:featuredmedia":[{"embeddable":true,"href":"https:\/\/steinberglawfirm-staging.clmcloud.app\/es\/wp-json\/wp\/v2\/media\/20368"}],"wp:attachment":[{"href":"https:\/\/steinberglawfirm-staging.clmcloud.app\/es\/wp-json\/wp\/v2\/media?parent=8071"}],"curies":[{"name":"wp","href":"https:\/\/api.w.org\/{rel}","templated":true}]}}