{"id":8068,"date":"2018-12-26T22:13:37","date_gmt":"2018-12-26T22:13:37","guid":{"rendered":"https:\/\/www.steinberglawfirm.com\/?page_id=8068"},"modified":"2024-08-01T20:35:11","modified_gmt":"2024-08-01T20:35:11","slug":"fatal-truck-accidents","status":"publish","type":"page","link":"https:\/\/steinberglawfirm-staging.clmcloud.app\/es\/lesiones-personales\/accidentes-de-camiones\/accidentes-de-camion-mortales\/","title":{"rendered":"Accidentes mortales de camiones"},"content":{"rendered":"<h1 class=\"wp-block-heading\">Charleston, SC Abogado de Accidente de Cami\u00f3n Fatal<\/h1>\n\n\n\n<h2 class=\"wp-block-heading\"><em>South Carolina Abogados de Homicidio Culposo en Accidentes de Semirremolque<\/em><\/h2>\n\n\n\n<div style=\"height:15px\" aria-hidden=\"true\" class=\"wp-block-spacer\"><\/div>\n\n\n\n<p>Seg\u00fan los \u00faltimos datos disponibles de la National Highway Traffic Safety Administration (NHTSA), en 2021 unas 42.915 personas perdieron la vida en accidentes de camiones, coches y otros veh\u00edculos de motor en Estados Unidos. Esto equivale a m\u00e1s de 117 accidentes mortales cada d\u00eda, el mayor n\u00famero de accidentes de tr\u00e1fico mortales por d\u00eda desde 2005.<\/p>\n\n\n\n<p>South Carolina represent\u00f3 una parte considerable de los accidentes mortales de la naci\u00f3n debido a la alta tasa de accidentes mortales de camiones y otros veh\u00edculos. En 2021, 1.195 personas murieron en carreteras South Carolina. Estas muertes incluyeron 192 peatones, 159 motociclistas, 24 ciclistas y 814 conductores y pasajeros de autom\u00f3viles y camiones.<\/p>\n\n\n\n<p>Seg\u00fan el South Carolina Department of Public Safety (SCDPS) 2020 Traffic Collision Fact Book, los accidentes automovil\u00edsticos fatales de 2019 a 2020 aumentaron un 17,3%. Adem\u00e1s, las camionetas, camiones tractores y otros camiones mostraron un aumento combinado de 39.1%. El condado de Greenville tuvo 78 v\u00edctimas mortales, el condado de Charleston tuvo 69 v\u00edctimas mortales y el condado de Berkeley tuvo 58 v\u00edctimas mortales. Estas cifras se encuentran entre las m\u00e1s altas del estado.<\/p>\n\n\n\n<h3 class=\"wp-block-heading\">Por qu\u00e9 sigue aumentando el n\u00famero de accidentes de cami\u00f3n<\/h3>\n\n\n\n<p>Mientras que <a href=\"https:\/\/www.steinberglawfirm.com\/personal-injury\/truck-accidents\/semi-truck-accident-injury-attorney\/\" target=\"_blank\" rel=\"noopener\">semirremolques<\/a> y otros veh\u00edculos comerciales grandes representan solo una parte del n\u00famero total de autom\u00f3viles en la carretera, los camiones grandes son responsables de un n\u00famero desproporcionado de accidentes. En 2022, se produjeron 131 colisiones mortales en las que se vieron implicadas camionetas, cabezas tractoras y otros camiones. M\u00e1s espec\u00edficamente, el Departamento de Seguridad P\u00fablica de Carolina del Sur (SCDPS) informa que m\u00e1s personas murieron en choques fatales en South Carolina en 2021 en comparaci\u00f3n con el a\u00f1o de informe anterior. <\/p>\n\n\n\n<p>La mayor\u00eda <a href=\"https:\/\/www.steinberglawfirm.com\/personal-injury\/truck-accidents\/\" target=\"_blank\" rel=\"noopener\">accidentes mortales de camiones South Carolina<\/a> ocurridos en las carreteras interestatales y estatales de EE.UU. Hay varias razones por las que el \u00edndice de accidentes de camiones sigue aumentando. Por ejemplo, los datos sugieren que los camiones son responsables del transporte de casi 80% de la poblaci\u00f3n del pa\u00eds. <a href=\"https:\/\/www.steinberglawfirm.com\/personal-injury\/truck-accidents\/container-truck-accident-attorney\/\" target=\"_blank\" rel=\"noopener\">carga<\/a>. Este aumento de camiones en las principales carreteras Charleston es probablemente un factor en el aumento general de accidentes mortales de camiones. <\/p>\n\n\n\n<p>Seg\u00fan el SCDPS, los conductores de camiones fueron responsables, al menos parcialmente, de m\u00e1s de la mitad de los accidentes mortales y no mortales. Los accidentes de veh\u00edculos que se producen en zonas rurales suelen implicar el choque contra objetos como \u00e1rboles a velocidades terminales. Por el contrario, las carreteras urbanas suelen tener arcenes anchos y amplios controles de tr\u00e1fico para ayudar a guiar a los conductores.<\/p>\n\n\n\n<h3 class=\"wp-block-heading\">Causas de accidentes mortales de camiones en Charleston<\/h3>\n\n\n\n<p>Las siguientes son las causas m\u00e1s comunes de muerte <a href=\"https:\/\/www.steinberglawfirm.com\/locations\/charleston\/truck-accident-lawyer\/\" data-type=\"link\" data-id=\"https:\/\/www.steinberglawfirm.com\/locations\/charleston\/truck-accident-lawyer\/\" target=\"_blank\" rel=\"noopener\">Accidentes de camiones Charleston<\/a>:<\/p>\n\n\n\n<ul class=\"wp-block-list\">\n<li>Conducir con fatiga<\/li>\n\n\n\n<li>Conducci\u00f3n distra\u00edda<\/li>\n\n\n\n<li><a href=\"https:\/\/www.steinberglawfirm.com\/locations\/charleston\/car-accident-lawyers\/drunk-driving-injury-accident\/\" target=\"_blank\" rel=\"noopener\">Conducci\u00f3n bajo los efectos del alcohol o las drogas<\/a><\/li>\n\n\n\n<li>Exceso de velocidad<\/li>\n\n\n\n<li>Conducci\u00f3n agresiva<\/li>\n\n\n\n<li>Equipos defectuosos y reventones de neum\u00e1ticos<\/li>\n<\/ul>\n\n\n\n<h3 class=\"wp-block-heading\">\u00bfPueden ser considerados responsables los conductores de camiones tras un accidente mortal?<\/h3>\n\n\n\n<p>Si la negligencia de un conductor de cami\u00f3n causa un accidente mortal South Carolina cami\u00f3n, el conductor del cami\u00f3n y la empresa de transporte por carretera puede ser considerado financieramente responsable a trav\u00e9s de una <a href=\"https:\/\/www.steinberglawfirm.com\/personal-injury\/wrongful-death\/\" target=\"_blank\" rel=\"noopener\">demanda de muerte por negligencia<\/a>. Una demanda por homicidio culposo es similar a otras <a href=\"https:\/\/www.steinberglawfirm.com\/personal-injury\/personal-injury-lawyers\/\" target=\"_blank\" rel=\"noopener\">reclamaciones por da\u00f1os personales<\/a>La principal diferencia es que la demanda la presenta el administrador o albacea de la herencia de la v\u00edctima del accidente fallecida.<\/p>\n\n\n\n<p>En la mayor\u00eda de los casos, un tribunal designar\u00e1 a un miembro de la familia para que act\u00fae como administrador si la v\u00edctima del accidente no nombr\u00f3 a un albacea en su testamento. Un administrador o albacea debe actuar en el mejor inter\u00e9s de la herencia, lo que significa presentar una demanda por homicidio culposo siempre que sea apropiado. La decisi\u00f3n de presentar una demanda por homicidio culposo se deja a la discreci\u00f3n de los seres queridos supervivientes.<\/p>\n\n\n\n<p>En la mayor\u00eda de los casos, la empresa que emplea a un conductor de cami\u00f3n negligente tambi\u00e9n puede ser considerada responsable de la p\u00e9rdida de la vida despu\u00e9s de un tr\u00e1gico accidente de cami\u00f3n. Esto se debe a que la ley hace a los empleadores responsables de los actos negligentes de sus empleados siempre que act\u00faen dentro del \u00e1mbito de su empleo. Nombrar a una empresa de camiones en un <a href=\"https:\/\/www.steinberglawfirm.com\/personal-injury\/truck-accidents\/\" target=\"_blank\" rel=\"noopener\">accidente mortal de cami\u00f3n South Carolina<\/a> es imprescindible porque las compa\u00f1\u00edas de camiones tienen p\u00f3lizas de seguro con l\u00edmites m\u00e1s altos, lo que significa que las v\u00edctimas de accidentes podr\u00e1n cobrar una indemnizaci\u00f3n completa y justa por lo que han pasado.<\/p>\n\n\n\n<h3 class=\"wp-block-heading\">Da\u00f1os y perjuicios en una demanda por accidente mortal de cami\u00f3n South Carolina<\/h3>\n\n\n\n<p>Las familias que persiguen un <a href=\"https:\/\/www.steinberglawfirm.com\/personal-injury\/wrongful-death\/\" target=\"_blank\" rel=\"noopener\">demanda por homicidio culposo tras un accidente mortal de cami\u00f3n<\/a> tienen derecho a una indemnizaci\u00f3n por lo que han sufrido. Aunque el importe exacto de la indemnizaci\u00f3n var\u00eda en funci\u00f3n de los hechos, las familias pueden obtener indemnizaci\u00f3n por los siguientes tipos de da\u00f1os:<\/p>\n\n\n\n<ul class=\"wp-block-list\">\n<li>Ingresos perdidos que la v\u00edctima del accidente fallecida habr\u00eda aportado al hogar;<\/li>\n\n\n\n<li>P\u00e9rdida de cuidados, protecci\u00f3n y compa\u00f1\u00eda que la v\u00edctima del accidente habr\u00eda proporcionado a su familia;<\/li>\n\n\n\n<li>Angustia mental sufrida por los familiares supervivientes; y<\/li>\n\n\n\n<li>Gastos de funeral y entierro.<\/li>\n<\/ul>\n\n\n\n<p>En algunos casos, las familias tambi\u00e9n pueden ser elegibles para cobrar da\u00f1os punitivos. Los da\u00f1os punitivos est\u00e1n destinados a castigar a un conductor o empresa de transporte por su conducta especialmente atroz y disuadir a otros de actuar de manera similar. Aunque los da\u00f1os punitivos no est\u00e1n disponibles en todos los casos, pueden ser sustanciales cuando se conceden.<\/p>\n\n\n\n<h3 class=\"wp-block-heading\">\u00bfHa perdido a un ser querido en un accidente de cami\u00f3n South Carolina?<\/h3>\n\n\n\n<p>Sin duda est\u00e1 pasando por un momento dif\u00edcil si recientemente ha perdido a un familiar debido a un accidente de cami\u00f3n South Carolina. En el <a href=\"https:\/\/www.steinberglawfirm.com\/\" target=\"_blank\" rel=\"noopener\">Steinberg Law Firm<\/a>Reconocemos sus retos y queremos ayudarle en todo lo que podamos.<\/p>\n\n\n\n<p>Si usted cree que la muerte de su ser querido era evitable, y fue causada por la negligencia de un conductor de cami\u00f3n, ll\u00e1menos a <a href=\"https:\/\/www.steinberglawfirm.com\/free-consultation\/\" target=\"_blank\" rel=\"noopener\">programar una consulta gratuita<\/a>. Podemos asesorarle sobre sus derechos, explicarle el proceso de recuperaci\u00f3n y ofrecerle una evaluaci\u00f3n honesta de su caso.<\/p>\n\n\n\n<p>Si decide presentar una reclamaci\u00f3n con el Steinberg Law Firm, hay <a href=\"https:\/\/www.steinberglawfirm.com\/no-fee-unless-you-win\/\" target=\"_blank\" rel=\"noopener\">sin honorarios hasta que cobremos la indemnizaci\u00f3n<\/a> para usted. Para obtener m\u00e1s informaci\u00f3n y para programar una consulta gratuita para discutir su caso, <a href=\"tel:1-843-720-2800\">llame al 843-720-2800<\/a>.<\/p>","protected":false},"excerpt":{"rendered":"<p>Charleston, SC Abogado de Accidentes Fatales de Camiones South Carolina Abogados de Muerte Injusta por Choques de Semirremolques Seg\u00fan los datos m\u00e1s recientemente disponibles de la Administraci\u00f3n Nacional de Seguridad del Tr\u00e1fico en las Carreteras (NHTSA), en 2021, aproximadamente 42,915 personas perdieron la vida en accidentes de camiones, autom\u00f3viles y otros veh\u00edculos de motor en los Estados Unidos. Esto equivale a m\u00e1s de 117...<\/p>","protected":false},"author":1,"featured_media":20048,"parent":175,"menu_order":0,"comment_status":"closed","ping_status":"closed","template":"","meta":{"_acf_changed":false,"footnotes":""},"class_list":["post-8068","page","type-page","status-publish","has-post-thumbnail","hentry"],"acf":[],"_links":{"self":[{"href":"https:\/\/steinberglawfirm-staging.clmcloud.app\/es\/wp-json\/wp\/v2\/pages\/8068"}],"collection":[{"href":"https:\/\/steinberglawfirm-staging.clmcloud.app\/es\/wp-json\/wp\/v2\/pages"}],"about":[{"href":"https:\/\/steinberglawfirm-staging.clmcloud.app\/es\/wp-json\/wp\/v2\/types\/page"}],"author":[{"embeddable":true,"href":"https:\/\/steinberglawfirm-staging.clmcloud.app\/es\/wp-json\/wp\/v2\/users\/1"}],"replies":[{"embeddable":true,"href":"https:\/\/steinberglawfirm-staging.clmcloud.app\/es\/wp-json\/wp\/v2\/comments?post=8068"}],"version-history":[{"count":9,"href":"https:\/\/steinberglawfirm-staging.clmcloud.app\/es\/wp-json\/wp\/v2\/pages\/8068\/revisions"}],"predecessor-version":[{"id":31588,"href":"https:\/\/steinberglawfirm-staging.clmcloud.app\/es\/wp-json\/wp\/v2\/pages\/8068\/revisions\/31588"}],"up":[{"embeddable":true,"href":"https:\/\/steinberglawfirm-staging.clmcloud.app\/es\/wp-json\/wp\/v2\/pages\/175"}],"wp:featuredmedia":[{"embeddable":true,"href":"https:\/\/steinberglawfirm-staging.clmcloud.app\/es\/wp-json\/wp\/v2\/media\/20048"}],"wp:attachment":[{"href":"https:\/\/steinberglawfirm-staging.clmcloud.app\/es\/wp-json\/wp\/v2\/media?parent=8068"}],"curies":[{"name":"wp","href":"https:\/\/api.w.org\/{rel}","templated":true}]}}