{"id":8066,"date":"2018-12-26T22:08:24","date_gmt":"2018-12-26T22:08:24","guid":{"rendered":"https:\/\/www.steinberglawfirm.com\/?page_id=8066"},"modified":"2024-03-12T22:05:34","modified_gmt":"2024-03-12T22:05:34","slug":"burns","status":"publish","type":"page","link":"https:\/\/steinberglawfirm-staging.clmcloud.app\/es\/lesiones-personales\/accidentes-de-camiones\/quemaduras\/","title":{"rendered":"Quemaduras por accidente de cami\u00f3n"},"content":{"rendered":"<h1 class=\"wp-block-heading\">Charleston Quemaduras por accidente de cami\u00f3n Abogado<\/h1>\n\n\n\n<div style=\"height:15px\" aria-hidden=\"true\" class=\"wp-block-spacer\"><\/div>\n\n\n\n<p>Muchas personas pasan por alto los costes potenciales de <a href=\"https:\/\/www.steinberglawfirm.com\/personal-injury\/personal-injury-lawyers\/burn-injury-lawyer\/\" target=\"_blank\" rel=\"noopener\">lesiones por quemaduras<\/a> en <a href=\"https:\/\/www.steinberglawfirm.com\/practice-areas\/truck-accidents\/\" target=\"_blank\" rel=\"noopener\">accidentes de camiones<\/a> debido a la probabilidad relativamente remota de que los veh\u00edculos se incendien. Seg\u00fan las estad\u00edsticas recopiladas por el Charleston Fire Marshall, los departamentos de bomberos de Estados Unidos reciben una media de 287.000 incendios de veh\u00edculos al a\u00f1o, lo que supone casi el 17% de todos los incendios registrados.<\/p>\n\n\n\n<p>Eso suma m\u00e1s de 5.200 incendios causados por accidentes de un solo veh\u00edculo, as\u00ed como por accidentes con camiones, coches y otros veh\u00edculos. Afortunadamente, los accidentes con resultado de incendio s\u00f3lo se producen en menos del uno por ciento de todos los accidentes. Sin embargo, las quemaduras de un <a href=\"https:\/\/www.steinberglawfirm.com\/personal-injury\/truck-accidents\/pickup-truck-accidents\/\" data-type=\"page\" data-id=\"19792\" target=\"_blank\" rel=\"noopener\">accidente de cami\u00f3n<\/a> u otro accidente vehicular generalmente son muy costosas. Las quemaduras de un <a href=\"https:\/\/www.steinberglawfirm.com\/truck-accident-report\/\" target=\"_blank\" rel=\"noopener\">accidente de cami\u00f3n<\/a> podr\u00eda ser especialmente malo si el <a href=\"https:\/\/www.steinberglawfirm.com\/personal-injury\/truck-accidents\/container-truck-accident-attorney\/\" target=\"_blank\" rel=\"noopener\">el cami\u00f3n transporta carga inflamable<\/a>como la gasolina o el fuel\u00f3leo.  <\/p>\n\n\n\n<p>Quemaduras causadas por <a href=\"https:\/\/www.steinberglawfirm.com\/practice-areas\/auto-accidents\/\" target=\"_blank\" rel=\"noopener\">accidentes de tr\u00e1fico<\/a> a menudo son graves y van acompa\u00f1adas de otras lesiones, lo que complica enormemente la atenci\u00f3n m\u00e9dica. Un estudio de larga duraci\u00f3n sobre las quemaduras producidas por accidentes de cami\u00f3n y otros accidentes de tr\u00e1fico indica que la mayor\u00eda de las personas sufren quemaduras en al menos un tercio de su cuerpo. Alrededor del 36% de las v\u00edctimas con quemaduras tambi\u00e9n sufrieron otras lesiones, siendo las m\u00e1s frecuentes las del sistema musculoesquel\u00e9tico.<\/p>\n\n\n\n<figure class=\"wp-block-embed is-type-video is-provider-youtube wp-block-embed-youtube wp-embed-aspect-16-9 wp-has-aspect-ratio\"><div class=\"wp-block-embed__wrapper\">\n<iframe loading=\"lazy\" title=\"Una v\u00edctima de quemaduras graves cuenta c\u00f3mo le ayud\u00f3 el Steinberg Law Firm\" width=\"500\" height=\"281\" src=\"https:\/\/www.youtube.com\/embed\/ym-QyHBe1wA?feature=oembed\" frameborder=\"0\" allow=\"accelerometer; autoplay; clipboard-write; encrypted-media; gyroscope; picture-in-picture; web-share\" referrerpolicy=\"strict-origin-when-cross-origin\" allowfullscreen><\/iframe>\n<\/div><\/figure>\n\n\n\n<p>Los que sufr\u00edan lesiones por traumatismos m\u00faltiples, adem\u00e1s de las quemaduras, ten\u00edan aproximadamente las mismas tasas de supervivencia. S\u00f3lo las quemaduras graves aumentaron mucho las tasas de mortalidad, ya que las fracturas \u00f3seas complican mucho el tratamiento de las quemaduras. A menos que se estabilicen mediante cirug\u00eda, las fracturas \u00f3seas dificultan mucho m\u00e1s la atenci\u00f3n de las heridas por quemaduras.  <\/p>\n\n\n\n<p>El cuidado de las quemaduras es uno de los tipos de atenci\u00f3n m\u00e9dica m\u00e1s caros debido a las largas estancias en el hospital y a las m\u00faltiples intervenciones quir\u00fargicas. La infecci\u00f3n es una preocupaci\u00f3n constante, y los costosos equipos de monitorizaci\u00f3n aumentan enormemente los costes. Los costes directos incluyen las habitaciones del hospital, el personal m\u00e9dico, los medicamentos recetados y el vendaje de las heridas. Los costes indirectos incluyen la p\u00e9rdida de ingresos y la disminuci\u00f3n de la esperanza de vida de la mayor\u00eda de las v\u00edctimas.<\/p>","protected":false},"excerpt":{"rendered":"<p>Charleston Quemaduras por Accidentes de Cami\u00f3n Abogado Muchas personas pasan por alto los costos potenciales de las lesiones por quemaduras en accidentes de cami\u00f3n debido a la probabilidad relativamente remota de que los veh\u00edculos se incendien. Seg\u00fan las estad\u00edsticas recogidas por el Charleston Fire Marshall, los departamentos de bomberos en Am\u00e9rica son llamados a un promedio de 287.000 incendios de veh\u00edculos cada a\u00f1o, lo que equivale a casi...<\/p>","protected":false},"author":1,"featured_media":20044,"parent":175,"menu_order":0,"comment_status":"closed","ping_status":"closed","template":"","meta":{"_acf_changed":false,"footnotes":""},"class_list":["post-8066","page","type-page","status-publish","has-post-thumbnail","hentry"],"acf":[],"_links":{"self":[{"href":"https:\/\/steinberglawfirm-staging.clmcloud.app\/es\/wp-json\/wp\/v2\/pages\/8066"}],"collection":[{"href":"https:\/\/steinberglawfirm-staging.clmcloud.app\/es\/wp-json\/wp\/v2\/pages"}],"about":[{"href":"https:\/\/steinberglawfirm-staging.clmcloud.app\/es\/wp-json\/wp\/v2\/types\/page"}],"author":[{"embeddable":true,"href":"https:\/\/steinberglawfirm-staging.clmcloud.app\/es\/wp-json\/wp\/v2\/users\/1"}],"replies":[{"embeddable":true,"href":"https:\/\/steinberglawfirm-staging.clmcloud.app\/es\/wp-json\/wp\/v2\/comments?post=8066"}],"version-history":[{"count":7,"href":"https:\/\/steinberglawfirm-staging.clmcloud.app\/es\/wp-json\/wp\/v2\/pages\/8066\/revisions"}],"predecessor-version":[{"id":30706,"href":"https:\/\/steinberglawfirm-staging.clmcloud.app\/es\/wp-json\/wp\/v2\/pages\/8066\/revisions\/30706"}],"up":[{"embeddable":true,"href":"https:\/\/steinberglawfirm-staging.clmcloud.app\/es\/wp-json\/wp\/v2\/pages\/175"}],"wp:featuredmedia":[{"embeddable":true,"href":"https:\/\/steinberglawfirm-staging.clmcloud.app\/es\/wp-json\/wp\/v2\/media\/20044"}],"wp:attachment":[{"href":"https:\/\/steinberglawfirm-staging.clmcloud.app\/es\/wp-json\/wp\/v2\/media?parent=8066"}],"curies":[{"name":"wp","href":"https:\/\/api.w.org\/{rel}","templated":true}]}}