{"id":8062,"date":"2018-12-26T22:05:01","date_gmt":"2018-12-26T22:05:01","guid":{"rendered":"https:\/\/www.steinberglawfirm.com\/?page_id=8062"},"modified":"2022-08-31T17:02:42","modified_gmt":"2022-08-31T17:02:42","slug":"loss-of-limbs","status":"publish","type":"page","link":"https:\/\/steinberglawfirm-staging.clmcloud.app\/es\/lesiones-personales\/accidentes-de-camiones\/perdida-de-extremidades\/","title":{"rendered":"P\u00e9rdida de extremidades por accidente de cami\u00f3n"},"content":{"rendered":"<h1 class=\"wp-block-heading\">Charleston Amputaci\u00f3n por accidente de cami\u00f3n Abogado<\/h1>\n\n\n\n<div style=\"height:15px\" aria-hidden=\"true\" class=\"wp-block-spacer\"><\/div>\n\n\n\n<p>Los camiones grandes pueden pesar hasta 80.000 libras, lo que afecta significativamente a su capacidad para frenar o evitar un choque o accidente. Cuando los camiones grandes chocan con los coches de pasajeros, el choque devastador puede causar la p\u00e9rdida de extremidades. La p\u00e9rdida de las extremidades en los accidentes es t\u00edpicamente causada por el trauma del impacto inicial. El da\u00f1o a las extremidades puede ser tan grande que el tratamiento m\u00e9dico no es una opci\u00f3n viable, y la amputaci\u00f3n se hace necesaria.<\/p>\n\n\n\n<p>Las amputaciones por colisi\u00f3n causan alrededor del 45% de las amputaciones del pa\u00eds cada a\u00f1o, informa la Coalici\u00f3n de Amputados. En la actualidad, unos 2 millones de estadounidenses viven con la p\u00e9rdida de sus extremidades, mientras que 28 millones se enfrentan a diversas amenazas de amputaci\u00f3n.  <\/p>\n\n\n\n<p>Aparte de las lesiones traum\u00e1ticas, otra causa com\u00fan de amputaciones despu\u00e9s de un <a href=\"https:\/\/www.steinberglawfirm.com\/truck-accident-report\/\" target=\"_blank\" rel=\"noopener\">accidente de cami\u00f3n en South Carolina<\/a> es la infecci\u00f3n. La infecci\u00f3n es especialmente peligrosa tras las colisiones de veh\u00edculos que provocan lesiones graves. Una infecci\u00f3n en una parte relativamente aislada del cuerpo podr\u00eda extenderse y requerir la amputaci\u00f3n de la extremidad para evitar la p\u00e9rdida de la vida.  <\/p>\n\n\n\n<p>P\u00e9rdida de extremidades por un <a href=\"https:\/\/www.steinberglawfirm.com\/practice-areas\/truck-accidents\/\" target=\"_blank\" rel=\"noopener\">accidente de cami\u00f3n<\/a> cuesta m\u00e1s de $500.000 a lo largo de la vida, seg\u00fan informa el Centro John Hopkins de Investigaci\u00f3n y Pol\u00edtica de Lesiones. Los costes m\u00e9dicos continuados suelen incluir m\u00faltiples hospitalizaciones para cirug\u00edas y tratamientos de seguimiento, pr\u00f3tesis y servicios de rehabilitaci\u00f3n. Estos costes suelen corresponder a la p\u00e9rdida de un solo miembro. Al chocar con un cami\u00f3n, es muy posible sufrir m\u00faltiples p\u00e9rdidas de extremidades, lo que complica enormemente los tratamientos y aumenta significativamente los costes a lo largo del tiempo.  <\/p>\n\n\n\n<p>P\u00e9rdida de extremidades durante <a href=\"https:\/\/www.steinberglawfirm.com\/practice-areas\/auto-accidents\/\" target=\"_blank\" rel=\"noopener\">accidentes de tr\u00e1fico<\/a> tambi\u00e9n crea otros problemas para los que a menudo se busca una compensaci\u00f3n legal. Entre esas complicaciones se encuentran el dolor y el sufrimiento extremos, la angustia emocional grave y la p\u00e9rdida de ingresos durante el resto de la vida del superviviente. Esas cantidades pueden superar f\u00e1cilmente $1 mill\u00f3n.  <\/p>\n\n\n\n<p>Estos costes suelen ser muy elevados, y las compa\u00f1\u00edas de seguros suelen animar a las v\u00edctimas de accidentes a llegar a un acuerdo por mucho menos de lo que deber\u00edan recibir para indemnizar sus p\u00e9rdidas. La ayuda legal experimentada puede evitar que las aseguradoras se aprovechen de las v\u00edctimas de accidentes y ayudar a garantizar el pago de una indemnizaci\u00f3n adecuada.  <\/p>","protected":false},"excerpt":{"rendered":"<p>Charleston Amputaci\u00f3n por Accidentes de Camiones Los camiones grandes pueden pesar hasta 80,000 libras, lo cual afecta significativamente su habilidad para frenar o evitar un choque o accidente. Cuando los camiones grandes chocan con los coches de pasajeros, el choque devastador puede causar la p\u00e9rdida de extremidades. La p\u00e9rdida de extremidades en accidentes es t\u00edpicamente causada por el trauma de la...<\/p>","protected":false},"author":1,"featured_media":20044,"parent":175,"menu_order":0,"comment_status":"closed","ping_status":"closed","template":"","meta":{"_acf_changed":false,"footnotes":""},"class_list":["post-8062","page","type-page","status-publish","has-post-thumbnail","hentry"],"acf":[],"_links":{"self":[{"href":"https:\/\/steinberglawfirm-staging.clmcloud.app\/es\/wp-json\/wp\/v2\/pages\/8062"}],"collection":[{"href":"https:\/\/steinberglawfirm-staging.clmcloud.app\/es\/wp-json\/wp\/v2\/pages"}],"about":[{"href":"https:\/\/steinberglawfirm-staging.clmcloud.app\/es\/wp-json\/wp\/v2\/types\/page"}],"author":[{"embeddable":true,"href":"https:\/\/steinberglawfirm-staging.clmcloud.app\/es\/wp-json\/wp\/v2\/users\/1"}],"replies":[{"embeddable":true,"href":"https:\/\/steinberglawfirm-staging.clmcloud.app\/es\/wp-json\/wp\/v2\/comments?post=8062"}],"version-history":[{"count":5,"href":"https:\/\/steinberglawfirm-staging.clmcloud.app\/es\/wp-json\/wp\/v2\/pages\/8062\/revisions"}],"predecessor-version":[{"id":22583,"href":"https:\/\/steinberglawfirm-staging.clmcloud.app\/es\/wp-json\/wp\/v2\/pages\/8062\/revisions\/22583"}],"up":[{"embeddable":true,"href":"https:\/\/steinberglawfirm-staging.clmcloud.app\/es\/wp-json\/wp\/v2\/pages\/175"}],"wp:featuredmedia":[{"embeddable":true,"href":"https:\/\/steinberglawfirm-staging.clmcloud.app\/es\/wp-json\/wp\/v2\/media\/20044"}],"wp:attachment":[{"href":"https:\/\/steinberglawfirm-staging.clmcloud.app\/es\/wp-json\/wp\/v2\/media?parent=8062"}],"curies":[{"name":"wp","href":"https:\/\/api.w.org\/{rel}","templated":true}]}}