{"id":8053,"date":"2018-12-26T21:59:05","date_gmt":"2018-12-26T21:59:05","guid":{"rendered":"https:\/\/www.steinberglawfirm.com\/?page_id=8053"},"modified":"2022-08-31T17:03:18","modified_gmt":"2022-08-31T17:03:18","slug":"spinal-cord-injuries","status":"publish","type":"page","link":"https:\/\/steinberglawfirm-staging.clmcloud.app\/es\/lesiones-personales\/accidentes-de-camiones\/lesiones-de-la-columna-vertebral\/","title":{"rendered":"Lesiones medulares por accidentes de cami\u00f3n"},"content":{"rendered":"<h1 class=\"wp-block-heading\">Charleston Lesiones medulares por accidente de cami\u00f3n Abogado<\/h1>\n\n\n\n<div style=\"height:15px\" aria-hidden=\"true\" class=\"wp-block-spacer\"><\/div>\n\n\n\n<p>Unos 12.500 estadounidenses sufren <a href=\"https:\/\/www.steinberglawfirm.com\/practice-areas\/head-brain-and-spine-injuries\/\" target=\"_blank\" rel=\"noopener\">lesiones medulares<\/a> cada a\u00f1o, y los accidentes de tr\u00e1fico representan alrededor del 38% de ellos, seg\u00fan informa el Centro Nacional de Estad\u00edsticas de Lesiones Medulares. Esto supone una media de 4.750 lesiones medulares causadas por accidentes de tr\u00e1fico, <a href=\"https:\/\/www.steinberglawfirm.com\/truck-accident-report\/\" target=\"_blank\" rel=\"noopener\">incluidos los grandes camiones<\/a>.<\/p>\n\n\n\n<p>Dado que los camiones pueden pesar hasta 80.000 libras, la fuerza del impacto en un choque suele ser peor que en un <a href=\"https:\/\/www.steinberglawfirm.com\/practice-areas\/auto-accidents\/\" target=\"_blank\" rel=\"noopener\">accidente de coche<\/a> o choque. Por lo tanto, las lesiones de la m\u00e9dula espinal son una lesi\u00f3n com\u00fan resultante de <a href=\"https:\/\/www.steinberglawfirm.com\/practice-areas\/truck-accidents\/\" target=\"_blank\" rel=\"noopener\">accidentes de camiones<\/a>.<\/p>\n\n\n\n<p>Las lesiones medulares suelen dar lugar a costosos tratamientos m\u00e9dicos y afecciones que duran toda la vida. El coste del tratamiento de las lesiones de la m\u00e9dula espinal suele superar los $1 millones. La atenci\u00f3n m\u00e9dica habitual para quienes sufren una lesi\u00f3n medular por un accidente de cami\u00f3n incluye:<\/p>\n\n\n\n<ul class=\"wp-block-list\"><li>Cirug\u00eda de la columna vertebral;<\/li><li>Cuidados traum\u00e1ticos, como el uso de ventiladores;<\/li><li>Cuidados de larga duraci\u00f3n;<\/li><li>Equipo m\u00e9dico; y,<\/li><li>Medicamentos en curso.<\/li><\/ul>\n\n\n\n<p>Las lesiones de la m\u00e9dula espinal pueden provocar dolor y sufrimiento, as\u00ed como grandes y aparentemente interminables facturas m\u00e9dicas. Recuperarse de una lesi\u00f3n medular puede pasar factura no solo a su salud, sino tambi\u00e9n a su estabilidad financiera y bienestar.<\/p>","protected":false},"excerpt":{"rendered":"<p>Charleston Abogado de lesiones medulares por accidentes de cami\u00f3n Cada a\u00f1o, unos 12.500 estadounidenses sufren lesiones medulares, de las que los accidentes de tr\u00e1fico representan el 38%, seg\u00fan informa el Centro Nacional de Estad\u00edsticas de Lesiones Medulares. Esto supone una media de 4.750 lesiones de la m\u00e9dula espinal causadas por accidentes de tr\u00e1fico, incluidos los de camiones grandes. Dado que los camiones...<\/p>","protected":false},"author":1,"featured_media":20048,"parent":175,"menu_order":0,"comment_status":"closed","ping_status":"closed","template":"","meta":{"_acf_changed":false,"footnotes":""},"class_list":["post-8053","page","type-page","status-publish","has-post-thumbnail","hentry"],"acf":[],"_links":{"self":[{"href":"https:\/\/steinberglawfirm-staging.clmcloud.app\/es\/wp-json\/wp\/v2\/pages\/8053"}],"collection":[{"href":"https:\/\/steinberglawfirm-staging.clmcloud.app\/es\/wp-json\/wp\/v2\/pages"}],"about":[{"href":"https:\/\/steinberglawfirm-staging.clmcloud.app\/es\/wp-json\/wp\/v2\/types\/page"}],"author":[{"embeddable":true,"href":"https:\/\/steinberglawfirm-staging.clmcloud.app\/es\/wp-json\/wp\/v2\/users\/1"}],"replies":[{"embeddable":true,"href":"https:\/\/steinberglawfirm-staging.clmcloud.app\/es\/wp-json\/wp\/v2\/comments?post=8053"}],"version-history":[{"count":3,"href":"https:\/\/steinberglawfirm-staging.clmcloud.app\/es\/wp-json\/wp\/v2\/pages\/8053\/revisions"}],"predecessor-version":[{"id":22584,"href":"https:\/\/steinberglawfirm-staging.clmcloud.app\/es\/wp-json\/wp\/v2\/pages\/8053\/revisions\/22584"}],"up":[{"embeddable":true,"href":"https:\/\/steinberglawfirm-staging.clmcloud.app\/es\/wp-json\/wp\/v2\/pages\/175"}],"wp:featuredmedia":[{"embeddable":true,"href":"https:\/\/steinberglawfirm-staging.clmcloud.app\/es\/wp-json\/wp\/v2\/media\/20048"}],"wp:attachment":[{"href":"https:\/\/steinberglawfirm-staging.clmcloud.app\/es\/wp-json\/wp\/v2\/media?parent=8053"}],"curies":[{"name":"wp","href":"https:\/\/api.w.org\/{rel}","templated":true}]}}