{"id":8049,"date":"2018-12-26T21:51:28","date_gmt":"2018-12-26T21:51:28","guid":{"rendered":"https:\/\/www.steinberglawfirm.com\/?page_id=8049"},"modified":"2023-09-14T17:53:53","modified_gmt":"2023-09-14T17:53:53","slug":"brain-injury","status":"publish","type":"page","link":"https:\/\/steinberglawfirm-staging.clmcloud.app\/es\/lesiones-personales\/accidentes-de-camiones\/lesion-cerebral\/","title":{"rendered":"Lesiones cerebrales traum\u00e1ticas causadas por accidentes de cami\u00f3n South Carolina"},"content":{"rendered":"<h1 class=\"wp-block-heading\">Charleston Abogado de lesiones cerebrales traum\u00e1ticas por accidentes de cami\u00f3n<\/h1>\n\n\n\n<div style=\"height:15px\" aria-hidden=\"true\" class=\"wp-block-spacer\"><\/div>\n\n\n<p>Las fuerzas que intervienen en un <a href=\"https:\/\/www.steinberglawfirm.com\/practice-areas\/truck-accidents\/\" target=\"_blank\" rel=\"noopener\">South Carolina accidente de cami\u00f3n<\/a> son casi inimaginables. Los semirremolques y otros veh\u00edculos comerciales grandes pueden pesar hasta 80.000 libras cuando est\u00e1n completamente cargados, y los accidentes que involucran a estos veh\u00edculos a menudo ocurren a velocidades de autopista. Los resultados de un <a href=\"https:\/\/www.steinberglawfirm.com\/truck-accident-report\/\" target=\"_blank\" rel=\"noopener\">accidente de cami\u00f3n en South Carolina<\/a> son a menudo tr\u00e1gicos, y los que tienen la suerte de sobrevivir a un accidente deben a menudo hacer frente a lesiones de por vida, incluyendo <a href=\"https:\/\/www.steinberglawfirm.com\/locations\/summerville\/brain-injury-attorneys\/\" target=\"_blank\" rel=\"noopener\">lesiones cerebrales traum\u00e1ticas<\/a>.<\/p>\n<p>En el <a href=\"https:\/\/www.steinberglawfirm.com\/\" target=\"_blank\" rel=\"noopener\">Steinberg Law Firm<\/a>representamos a clientes que han sido <a href=\"https:\/\/www.steinberglawfirm.com\/personal-injury\/truck-accidents\/semi-truck-accident-injury-attorney\/\" target=\"_blank\" rel=\"noopener\">heridos graves en accidentes de semirremolque<\/a>ayud\u00e1ndoles a recuperar una indemnizaci\u00f3n justa por lo que han sufrido. Con m\u00e1s de 200 a\u00f1os de experiencia combinada, podemos asesorarle con confianza sobre sus opciones y ayudarle a reclamar una indemnizaci\u00f3n.<\/p>\n<p><b>Lesiones cerebrales traum\u00e1ticas<\/b><\/p>\n<p>Una lesi\u00f3n cerebral traum\u00e1tica (TBI) se caracteriza por un da\u00f1o repentino en el cerebro causado por un golpe en la cabeza. Los accidentes automovil\u00edsticos son una de las principales causas de LCT, ya que se calcula que el 20% de todas las LCT se deben a accidentes de tr\u00e1fico.<\/p>\n<p>Los profesionales de la medicina clasifican las LCT en tres categor\u00edas, en funci\u00f3n de la gravedad de los s\u00edntomas experimentados:<\/p>\n<ul>\n<li><b>Suave:<\/b> La v\u00edctima del accidente est\u00e1 despierta con los ojos abiertos. Los s\u00edntomas de una TBI leve suelen incluir una breve p\u00e9rdida de conciencia, dolor de cabeza, p\u00e9rdida de memoria y confusi\u00f3n.<\/li>\n<li><b>Moderado:<\/b> La v\u00edctima del accidente est\u00e1 aletargada y es capaz de abrir los ojos cuando se le pide. Los s\u00edntomas de una TBI moderada incluyen p\u00e9rdida de conciencia que oscila entre 20 minutos y seis horas, inflamaci\u00f3n del cerebro y hemorragia cerebral leve.<\/li>\n<li><b>Grave:<\/b> La v\u00edctima del accidente est\u00e1 inconsciente y no abre los ojos cuando se le pide. Las LCT graves se caracterizan por periodos de inconsciencia que duran m\u00e1s de seis horas.<\/li>\n<\/ul>\n<p>El t\u00e9rmino lesi\u00f3n cerebral traum\u00e1tica es amplio, ya que describe varios tipos distintos de lesiones, entre ellas:<\/p>\n<ul>\n<li>Conmociones cerebrales<\/li>\n<li>Hematomas<\/li>\n<li>Contusiones<\/li>\n<li>Lesiones axonales difusas<\/li>\n<li>Hemorragias subaracnoideas traum\u00e1ticas<\/li>\n<\/ul>\n<p>Los s\u00edntomas de una LCT var\u00edan mucho, pero a menudo incluyen uno o m\u00e1s de los siguientes:<\/p>\n<ul>\n<li>P\u00e9rdida de memoria<\/li>\n<li>Dolores de cabeza<\/li>\n<li>Problemas visuales<\/li>\n<li>P\u00e9rdida de conocimiento<\/li>\n<li>Confusi\u00f3n y desorientaci\u00f3n<\/li>\n<li>Poca atenci\u00f3n o concentraci\u00f3n<\/li>\n<li>Trastornos del sue\u00f1o<\/li>\n<li>Fatiga<\/li>\n<li>Irritabilidad<\/li>\n<li>Trastornos emocionales<\/li>\n<li>Depresi\u00f3n<\/li>\n<li>Convulsiones<\/li>\n<li>V\u00f3mitos<\/li>\n<li>Mareos o p\u00e9rdida de equilibrio<\/li>\n<\/ul>\n<p>Dadas las fuerzas que intervienen en los accidentes de cami\u00f3n South Carolina, las LCT son muy comunes. Dado que los s\u00edntomas inmediatos var\u00edan en gravedad, muchos de los que sufren una LCT pueden no saberlo. Por lo tanto, es importante que cualquier persona que haya estado involucrada en un accidente de cami\u00f3n se haga examinar por un profesional m\u00e9dico. Las v\u00edctimas de accidentes de cami\u00f3n tambi\u00e9n pueden tener derecho a una compensaci\u00f3n econ\u00f3mica por sus lesiones a trav\u00e9s de un <a href=\"https:\/\/www.steinberglawfirm.com\/practice-areas\/personal-injury\/\" target=\"_blank\" rel=\"noopener\">Charleston demanda por da\u00f1os personales<\/a>.<\/p>\n<h3>P\u00f3ngase en contacto con un bufete de abogados de accidentes de camiones South Carolina que est\u00e9 familiarizado con las lesiones cerebrales traum\u00e1ticas<\/h3>\n<p>Si usted o un ser querido ha sufrido una lesi\u00f3n cerebral traum\u00e1tica tras verse implicado en un <a href=\"https:\/\/www.steinberglawfirm.com\/locations\/charleston\/truck-accident-lawyer\/\" target=\"_blank\" rel=\"noopener\">Charleston accidente de cami\u00f3n<\/a>, <a href=\"https:\/\/www.steinberglawfirm.com\/practice-areas\/personal-injury\/\" target=\"_blank\" rel=\"noopener\">nuestros abogados de da\u00f1os personales<\/a> quieren ayudarle a usted y a su familia a recuperar su vida. En el <a href=\"https:\/\/www.steinberglawfirm.com\/\" target=\"_blank\" rel=\"noopener\">Steinberg Law Firm<\/a>Representamos a clientes en <a href=\"https:\/\/www.steinberglawfirm.com\/practice-areas\/\" target=\"_blank\" rel=\"noopener\">todo tipo de reclamaciones por lesiones<\/a>incluyendo los que implican <a href=\"https:\/\/www.steinberglawfirm.com\/personal-injury\/truck-accidents\/semi-truck-accident-injury-attorney\/\" target=\"_blank\" rel=\"noopener\">accidentes graves de semirremolque<\/a>y otros accidentes que involucran grandes camiones y veh\u00edculos comerciales. Contamos con <a href=\"https:\/\/www.steinberglawfirm.com\/practice-areas\/serious-injury-cases\/traumatic-brain-injury\/\" target=\"_blank\" rel=\"noopener\">experiencia especial en la tramitaci\u00f3n de casos de lesiones cerebrales traum\u00e1ticas<\/a>.<\/p>\n<p><a href=\"https:\/\/www.steinberglawfirm.com\/attorney\/\" target=\"_blank\" rel=\"noopener\">Los abogados de Steinberg Law Firm son tanto h\u00e1biles negociadores como agresivos litigantes<\/a>lo que significa que no se le animar\u00e1 a aceptar una oferta de acuerdo por menos de lo que merece. Para saber m\u00e1s sobre c\u00f3mo podemos ayudarle a reclamar una indemnizaci\u00f3n basada en las lesiones que usted o su ser querido han sufrido, <a href=\"tel:843-720-2800\">llame al 843-720-2800<\/a>o <a href=\"https:\/\/www.steinberglawfirm.com\/contact-us\/\" target=\"_blank\" rel=\"noopener\">contacte con nosotros a trav\u00e9s de nuestro formulario online<\/a>. Representamos a clientes en Charleston y en todo South Carolina. La llamada es gratuita, y porque <a href=\"https:\/\/www.steinberglawfirm.com\/no-fee-unless-you-win\/\" target=\"_blank\" rel=\"noopener\">ofrecemos una promesa de no pago<\/a>Usted no paga a menos que nosotros ganemos. Esperamos hablar con usted y ayudarle a usted y a su familia en el proceso de recuperaci\u00f3n.<\/p>","protected":false},"excerpt":{"rendered":"<p>Charleston Lesiones Cerebrales Traum\u00e1ticas por Accidentes de Cami\u00f3n Abogado Las fuerzas involucradas en un accidente de cami\u00f3n South Carolina son casi inimaginables. Los semirremolques y otros veh\u00edculos comerciales grandes pueden pesar hasta 80,000 libras cuando est\u00e1n completamente cargados, y los accidentes que involucran a estos veh\u00edculos a menudo ocurren a velocidades de autopista. Los resultados de un accidente de cami\u00f3n en South Carolina son...<\/p>","protected":false},"author":1,"featured_media":19966,"parent":175,"menu_order":0,"comment_status":"closed","ping_status":"closed","template":"","meta":{"_acf_changed":false,"footnotes":""},"class_list":["post-8049","page","type-page","status-publish","has-post-thumbnail","hentry"],"acf":[],"_links":{"self":[{"href":"https:\/\/steinberglawfirm-staging.clmcloud.app\/es\/wp-json\/wp\/v2\/pages\/8049"}],"collection":[{"href":"https:\/\/steinberglawfirm-staging.clmcloud.app\/es\/wp-json\/wp\/v2\/pages"}],"about":[{"href":"https:\/\/steinberglawfirm-staging.clmcloud.app\/es\/wp-json\/wp\/v2\/types\/page"}],"author":[{"embeddable":true,"href":"https:\/\/steinberglawfirm-staging.clmcloud.app\/es\/wp-json\/wp\/v2\/users\/1"}],"replies":[{"embeddable":true,"href":"https:\/\/steinberglawfirm-staging.clmcloud.app\/es\/wp-json\/wp\/v2\/comments?post=8049"}],"version-history":[{"count":7,"href":"https:\/\/steinberglawfirm-staging.clmcloud.app\/es\/wp-json\/wp\/v2\/pages\/8049\/revisions"}],"predecessor-version":[{"id":26989,"href":"https:\/\/steinberglawfirm-staging.clmcloud.app\/es\/wp-json\/wp\/v2\/pages\/8049\/revisions\/26989"}],"up":[{"embeddable":true,"href":"https:\/\/steinberglawfirm-staging.clmcloud.app\/es\/wp-json\/wp\/v2\/pages\/175"}],"wp:featuredmedia":[{"embeddable":true,"href":"https:\/\/steinberglawfirm-staging.clmcloud.app\/es\/wp-json\/wp\/v2\/media\/19966"}],"wp:attachment":[{"href":"https:\/\/steinberglawfirm-staging.clmcloud.app\/es\/wp-json\/wp\/v2\/media?parent=8049"}],"curies":[{"name":"wp","href":"https:\/\/api.w.org\/{rel}","templated":true}]}}