{"id":8034,"date":"2018-12-26T20:47:02","date_gmt":"2018-12-26T20:47:02","guid":{"rendered":"https:\/\/www.steinberglawfirm.com\/?page_id=8034"},"modified":"2023-05-10T19:57:56","modified_gmt":"2023-05-10T19:57:56","slug":"personal-injury-lawyer","status":"publish","type":"page","link":"https:\/\/steinberglawfirm-staging.clmcloud.app\/es\/ubicaciones\/summerville\/abogado-de-lesiones-personales\/","title":{"rendered":"Summerville Abogado de lesiones personales"},"content":{"rendered":"<h1 class=\"wp-block-heading\">Summerville Abogados de da\u00f1os personales<\/h1>\n\n\n\n<p>\u00bfSe ha visto implicado en un accidente con da\u00f1os personales y ha sufrido lesiones graves? Si es as\u00ed, no espere a <a href=\"https:\/\/www.steinberglawfirm.com\/summerville\/\" target=\"_blank\" rel=\"noopener\">conecte con un abogado de lesiones personales Summerville<\/a>. Llevar la carga de intentar conseguir asistencia m\u00e9dica mientras se trata de compa\u00f1\u00edas de seguros prepotentes no es algo que deba hacer solo. <a href=\"https:\/\/www.steinberglawfirm.com\/\" target=\"_blank\" rel=\"noopener\">El Steinberg Law Firm est\u00e1 en su esquina<\/a>. Podemos ayudarle a presentar una reclamaci\u00f3n por da\u00f1os personales para obtener una compensaci\u00f3n justa de la parte negligente que caus\u00f3 su accidente.<\/p>\n\n\n\n<p><strong>C\u00f3mo reclamar una indemnizaci\u00f3n en un caso de da\u00f1os personales<\/strong><\/p>\n\n\n\n<p>Un accidente puede dejarle tratando de recuperarse de las dolorosas lesiones mientras lidia con diversas consecuencias emocionales y financieras. Ya sea en <a href=\"https:\/\/www.steinberglawfirm.com\/summerville\/car-accident-lawyer\/\" target=\"_blank\" rel=\"noopener\">ha sufrido un accidente de tr\u00e1fico<\/a>, <a href=\"https:\/\/www.steinberglawfirm.com\/summerville\/workers-compensation-lawyer\/\" target=\"_blank\" rel=\"noopener\">ha sufrido una lesi\u00f3n en el lugar de trabajo<\/a> o <a href=\"https:\/\/www.steinberglawfirm.com\/summerville\/slip-and-fall-lawyer\/\" target=\"_blank\" rel=\"noopener\">tuvo un accidente de resbal\u00f3n y ca\u00edda en una tienda de comestibles<\/a>Tiene derecho a reclamar una indemnizaci\u00f3n por sus lesiones.<\/p>\n\n\n\n<p>Los abogados de lesiones personales de la Summerville quieren ayudarle a responsabilizar a las partes que fueron responsables de su accidente. Los casos de lesiones personales implican identificar la negligencia.<\/p>\n\n\n\n<p>Para tener una demanda s\u00f3lida por negligencia, usted debe demostrar que la parte culpable ten\u00eda un deber de cuidado razonable hacia usted, que ese deber fue incumplido y que el incumplimiento caus\u00f3 sus lesiones. Tiene que demostrar que ha sufrido p\u00e9rdidas reales a causa del accidente. Seg\u00fan la ley South Carolina, las personas lesionadas pueden recibir varios tipos de da\u00f1os y perjuicios:<\/p>\n\n\n\n<p>- <strong>Econ\u00f3mico:<\/strong> Los gastos m\u00e9dicos, el lucro cesante, los da\u00f1os a la propiedad, la rehabilitaci\u00f3n y los cuidados continuos entran en esta categor\u00eda.<\/p>\n\n\n\n<p>- <strong>No econ\u00f3mico:<\/strong> Estos da\u00f1os son por p\u00e9rdidas intangibles como el dolor y el sufrimiento, la p\u00e9rdida de compa\u00f1\u00eda, la angustia emocional y las molestias.<\/p>\n\n\n\n<p>- <strong>Punitivo:<\/strong> Se concede en casos excepcionales para castigar a la parte culpable por cualquier comportamiento que se destaque como especialmente atroz.<\/p>\n\n\n\n<p><strong>Tapas de da\u00f1os personales en Summerville<\/strong><\/p>\n\n\n\n<p>Si ha sufrido lesiones en un accidente, puede tener derecho a recibir una indemnizaci\u00f3n por gastos m\u00e9dicos, da\u00f1os materiales y otras p\u00e9rdidas. Sin embargo, hay l\u00edmites para ciertos tipos de da\u00f1os.<\/p>\n\n\n\n<p>En&nbsp;<a href=\"https:\/\/www.steinberglawfirm.com\/practice-areas\/medical-malpractice\/\" target=\"_blank\" rel=\"noopener\">demandas por negligencia m\u00e9dica<\/a>La indemnizaci\u00f3n por da\u00f1os y perjuicios tiene un l\u00edmite de $350.000 para un solo acusado y de $1,05 millones si hay m\u00e1s de un acusado. Adem\u00e1s, las indemnizaciones punitivas en los casos de lesiones personales tienen un l\u00edmite de tres veces los da\u00f1os reales o $500.000, lo que sea mayor.<\/p>\n\n\n\n<p>Es importante tener en cuenta que los topes de da\u00f1os no se aplican a todos los casos de lesiones personales en Summerville. Su abogado de la Steinberg Law Firm puede evaluar su situaci\u00f3n durante su consulta gratuita.<\/p>\n\n\n\n<p><strong>Plazos de reclamaci\u00f3n por da\u00f1os personales en South Carolina<\/strong><\/p>\n\n\n\n<p>La ley de prescripci\u00f3n de los casos de lesiones personales Summerville permite a los demandantes presentar una demanda hasta tres a\u00f1os despu\u00e9s de la fecha de la lesi\u00f3n. Si no se presenta antes de que se cumplan los tres a\u00f1os, el caso se desestima autom\u00e1ticamente. Nuestros experimentados abogados de lesiones personales son conscientes de los plazos de los tribunales y se asegurar\u00e1n de emprender acciones legales dentro de un plazo suficiente.<\/p>\n\n\n\n<p><strong>Pasos a seguir tras un accidente<\/strong><\/p>\n\n\n\n<p>Si ha resultado herido en un accidente, quiz\u00e1 se pregunte c\u00f3mo iniciar una reclamaci\u00f3n por da\u00f1os personales. Lo primero que debe hacer es cuidar su bienestar f\u00edsico y mental. Tambi\u00e9n debe <a href=\"https:\/\/www.steinberglawfirm.com\/contact-us\/\" target=\"_blank\" rel=\"noopener\">contacte con un abogado especializado en lesiones personales Summerville lo antes posible<\/a> para preservar su derecho a presentar una reclamaci\u00f3n por sus lesiones.<\/p>\n\n\n\n<p>A continuaci\u00f3n se indican otras cosas que debe hacer para respaldar su reclamaci\u00f3n por da\u00f1os personales:<\/p>\n\n\n\n<p>- Busque tratamiento m\u00e9dico para sus lesiones<br>- Acudir a todas las citas m\u00e9dicas y visitas de seguimiento<br>- Recoge pruebas escribiendo notas y tomando fotos de tus lesiones<br>- Llevar un registro de las facturas m\u00e9dicas, los salarios perdidos y las bajas laborales<br>- Obtener informaci\u00f3n de contacto de los testigos<br>- Documente todas las conversaciones con otras personas implicadas en el accidente<br>- Evite hacer declaraciones a las compa\u00f1\u00edas de seguros hasta que consulte a un abogado<br>- No admitir la culpa<\/p>\n\n\n\n<p><strong>Reglas de fallos compartidos del South Carolina<\/strong><\/p>\n\n\n\n<p>Los casos de lesiones personales pueden ser complejos, ya que puede haber varias partes culpables de un accidente. En algunas demandas por lesiones personales Summerville, el demandado puede argumentar que usted es totalmente culpable o parcialmente culpable del incidente que provoc\u00f3 sus lesiones. Las normas de negligencia comparativa modificada de South se aplican a los casos que implican una culpa compartida.<\/p>\n\n\n\n<p>El importe de la indemnizaci\u00f3n a la que tiene derecho un demandante puede verse reducido por su porcentaje de responsabilidad legal en el accidente. Si un demandante tiene m\u00e1s del 50% de la culpa, no puede cobrar la indemnizaci\u00f3n de otras partes culpables. Los abogados de lesiones personales de Steinberg Law Firm tienen como objetivo garantizar que a nuestros clientes se les atribuya una negligencia m\u00ednima con el fin de recuperar la m\u00e1xima indemnizaci\u00f3n<\/p>\n\n\n\n<h2 class=\"wp-block-heading\">C\u00f3mo puede ayudarle un abogado de lesiones personales Summerville despu\u00e9s de un accidente<\/h2>\n\n\n\n<p>El Steinberg Law Firm puede ayudarle a lidiar con el comportamiento negligente que caus\u00f3 su accidente en primer lugar. Haremos todo lo posible para conseguir una compensaci\u00f3n justa y equitativa para usted.<\/p>\n\n\n\n<p>Su abogado de lesiones personales Summerville le asesorar\u00e1 sobre sus derechos legales, atender\u00e1 sus preocupaciones, responder\u00e1 a todas sus preguntas y le ayudar\u00e1 a lidiar con las compa\u00f1\u00edas de seguros. La ley de lesiones personales no es sencilla y cada caso depende de las pruebas disponibles. Contar con un abogado capaz y con experiencia que represente sus intereses beneficia su caso y ayuda a garantizar que reciba los da\u00f1os que merece.<\/p>\n\n\n\n<h3 class=\"wp-block-heading\">Contacte con el Steinberg Law Firm hoy mismo<\/h3>\n\n\n\n<p>El <a href=\"https:\/\/www.steinberglawfirm.com\/attorney\/\" target=\"_blank\" rel=\"noopener\">Steinberg Law Firm's Summerville abogados de lesiones personales<\/a> se comprometen a revisar a fondo su caso y a guiarle a trav\u00e9s del proceso legal de reclamaci\u00f3n, desde la evaluaci\u00f3n del caso hasta el acuerdo o el tribunal. <a href=\"https:\/\/www.steinberglawfirm.com\/blog\/steinberg-law-firm-voted-best-law-firm-in-summerville-by-summerville-journal-scene-readers\/\" target=\"_blank\" rel=\"noopener\">Hemos sido votados como el mejor bufete de abogados de Summerville por los lectores del Summerville Journal Scene<\/a>. Si usted sufri\u00f3 una lesi\u00f3n personal en un accidente, ll\u00e1menos hoy para una revisi\u00f3n gratuita de su caso. <a href=\"tel:843-720-2800\">Llamar al 843-720-2800<\/a> o <a href=\"https:\/\/www.steinberglawfirm.com\/contact-us\/\" target=\"_blank\" rel=\"noopener\">contacte con nosotros a trav\u00e9s de nuestro formulario online<\/a>.<\/p>","protected":false},"excerpt":{"rendered":"<p>Summerville Abogados de lesiones personales \u00bfSe ha visto involucrado en un accidente de lesiones personales y ha sufrido lesiones graves? Si es as\u00ed, no espere a ponerse en contacto con un abogado de lesiones personales Summerville. Llevar la carga de tratar de obtener asistencia m\u00e9dica mientras trata con compa\u00f1\u00edas de seguros insistentes no es algo que deba hacer solo. The Steinberg Law Firm...<\/p>","protected":false},"author":1,"featured_media":20655,"parent":3549,"menu_order":0,"comment_status":"closed","ping_status":"closed","template":"","meta":{"_acf_changed":false,"footnotes":""},"class_list":["post-8034","page","type-page","status-publish","has-post-thumbnail","hentry"],"acf":[],"_links":{"self":[{"href":"https:\/\/steinberglawfirm-staging.clmcloud.app\/es\/wp-json\/wp\/v2\/pages\/8034"}],"collection":[{"href":"https:\/\/steinberglawfirm-staging.clmcloud.app\/es\/wp-json\/wp\/v2\/pages"}],"about":[{"href":"https:\/\/steinberglawfirm-staging.clmcloud.app\/es\/wp-json\/wp\/v2\/types\/page"}],"author":[{"embeddable":true,"href":"https:\/\/steinberglawfirm-staging.clmcloud.app\/es\/wp-json\/wp\/v2\/users\/1"}],"replies":[{"embeddable":true,"href":"https:\/\/steinberglawfirm-staging.clmcloud.app\/es\/wp-json\/wp\/v2\/comments?post=8034"}],"version-history":[{"count":6,"href":"https:\/\/steinberglawfirm-staging.clmcloud.app\/es\/wp-json\/wp\/v2\/pages\/8034\/revisions"}],"predecessor-version":[{"id":24768,"href":"https:\/\/steinberglawfirm-staging.clmcloud.app\/es\/wp-json\/wp\/v2\/pages\/8034\/revisions\/24768"}],"up":[{"embeddable":true,"href":"https:\/\/steinberglawfirm-staging.clmcloud.app\/es\/wp-json\/wp\/v2\/pages\/3549"}],"wp:featuredmedia":[{"embeddable":true,"href":"https:\/\/steinberglawfirm-staging.clmcloud.app\/es\/wp-json\/wp\/v2\/media\/20655"}],"wp:attachment":[{"href":"https:\/\/steinberglawfirm-staging.clmcloud.app\/es\/wp-json\/wp\/v2\/media?parent=8034"}],"curies":[{"name":"wp","href":"https:\/\/api.w.org\/{rel}","templated":true}]}}