{"id":778,"date":"2018-05-04T12:00:34","date_gmt":"2018-05-04T12:00:34","guid":{"rendered":"https:\/\/www.steinberglawfirm.com\/practice-areas\/head-and-spine-injuries-copy\/"},"modified":"2024-06-27T17:17:19","modified_gmt":"2024-06-27T17:17:19","slug":"dangerous-products","status":"publish","type":"page","link":"https:\/\/steinberglawfirm-staging.clmcloud.app\/es\/lesiones-personales\/productos-peligrosos\/","title":{"rendered":"Productos peligrosos"},"content":{"rendered":"<h6>\n\t\tObtenci\u00f3n de resultados\n\t<\/h6>\n<h5>\n\t\t$2,75 millones\n\t<\/h5>\n<h5>\n\t\tCaso de producto defectuoso\n\t<\/h5>\n<h3>\n\t\tAbogados que representan a los lesionados por productos peligrosos\n\t<\/h3>\n\t<p>Nuestros abogados trabajar\u00e1n incansablemente para asegurar que los dise\u00f1adores, fabricantes, proveedores o cualquier parte que venda productos inseguros sean considerados responsables.<\/p>\n<h6>\n\t\tPara una revisi\u00f3n gratuita del caso, ll\u00e1menos al 843-720-2800.\n\t<\/h6>\n<h4>\n\t\tRepresentando a personas lesionadas desde 1927\n\t<\/h4>\n<h1>\n\t\tAbogados de productos defectuosos que representan Charleston, Summerville &amp; Goose Creek, South Carolina\n\t<\/h1>\n<h4>\n\t\tProtegeremos sus derechos y evitaremos que otros se vean perjudicados por el mismo producto.\n\t<\/h4>\n\t<p>Los fabricantes de productos tienen una responsabilidad crucial hacia sus consumidores. Deben garantizar que los bienes que producen y venden son seguros para el uso del consumidor, y que contienen las advertencias adecuadas sobre cualquier peligro inherente. Desgraciadamente, los fabricantes y otras partes de la cadena de distribuci\u00f3n a veces producen un producto peligroso o defectuoso que da\u00f1a a los consumidores. Afortunadamente, la ley ofrece protecci\u00f3n en los casos de productos defectuosos.<\/p>\n\t\t\t\t<img decoding=\"async\" src=\"https:\/\/www.steinberglawfirm.com\/wp-content\/uploads\/2022\/01\/quote-blue-outline-2022.svg\" alt=\"Comillas\" title=\"quote-blue-outline-2022\" itemprop=\"image\">\n\t\t<h5>Lo que dicen nuestros clientes:<\/h5>\t\t\t\n\t\t\t\t<p>Disfrut\u00e9 del hecho de que cada vez que llamaba, alguien me devolv\u00eda la llamada. Me hizo sentir que mi caso importaba y que yo importaba. Respondieron a todas mis preguntas y preocupaciones de manera oportuna. Los recomendar\u00eda encarecidamente.<br>- Paula<\/p>\n<h6>\n\t\tResponder a sus preguntas\n\t<\/h6>\n\t<p>Para discutir los detalles de su caso, p\u00f3ngase en contacto con un abogado con experiencia en productos defectuosos South Carolina hoy. Prestamos servicio en Charleston, Goose Creek, Summerville y las \u00e1reas circundantes.<\/p>\n\t\t\t\t<img decoding=\"async\" src=\"https:\/\/www.steinberglawfirm.com\/wp-content\/uploads\/2022\/01\/question-white-outline.svg\" alt=\"Signo de interrogaci\u00f3n\" title=\"question-white-outline\" itemprop=\"image\">\n\t\t<h4>\u00bfQu\u00e9 debo hacer si me he lesionado con un producto defectuoso?<\/h4>\t\t\t\n\t\t\t\t<p>La vida exige que usted y su familia entren en contacto con numerosos productos y dispositivos cada d\u00eda. Deber\u00eda poder confiar en esos productos, pero, por desgracia, los productos peligrosos pueden llegar a las manos y a los hogares de los consumidores. En algunos casos, usted puede reclamar una indemnizaci\u00f3n y exigir responsabilidades. Para saber si tiene una reclamaci\u00f3n por producto defectuoso, llame a nuestros experimentados abogados de South Carolina - 24 horas al d\u00eda, 7 d\u00edas a la semana - al 843-720-2800.&nbsp;<\/p>\n<h2>\n\t\t\u00bfQu\u00e9 es la responsabilidad por productos defectuosos?\n\t<\/h2>\n<h5>\n\t\tLa responsabilidad del producto, tambi\u00e9n conocida como casos de productos defectuosos, es el \u00e1rea de nuestra pr\u00e1ctica que se ocupa de las lesiones causadas por un producto defectuoso. Hay muchas maneras diferentes en las que un producto peligroso o defectuoso puede da\u00f1ar a un consumidor, y en el Steinberg Law Firm, hemos ayudado a clientes cuyas lesiones fueron causadas por:\n\t<\/h5>\n\t<ul>\n<li><a href=\"https:\/\/www.steinberglawfirm.com\/personal-injury\/dangerous-products\/dangerous-drugs\/\" target=\"_blank\" rel=\"noopener\">Productos farmac\u00e9uticos peligrosos<\/a><\/li>\n<li><a href=\"https:\/\/www.steinberglawfirm.com\/personal-injury\/dangerous-products\/dangerous-food\/\" target=\"_blank\" rel=\"noopener\">Productos alimentarios peligrosos<\/a><\/li>\n<li><a href=\"https:\/\/www.steinberglawfirm.com\/articles\/choosing-safe-toys-for-your-children\/\" target=\"_blank\" rel=\"noopener\">Productos y juguetes infantiles peligrosos<\/a><\/li>\n<\/ul>\n\t<p>Emprender una acci\u00f3n legal en cualquiera de estas circunstancias no s\u00f3lo proporciona a las v\u00edctimas de las lesiones una compensaci\u00f3n econ\u00f3mica muy necesaria, sino que tambi\u00e9n puede ayudar a alertar a otros de una amenaza potencial muy grave.<\/p>\n<h4>\n\t\tEstamos siempre a disposici\u00f3n de los clientes\n\t<\/h4>\n<h3>\n\t\t\u00bfQu\u00e9 es un producto defectuoso?\n\t<\/h3>\n\t<p>Pr\u00e1cticamente cualquier tipo de producto puede ser defectuoso o defectuoso. Durante su consulta gratuita, nuestros abogados pueden determinar si su lesi\u00f3n y el tipo de producto cumplen los requisitos. En el pasado, algunos de los productos que han sido objeto de estas demandas son:<\/p>\n<ul>\n<li><a href=\"https:\/\/www.steinberglawfirm.com\/personal-injury\/auto-accidents\/car-defects-or-malfunctions\/defective-product-exploding-tire-attorneys\/\" target=\"_blank\" rel=\"noopener\">Neum\u00e1ticos<\/a><\/li>\n<li>Frenos<\/li>\n<li>Electrodom\u00e9sticos<\/li>\n<li>Productos sanitarios<\/li>\n<li>Medicamentos<\/li>\n<li>Juguetes para ni\u00f1os<\/li>\n<li>Productos alimenticios<\/li>\n<li>Cepillos para parrilla<\/li>\n<li>Dispositivos a pilas<\/li>\n<\/ul>\n<h3>\n\t\tDeterminar qui\u00e9n es el culpable\n\t<\/h3>\n\t<p>Hay m\u00faltiples partes a lo largo de la cadena de producci\u00f3n que pueden ser responsables en \u00faltima instancia de las lesiones causadas por productos defectuosos. Algunas de las partes potencialmente responsables son:<\/p>\n<ul>\n<li>Dise\u00f1adores<\/li>\n<li>Fabricantes<\/li>\n<li>Minoristas<\/li>\n<li>Mayoristas<\/li>\n<\/ul>\n<p>Como equipo de abogados experimentados, tenemos las habilidades y recursos para investigar su caso y determinar la culpa. A menudo, la clave de estos casos es demostrar que usted se lesion\u00f3 como resultado directo del defecto. Por supuesto, cualquiera puede resultar perjudicado por un producto, simplemente por utilizarlo de forma inadecuada o peligrosa. Una motosierra es un equipo muy peligroso; el simple hecho de sufrir una lesi\u00f3n al utilizar la motosierra no es suficiente para presentar una demanda de responsabilidad por productos defectuosos. En cambio, la lesi\u00f3n debe haber surgido a causa de un defecto y durante el funcionamiento habitual del aparato.<\/p>\n<h3>\n\t\t\u00c1reas de pr\u00e1ctica\n\t<\/h3>\n<h3>\n\t\tResultados\n\t<\/h3>\n<h6>\n\t\tHEMOS RECUPERADO M\u00c1S DE $500 MILLONES PARA CLIENTES EN LOS \u00daLTIMOS 10 A\u00d1OS, INCLUYENDO:\n\t<\/h6>\n<h4>\n\t\t$2,75 millones\n\t<\/h4>\n<h5>\n\t\tMal funcionamiento del elevador de tijera\n\t<\/h5>\n<h4>\n\t\t$1,59 millones\n\t<\/h4>\n<h5>\n\t\tAccidente por explosi\u00f3n de una caldera\n\t<\/h5>\n<h4>\n\t\t$1.0 Millones\n\t<\/h4>\n<h5>\n\t\tLesi\u00f3n por amputaci\u00f3n de maquinaria\n\t<\/h5>\n<h4>\n\t\tConsultas gratuitas\n\t<\/h4>\n\t<p>Podemos ayudarle a entender sus opciones legales de recuperaci\u00f3n.<\/p>\n\t<p>En el Steinberg Law Firm sabemos que usted da prioridad a la seguridad de su familia, y si un producto defectuoso lo lesiona a usted o a uno de sus seres queridos, nuestros abogados trabajan para que la parte responsable rinda cuentas con todo el peso de la ley.<\/p>\n\t\t\t<a href=\"\/es\/contact\/\" target=\"_self\" rel=\"noopener\">\n\t\t\t\t\t\t\tDiscuta su caso\n\t\t\t\t\t<\/a>\n<h2>\n\t\tTres categor\u00edas de casos de productos defectuosos\n\t<\/h2>\n<h5>\n\t\tHay tres tipos de defectos a los que se refieren las demandas de responsabilidad por productos:\n\t<\/h5>\n<h5>\n\t\tDefectos de dise\u00f1o\n\t<\/h5>\n\t<p>Estos defectos est\u00e1n presentes en el propio dise\u00f1o del producto antes de su fabricaci\u00f3n. Aunque el producto se fabrique con exactitud y precisi\u00f3n, seguir\u00e1 habiendo un defecto peligroso en la mercanc\u00eda final.<\/p>\n<h5>\n\t\tDefectos de fabricaci\u00f3n\n\t<\/h5>\n\t<p>Estos casos se refieren a productos correctamente dise\u00f1ados pero fabricados de forma defectuosa. Se produce un error o un problema mientras se fabrica el producto, lo que provoca el defecto.<\/p>\n\t<p>Nuestros abogados pueden determinar si el producto que le lesion\u00f3 era defectuoso de alguna de estas maneras.<\/p>\n\t\t\t\t<img loading=\"lazy\" decoding=\"async\" src=\"https:\/\/www.steinberglawfirm.com\/wp-content\/uploads\/2018\/05\/women11.jpg\" alt=\"Charleston Abogados de lesiones personales\" itemprop=\"image\" height=\"624\" width=\"798\" title=\"mujeres11\" onerror=\"this.style.display='none'\">\n<h5>\n\t\tDefectos de comercializaci\u00f3n\n\t<\/h5>\n\t<p>Estos casos tratan sobre el etiquetado y la comercializaci\u00f3n de un producto, incluyendo instrucciones inadecuadas, etiquetas insuficientes o advertencias de seguridad inadecuadas.<\/p>\n\t<p>Nuestros experimentados abogados trabajan con eficacia y pasi\u00f3n para conseguir hasta el \u00faltimo c\u00e9ntimo para nuestros clientes. Utilizando todos nuestros recursos, mostraremos todas las formas en que la lesi\u00f3n ha afectado a su vida y medios de vida. Demostramos el efecto de cambio de vida que la lesi\u00f3n ha tenido en la vida del cliente a los jueces, jurados, mediadores y ajustadores de seguros.<\/p>\n<h3>\n\t\tRecuperaci\u00f3n de da\u00f1os y perjuicios\n\t<\/h3>\n<h3>\n\t\tDa\u00f1os y perjuicios en un caso de producto defectuoso\n\t<\/h3>\n\t<p>Adem\u00e1s de hacer que las partes responsables rindan cuentas, el objetivo de una demanda de responsabilidad por productos defectuosos es buscar una compensaci\u00f3n por la forma en que la lesi\u00f3n ha afectado a su vida. <\/p>\n<p>La indemnizaci\u00f3n concedida en una demanda se denomina \"da\u00f1os compensatorios\". Cuando un caso tiene \u00e9xito, se pueden conceder da\u00f1os y perjuicios por algunos o todos los siguientes motivos:<\/p>\n<ul>\n<li>Gastos m\u00e9dicos actuales y futuros<\/li>\n<li>P\u00e9rdida de salario por no poder trabajar <\/li>\n<li>Terapia de rehabilitaci\u00f3n<\/li>\n<li>Recalificaci\u00f3n laboral<\/li>\n<\/ul>\n<h4>\n\t\tLo que dicen nuestros clientes\n\t<\/h4>\n\t<meta itemscope=\"\" itemprop=\"mainEntityOfPage\" itemtype=\"https:\/\/schema.org\/WebPage\" itemid=\"https:\/\/www.steinberglawfirm.com\/?post_type=testimonials&amp;p=14927\" content=\"Susan\"><meta itemprop=\"datePublished\" content=\"2021-04-09\"><meta itemprop=\"dateModified\" content=\"2022-04-26\"><meta itemprop=\"name\" content=\"Steinberg Law Firm\"><meta itemprop=\"url\" content=\"https:\/\/www.steinberglawfirm.com\/blog\/author\/steadm\/\"><meta itemprop=\"name\" content=\"Steinberg Law Firm\"><meta itemprop=\"interactionType\" content=\"https:\/\/schema.org\/CommentAction\"><meta itemprop=\"userInteractionCount\" content=\"0\">\n<h4>Tienen unos abogados incre\u00edbles.<\/h4>\n<p>Han trabajado en una situaci\u00f3n imposible y han superado todas las expectativas en los acuerdos resultantes. \u00a1Recomendar\u00eda el bufete de abogados Steinberg a todos y cada uno!<\/p>\n<h5>- Susan<\/h5>\n\t<meta itemscope=\"\" itemprop=\"mainEntityOfPage\" itemtype=\"https:\/\/schema.org\/WebPage\" itemid=\"https:\/\/www.steinberglawfirm.com\/?post_type=testimonials&amp;p=14926\" content=\"Vanessa\"><meta itemprop=\"datePublished\" content=\"2021-04-09\"><meta itemprop=\"dateModified\" content=\"2022-02-21\"><meta itemprop=\"name\" content=\"Steinberg Law Firm\"><meta itemprop=\"url\" content=\"https:\/\/www.steinberglawfirm.com\/blog\/author\/steadm\/\"><meta itemprop=\"name\" content=\"Steinberg Law Firm\"><meta itemprop=\"interactionType\" content=\"https:\/\/schema.org\/CommentAction\"><meta itemprop=\"userInteractionCount\" content=\"0\">\n<h4>Mi experiencia fue excelente<\/h4>\n<p>Desde la primera consulta hasta el final de mi caso me mantuvieron informado paso a paso. Mi abogado trabaj\u00f3 duro para m\u00ed y me consigui\u00f3 m\u00e1s de lo que esperaba. <\/p>\n<h5>- Vanessa<\/h5>\n\t<meta itemscope=\"\" itemprop=\"mainEntityOfPage\" itemtype=\"https:\/\/schema.org\/WebPage\" itemid=\"https:\/\/www.steinberglawfirm.com\/?post_type=testimonials&amp;p=14842\" content=\"Mike\"><meta itemprop=\"datePublished\" content=\"2021-03-04\"><meta itemprop=\"dateModified\" content=\"2022-02-21\"><meta itemprop=\"name\" content=\"Steinberg Law Firm\"><meta itemprop=\"url\" content=\"https:\/\/www.steinberglawfirm.com\/blog\/author\/steadm\/\"><meta itemprop=\"name\" content=\"Steinberg Law Firm\"><meta itemprop=\"interactionType\" content=\"https:\/\/schema.org\/CommentAction\"><meta itemprop=\"userInteractionCount\" content=\"0\">\n<h4>Nunca sent\u00ed que estaba solo<\/h4>\n<p>Mi abogado y su asistente legal estuvieron conmigo durante todo el caso. Nunca sent\u00ed que estaba solo. En todo momento estuvieron en mi esquina. Alguien me recomend\u00f3 al bufete de abogados Steinberg y con gusto har\u00eda lo mismo por otra persona.<\/p>\n<h5>- Mike<\/h5>\n\t<meta itemscope=\"\" itemprop=\"mainEntityOfPage\" itemtype=\"https:\/\/schema.org\/WebPage\" itemid=\"https:\/\/www.steinberglawfirm.com\/?post_type=testimonials&amp;p=14840\" content=\"Brian\"><meta itemprop=\"datePublished\" content=\"2021-03-04\"><meta itemprop=\"dateModified\" content=\"2022-02-22\"><meta itemprop=\"name\" content=\"Steinberg Law Firm\"><meta itemprop=\"url\" content=\"https:\/\/www.steinberglawfirm.com\/blog\/author\/steadm\/\"><meta itemprop=\"name\" content=\"Steinberg Law Firm\"><meta itemprop=\"interactionType\" content=\"https:\/\/schema.org\/CommentAction\"><meta itemprop=\"userInteractionCount\" content=\"0\">\n<h4>No podr\u00eda haber pedido algo mejor<\/h4>\n<p>La gente del grupo Steinberg es de primera categor\u00eda. Manejaron mi caso extremadamente bien, no podr\u00eda haber pedido una mejor actuaci\u00f3n. Muchas gracias a todos por todo lo que hicieron por m\u00ed.<\/p>\n<h5>- Brian<\/h5>\n\t<meta itemscope=\"\" itemprop=\"mainEntityOfPage\" itemtype=\"https:\/\/schema.org\/WebPage\" itemid=\"https:\/\/www.steinberglawfirm.com\/?post_type=testimonials&amp;p=732\" content=\"Brandy\"><meta itemprop=\"datePublished\" content=\"2018-05-04\"><meta itemprop=\"dateModified\" content=\"2022-04-26\"><meta itemprop=\"name\" content=\"Steinberg Law Firm\"><meta itemprop=\"url\" content=\"https:\/\/www.steinberglawfirm.com\/blog\/author\/steadm\/\"><meta itemprop=\"name\" content=\"Steinberg Law Firm\"><meta itemprop=\"interactionType\" content=\"https:\/\/schema.org\/CommentAction\"><meta itemprop=\"userInteractionCount\" content=\"0\">\n<h4>Estoy agradecido por ellos.<\/h4>\n<p>En mi peor momento, protegieron y defendieron honesta y cuidadosamente a mi familia en m\u00faltiples niveles. Soy un cliente de por vida y la integridad de esta firma de abogados es incomparable. \u00a1Gracias a la familia Steinberg Law!<\/p>\n<h5>- Brandy<\/h5>\n\t<meta itemscope=\"\" itemprop=\"mainEntityOfPage\" itemtype=\"https:\/\/schema.org\/WebPage\" itemid=\"https:\/\/www.steinberglawfirm.com\/?post_type=testimonials&amp;p=195\" content=\"Joan\"><meta itemprop=\"datePublished\" content=\"2018-04-17\"><meta itemprop=\"dateModified\" content=\"2022-04-26\"><meta itemprop=\"name\" content=\"Steinberg Law Firm\"><meta itemprop=\"url\" content=\"https:\/\/www.steinberglawfirm.com\/blog\/author\/steadm\/\"><meta itemprop=\"name\" content=\"Steinberg Law Firm\"><meta itemprop=\"interactionType\" content=\"https:\/\/schema.org\/CommentAction\"><meta itemprop=\"userInteractionCount\" content=\"0\">\n<h4>La gente es atenta y profesional<\/h4>\n<p>Las preguntas e inquietudes siempre son respondidas y las preocupaciones son atendidas. Gracias a todos en Steinburg por una buena experiencia y por demostrarme que se preocupan por sus clientes.<\/p>\n<h5>- Joan<\/h5>\n\t<meta itemscope=\"\" itemprop=\"mainEntityOfPage\" itemtype=\"https:\/\/schema.org\/WebPage\" itemid=\"https:\/\/www.steinberglawfirm.com\/?post_type=testimonials&amp;p=157\" content=\"Rena\"><meta itemprop=\"datePublished\" content=\"2018-04-16\"><meta itemprop=\"dateModified\" content=\"2022-02-21\"><meta itemprop=\"name\" content=\"Steinberg Law Firm\"><meta itemprop=\"url\" content=\"https:\/\/www.steinberglawfirm.com\/blog\/author\/steadm\/\"><meta itemprop=\"name\" content=\"Steinberg Law Firm\"><meta itemprop=\"interactionType\" content=\"https:\/\/schema.org\/CommentAction\"><meta itemprop=\"userInteractionCount\" content=\"0\">\n<h4>El mejor bufete de abogados<\/h4>\n<p>Este es el mejor bufete de abogados con el que alguien podr\u00eda tratar.&nbsp;<a href=\"https:\/\/www.steinberglawfirm.com\/attorney\/david-t-pearlman\/\" target=\"_blank\" rel=\"noopener\">Sr. Pearlman<\/a>&nbsp;trabajar\u00e1 duro para conseguir todo lo que se le debe. Fue un placer haber sido representado por esta firma.<\/p>\n<h5>- Rena<\/h5>\n\t<meta itemscope=\"\" itemprop=\"mainEntityOfPage\" itemtype=\"https:\/\/schema.org\/WebPage\" itemid=\"https:\/\/www.steinberglawfirm.com\/?post_type=testimonials&amp;p=156\" content=\"Meagan\"><meta itemprop=\"datePublished\" content=\"2018-04-16\"><meta itemprop=\"dateModified\" content=\"2022-02-21\"><meta itemprop=\"name\" content=\"Steinberg Law Firm\"><meta itemprop=\"url\" content=\"https:\/\/www.steinberglawfirm.com\/blog\/author\/steadm\/\"><meta itemprop=\"name\" content=\"Steinberg Law Firm\"><meta itemprop=\"interactionType\" content=\"https:\/\/schema.org\/CommentAction\"><meta itemprop=\"userInteractionCount\" content=\"0\">\n<h4>Una experiencia maravillosa<\/h4>\n<p>Tuve una experiencia maravillosa con&nbsp;<a href=\"https:\/\/www.steinberglawfirm.com\/attorney\/david-t-pearlman\/\" target=\"_blank\" rel=\"noopener\">Sr. Pearlman<\/a>&nbsp;y su equipo. Muchas gracias por su diligencia y experiencia.<\/p>\n<h5>- Meagan<\/h5>\n\t<meta itemscope=\"\" itemprop=\"mainEntityOfPage\" itemtype=\"https:\/\/schema.org\/WebPage\" itemid=\"https:\/\/www.steinberglawfirm.com\/?post_type=testimonials&amp;p=154\" content=\"Erika\"><meta itemprop=\"datePublished\" content=\"2018-04-16\"><meta itemprop=\"dateModified\" content=\"2022-02-22\"><meta itemprop=\"name\" content=\"Steinberg Law Firm\"><meta itemprop=\"url\" content=\"https:\/\/www.steinberglawfirm.com\/blog\/author\/steadm\/\"><meta itemprop=\"name\" content=\"Steinberg Law Firm\"><meta itemprop=\"interactionType\" content=\"https:\/\/schema.org\/CommentAction\"><meta itemprop=\"userInteractionCount\" content=\"0\">\n<h4>Los recomiendo encarecidamente<\/h4>\n<p>Trabajan como un equipo proporcionando las mejores referencias y asistencia para lograr lo que mi familia y yo necesit\u00e1bamos. Los recomiendo encarecidamente porque no te decepcionar\u00e1n.<\/p>\n<h5>- Erika<\/h5>\n\t\t\t<a href=\"https:\/\/steinberglawfirm-staging.clmcloud.app\/es\/testimonios\/\" target=\"_self\" rel=\"noopener\">\n\t\t\t\t\t\t\tLeer m\u00e1s testimonios\n\t\t\t\t\t<\/a>\n<h6>\n\t\tNoticias y actualizaciones de nuestro blog\n\t<\/h6>\n\t\t\t<a href=\"https:\/\/www.steinberglawfirm.com\/blog\/category\/auto-accident\/\" target=\"_blank\" rel=\"noopener\">Accidente de tr\u00e1fico<\/a>\t\t\t<h3>\n\t\t\t\t<a href=\"https:\/\/www.steinberglawfirm.com\/blog\/what-happens-if-i-am-involved-in-a-south-carolina-car-accident-and-have-an-sr-22-requirement-already\/\" title=\"\u00bfQu\u00e9 pasa si estoy involucrado en un accidente de coche South Carolina y tienen un requisito SR-22 ya?\" tabindex=\"0\" target=\"_blank\" rel=\"noopener\">\u00bfQu\u00e9 pasa si estoy involucrado en un accidente de coche South Carolina y tienen un requisito SR-22 ya?<\/a>\t\t\t<\/h3>\n\t\t\t<a href=\"https:\/\/www.steinberglawfirm.com\/blog\/category\/auto-accident\/\" target=\"_blank\" rel=\"noopener\">Accidente de tr\u00e1fico<\/a>\t\t\t<h3>\n\t\t\t\t<a href=\"https:\/\/www.steinberglawfirm.com\/blog\/are-cars-with-touchscreens-more-dangerous\/\" title=\"\u00bfSon m\u00e1s peligrosos los coches con pantalla t\u00e1ctil?\" tabindex=\"0\" target=\"_blank\" rel=\"noopener\">\u00bfSon m\u00e1s peligrosos los coches con pantalla t\u00e1ctil?<\/a>\t\t\t<\/h3>\n<h2>\n\t\tP\u00f3ngase en contacto con un abogado de productos defectuosos South Carolina\n\t<\/h2>\n<h3>\n\t\tLo que nuestros abogados pueden hacer por usted\n\t<\/h3>\n\t<p>Si usted o un ser querido se ha lesionado recientemente debido a un defecto de un producto que le ha ocasionado gastos m\u00e9dicos, p\u00f3ngase en contacto con los abogados de Steinberg Law Firm hoy mismo.<\/p>\n<p>Nuestros abogados especializados en responsabilidad civil por productos defectuosos pueden encargarse de todo el papeleo y los asuntos legales relacionados con el caso mientras usted se toma su tiempo para recuperarse de sus lesiones. Puede descansar y curarse con la seguridad de que sus asuntos legales est\u00e1n en buenas manos. Puede contactar con nosotros a trav\u00e9s de esta p\u00e1gina web o llamando al 843-720-2800. Servimos a clientes en Charleston, Goose Creek, Summerville, y las \u00e1reas circundantes.<\/p>\n<h3>\n\t\tDeje que nos encarguemos de las compa\u00f1\u00edas de seguros\n\t<\/h3>\n\t<p>Si usted o un ser querido ha sido lesionado por un producto peligroso, no le aconsejamos que trate de manejar las compa\u00f1\u00edas de seguros usted mismo. Tienen equipos de abogados, ajustadores e investigadores que trabajan contra usted para tratar de pagarle lo menos posible en su reclamaci\u00f3n. P\u00f3ngase en contacto con los abogados de lesiones personales de Steinberg Law Firm hoy mismo.<\/p>\n\t\t\t\t<img loading=\"lazy\" decoding=\"async\" src=\"https:\/\/www.steinberglawfirm.com\/wp-content\/uploads\/2023\/08\/Best-Lawyers-Firm-Logo.png\" alt=\"Steinberg Law Firm Mejores abogados 2024\" itemprop=\"image\" height=\"908\" width=\"3000\" title=\"Steinberg Law Firm Mejores abogados 2024\" onerror=\"this.style.display='none'\">\n\t\t\t\t<img loading=\"lazy\" decoding=\"async\" src=\"https:\/\/www.steinberglawfirm.com\/wp-content\/uploads\/2023\/07\/64caa78e-b718-4c71-b4e4-109803d713bc.png\" alt=\"The National Trial Lawyer - Los 10 mejores abogados litigantes de camiones\" itemprop=\"image\" height=\"1814\" width=\"1814\" title=\"The National Trial Lawyer - Los 10 mejores abogados litigantes de camiones\" onerror=\"this.style.display='none'\">\n\t\t\t\t<img loading=\"lazy\" decoding=\"async\" src=\"https:\/\/www.steinberglawfirm.com\/wp-content\/uploads\/2023\/07\/23764abc-4e81-4381-9676-b32dd9fc7f47.png\" alt=\"The National Trial Lawyers - Los 40 mejores menores de 40 a\u00f1os\" itemprop=\"image\" height=\"1411\" width=\"1411\" title=\"The National Trial Lawyers - Los 40 mejores menores de 40 a\u00f1os\" onerror=\"this.style.display='none'\">\n\t\t\t\t<img loading=\"lazy\" decoding=\"async\" src=\"https:\/\/www.steinberglawfirm.com\/wp-content\/uploads\/2023\/09\/Charlestons-Choice-2023-Winner.png\" alt=\"Distintivo del Post and Courier Charleston&#039;s Choice Award al mejor bufete de abogados 2023\" itemprop=\"image\" height=\"1318\" width=\"2070\" title=\"Distintivo del Post and Courier Charleston&#039;s Choice Award al mejor bufete de abogados 2023\" onerror=\"this.style.display='none'\">\n\t\t\t\t<a href=\"https:\/\/www.expertise.com\/our-selection-process\" target=\"_blank\" rel=\"noopener\" itemprop=\"url\">\n\t\t\t\t<img loading=\"lazy\" decoding=\"async\" src=\"https:\/\/www.steinberglawfirm.com\/wp-content\/uploads\/2021\/04\/sc_charleston_car-accident-lawyers_2022_transparent.png\" alt=\"Experiencia 2022 Los mejores abogados de accidentes de coche en Charleston\" itemprop=\"image\" height=\"320\" width=\"400\" title=\"Experiencia 2022 Los mejores abogados de accidentes de coche en Charleston\" onerror=\"this.style.display='none'\">\n\t\t\t\t<\/a>\n\t\t\t\t<img loading=\"lazy\" decoding=\"async\" src=\"https:\/\/www.steinberglawfirm.com\/wp-content\/uploads\/2021\/04\/million-dollar-f.jpg\" alt=\"Defensores multimillonarios\" itemprop=\"image\" height=\"105\" width=\"210\" title=\"mill\u00f3n de d\u00f3lares-f\" onerror=\"this.style.display='none'\">\n\t\t\t\t<img loading=\"lazy\" decoding=\"async\" src=\"https:\/\/www.steinberglawfirm.com\/wp-content\/uploads\/2021\/04\/avvo.jpg\" alt=\"AVVO 10\/10\" itemprop=\"image\" height=\"105\" width=\"210\" title=\"avvo\" onerror=\"this.style.display='none'\">\n\t\t\t\t<img loading=\"lazy\" decoding=\"async\" src=\"https:\/\/www.steinberglawfirm.com\/wp-content\/uploads\/2021\/04\/top-one-percent.png\" alt=\"El 1 por ciento m\u00e1s alto a nivel nacional\" itemprop=\"image\" height=\"105\" width=\"160\" title=\"top-one-percent\" onerror=\"this.style.display='none'\">\n\t\t\t\t<img loading=\"lazy\" decoding=\"async\" src=\"https:\/\/www.steinberglawfirm.com\/wp-content\/uploads\/2021\/12\/best-of-the-best.png\" alt=\"Lo mejor de los mejores abogados\" itemprop=\"image\" height=\"165\" width=\"169\" title=\"lo mejor de lo mejor\" onerror=\"this.style.display='none'\">","protected":false},"excerpt":{"rendered":"<p>Obteniendo Resultados $2.75 Millones de Abogados de Casos de Productos Defectuosos Representando a Aquellos Heridos por Productos Peligrosos Nuestros abogados trabajar\u00e1n incansablemente para asegurar que los dise\u00f1adores, fabricantes, proveedores, o cualquier parte que venda productos inseguros sean responsabilizados. Para una revisi\u00f3n gratuita de su caso, ll\u00e1menos al 843-720-2800. Representando a personas lesionadas desde 1927 Abogados de productos defectuosos Representando a Charleston, Summerville y Goose...<\/p>","protected":false},"author":1,"featured_media":31200,"parent":565,"menu_order":0,"comment_status":"closed","ping_status":"closed","template":"tpl-long-alpha.php","meta":{"_acf_changed":false,"footnotes":""},"class_list":["post-778","page","type-page","status-publish","has-post-thumbnail","hentry"],"acf":[],"_links":{"self":[{"href":"https:\/\/steinberglawfirm-staging.clmcloud.app\/es\/wp-json\/wp\/v2\/pages\/778"}],"collection":[{"href":"https:\/\/steinberglawfirm-staging.clmcloud.app\/es\/wp-json\/wp\/v2\/pages"}],"about":[{"href":"https:\/\/steinberglawfirm-staging.clmcloud.app\/es\/wp-json\/wp\/v2\/types\/page"}],"author":[{"embeddable":true,"href":"https:\/\/steinberglawfirm-staging.clmcloud.app\/es\/wp-json\/wp\/v2\/users\/1"}],"replies":[{"embeddable":true,"href":"https:\/\/steinberglawfirm-staging.clmcloud.app\/es\/wp-json\/wp\/v2\/comments?post=778"}],"version-history":[{"count":35,"href":"https:\/\/steinberglawfirm-staging.clmcloud.app\/es\/wp-json\/wp\/v2\/pages\/778\/revisions"}],"predecessor-version":[{"id":31053,"href":"https:\/\/steinberglawfirm-staging.clmcloud.app\/es\/wp-json\/wp\/v2\/pages\/778\/revisions\/31053"}],"up":[{"embeddable":true,"href":"https:\/\/steinberglawfirm-staging.clmcloud.app\/es\/wp-json\/wp\/v2\/pages\/565"}],"wp:featuredmedia":[{"embeddable":true,"href":"https:\/\/steinberglawfirm-staging.clmcloud.app\/es\/wp-json\/wp\/v2\/media\/31200"}],"wp:attachment":[{"href":"https:\/\/steinberglawfirm-staging.clmcloud.app\/es\/wp-json\/wp\/v2\/media?parent=778"}],"curies":[{"name":"wp","href":"https:\/\/api.w.org\/{rel}","templated":true}]}}