{"id":776,"date":"2018-05-04T11:57:30","date_gmt":"2018-05-04T11:57:30","guid":{"rendered":"https:\/\/www.steinberglawfirm.com\/practice-areas\/dog-bites-copy\/"},"modified":"2024-06-27T17:17:43","modified_gmt":"2024-06-27T17:17:43","slug":"head-brain-and-spine-injuries","status":"publish","type":"page","link":"https:\/\/steinberglawfirm-staging.clmcloud.app\/es\/lesiones-personales\/lesiones-en-la-cabeza-el-cerebro-y-la-columna-vertebral\/","title":{"rendered":"Lesiones en la cabeza, el cerebro y la columna vertebral"},"content":{"rendered":"<h6>\n\t\tObtenci\u00f3n de resultados\n\t<\/h6>\n<h4>\n\t\t$1,68 millones\n\t<\/h4>\n<h5>\n\t\tCaso de lesi\u00f3n cerebral\n\t<\/h5>\n<h1>\n\t\tSouth Carolina Abogados de lesiones de cabeza, cerebro y columna vertebral\n\t<\/h1>\n\t<p>Una lesi\u00f3n que altera la vida es particularmente insensible cuando es causada por la negligencia de otra persona. En estos casos, nuestro experimentado <a href=\"https:\/\/www.steinberglawfirm.com\/personal-injury\/personal-injury-lawyers\/\" target=\"_blank\" rel=\"noopener\">South Carolina abogados de lesiones<\/a> est\u00e1n listos para estar a su lado y ayudarle a recuperar la compensaci\u00f3n que necesita y merece.<\/p>\n<h6>\n\t\tPara una revisi\u00f3n gratuita del caso, ll\u00e1menos al 843-720-2800.\n\t<\/h6>\n<h4>\n\t\tRepresentando a personas lesionadas desde 1927\n\t<\/h4>\n<h6>\n\t\tUn equipo a su lado\n\t<\/h6>\n<h2>\n\t\tAbogados de lesiones en la cabeza, el cerebro y la columna vertebral que representan Charleston, Goose Creek y Summerville, South Carolina\n\t<\/h2>\n\t<p>A <a href=\"https:\/\/www.steinberglawfirm.com\/personal-injury\/serious-injury-cases\/traumatic-brain-injury\/\" target=\"_blank\" rel=\"noopener\">lesi\u00f3n cerebral traum\u00e1tica<\/a> pueden cambiar repentina y permanentemente su capacidad o la de sus seres queridos para vivir la vida que han construido para ustedes. Las lesiones cerebrales suelen estar asociadas a traumas f\u00edsicos, pero tambi\u00e9n pueden ser consecuencia de infecciones no diagnosticadas o de sustancias qu\u00edmicas peligrosas.<\/p>\n<p>Una lesi\u00f3n en la cabeza, el cerebro o la columna vertebral puede alterar dr\u00e1sticamente la vida. La discapacidad y la muerte son resultados comunes para este tipo de lesiones. Si usted o un ser querido ha sufrido una lesi\u00f3n en la cabeza, el cerebro o la columna vertebral por culpa de un descuido, nuestro <a href=\"https:\/\/www.steinberglawfirm.com\/locations\/north-charleston\/\" target=\"_blank\" rel=\"noopener\">abogados expertos en lesiones South Carolina<\/a> est\u00e1n preparados para estar a su lado. En una demanda por lesiones, usted puede buscar una compensaci\u00f3n por sus lesiones. Ll\u00e1menos para una evaluaci\u00f3n gratuita de su caso al <strong>843-720-2800.<\/strong><\/p>\n\t\t\t\t<img decoding=\"async\" src=\"https:\/\/www.steinberglawfirm.com\/wp-content\/uploads\/2022\/01\/quote-blue-outline-2022.svg\" alt=\"Comillas\" title=\"quote-blue-outline-2022\" itemprop=\"image\">\n\t\t<h5>Lo que dicen nuestros clientes:<\/h5>\t\t\t\n\t\t\t\t<p>La experiencia que cambi\u00f3 mi vida para siempre ocurri\u00f3 hace muchos a\u00f1os. En todo este tiempo el Steinberg Law Firm ha estado ah\u00ed para ayudarme. En una \u00e9poca en la que puedes sentirte perdido, la empresa siempre ha estado ah\u00ed para aconsejar y resolver los problemas. Nunca ir\u00eda a ning\u00fan otro sitio. - Cathy<\/p>\n<h6>\n\t\tResponder a sus preguntas\n\t<\/h6>\n\t<p>Para discutir los detalles de su caso, p\u00f3ngase en contacto con un abogado experimentado en lesiones de la cabeza, el cerebro y la columna vertebral South Carolina hoy.<\/p>\n\t\t\t\t<img decoding=\"async\" src=\"https:\/\/www.steinberglawfirm.com\/wp-content\/uploads\/2022\/01\/question-white-outline.svg\" alt=\"Signo de interrogaci\u00f3n\" title=\"question-white-outline\" itemprop=\"image\">\n\t\t<h4>Si presento una demanda por da\u00f1os personales, \u00bftengo que ir a juicio?<\/h4>\t\t\t\n\t\t\t\t<p>Lo m\u00e1s probable es que no tenga que acudir a los tribunales. La mayor\u00eda de las demandas se resuelven fuera de los tribunales, especialmente las presentadas contra empresas. La mayor\u00eda de las empresas no quieren gastar tiempo o dinero en un juicio, por no mencionar el riesgo para su reputaci\u00f3n que puede suponer una vista p\u00fablica.<\/p>\n<h3>\n\t\t\u00bfTiene un caso de lesi\u00f3n cerebral?\n\t<\/h3>\n\t<p>En una reclamaci\u00f3n por lesiones, usted puede solicitar una indemnizaci\u00f3n por las mismas. Nuestra cabeza, <a href=\"https:\/\/www.steinberglawfirm.com\/locations\/summerville\/brain-injury-attorneys\/\" target=\"_blank\" rel=\"noopener\">abogados especializados en lesiones cerebrales y medulares<\/a> han sido testigos de las formas en que estas tr\u00e1gicas lesiones pueden devastar la vida de la v\u00edctima y sus seres queridos. Nos comprometemos personalmente a buscar agresivamente una compensaci\u00f3n por su lesi\u00f3n en la cabeza, el cerebro o la columna vertebral para que pueda comenzar a recuperarse, sanar y pagar los gastos relacionados con la lesi\u00f3n. Para saber si tiene un caso para buscar una compensaci\u00f3n por una lesi\u00f3n causada por la negligencia de otra persona, llame al Steinberg Law Firm, LLC, al 843-720-2800. Nuestros experimentados abogados de lesiones Charleston sirven Goose Creek, Summerville y todas las \u00e1reas circundantes.<\/p>\n<h4>\n\t\tEstamos siempre a disposici\u00f3n de los clientes\n\t<\/h4>\n<h3>\n\t\tCausas de las lesiones en la cabeza, el cerebro y la columna vertebral\n\t<\/h3>\n<h4>\n\t\t\u00bfSu lesi\u00f3n fue causada por la negligencia de otra persona?\n\t<\/h4>\n\t<p>Como abogados experimentados en accidentes y lesiones, los abogados del Steinberg Law Firm han manejado numerosos casos de lesiones en la cabeza, el cerebro y la m\u00e9dula espinal. La negligencia de otra persona puede ser&nbsp;<a href=\"https:\/\/www.steinberglawfirm.com\/articles\/the-leading-causes-of-spine-injuries\/\" target=\"_blank\" rel=\"noopener\">la causa de la lesi\u00f3n<\/a>&nbsp;en las siguientes situaciones y otras:<\/p>\n<ul>\n<li><a href=\"https:\/\/www.steinberglawfirm.com\/personal-injury\/auto-accidents\/spinal-cord-injury\/\" target=\"_blank\" rel=\"noopener\">Accidentes de tr\u00e1fico<\/a><\/li>\n<li><a href=\"https:\/\/www.steinberglawfirm.com\/personal-injury\/truck-accidents\/spinal-cord-injuries\/\" target=\"_blank\" rel=\"noopener\">Accidentes de camiones<\/a><\/li>\n<li><a href=\"https:\/\/www.steinberglawfirm.com\/personal-injury\/auto-accidents\/pedestrian-accident\/\" target=\"_blank\" rel=\"noopener\">Accidentes de peatones<\/a><\/li>\n<li><a href=\"https:\/\/www.steinberglawfirm.com\/locations\/north-charleston\/birth-injury-lawyer\/\" target=\"_blank\" rel=\"noopener\">Lesiones de nacimiento<\/a><\/li>\n<li><a href=\"https:\/\/www.steinberglawfirm.com\/personal-injury\/medical-malpractice\/\" target=\"_blank\" rel=\"noopener\">Negligencia m\u00e9dica<\/a><\/li>\n<li><a href=\"https:\/\/www.steinberglawfirm.com\/workers-compensation\/\" target=\"_blank\" rel=\"noopener\">Accidentes laborales<\/a><\/li>\n<li><a href=\"https:\/\/www.steinberglawfirm.com\/personal-injury\/premises-liability\/\" target=\"_blank\" rel=\"noopener\">Locales inseguros<\/a> &amp; <a href=\"https:\/\/www.steinberglawfirm.com\/personal-injury\/premises-liability\/slip-and-fall\/\" target=\"_blank\" rel=\"noopener\">resbal\u00f3n y ca\u00edda<\/a><\/li>\n<\/ul>\n<h4>\n\t\tConsultas gratuitas\n\t<\/h4>\n\t<p>Podemos ayudarle a entender sus opciones legales de recuperaci\u00f3n.<\/p>\n\t<p>Si ha sido v\u00edctima de una lesi\u00f3n en la cabeza, el cerebro o la columna vertebral, nuestros abogados especializados en lesiones Charleston saben lo que hace falta para ayudarle a emprender acciones contra las partes negligentes.<\/p>\n\t\t\t<a href=\"\/es\/contact\/\" target=\"_self\" role=\"button\" rel=\"noopener\">\n\t\t\t\t\t\t\tDiscuta su caso\n\t\t\t\t\t<\/a>\n<h3>\n\t\tTipos comunes de lesiones en la cabeza, el cerebro y la columna vertebral\n\t<\/h3>\n\t<p>El cerebro y la columna vertebral son componentes vitales de su cuerpo. La cognici\u00f3n, el movimiento, el habla y los sentidos son algunas de las cosas que pueden verse afectadas por este tipo de lesiones. Hay muchos tipos de lesiones en el cerebro y la columna vertebral, siendo algunas de las m\u00e1s comunes:<\/p>\n<ul>\n<li><a href=\"https:\/\/www.steinberglawfirm.com\/traumatic-brain-injury\" target=\"_blank\" rel=\"noopener\">Lesi\u00f3n cerebral traum\u00e1tica<\/a><\/li>\n<li><a href=\"https:\/\/www.steinberglawfirm.com\/personal-injury\/head-brain-and-spine-injuries\/spinal-column-injuries\/\" target=\"_blank\" rel=\"noopener\">Lesi\u00f3n en la columna vertebral<\/a><\/li>\n<li>Lesi\u00f3n cerebral con resultado de par\u00e1lisis cerebral<\/li>\n<li>Par\u00e1lisis<\/li>\n<li>Coma<\/li>\n<li>Latigazo cervical<\/li>\n<\/ul>\n<p>Estas lesiones son graves y a menudo requieren un tratamiento exhaustivo y servicios de rehabilitaci\u00f3n. En algunos de los casos m\u00e1s tr\u00e1gicos, las lesiones cerebrales y de la columna vertebral acaban siendo mortales.<\/p>\n<p>Nuestros abogados luchar\u00e1n para ayudarle a obtener el apoyo y los servicios que necesita de inmediato, mientras que la construcci\u00f3n de un caso para recuperar la m\u00e1xima indemnizaci\u00f3n en su nombre.<\/p>\n<p>Ya sea que el incidente que caus\u00f3 su lesi\u00f3n fue un accidente de coche un resbal\u00f3n y ca\u00edda, o cualquier otro accidente causado por la negligencia de otro, los costos de lesiones personales pueden ser muy altos. Como un bufete de abogados que ha proporcionado representaci\u00f3n efectiva de lesiones personales desde 1927, Steinberg Law Firm es uno de los m\u00e1s experimentados en ayudar a las v\u00edctimas de lesiones en la cabeza, el cerebro y la columna vertebral en el \u00e1rea metropolitana Charleston y otras comunidades South Carolina para recuperar la mayor parte o la totalidad de sus p\u00e9rdidas financieras como sea posible.<\/p>\n<h3>\n\t\t\u00c1reas de pr\u00e1ctica\n\t<\/h3>\n<h3>\n\t\tResultados\n\t<\/h3>\n<h6>\n\t\tHEMOS RECUPERADO M\u00c1S DE $500 MILLONES PARA CLIENTES EN LOS \u00daLTIMOS 10 A\u00d1OS, INCLUYENDO:\n\t<\/h6>\n<h4>\n\t\t$3.15 Millones\n\t<\/h4>\n<h5>\n\t\tCaso de da\u00f1os personales\n\t<\/h5>\n<h4>\n\t\t$1,68 millones\n\t<\/h4>\n<h5>\n\t\tCaso de indemnizaci\u00f3n por accidente de trabajo relacionado con una lesi\u00f3n cerebral\n\t<\/h5>\n<h4>\n\t\t$575,000\n\t<\/h4>\n<h5>\n\t\tAccidente de coche Lesi\u00f3n cerebral permanente\n\t<\/h5>\n<h4>\n\t\tLo que dicen nuestros clientes\n\t<\/h4>\n\t<meta itemscope=\"\" itemprop=\"mainEntityOfPage\" itemtype=\"https:\/\/schema.org\/WebPage\" itemid=\"https:\/\/www.steinberglawfirm.com\/?post_type=testimonials&amp;p=14927\" content=\"Susan\"><meta itemprop=\"datePublished\" content=\"2021-04-09\"><meta itemprop=\"dateModified\" content=\"2022-04-26\"><meta itemprop=\"name\" content=\"Steinberg Law Firm\"><meta itemprop=\"url\" content=\"https:\/\/www.steinberglawfirm.com\/blog\/author\/steadm\/\"><meta itemprop=\"name\" content=\"Steinberg Law Firm\"><meta itemprop=\"interactionType\" content=\"https:\/\/schema.org\/CommentAction\"><meta itemprop=\"userInteractionCount\" content=\"0\">\n<h4>Tienen unos abogados incre\u00edbles.<\/h4>\n<p>Han trabajado en una situaci\u00f3n imposible y han superado todas las expectativas en los acuerdos resultantes. \u00a1Recomendar\u00eda el bufete de abogados Steinberg a todos y cada uno!<\/p>\n<h5>- Susan<\/h5>\n\t<meta itemscope=\"\" itemprop=\"mainEntityOfPage\" itemtype=\"https:\/\/schema.org\/WebPage\" itemid=\"https:\/\/www.steinberglawfirm.com\/?post_type=testimonials&amp;p=14926\" content=\"Vanessa\"><meta itemprop=\"datePublished\" content=\"2021-04-09\"><meta itemprop=\"dateModified\" content=\"2022-02-21\"><meta itemprop=\"name\" content=\"Steinberg Law Firm\"><meta itemprop=\"url\" content=\"https:\/\/www.steinberglawfirm.com\/blog\/author\/steadm\/\"><meta itemprop=\"name\" content=\"Steinberg Law Firm\"><meta itemprop=\"interactionType\" content=\"https:\/\/schema.org\/CommentAction\"><meta itemprop=\"userInteractionCount\" content=\"0\">\n<h4>Mi experiencia fue excelente<\/h4>\n<p>Desde la primera consulta hasta el final de mi caso me mantuvieron informado paso a paso. Mi abogado trabaj\u00f3 duro para m\u00ed y me consigui\u00f3 m\u00e1s de lo que esperaba. <\/p>\n<h5>- Vanessa<\/h5>\n\t<meta itemscope=\"\" itemprop=\"mainEntityOfPage\" itemtype=\"https:\/\/schema.org\/WebPage\" itemid=\"https:\/\/www.steinberglawfirm.com\/?post_type=testimonials&amp;p=14842\" content=\"Mike\"><meta itemprop=\"datePublished\" content=\"2021-03-04\"><meta itemprop=\"dateModified\" content=\"2022-02-21\"><meta itemprop=\"name\" content=\"Steinberg Law Firm\"><meta itemprop=\"url\" content=\"https:\/\/www.steinberglawfirm.com\/blog\/author\/steadm\/\"><meta itemprop=\"name\" content=\"Steinberg Law Firm\"><meta itemprop=\"interactionType\" content=\"https:\/\/schema.org\/CommentAction\"><meta itemprop=\"userInteractionCount\" content=\"0\">\n<h4>Nunca sent\u00ed que estaba solo<\/h4>\n<p>Mi abogado y su asistente legal estuvieron conmigo durante todo el caso. Nunca sent\u00ed que estaba solo. En todo momento estuvieron en mi esquina. Alguien me recomend\u00f3 al bufete de abogados Steinberg y con gusto har\u00eda lo mismo por otra persona.<\/p>\n<h5>- Mike<\/h5>\n\t<meta itemscope=\"\" itemprop=\"mainEntityOfPage\" itemtype=\"https:\/\/schema.org\/WebPage\" itemid=\"https:\/\/www.steinberglawfirm.com\/?post_type=testimonials&amp;p=14840\" content=\"Brian\"><meta itemprop=\"datePublished\" content=\"2021-03-04\"><meta itemprop=\"dateModified\" content=\"2022-02-22\"><meta itemprop=\"name\" content=\"Steinberg Law Firm\"><meta itemprop=\"url\" content=\"https:\/\/www.steinberglawfirm.com\/blog\/author\/steadm\/\"><meta itemprop=\"name\" content=\"Steinberg Law Firm\"><meta itemprop=\"interactionType\" content=\"https:\/\/schema.org\/CommentAction\"><meta itemprop=\"userInteractionCount\" content=\"0\">\n<h4>No podr\u00eda haber pedido algo mejor<\/h4>\n<p>La gente del grupo Steinberg es de primera categor\u00eda. Manejaron mi caso extremadamente bien, no podr\u00eda haber pedido una mejor actuaci\u00f3n. Muchas gracias a todos por todo lo que hicieron por m\u00ed.<\/p>\n<h5>- Brian<\/h5>\n\t<meta itemscope=\"\" itemprop=\"mainEntityOfPage\" itemtype=\"https:\/\/schema.org\/WebPage\" itemid=\"https:\/\/www.steinberglawfirm.com\/?post_type=testimonials&amp;p=732\" content=\"Brandy\"><meta itemprop=\"datePublished\" content=\"2018-05-04\"><meta itemprop=\"dateModified\" content=\"2022-04-26\"><meta itemprop=\"name\" content=\"Steinberg Law Firm\"><meta itemprop=\"url\" content=\"https:\/\/www.steinberglawfirm.com\/blog\/author\/steadm\/\"><meta itemprop=\"name\" content=\"Steinberg Law Firm\"><meta itemprop=\"interactionType\" content=\"https:\/\/schema.org\/CommentAction\"><meta itemprop=\"userInteractionCount\" content=\"0\">\n<h4>Estoy agradecido por ellos.<\/h4>\n<p>En mi peor momento, protegieron y defendieron honesta y cuidadosamente a mi familia en m\u00faltiples niveles. Soy un cliente de por vida y la integridad de esta firma de abogados es incomparable. \u00a1Gracias a la familia Steinberg Law!<\/p>\n<h5>- Brandy<\/h5>\n\t<meta itemscope=\"\" itemprop=\"mainEntityOfPage\" itemtype=\"https:\/\/schema.org\/WebPage\" itemid=\"https:\/\/www.steinberglawfirm.com\/?post_type=testimonials&amp;p=195\" content=\"Joan\"><meta itemprop=\"datePublished\" content=\"2018-04-17\"><meta itemprop=\"dateModified\" content=\"2022-04-26\"><meta itemprop=\"name\" content=\"Steinberg Law Firm\"><meta itemprop=\"url\" content=\"https:\/\/www.steinberglawfirm.com\/blog\/author\/steadm\/\"><meta itemprop=\"name\" content=\"Steinberg Law Firm\"><meta itemprop=\"interactionType\" content=\"https:\/\/schema.org\/CommentAction\"><meta itemprop=\"userInteractionCount\" content=\"0\">\n<h4>La gente es atenta y profesional<\/h4>\n<p>Las preguntas e inquietudes siempre son respondidas y las preocupaciones son atendidas. Gracias a todos en Steinburg por una buena experiencia y por demostrarme que se preocupan por sus clientes.<\/p>\n<h5>- Joan<\/h5>\n\t<meta itemscope=\"\" itemprop=\"mainEntityOfPage\" itemtype=\"https:\/\/schema.org\/WebPage\" itemid=\"https:\/\/www.steinberglawfirm.com\/?post_type=testimonials&amp;p=157\" content=\"Rena\"><meta itemprop=\"datePublished\" content=\"2018-04-16\"><meta itemprop=\"dateModified\" content=\"2022-02-21\"><meta itemprop=\"name\" content=\"Steinberg Law Firm\"><meta itemprop=\"url\" content=\"https:\/\/www.steinberglawfirm.com\/blog\/author\/steadm\/\"><meta itemprop=\"name\" content=\"Steinberg Law Firm\"><meta itemprop=\"interactionType\" content=\"https:\/\/schema.org\/CommentAction\"><meta itemprop=\"userInteractionCount\" content=\"0\">\n<h4>El mejor bufete de abogados<\/h4>\n<p>Este es el mejor bufete de abogados con el que alguien podr\u00eda tratar.&nbsp;<a href=\"https:\/\/www.steinberglawfirm.com\/attorney\/david-t-pearlman\/\" target=\"_blank\" rel=\"noopener\">Sr. Pearlman<\/a>&nbsp;trabajar\u00e1 duro para conseguir todo lo que se le debe. Fue un placer haber sido representado por esta firma.<\/p>\n<h5>- Rena<\/h5>\n\t<meta itemscope=\"\" itemprop=\"mainEntityOfPage\" itemtype=\"https:\/\/schema.org\/WebPage\" itemid=\"https:\/\/www.steinberglawfirm.com\/?post_type=testimonials&amp;p=156\" content=\"Meagan\"><meta itemprop=\"datePublished\" content=\"2018-04-16\"><meta itemprop=\"dateModified\" content=\"2022-02-21\"><meta itemprop=\"name\" content=\"Steinberg Law Firm\"><meta itemprop=\"url\" content=\"https:\/\/www.steinberglawfirm.com\/blog\/author\/steadm\/\"><meta itemprop=\"name\" content=\"Steinberg Law Firm\"><meta itemprop=\"interactionType\" content=\"https:\/\/schema.org\/CommentAction\"><meta itemprop=\"userInteractionCount\" content=\"0\">\n<h4>Una experiencia maravillosa<\/h4>\n<p>Tuve una experiencia maravillosa con&nbsp;<a href=\"https:\/\/www.steinberglawfirm.com\/attorney\/david-t-pearlman\/\" target=\"_blank\" rel=\"noopener\">Sr. Pearlman<\/a>&nbsp;y su equipo. Muchas gracias por su diligencia y experiencia.<\/p>\n<h5>- Meagan<\/h5>\n\t<meta itemscope=\"\" itemprop=\"mainEntityOfPage\" itemtype=\"https:\/\/schema.org\/WebPage\" itemid=\"https:\/\/www.steinberglawfirm.com\/?post_type=testimonials&amp;p=154\" content=\"Erika\"><meta itemprop=\"datePublished\" content=\"2018-04-16\"><meta itemprop=\"dateModified\" content=\"2022-02-22\"><meta itemprop=\"name\" content=\"Steinberg Law Firm\"><meta itemprop=\"url\" content=\"https:\/\/www.steinberglawfirm.com\/blog\/author\/steadm\/\"><meta itemprop=\"name\" content=\"Steinberg Law Firm\"><meta itemprop=\"interactionType\" content=\"https:\/\/schema.org\/CommentAction\"><meta itemprop=\"userInteractionCount\" content=\"0\">\n<h4>Los recomiendo encarecidamente<\/h4>\n<p>Trabajan como un equipo proporcionando las mejores referencias y asistencia para lograr lo que mi familia y yo necesit\u00e1bamos. Los recomiendo encarecidamente porque no te decepcionar\u00e1n.<\/p>\n<h5>- Erika<\/h5>\n\t\t\t<a href=\"https:\/\/steinberglawfirm-staging.clmcloud.app\/es\/testimonios\/\" target=\"_self\" role=\"button\" rel=\"noopener\">\n\t\t\t\t\t\t\tLeer m\u00e1s testimonios\n\t\t\t\t\t<\/a>\n<h6>\n\t\tNoticias y actualizaciones de nuestro blog\n\t<\/h6>\n\t\t\t<a href=\"https:\/\/www.steinberglawfirm.com\/blog\/category\/attorney-news\/\" target=\"_blank\" rel=\"noopener\">Noticias de abogados<\/a>\t\t\t<h3>\n\t\t\t\t<a href=\"https:\/\/www.steinberglawfirm.com\/blog\/nine-steinberg-law-firm-attorneys-named-to-2022-south-carolina-super-lawyers-list\/\" title=\"Nueve abogados de Steinberg Law Firm nombrados en la lista de los Super Abogados de 2022 South Carolina&nbsp;\" tabindex=\"0\" target=\"_blank\" rel=\"noopener\">Nueve abogados de Steinberg Law Firm nombrados en la lista de los Super Abogados de 2022 South Carolina&nbsp;<\/a>\t\t\t<\/h3>\n\t\t\t<a href=\"https:\/\/www.steinberglawfirm.com\/blog\/category\/auto-accident\/\" target=\"_blank\" rel=\"noopener\">Accidente de tr\u00e1fico<\/a>\t\t\t<h3>\n\t\t\t\t<a href=\"https:\/\/www.steinberglawfirm.com\/blog\/south-carolina-lawmakers-make-carolina-squat-modifications-illegal\/\" title=\"South Carolina Los legisladores hacen \" carolina=\"\" squat&quot;=\"\" modifications=\"\" illegal&quot;=\"\" tabindex=\"0\" target=\"_blank\" rel=\"noopener\">South Carolina Los legisladores hacen ilegales las modificaciones del \"Carolina Squat\"<\/a>\t\t\t<\/h3>\n<h3>\n\t\tDeje que nos encarguemos de las compa\u00f1\u00edas de seguros\n\t<\/h3>\n\t<p>Si usted o un ser querido se ha lesionado recientemente debido a una negligencia que provoc\u00f3 un accidente en la cabeza, el cerebro o la columna vertebral y los gastos m\u00e9dicos relacionados, entonces p\u00f3ngase en contacto con los abogados de Steinberg Law Firm hoy. Nuestros experimentados abogados de lesiones Charleston sirven Goose Creek, Summerville y todas las \u00e1reas circundantes. Para una revisi\u00f3n gratuita de su caso, llame al 843-720-2800.<\/p>\n\t<p><img decoding=\"async\" title=\"Calificado por Super Lawyers\" src=\"https:\/\/www.steinberglawfirm.com\/wp-content\/uploads\/2021\/04\/superlawyers.png\" alt=\"Calificado por Super Lawyers\" width=\"210\"><img loading=\"lazy\" decoding=\"async\" src=\"https:\/\/www.steinberglawfirm.com\/wp-content\/uploads\/2021\/04\/million-dollar-clubs.png\" alt=\"Defensores multimillonarios\" width=\"210\" height=\"140\" title=\"\"><img loading=\"lazy\" decoding=\"async\" src=\"https:\/\/www.steinberglawfirm.com\/wp-content\/uploads\/2021\/04\/10-best.png\" alt=\"10 Mejor satisfacci\u00f3n del cliente\" width=\"210\" height=\"140\" title=\"\"><img loading=\"lazy\" decoding=\"async\" src=\"https:\/\/www.steinberglawfirm.com\/wp-content\/uploads\/2019\/11\/best-law-firms-2020.jpg\" alt=\"Los mejores bufetes de abogados de US News\" width=\"185\" height=\"185\" title=\"\"><img loading=\"lazy\" decoding=\"async\" src=\"https:\/\/www.steinberglawfirm.com\/wp-content\/uploads\/2021\/04\/bbb.png\" alt=\"Clasificaci\u00f3n A+ del Better Business Bureau\" width=\"210\" height=\"140\" title=\"\"><img loading=\"lazy\" decoding=\"async\" src=\"https:\/\/www.steinberglawfirm.com\/wp-content\/uploads\/2021\/04\/av-reviewed-5.jpg\" alt=\"AV Preeminente 5 Estrellas\" width=\"210\" height=\"105\" title=\"\"><img loading=\"lazy\" decoding=\"async\" src=\"https:\/\/www.steinberglawfirm.com\/wp-content\/uploads\/2021\/04\/national-trial-lawyers.png\" alt=\"Los 100 mejores abogados litigantes\" width=\"210\" height=\"105\" title=\"\"><img loading=\"lazy\" decoding=\"async\" src=\"https:\/\/www.steinberglawfirm.com\/wp-content\/uploads\/2021\/04\/avvo.jpg\" alt=\"AVVO 10\/10\" width=\"210\" height=\"105\" title=\"\"><img loading=\"lazy\" decoding=\"async\" src=\"https:\/\/www.steinberglawfirm.com\/wp-content\/uploads\/2021\/04\/best-lawyers.jpg\" alt=\"Incluido en la lista de los mejores abogados\" width=\"210\" height=\"105\" title=\"\"><img loading=\"lazy\" decoding=\"async\" src=\"https:\/\/www.steinberglawfirm.com\/wp-content\/uploads\/2021\/04\/top-one-percent.jpg\" alt=\"El 1 por ciento de los bufetes nacionales m\u00e1s importantes\" width=\"210\" height=\"105\" title=\"\"><img loading=\"lazy\" decoding=\"async\" src=\"https:\/\/www.steinberglawfirm.com\/wp-content\/uploads\/2021\/09\/CharlestonChoiceLogoWinner-21.png\" alt=\"Charleston&#039;s Choice 2021 Ganador\" width=\"160\" height=\"80\" title=\"\"><img loading=\"lazy\" decoding=\"async\" src=\"https:\/\/www.steinberglawfirm.com\/wp-content\/uploads\/2021\/09\/CharlestonChoiceLogoFinalist-21.png\" alt=\"Charleston&#039;s Choice 2021 Finalista\" width=\"160\" height=\"80\" title=\"\"><img loading=\"lazy\" decoding=\"async\" src=\"https:\/\/www.steinberglawfirm.com\/wp-content\/uploads\/2021\/12\/thumbnail_2021_Personal_Injury_Badge_3_1_250x244.jpeg\" alt=\"Lo mejor de lo mejor Los 10 mejores abogados de lesiones personales de 2021\" width=\"160\" height=\"80\" title=\"\"><\/p>","protected":false},"excerpt":{"rendered":"<p>Obtenci\u00f3n de resultados $1,68 millones de casos de lesiones cerebrales South Carolina Abogados de lesiones en la cabeza, el cerebro y la columna vertebral Una lesi\u00f3n que altera la vida es particularmente insensible cuando es causada por la negligencia de otra persona. En estos casos, nuestros experimentados abogados de lesiones South Carolina est\u00e1n listos para estar a su lado y ayudarle a recuperar la compensaci\u00f3n que necesita y merece. Para un...<\/p>","protected":false},"author":1,"featured_media":31200,"parent":565,"menu_order":0,"comment_status":"closed","ping_status":"closed","template":"tpl-long-alpha.php","meta":{"_acf_changed":false,"footnotes":""},"class_list":["post-776","page","type-page","status-publish","has-post-thumbnail","hentry"],"acf":[],"_links":{"self":[{"href":"https:\/\/steinberglawfirm-staging.clmcloud.app\/es\/wp-json\/wp\/v2\/pages\/776"}],"collection":[{"href":"https:\/\/steinberglawfirm-staging.clmcloud.app\/es\/wp-json\/wp\/v2\/pages"}],"about":[{"href":"https:\/\/steinberglawfirm-staging.clmcloud.app\/es\/wp-json\/wp\/v2\/types\/page"}],"author":[{"embeddable":true,"href":"https:\/\/steinberglawfirm-staging.clmcloud.app\/es\/wp-json\/wp\/v2\/users\/1"}],"replies":[{"embeddable":true,"href":"https:\/\/steinberglawfirm-staging.clmcloud.app\/es\/wp-json\/wp\/v2\/comments?post=776"}],"version-history":[{"count":29,"href":"https:\/\/steinberglawfirm-staging.clmcloud.app\/es\/wp-json\/wp\/v2\/pages\/776\/revisions"}],"predecessor-version":[{"id":26448,"href":"https:\/\/steinberglawfirm-staging.clmcloud.app\/es\/wp-json\/wp\/v2\/pages\/776\/revisions\/26448"}],"up":[{"embeddable":true,"href":"https:\/\/steinberglawfirm-staging.clmcloud.app\/es\/wp-json\/wp\/v2\/pages\/565"}],"wp:featuredmedia":[{"embeddable":true,"href":"https:\/\/steinberglawfirm-staging.clmcloud.app\/es\/wp-json\/wp\/v2\/media\/31200"}],"wp:attachment":[{"href":"https:\/\/steinberglawfirm-staging.clmcloud.app\/es\/wp-json\/wp\/v2\/media?parent=776"}],"curies":[{"name":"wp","href":"https:\/\/api.w.org\/{rel}","templated":true}]}}