{"id":774,"date":"2018-05-04T11:56:07","date_gmt":"2018-05-04T11:56:07","guid":{"rendered":"https:\/\/www.steinberglawfirm.com\/practice-areas\/motorcycle-accidents-copy\/"},"modified":"2024-06-27T17:17:30","modified_gmt":"2024-06-27T17:17:30","slug":"dog-bites","status":"publish","type":"page","link":"https:\/\/steinberglawfirm-staging.clmcloud.app\/es\/lesiones-personales\/mordeduras-de-perro\/","title":{"rendered":"Charleston Abogado de mordeduras de perro"},"content":{"rendered":"<h6>\n\t\tObtenci\u00f3n de resultados\n\t<\/h6>\n<h5>\n\t\t$3.15 Millones\n\t<\/h5>\n<h5>\n\t\tCaso de da\u00f1os personales\n\t<\/h5>\n<h3>\n\t\tCharleston, South Carolina Abogados de lesiones por mordedura de perro\n\t<\/h3>\n\t<p>Los propietarios de perros tienen la responsabilidad no s\u00f3lo de cuidar a sus mascotas y mantenerlas felices, sino tambi\u00e9n de asegurarse de que no da\u00f1en a los dem\u00e1s. Si un perro ataca, sus due\u00f1os son responsables de las lesiones que cause.<\/p>\n<h6>\n\t\tPara una revisi\u00f3n gratuita del caso, ll\u00e1menos al 843-720-2800.\n\t<\/h6>\n<h4>\n\t\tRepresentando a personas lesionadas desde 1927\n\t<\/h4>\n<h1>\n\t\tAbogados de Mordeduras de Perro que sirven Charleston, Goose Creek y Summerville, South Carolina\n\t<\/h1>\n<h4>\n\t\tLos casos de mordeduras de perro pueden ser dif\u00edciles desde el punto de vista emocional porque implican a animales que muchos consideran miembros de la familia.\n\t<\/h4>\n\t<p>Los perros son uno de los compa\u00f1eros dom\u00e9sticos m\u00e1s comunes y queridos en los Estados Unidos, y la mayor\u00eda de los propietarios de perros entienden las responsabilidades que deben asumir cuando cuidan de sus mascotas. Sin embargo, en demasiadas situaciones, los due\u00f1os de perros irresponsables o negligentes no evitan que sus perros causen da\u00f1os a otros, lo que puede tener graves consecuencias. En consecuencia, las v\u00edctimas de mordeduras de perro suelen tener derecho a solicitar una indemnizaci\u00f3n por las lesiones y otras p\u00e9rdidas resultantes.<\/p>\n\t\t\t\t<img decoding=\"async\" src=\"https:\/\/www.steinberglawfirm.com\/wp-content\/uploads\/2022\/01\/quote-blue-outline-2022.svg\" alt=\"Comillas\" title=\"quote-blue-outline-2022\" itemprop=\"image\">\n\t\t<h5>Lo que dicen nuestros clientes:<\/h5>\t\t\t\n\t\t\t\t<p>Soy cliente de Steinberg Law Firm. Desped\u00ed a mi primer abogado porque no me hicieron sentir que trabajaban para m\u00ed. Llam\u00e9 a Steinberg, y Steve Goldberg vino a mi casa esa noche. El peso y la preocupaci\u00f3n del mundo se me quitaron de encima cuando Steve se fue. Simplemente supe que no ten\u00eda que buscar m\u00e1s. \u00c9l estaba y sigue estando por encima de todo. No creo que haya un bufete de abogados m\u00e1s profesional en el estado.<br>- Chris<\/p>\n<h6>\n\t\tResponder a sus preguntas\n\t<\/h6>\n\t<p>Para discutir los detalles de su caso, p\u00f3ngase en contacto con un <a href=\"https:\/\/www.steinberglawfirm.com\/locations\/north-charleston\/dog-bite-accident-lawyer\/\" target=\"_blank\" rel=\"noopener\">abogado con experiencia en mordeduras de perro South Carolina<\/a> hoy.<\/p>\n\t\t\t\t<img decoding=\"async\" src=\"https:\/\/www.steinberglawfirm.com\/wp-content\/uploads\/2022\/01\/question-white-outline.svg\" alt=\"Signo de interrogaci\u00f3n\" title=\"question-white-outline\" itemprop=\"image\">\n\t\t<h4>\u00bfY si el due\u00f1o no sab\u00eda que el perro era peligroso?<\/h4>\t\t\t\n\t\t\t\t<p>En South Carolina, los propietarios de perros son responsables de cualquier da\u00f1o causado por su perro, incluso si no sab\u00edan que el perro iba a morder o ser agresivo. S\u00f3lo si el perro estaba siendo provocado o si la persona lesionada estaba entrando en una propiedad privada cuando se produjo el incidente, el propietario puede no ser responsable.<\/p>\n<h3>\n\t\tLos peligros de las mordeduras de perro\n\t<\/h3>\n\t<p>Las mordeduras de perro y otros ataques de animales pueden ser extremadamente peligrosos, especialmente para los ni\u00f1os peque\u00f1os y los ancianos, y los due\u00f1os de mascotas que permiten que este tipo de cosas ocurran necesitan ser responsabilizados por su negligencia. Si usted ha sido v\u00edctima de una mordedura de perro en Charleston, los abogados especializados en mordeduras de perro del bufete Steinberg Law Firm comprenden perfectamente lo mal que puede haber sido herido, y nos comprometemos a ayudar a las v\u00edctimas de mordeduras de perro a emprender acciones contra los responsables de su innecesario sufrimiento.<\/p>\n<h4>\n\t\tEstamos siempre a disposici\u00f3n de los clientes\n\t<\/h4>\n<h3>\n\t\tLas lesiones por mordedura de perro son comunes\n\t<\/h3>\n\t<p>En Estados Unidos hay unos 90 millones de perros de compa\u00f1\u00eda. Seg\u00fan los Centros de Control y Prevenci\u00f3n de Enfermedades, esos perros causan aproximadamente 4,5 millones de lesiones por mordedura al a\u00f1o. Sin embargo, dado que no existe una recopilaci\u00f3n centralizada de datos sobre las mordeduras de perro, el n\u00famero exacto de lesiones causadas por perros es probablemente mucho mayor de lo que se documenta.<\/p>\n<p>Muchos casos no se denuncian porque no son lo bastante graves como para requerir atenci\u00f3n m\u00e9dica, pero se calcula que 800.000 lesiones por ataques de perros son graves. Los encuentros con perros suponen m\u00e1s de 1.000 visitas diarias a urgencias. Desde 2005, 471 personas han muerto a manos de perros. Los ni\u00f1os peque\u00f1os corren m\u00e1s riesgo de sufrir lesiones graves y mortales infligidas por perros.<\/p>\n\t\t\t\t<img decoding=\"async\" src=\"https:\/\/www.steinberglawfirm.com\/wp-content\/uploads\/2022\/03\/dog-bite-injuries-2022.svg\" alt=\"Estad\u00edsticas de mordeduras de perro\" itemprop=\"image\" height=\"\" width=\"\" title=\"dog-bite-injuries-2022\" onerror=\"this.style.display='none'\">\n\t<p>M\u00e1s del 38% de los hogares estadounidenses tienen un perro, lo que supone aproximadamente 63,4 millones de hogares con perro.<\/p>\n<h4>\n\t\tConsultas gratuitas\n\t<\/h4>\n\t<p>Podemos ayudarle a entender sus opciones legales de recuperaci\u00f3n.<\/p>\n\t<p>Si usted ha sido v\u00edctima de lesiones derivadas de una mordedura de perro en South Carolina, nuestros abogados especializados en mordeduras de perro en Charleston saben lo que hace falta para ayudarle a emprender una acci\u00f3n agresiva contra el propietario del animal.<\/p>\n\t\t\t<a href=\"\/es\/contact\/\" target=\"_self\" role=\"button\" rel=\"noopener\">\n\t\t\t\t\t\t\tDiscuta su caso\n\t\t\t\t\t<\/a>\n<h4>\n\t\tEl Steinberg Law Firm vela por sus intereses\n\t<\/h4>\n<h3>\n\t\tPor qu\u00e9 muerden los perros\n\t<\/h3>\n<h4>\n\t\tLos perros suelen provocar lesiones en respuesta a una situaci\u00f3n de estr\u00e9s.\n\t<\/h4>\n\t<p>Cualquier perro puede morder. El tama\u00f1o, la raza, el historial y el temperamento general del perro pueden contribuir a un mal comportamiento; sin embargo, en las circunstancias adecuadas, incluso la mascota familiar m\u00e1s agradable puede herir a alguien. Los perros suelen causar lesiones en respuesta a una situaci\u00f3n de estr\u00e9s, como cuando est\u00e1n asustados, sienten dolor o defienden a sus seres queridos, la comida, los juguetes o el territorio. A veces, un perro puede estar demasiado excitado o jugar de forma brusca y herir a alguien sin querer.<\/p>\n<p>Es importante desconfiar de los perros desconocidos, pero tambi\u00e9n tener cuidado con las mascotas de la familia, ya que tambi\u00e9n son capaces de morder. Nunca te acerques a un perro que no conozcas sin antes pedirle permiso a su due\u00f1o y dejar que te huela. Preste atenci\u00f3n al lenguaje corporal del perro y a otras se\u00f1ales que indiquen que se siente inc\u00f3modo. Ense\u00f1e tambi\u00e9n a los ni\u00f1os sobre la seguridad de los perros, ya que suelen ser los m\u00e1s perjudicados en los ataques de perros.<\/p>\n<h3>\n\t\tTipos de lesiones por mordedura de perro\n\t<\/h3>\n\t<p>Lamentablemente, adem\u00e1s de los efectos f\u00edsicos que puede tener una mordedura de perro, muchas v\u00edctimas de mordeduras de perro se enfrentan tambi\u00e9n a un importante sufrimiento emocional, ya sea como resultado de una desfiguraci\u00f3n permanente o por el trauma emocional resultante del propio ataque.<\/p>\n<p>Un encuentro con un perro agresivo o agitado puede tener muchos resultados diferentes. Podr\u00edas ser indemnizado por tus lesiones aunque el perro no te haya mordido.<\/p>\n<p>Las v\u00edctimas de las mordeduras y ataques de perros pueden sufrir varios tipos de da\u00f1os, entre los que se incluyen algunos de los m\u00e1s comunes:<\/p>\n<ul>\n<li>Heridas de pinchazo<\/li>\n<li>Laceraciones<\/li>\n<li>Infecciones<\/li>\n<li>Cicatrizaci\u00f3n \/ Desfiguraci\u00f3n<\/li>\n<li>Lesiones oculares y faciales<\/li>\n<li>Da\u00f1os en los nervios<\/li>\n<\/ul>\n<p>En demasiadas situaciones, los propietarios de perros irresponsables o negligentes no evitan que sus perros causen da\u00f1os a otros, lo que puede tener graves consecuencias.<\/p>\n<p>South Carolina es un estado de responsabilidad estricta, lo que significa que el perro no tiene el pase de una mordida que se permite en otros estados. Como resultado, las v\u00edctimas de mordeduras de perro suelen tener derecho a solicitar una indemnizaci\u00f3n por las lesiones y otras p\u00e9rdidas resultantes.<\/p>\n<h3>\n\t\t\u00c1reas de pr\u00e1ctica\n\t<\/h3>\n<h3>\n\t\tResultados\n\t<\/h3>\n<h6>\n\t\tHEMOS RECUPERADO M\u00c1S DE $500 MILLONES PARA CLIENTES EN LOS \u00daLTIMOS 10 A\u00d1OS, INCLUYENDO:\n\t<\/h6>\n<h4>\n\t\t$3.15 Millones\n\t<\/h4>\n<h5>\n\t\tCaso de da\u00f1os personales\n\t<\/h5>\n<h4>\n\t\t$175,000\n\t<\/h4>\n<h5>\n\t\tCaso de mordedura de perro de un conductor de UPS\n\t<\/h5>\n<h3>\n\t\tQu\u00e9 hacer si le han mordido\n\t<\/h3>\n\t<ul>\n\t\t<li>\t\t\t\t\n\t\t<h5>Busque la atenci\u00f3n m\u00e9dica adecuada.<\/h5><p>Tenga en cuenta las posibles infecciones y trate las lesiones causadas por cualquier animal como algo serio.<\/p><\/li><li>\t\t\t\t\n\t\t<h5>Fotograf\u00ede sus heridas. <\/h5><p>De nuevo, la documentaci\u00f3n de cualquier lesi\u00f3n es fundamental.<\/p><\/li><li>\t\t\t\t\n\t\t<h5>Recoge informaci\u00f3n.<\/h5><p>Obtenga los nombres y la informaci\u00f3n de contacto de cualquier persona que haya presenciado el ataque.<\/p><\/li><li>\t\t\t\t\n\t\t<h5>Denuncie el incidente.<\/h5><p>Denuncia el incidente a la polic\u00eda local y\/o al control de animales, especialmente si crees que el perro puede suponer un peligro para los dem\u00e1s.<\/p><\/li><li>\t\t\t\t\n\t\t<h5>Avisa al propietario.<\/h5><p>Avisa al due\u00f1o del perro si no est\u00e1 al tanto del incidente.<\/p><\/li><li>\t\t\t\t\n\t\t<h5>Hable con un abogado.<\/h5><p>P\u00f3ngase en contacto con un abogado con experiencia en mordeduras de perro y ataques de animales.<\/p><\/li>\t<\/ul>\n<h4>\n\t\tPor qu\u00e9 elegir el Steinberg Law Firm\n\t<\/h4>\n<h4>\n\t\tSouth Carolina Leyes sobre mordeduras de perro\n\t<\/h4>\n\t\t\t\t\t<img decoding=\"async\" src=\"https:\/\/i.vimeocdn.com\/video\/1607988131-e4c27ae3df468c98140f0087cd9a1f3fdecd8ad922e0cfac0afd946251da83d5-d_840\" alt=\"vimeo-video-thumbnail\" title=\"\">\n\t\t<h3>\n\t\tLo que nuestros abogados pueden hacer por usted\n\t<\/h3>\n\t<p>South Carolina es un estado de responsabilidad estricta, lo que significa que los propietarios de perros son responsables de cualquier da\u00f1o causado por sus perros. Las leyes var\u00edan de un estado a otro, y muchos tambi\u00e9n siguen la responsabilidad estricta. Incluso si los due\u00f1os no sab\u00edan que el perro posiblemente morder\u00eda o era agresivo, el due\u00f1o seguir\u00eda siendo responsable del ataque, con s\u00f3lo unas pocas excepciones.<\/p>\n<p>Si el perro estaba siendo provocado o si la persona herida estaba entrando en una propiedad privada cuando se produjo el incidente, el propietario puede no ser responsable. Cualquier cosa que asuste o haga da\u00f1o a un perro puede considerarse una provocaci\u00f3n para un ataque.<\/p>\n\t<p>Como con cualquier otro <a href=\"https:\/\/www.steinberglawfirm.com\/personal-injury\/personal-injury-lawyers\/\" target=\"_blank\" rel=\"noopener\">caso de da\u00f1os personales en South Carolina<\/a>En el caso de las mordeduras, la persona lesionada tiene tres a\u00f1os desde la fecha de la mordedura para presentar una reclamaci\u00f3n. Si este plazo de prescripci\u00f3n expira, hay pocas posibilidades de que el caso sea escuchado en los tribunales, por lo que es importante ponerse en contacto con un abogado sobre su lesi\u00f3n por mordedura sin demora.<\/p>\n<h4>\n\t\tRecuperaci\u00f3n de da\u00f1os y perjuicios\n\t<\/h4>\n<h4>\n\t\tLo que dicen nuestros clientes\n\t<\/h4>\n\t<meta itemscope=\"\" itemprop=\"mainEntityOfPage\" itemtype=\"https:\/\/schema.org\/WebPage\" itemid=\"https:\/\/www.steinberglawfirm.com\/?post_type=testimonials&amp;p=14927\" content=\"Susan\"><meta itemprop=\"datePublished\" content=\"2021-04-09\"><meta itemprop=\"dateModified\" content=\"2022-04-26\"><meta itemprop=\"name\" content=\"Steinberg Law Firm\"><meta itemprop=\"url\" content=\"https:\/\/www.steinberglawfirm.com\/blog\/author\/steadm\/\"><meta itemprop=\"name\" content=\"Steinberg Law Firm\"><meta itemprop=\"interactionType\" content=\"https:\/\/schema.org\/CommentAction\"><meta itemprop=\"userInteractionCount\" content=\"0\">\n<h4>Tienen unos abogados incre\u00edbles.<\/h4>\n<p>Han trabajado en una situaci\u00f3n imposible y han superado todas las expectativas en los acuerdos resultantes. \u00a1Recomendar\u00eda el bufete de abogados Steinberg a todos y cada uno!<\/p>\n<h5>- Susan<\/h5>\n\t<meta itemscope=\"\" itemprop=\"mainEntityOfPage\" itemtype=\"https:\/\/schema.org\/WebPage\" itemid=\"https:\/\/www.steinberglawfirm.com\/?post_type=testimonials&amp;p=14926\" content=\"Vanessa\"><meta itemprop=\"datePublished\" content=\"2021-04-09\"><meta itemprop=\"dateModified\" content=\"2022-02-21\"><meta itemprop=\"name\" content=\"Steinberg Law Firm\"><meta itemprop=\"url\" content=\"https:\/\/www.steinberglawfirm.com\/blog\/author\/steadm\/\"><meta itemprop=\"name\" content=\"Steinberg Law Firm\"><meta itemprop=\"interactionType\" content=\"https:\/\/schema.org\/CommentAction\"><meta itemprop=\"userInteractionCount\" content=\"0\">\n<h4>Mi experiencia fue excelente<\/h4>\n<p>Desde la primera consulta hasta el final de mi caso me mantuvieron informado paso a paso. Mi abogado trabaj\u00f3 duro para m\u00ed y me consigui\u00f3 m\u00e1s de lo que esperaba. <\/p>\n<h5>- Vanessa<\/h5>\n\t<meta itemscope=\"\" itemprop=\"mainEntityOfPage\" itemtype=\"https:\/\/schema.org\/WebPage\" itemid=\"https:\/\/www.steinberglawfirm.com\/?post_type=testimonials&amp;p=14842\" content=\"Mike\"><meta itemprop=\"datePublished\" content=\"2021-03-04\"><meta itemprop=\"dateModified\" content=\"2022-02-21\"><meta itemprop=\"name\" content=\"Steinberg Law Firm\"><meta itemprop=\"url\" content=\"https:\/\/www.steinberglawfirm.com\/blog\/author\/steadm\/\"><meta itemprop=\"name\" content=\"Steinberg Law Firm\"><meta itemprop=\"interactionType\" content=\"https:\/\/schema.org\/CommentAction\"><meta itemprop=\"userInteractionCount\" content=\"0\">\n<h4>Nunca sent\u00ed que estaba solo<\/h4>\n<p>Mi abogado y su asistente legal estuvieron conmigo durante todo el caso. Nunca sent\u00ed que estaba solo. En todo momento estuvieron en mi esquina. Alguien me recomend\u00f3 al bufete de abogados Steinberg y con gusto har\u00eda lo mismo por otra persona.<\/p>\n<h5>- Mike<\/h5>\n\t<meta itemscope=\"\" itemprop=\"mainEntityOfPage\" itemtype=\"https:\/\/schema.org\/WebPage\" itemid=\"https:\/\/www.steinberglawfirm.com\/?post_type=testimonials&amp;p=14840\" content=\"Brian\"><meta itemprop=\"datePublished\" content=\"2021-03-04\"><meta itemprop=\"dateModified\" content=\"2022-02-22\"><meta itemprop=\"name\" content=\"Steinberg Law Firm\"><meta itemprop=\"url\" content=\"https:\/\/www.steinberglawfirm.com\/blog\/author\/steadm\/\"><meta itemprop=\"name\" content=\"Steinberg Law Firm\"><meta itemprop=\"interactionType\" content=\"https:\/\/schema.org\/CommentAction\"><meta itemprop=\"userInteractionCount\" content=\"0\">\n<h4>No podr\u00eda haber pedido algo mejor<\/h4>\n<p>La gente del grupo Steinberg es de primera categor\u00eda. Manejaron mi caso extremadamente bien, no podr\u00eda haber pedido una mejor actuaci\u00f3n. Muchas gracias a todos por todo lo que hicieron por m\u00ed.<\/p>\n<h5>- Brian<\/h5>\n\t<meta itemscope=\"\" itemprop=\"mainEntityOfPage\" itemtype=\"https:\/\/schema.org\/WebPage\" itemid=\"https:\/\/www.steinberglawfirm.com\/?post_type=testimonials&amp;p=732\" content=\"Brandy\"><meta itemprop=\"datePublished\" content=\"2018-05-04\"><meta itemprop=\"dateModified\" content=\"2022-04-26\"><meta itemprop=\"name\" content=\"Steinberg Law Firm\"><meta itemprop=\"url\" content=\"https:\/\/www.steinberglawfirm.com\/blog\/author\/steadm\/\"><meta itemprop=\"name\" content=\"Steinberg Law Firm\"><meta itemprop=\"interactionType\" content=\"https:\/\/schema.org\/CommentAction\"><meta itemprop=\"userInteractionCount\" content=\"0\">\n<h4>Estoy agradecido por ellos.<\/h4>\n<p>En mi peor momento, protegieron y defendieron honesta y cuidadosamente a mi familia en m\u00faltiples niveles. Soy un cliente de por vida y la integridad de esta firma de abogados es incomparable. \u00a1Gracias a la familia Steinberg Law!<\/p>\n<h5>- Brandy<\/h5>\n\t<meta itemscope=\"\" itemprop=\"mainEntityOfPage\" itemtype=\"https:\/\/schema.org\/WebPage\" itemid=\"https:\/\/www.steinberglawfirm.com\/?post_type=testimonials&amp;p=195\" content=\"Joan\"><meta itemprop=\"datePublished\" content=\"2018-04-17\"><meta itemprop=\"dateModified\" content=\"2022-04-26\"><meta itemprop=\"name\" content=\"Steinberg Law Firm\"><meta itemprop=\"url\" content=\"https:\/\/www.steinberglawfirm.com\/blog\/author\/steadm\/\"><meta itemprop=\"name\" content=\"Steinberg Law Firm\"><meta itemprop=\"interactionType\" content=\"https:\/\/schema.org\/CommentAction\"><meta itemprop=\"userInteractionCount\" content=\"0\">\n<h4>La gente es atenta y profesional<\/h4>\n<p>Las preguntas e inquietudes siempre son respondidas y las preocupaciones son atendidas. Gracias a todos en Steinburg por una buena experiencia y por demostrarme que se preocupan por sus clientes.<\/p>\n<h5>- Joan<\/h5>\n\t<meta itemscope=\"\" itemprop=\"mainEntityOfPage\" itemtype=\"https:\/\/schema.org\/WebPage\" itemid=\"https:\/\/www.steinberglawfirm.com\/?post_type=testimonials&amp;p=157\" content=\"Rena\"><meta itemprop=\"datePublished\" content=\"2018-04-16\"><meta itemprop=\"dateModified\" content=\"2022-02-21\"><meta itemprop=\"name\" content=\"Steinberg Law Firm\"><meta itemprop=\"url\" content=\"https:\/\/www.steinberglawfirm.com\/blog\/author\/steadm\/\"><meta itemprop=\"name\" content=\"Steinberg Law Firm\"><meta itemprop=\"interactionType\" content=\"https:\/\/schema.org\/CommentAction\"><meta itemprop=\"userInteractionCount\" content=\"0\">\n<h4>El mejor bufete de abogados<\/h4>\n<p>Este es el mejor bufete de abogados con el que alguien podr\u00eda tratar.&nbsp;<a href=\"https:\/\/www.steinberglawfirm.com\/attorney\/david-t-pearlman\/\" target=\"_blank\" rel=\"noopener\">Sr. Pearlman<\/a>&nbsp;trabajar\u00e1 duro para conseguir todo lo que se le debe. Fue un placer haber sido representado por esta firma.<\/p>\n<h5>- Rena<\/h5>\n\t<meta itemscope=\"\" itemprop=\"mainEntityOfPage\" itemtype=\"https:\/\/schema.org\/WebPage\" itemid=\"https:\/\/www.steinberglawfirm.com\/?post_type=testimonials&amp;p=156\" content=\"Meagan\"><meta itemprop=\"datePublished\" content=\"2018-04-16\"><meta itemprop=\"dateModified\" content=\"2022-02-21\"><meta itemprop=\"name\" content=\"Steinberg Law Firm\"><meta itemprop=\"url\" content=\"https:\/\/www.steinberglawfirm.com\/blog\/author\/steadm\/\"><meta itemprop=\"name\" content=\"Steinberg Law Firm\"><meta itemprop=\"interactionType\" content=\"https:\/\/schema.org\/CommentAction\"><meta itemprop=\"userInteractionCount\" content=\"0\">\n<h4>Una experiencia maravillosa<\/h4>\n<p>Tuve una experiencia maravillosa con&nbsp;<a href=\"https:\/\/www.steinberglawfirm.com\/attorney\/david-t-pearlman\/\" target=\"_blank\" rel=\"noopener\">Sr. Pearlman<\/a>&nbsp;y su equipo. Muchas gracias por su diligencia y experiencia.<\/p>\n<h5>- Meagan<\/h5>\n\t<meta itemscope=\"\" itemprop=\"mainEntityOfPage\" itemtype=\"https:\/\/schema.org\/WebPage\" itemid=\"https:\/\/www.steinberglawfirm.com\/?post_type=testimonials&amp;p=154\" content=\"Erika\"><meta itemprop=\"datePublished\" content=\"2018-04-16\"><meta itemprop=\"dateModified\" content=\"2022-02-22\"><meta itemprop=\"name\" content=\"Steinberg Law Firm\"><meta itemprop=\"url\" content=\"https:\/\/www.steinberglawfirm.com\/blog\/author\/steadm\/\"><meta itemprop=\"name\" content=\"Steinberg Law Firm\"><meta itemprop=\"interactionType\" content=\"https:\/\/schema.org\/CommentAction\"><meta itemprop=\"userInteractionCount\" content=\"0\">\n<h4>Los recomiendo encarecidamente<\/h4>\n<p>Trabajan como un equipo proporcionando las mejores referencias y asistencia para lograr lo que mi familia y yo necesit\u00e1bamos. Los recomiendo encarecidamente porque no te decepcionar\u00e1n.<\/p>\n<h5>- Erika<\/h5>\n\t\t\t<a href=\"https:\/\/steinberglawfirm-staging.clmcloud.app\/es\/testimonios\/\" target=\"_self\" role=\"button\" rel=\"noopener\">\n\t\t\t\t\t\t\tLeer m\u00e1s testimonios\n\t\t\t\t\t<\/a>\n<h6>\n\t\tNoticias y actualizaciones de nuestro blog\n\t<\/h6>\n\t\t\t<a href=\"https:\/\/www.steinberglawfirm.com\/blog\/category\/in-the-news\/\" target=\"_blank\" rel=\"noopener\">En las noticias<\/a>\t\t\t<h3>\n\t\t\t\t<a href=\"https:\/\/www.steinberglawfirm.com\/blog\/south-carolina-propane-customer-empty-tank-protection-lawyers-lawsuit\/\" title=\"Abogados investigan quejas de clientes y una posible demanda colectiva para clientes de gas propano South Carolina con dep\u00f3sitos vac\u00edos y entregas fallidas\" tabindex=\"0\" target=\"_blank\" rel=\"noopener\">Abogados investigan quejas de clientes y una posible demanda colectiva para clientes de gas propano South Carolina con dep\u00f3sitos vac\u00edos y entregas fallidas<\/a>\t\t\t<\/h3>\n\t\t\t<a href=\"https:\/\/www.steinberglawfirm.com\/blog\/category\/truck-accident\/\" target=\"_blank\" rel=\"noopener\">Accidente de cami\u00f3n<\/a>\t\t\t<h3>\n\t\t\t\t<a href=\"https:\/\/www.steinberglawfirm.com\/blog\/four-factors-that-increase-the-risk-of-i-526-and-i-26-truck-accidents\/\" title=\"Cuatro factores que aumentan el riesgo de accidentes de camiones en la I-526 y la I-26\" tabindex=\"0\" target=\"_blank\" rel=\"noopener\">Cuatro factores que aumentan el riesgo de accidentes de camiones en la I-526 y la I-26<\/a>\t\t\t<\/h3>\n<h3>\n\t\tP\u00f3ngase en contacto con un abogado especializado en mordeduras de perro Charleston\n\t<\/h3>\n<h3>\n\t\tLo que nuestros abogados pueden hacer por usted\n\t<\/h3>\n\t<p>En Steinberg Law Firm, nuestros abogados especializados en mordeduras de perro tienen experiencia en tratar con los due\u00f1os de los perros y sus compa\u00f1\u00edas de seguros, que son reacios a pagar. Nuestro equipo de abogados luchar\u00e1 por usted para obtener la compensaci\u00f3n que se merece. Nuestros abogados saben c\u00f3mo construir su caso para buscar el mejor resultado para usted y su familia.<\/p>\n<p>Tenemos los recursos y el conocimiento para investigar las circunstancias del ataque y manejar las compa\u00f1\u00edas de seguros para que usted no tenga que hacerlo. Nos comprometemos a ofrecer a nuestros clientes una representaci\u00f3n legal de alta calidad que obtenga resultados.<\/p>\n<h3>\n\t\tL\u00edderes del sector jur\u00eddico\n\t<\/h3>\n\t\t\t\t<img loading=\"lazy\" decoding=\"async\" src=\"https:\/\/www.steinberglawfirm.com\/wp-content\/uploads\/2021\/04\/best-law-firms-2022.png\" alt=\"Best Lawyers | Mejores bufetes de abogados\" itemprop=\"image\" height=\"197\" width=\"200\" title=\"mejores bufetes de abogados-2022\" onerror=\"this.style.display='none'\">\n\t\t\t\t<a href=\"https:\/\/www.expertise.com\/our-selection-process\" target=\"_blank\" rel=\"noopener\" itemprop=\"url\">\n\t\t\t\t<img loading=\"lazy\" decoding=\"async\" src=\"https:\/\/www.steinberglawfirm.com\/wp-content\/uploads\/2021\/04\/sc_charleston_car-accident-lawyers_2022_transparent.png\" alt=\"Experiencia 2022 Los mejores abogados de accidentes de coche en Charleston\" itemprop=\"image\" height=\"320\" width=\"400\" title=\"Experiencia 2022 Los mejores abogados de accidentes de coche en Charleston\" onerror=\"this.style.display='none'\">\n\t\t\t\t<\/a>\n\t\t\t\t<img loading=\"lazy\" decoding=\"async\" src=\"https:\/\/www.steinberglawfirm.com\/wp-content\/uploads\/2021\/04\/top-one-percent.png\" alt=\"El 1 por ciento m\u00e1s alto a nivel nacional\" itemprop=\"image\" height=\"105\" width=\"160\" title=\"top-one-percent\" onerror=\"this.style.display='none'\">\n\t\t\t\t<img loading=\"lazy\" decoding=\"async\" src=\"https:\/\/www.steinberglawfirm.com\/wp-content\/uploads\/2021\/12\/best-of-the-best.png\" alt=\"Lo mejor de los mejores abogados\" itemprop=\"image\" height=\"165\" width=\"169\" title=\"lo mejor de lo mejor\" onerror=\"this.style.display='none'\">","protected":false},"excerpt":{"rendered":"<p>Obtenci\u00f3n de resultados $3,15 millones de d\u00f3lares en casos de lesiones personales Charleston, South Carolina Abogados de lesiones por mordedura de perro Los propietarios de perros tienen la responsabilidad no s\u00f3lo de cuidar a sus mascotas y mantenerlas felices, sino tambi\u00e9n de asegurarse de que no da\u00f1en a otros. Si un perro ataca, sus due\u00f1os son responsables de las lesiones que cause. Para una consulta gratuita...<\/p>","protected":false},"author":1,"featured_media":31200,"parent":565,"menu_order":0,"comment_status":"closed","ping_status":"closed","template":"tpl-long-alpha.php","meta":{"_acf_changed":false,"footnotes":""},"class_list":["post-774","page","type-page","status-publish","has-post-thumbnail","hentry"],"acf":[],"_links":{"self":[{"href":"https:\/\/steinberglawfirm-staging.clmcloud.app\/es\/wp-json\/wp\/v2\/pages\/774"}],"collection":[{"href":"https:\/\/steinberglawfirm-staging.clmcloud.app\/es\/wp-json\/wp\/v2\/pages"}],"about":[{"href":"https:\/\/steinberglawfirm-staging.clmcloud.app\/es\/wp-json\/wp\/v2\/types\/page"}],"author":[{"embeddable":true,"href":"https:\/\/steinberglawfirm-staging.clmcloud.app\/es\/wp-json\/wp\/v2\/users\/1"}],"replies":[{"embeddable":true,"href":"https:\/\/steinberglawfirm-staging.clmcloud.app\/es\/wp-json\/wp\/v2\/comments?post=774"}],"version-history":[{"count":39,"href":"https:\/\/steinberglawfirm-staging.clmcloud.app\/es\/wp-json\/wp\/v2\/pages\/774\/revisions"}],"predecessor-version":[{"id":26446,"href":"https:\/\/steinberglawfirm-staging.clmcloud.app\/es\/wp-json\/wp\/v2\/pages\/774\/revisions\/26446"}],"up":[{"embeddable":true,"href":"https:\/\/steinberglawfirm-staging.clmcloud.app\/es\/wp-json\/wp\/v2\/pages\/565"}],"wp:featuredmedia":[{"embeddable":true,"href":"https:\/\/steinberglawfirm-staging.clmcloud.app\/es\/wp-json\/wp\/v2\/media\/31200"}],"wp:attachment":[{"href":"https:\/\/steinberglawfirm-staging.clmcloud.app\/es\/wp-json\/wp\/v2\/media?parent=774"}],"curies":[{"name":"wp","href":"https:\/\/api.w.org\/{rel}","templated":true}]}}