{"id":6397,"date":"2018-11-26T23:18:36","date_gmt":"2018-11-26T23:18:36","guid":{"rendered":"https:\/\/www.steinberglawfirm.com\/?page_id=6397"},"modified":"2023-05-10T20:01:03","modified_gmt":"2023-05-10T20:01:03","slug":"wrongful-death-lawyer","status":"publish","type":"page","link":"https:\/\/steinberglawfirm-staging.clmcloud.app\/es\/ubicaciones\/summerville\/abogado-de-muerte-por-negligencia-2\/","title":{"rendered":"Summerville Abogado de Muerte Injusta"},"content":{"rendered":"<h1 class=\"wp-block-heading\">Summerville Abogados de Muerte Injusta<\/h1>\n\n\n\n<p>Cuando un ser querido muere de forma inesperada, la conmoci\u00f3n y el dolor son dif\u00edciles de superar. Tras una muerte inesperada pueden surgir muchas preguntas. \u00bfQu\u00e9 caus\u00f3 el accidente? \u00bfQui\u00e9n fue el responsable? \u00bfC\u00f3mo vamos a sobrellevar esta devastadora p\u00e9rdida? <a href=\"https:\/\/www.steinberglawfirm.com\/practice-areas\/wrongful-death\/\" target=\"_blank\" rel=\"noopener\">South Carolina permite a los familiares supervivientes presentar una demanda por homicidio culposo contra la parte culpable<\/a>. Aunque este tipo de reclamaci\u00f3n no puede devolver a un ser querido, permite a las familias seguir adelante y aliviar la carga financiera de su p\u00e9rdida.<\/p>\n\n\n\n<p><strong>Estad\u00edsticas de muertes por negligencia<\/strong><\/p>\n\n\n\n<p><a href=\"https:\/\/www.steinberglawfirm.com\/practice-areas\/auto-accidents\/fatal-car-accident\/\" target=\"_blank\" rel=\"noopener\">Muchas demandas por homicidio culposo son consecuencia de accidentes de tr\u00e1fico<\/a>. Seg\u00fan la Administraci\u00f3n Nacional de Seguridad del Tr\u00e1fico en las Carreteras, hubo 36.560 muertes por colisiones de tr\u00e1fico en todo el pa\u00eds en 2018. South Carolina tuvo 1.037 muertes por accidentes de tr\u00e1fico ese a\u00f1o. Un peat\u00f3n muri\u00f3 cada 2,2 d\u00edas, mientras que un motociclista muri\u00f3 cada 3,3 d\u00edas.<\/p>\n\n\n\n<p>En 2018, las lesiones no intencionales se mantuvieron entre las 10 principales causas de muerte entre los estadounidenses, y la tasa aument\u00f3 un 2,8% con respecto a 2017. En 2017, las muertes no intencionales fueron la tercera causa de muerte con 169.936. Entre ellas, la mayor\u00eda fueron muertes por envenenamiento, seguidas por las muertes por accidentes de tr\u00e1fico y las ca\u00eddas mortales.<\/p>\n\n\n\n<p>Los accidentes de muerte por negligencia tambi\u00e9n pueden ocurrir en el trabajo. La Oficina de Estad\u00edsticas Laborales inform\u00f3 que South Carolina tuvo 98 lesiones laborales mortales en 2018. Los incidentes de transporte fueron responsables de casi la mitad de esas muertes. Las otras dos causas principales fueron la violencia y las lesiones por personas o animales, seguidas de las ca\u00eddas, resbalones y tropiezos.<\/p>\n\n\n\n<p><strong>\u00bfQu\u00e9 es una demanda por muerte por negligencia?<\/strong><\/p>\n\n\n\n<p>South Carolina define el homicidio culposo como el causado por el \"acto il\u00edcito, negligencia o incumplimiento\" de otro. Debe ser el tipo de acci\u00f3n por la que se&nbsp;<a href=\"https:\/\/www.steinberglawfirm.com\/summerville\/personal-injury-lawyer\/\" target=\"_blank\" rel=\"noopener\">se podr\u00eda presentar una reclamaci\u00f3n por da\u00f1os personales<\/a> si el fallecido hubiera vivido. Dicho de otro modo, una demanda por homicidio culposo es un caso de da\u00f1os personales en el que la v\u00edctima no est\u00e1 viva para presentar la demanda por s\u00ed misma.<\/p>\n\n\n\n<p>Nosotros, en el <a href=\"https:\/\/www.steinberglawfirm.com\/\" target=\"_blank\" rel=\"noopener\">Steinberg Law Firm<\/a> Comprende que el dinero es lo \u00faltimo en lo que piensa mientras llora la p\u00e9rdida de su ser querido. Sin embargo, debe saber que la muerte, causada por una negligencia o un descuido, puede proporcionarle una indemnizaci\u00f3n para pagar sus facturas y seguir adelante.<\/p>\n\n\n\n<p><a href=\"https:\/\/www.steinberglawfirm.com\/attorney\/\" target=\"_blank\" rel=\"noopener\">Nuestros compasivos abogados de muerte por negligencia Summerville<\/a> est\u00e1n aqu\u00ed para ayudarle a moverse a trav\u00e9s del proceso de una demanda por muerte injusta y ayudarle a resolver sus preocupaciones legales de una manera oportuna y considerada. Tenga en cuenta que s\u00f3lo tiene tres a\u00f1os a partir de la fecha del accidente del fallecido para presentar una demanda por muerte injusta.<\/p>\n\n\n\n<p><strong>Principales tipos de accidentes con muerte por negligencia<\/strong><\/p>\n\n\n\n<p>Hay muchas maneras en que alguien puede ser v\u00edctima en un accidente que resulta en una muerte injusta en Summerville. Algunos tipos comunes de accidentes mortales son:<\/p>\n\n\n\n<p>- <a href=\"https:\/\/www.steinberglawfirm.com\/summerville\/car-accident-lawyer\/\" target=\"_blank\" rel=\"noopener\">Accidentes de tr\u00e1fico<\/a><br>- <a href=\"https:\/\/www.steinberglawfirm.com\/practice-areas\/medical-malpractice\/\" target=\"_blank\" rel=\"noopener\">Negligencia m\u00e9dica<\/a><br>- <a href=\"https:\/\/www.steinberglawfirm.com\/summerville\/nursing-home-abuse-and-negligence\/\" target=\"_blank\" rel=\"noopener\">Abuso y negligencia en residencias de ancianos<\/a><br>- <a href=\"https:\/\/www.steinberglawfirm.com\/summerville\/workers-compensation-lawyer\/\" target=\"_blank\" rel=\"noopener\">Accidentes en la construcci\u00f3n y en otros lugares de trabajo<\/a><br>- <a href=\"https:\/\/www.steinberglawfirm.com\/practice-areas\/dangerous-products\/\" target=\"_blank\" rel=\"noopener\">Productos peligrosos<\/a><br>- <a href=\"https:\/\/www.steinberglawfirm.com\/summerville\/slip-and-fall-lawyer\/\" target=\"_blank\" rel=\"noopener\">Accidentes por resbalones y ca\u00eddas<\/a><\/p>\n\n\n\n<p><strong>Indemnizaci\u00f3n por da\u00f1os y perjuicios en caso de muerte por negligencia Summerville<\/strong><\/p>\n\n\n\n<p>Seg\u00fan la ley South Carolina, la demanda por homicidio culposo puede ser interpuesta por el albacea o el administrador en nombre de los hijos y el c\u00f3nyuge del fallecido. Si no hay c\u00f3nyuge ni hijos, los padres del fallecido pueden presentar la demanda por homicidio culposo. En el caso de que no haya una persona superviviente, la acci\u00f3n por homicidio culposo beneficiar\u00e1 a los herederos.<\/p>\n\n\n\n<p>Los da\u00f1os y perjuicios en una demanda por homicidio culposo suelen repartirse entre el c\u00f3nyuge, los hijos, los padres o los herederos en funci\u00f3n de la parte que les corresponder\u00eda si el fallecido hubiera muerto sin testamento y la recuperaci\u00f3n formara parte del patrimonio personal de la herencia. Los tipos comunes de da\u00f1os y perjuicios concedidos en una acci\u00f3n de muerte por negligencia pueden incluir:<\/p>\n\n\n\n<p>- Gastos m\u00e9dicos relacionados con el fallecimiento<br>- Salarios perdidos<br>- P\u00e9rdida de beneficios<br>- Da\u00f1os a la propiedad<br>- Gastos de funeral y entierro<br>- Dolor, sufrimiento y angustia mental de la familia superviviente<br>- P\u00e9rdida de la compa\u00f1\u00eda del fallecido<br>- P\u00e9rdida de consorcio<br>- Otras p\u00e9rdidas econ\u00f3micas relacionadas con el fallecimiento<br>- Da\u00f1os punitivos para castigar a la parte negligente<\/p>\n\n\n\n<h2 class=\"wp-block-heading\">C\u00f3mo puede ayudar el Steinberg Law Firm en su caso de muerte por negligencia<\/h2>\n\n\n\n<p>Si un ser querido se ha visto implicado en un accidente mortal, <a href=\"https:\/\/www.steinberglawfirm.com\/contact-us\/\" target=\"_blank\" rel=\"noopener\">p\u00f3ngase en contacto con un abogado de muerte por negligencia Summerville en el Steinberg Law Firm ahora mismo<\/a>. No es necesario que intente solucionar todo por su cuenta.<\/p>\n\n\n\n<p>Para obtener una indemnizaci\u00f3n justa y equitativa por la p\u00e9rdida de su ser querido, necesita la ayuda de un abogado experto en muerte por negligencia Summerville. Su abogado evaluar\u00e1 minuciosamente su caso y le explicar\u00e1 en qu\u00e9 se diferencian las demandas por homicidio culposo de los casos de lesiones personales. Le ayudaremos a entender qu\u00e9 puede esperar si decide presentar una demanda de indemnizaci\u00f3n.<\/p>\n\n\n\n<p>Estamos con usted en cada paso del camino, desde la evaluaci\u00f3n del caso hasta el acuerdo o el tribunal. <a href=\"https:\/\/www.steinberglawfirm.com\/blog\/steinberg-law-firm-voted-best-law-firm-in-summerville-by-summerville-journal-scene-readers\/\" target=\"_blank\" rel=\"noopener\">El Steinberg Law Firm ha sido votado como el mejor bufete de Summerville por los lectores del Summerville Journal Scene<\/a>para que pueda estar seguro de que su caso ser\u00e1 manejado por un equipo confiable de abogados con experiencia en muerte por negligencia.<\/p>\n\n\n\n<h3 class=\"wp-block-heading\">Contacte con el Steinberg Law Firm hoy mismo<\/h3>\n\n\n\n<p><a href=\"https:\/\/www.steinberglawfirm.com\/free-consultation\/\" target=\"_blank\" rel=\"noopener\">Nuestra consulta inicial es confidencial y totalmente gratuita<\/a>. Usted no paga nada por hablar con un abogado sobre su caso. Nuestros abogados de muerte por negligencia Summerville pueden ayudarle a entender los detalles de su caso, sus derechos legales y c\u00f3mo obtener la compensaci\u00f3n y la justicia que usted merece. Para saber c\u00f3mo podemos ayudarle, <a href=\"tel:843-720-2800\">llame al 843-720-2800<\/a> o <a href=\"https:\/\/www.steinberglawfirm.com\/contact-us\/\" target=\"_blank\" rel=\"noopener\">contacte con nosotros a trav\u00e9s de nuestro formulario online<\/a>.<\/p>","protected":false},"excerpt":{"rendered":"<p>Summerville Abogados de Muerte Injusta Cuando un ser querido muere inesperadamente, el shock y el dolor son dif\u00edciles de manejar. Usted puede tener muchas preguntas despu\u00e9s de una muerte inesperada. \u00bfQu\u00e9 caus\u00f3 el accidente? \u00bfQui\u00e9n fue el responsable? \u00bfC\u00f3mo vamos a hacer frente a esta p\u00e9rdida devastadora? El South Carolina permite a los familiares supervivientes presentar una demanda por...<\/p>","protected":false},"author":1,"featured_media":20655,"parent":3549,"menu_order":0,"comment_status":"closed","ping_status":"closed","template":"","meta":{"_acf_changed":false,"footnotes":""},"class_list":["post-6397","page","type-page","status-publish","has-post-thumbnail","hentry"],"acf":[],"_links":{"self":[{"href":"https:\/\/steinberglawfirm-staging.clmcloud.app\/es\/wp-json\/wp\/v2\/pages\/6397"}],"collection":[{"href":"https:\/\/steinberglawfirm-staging.clmcloud.app\/es\/wp-json\/wp\/v2\/pages"}],"about":[{"href":"https:\/\/steinberglawfirm-staging.clmcloud.app\/es\/wp-json\/wp\/v2\/types\/page"}],"author":[{"embeddable":true,"href":"https:\/\/steinberglawfirm-staging.clmcloud.app\/es\/wp-json\/wp\/v2\/users\/1"}],"replies":[{"embeddable":true,"href":"https:\/\/steinberglawfirm-staging.clmcloud.app\/es\/wp-json\/wp\/v2\/comments?post=6397"}],"version-history":[{"count":5,"href":"https:\/\/steinberglawfirm-staging.clmcloud.app\/es\/wp-json\/wp\/v2\/pages\/6397\/revisions"}],"predecessor-version":[{"id":24773,"href":"https:\/\/steinberglawfirm-staging.clmcloud.app\/es\/wp-json\/wp\/v2\/pages\/6397\/revisions\/24773"}],"up":[{"embeddable":true,"href":"https:\/\/steinberglawfirm-staging.clmcloud.app\/es\/wp-json\/wp\/v2\/pages\/3549"}],"wp:featuredmedia":[{"embeddable":true,"href":"https:\/\/steinberglawfirm-staging.clmcloud.app\/es\/wp-json\/wp\/v2\/media\/20655"}],"wp:attachment":[{"href":"https:\/\/steinberglawfirm-staging.clmcloud.app\/es\/wp-json\/wp\/v2\/media?parent=6397"}],"curies":[{"name":"wp","href":"https:\/\/api.w.org\/{rel}","templated":true}]}}