{"id":6254,"date":"2018-11-19T20:06:38","date_gmt":"2018-11-19T20:06:38","guid":{"rendered":"https:\/\/www.steinberglawfirm.com\/?page_id=6254"},"modified":"2024-07-30T17:14:21","modified_gmt":"2024-07-30T17:14:21","slug":"slip-and-fall-lawyer","status":"publish","type":"page","link":"https:\/\/steinberglawfirm-staging.clmcloud.app\/es\/ubicaciones\/summerville\/resbalon-y-caida-abogado\/","title":{"rendered":"Summerville Abogado de resbalones y ca\u00eddas"},"content":{"rendered":"<h1 class=\"wp-block-heading\">Summerville, SC Abogados de lesiones por resbalones y ca\u00eddas<\/h1>\n\n\n\n<p><\/p>\n\n\n\n<h2 class=\"wp-block-heading\">Abogados de Responsabilidad de Locales por Accidentes de Resbalones, Tropiezos y Ca\u00eddas en South Carolina. <\/h2>\n\n\n\n<p>Cuando uno se encuentra en una propiedad ajena, tiene derecho a esperar que la zona est\u00e9 libre de peligros y que no haya riesgo de lesiones. Por desgracia, demasiadas personas sufren lesiones graves debido a la negligencia de los propietarios. Mientras que algunas compa\u00f1\u00edas de seguros consideran que las reclamaciones por accidentes de resbalones y ca\u00eddas son menores, como&nbsp;<a href=\"https:\/\/www.steinberglawfirm.com\/summerville\/personal-injury-lawyer\/\" target=\"_blank\" rel=\"noopener\">abogados expertos en lesiones personales Summerville<\/a>&nbsp;lo sabemos mejor. El <a href=\"https:\/\/www.steinberglawfirm.com\/\" target=\"_blank\" rel=\"noopener\">Steinberg Law Firm<\/a> est\u00e1 aqu\u00ed para ayudarle a obtener una compensaci\u00f3n justa y equitativa por su <a href=\"https:\/\/www.steinberglawfirm.com\/practice-areas\/premises-liability\/slip-and-fall\/\" target=\"_blank\" rel=\"noopener\">lesiones por resbalones y ca\u00eddas<\/a>.<\/p>\n\n\n\n<p><strong>Un mill\u00f3n de personas acaban en urgencias por accidentes de resbalones y ca\u00eddas cada a\u00f1o<\/strong><\/p>\n\n\n\n<p>Los accidentes por resbalones y ca\u00eddas son una de las principales causas de visitas a los servicios de urgencias de todo el pa\u00eds cada a\u00f1o. Las ca\u00eddas env\u00edan a unos ocho millones de personas a los servicios de urgencias cada a\u00f1o. Alrededor de un mill\u00f3n, o el 12%, de esas visitas se atribuyen a accidentes por resbalones y ca\u00eddas.<\/p>\n\n\n\n<p>En South Carolina, las lesiones relacionadas con las ca\u00eddas entre los adultos de 65 a\u00f1os o m\u00e1s suponen casi 7.000 hospitalizaciones y casi 25.000 visitas a urgencias al a\u00f1o. Seg\u00fan los Centros para el Control y la Prevenci\u00f3n de Enfermedades, el 20% de las ca\u00eddas provocan lesiones graves como fracturas, lesiones medulares y lesiones cerebrales traum\u00e1ticas (TBI). De hecho, las ca\u00eddas son la causa m\u00e1s com\u00fan de las LCT.<\/p>\n\n\n\n<p><strong>Responsabilidad en un accidente de resbal\u00f3n y ca\u00edda<\/strong><\/p>\n\n\n\n<p>Los accidentes por resbalones y ca\u00eddas tambi\u00e9n se denominan&nbsp;<a href=\"https:\/\/www.steinberglawfirm.com\/practice-areas\/premises-liability\/\" target=\"_blank\" rel=\"noopener\">reclamaciones de responsabilidad de los locales<\/a>. Esto se debe al hecho de que los propietarios de negocios y propiedades son legalmente responsables de mantener instalaciones razonablemente seguras, incluyendo la minimizaci\u00f3n de los peligros en la propiedad que podr\u00edan conducir a accidentes de resbalones y ca\u00eddas. Estos accidentes son a menudo el resultado de la negligencia del propietario o del administrador de la propiedad.<\/p>\n\n\n\n<p>Los propietarios, que son las personas y\/o empresas que mantienen una propiedad, pueden ser considerados responsables de las lesiones sufridas en un accidente de resbal\u00f3n y ca\u00edda. La negligencia puede incluir la falta de:<br>- Advertir al p\u00fablico del peligro de resbalones y ca\u00eddas<br>- Instalar y mantener suelos de alta tracci\u00f3n y seguridad<br>- Realizar el mantenimiento rutinario de los suelos y de las zonas circundantes<br>- Reparaci\u00f3n de escaleras mec\u00e1nicas defectuosas<br>- Arreglar la iluminaci\u00f3n incorrecta o inadecuada<br>- Palear la nieve o el hielo<br>- Arreglar las barandillas de las escaleras sueltas<br>- Limpiar los derrames<br>- Asegurar o sustituir las alfombras sueltas<br>- Mantener las aceras da\u00f1adas<\/p>\n\n\n\n<p>Cuando una propiedad est\u00e1 abierta al p\u00fablico, sus propietarios tienen la obligaci\u00f3n de garantizar la seguridad de los visitantes. Hay muchas cosas que los propietarios pueden hacer para evitar lesiones, como mantener el suelo libre de peligros, colocar advertencias claras de los peligros conocidos y proporcionar barandillas. Si el propietario no cumple con su deber de diligencia, puede ser responsable de las lesiones que se produzcan.<\/p>\n\n\n\n<p><strong>\u00bfD\u00f3nde se producen los accidentes por resbalones y ca\u00eddas?<\/strong><\/p>\n\n\n\n<p>Summerville los accidentes por resbalones y ca\u00eddas pueden ocurrir en cualquier lugar y en cualquier momento, normalmente cuando menos te lo esperas. Sin embargo, hay algunos lugares que tienen una mayor probabilidad de incidentes de resbalones y ca\u00eddas, por ejemplo, aeropuertos, restaurantes, tiendas de comestibles, gasolineras, centros comerciales y hoteles.<\/p>\n\n\n\n<p>Normalmente, un accidente de resbal\u00f3n y ca\u00edda tiene lugar cuando alguien pierde la tracci\u00f3n al caminar y se cae. Es posible que se haya encontrado con un peligro como el hielo, el aceite, el agua, la comida u otros l\u00edquidos o desechos.<\/p>\n\n\n\n<p>El tipo de material del suelo utilizado en la propiedad p\u00fablica es un factor importante en los casos de resbalones y ca\u00eddas. Las tiendas de comestibles y <a href=\"https:\/\/www.steinberglawfirm.com\/workers-compensation\/airport-work-injury-attorneys\/\" data-type=\"link\" data-id=\"https:\/\/www.steinberglawfirm.com\/workers-compensation\/airport-work-injury-attorneys\/\" target=\"_blank\" rel=\"noopener\">suelos para aeropuertos<\/a> son conocidos por provocar accidentes por resbalones y ca\u00eddas. De hecho, la Comisi\u00f3n para la Seguridad de los Productos de Consumo ha descubierto que los suelos causan directamente m\u00e1s de dos millones de lesiones por ca\u00eddas cada a\u00f1o.<\/p>\n\n\n\n<p>Cuando presente una demanda por lesiones personales, aseg\u00farese de recopilar pruebas relacionadas con su ca\u00edda, incluyendo fotos de sus lesiones y del lugar del accidente, notas y declaraciones de testigos. La ubicaci\u00f3n de su accidente de resbal\u00f3n y ca\u00edda es importante porque puede afectar al resultado de una demanda. El lugar determina los da\u00f1os disponibles, qu\u00e9 partes pueden ser nombradas en la demanda, las normas de responsabilidad existentes y qu\u00e9 otros pasos son necesarios para presentar una reclamaci\u00f3n por resbal\u00f3n y ca\u00edda.<\/p>\n\n\n\n<p><strong>Lesiones comunes por resbalones y ca\u00eddas<\/strong><\/p>\n\n\n\n<p>Las lesiones por resbalones y ca\u00eddas pueden ser de leves a graves. Las v\u00edctimas de accidentes de resbalones y ca\u00eddas pueden sufrir los siguientes tipos de lesiones:<br>- Laceraciones<br>- Torceduras y esguinces<br>- Conmociones cerebrales<br>- Lesiones cerebrales traum\u00e1ticas<br>- Lesiones en el cuello<br>- Traumatismos en la columna vertebral<br>- Hernias discales<br>- Huesos rotos y\/o fracturados<br>- M\u00fasculos desgarrados<br>- Rotura de tendones<br>- Par\u00e1lisis<\/p>\n\n\n\n<p><strong>Da\u00f1os disponibles en una reclamaci\u00f3n por accidente de resbal\u00f3n y ca\u00edda<\/strong><\/p>\n\n\n\n<p>Aunque los da\u00f1os tienden a variar con cada caso, una v\u00edctima de lesiones por resbal\u00f3n y ca\u00edda puede obtener una compensaci\u00f3n en una demanda por lesiones personales y reclamar lo siguiente:<\/p>\n\n\n\n<p>- P\u00e9rdida de ingresos: presente y futuro<br>- Facturas m\u00e9dicas: procedimientos, pruebas, rehabilitaci\u00f3n, etc.<br>- Gastos relacionados con el accidente: asistencia sanitaria a domicilio, limpieza, transporte, etc.<br>- Dolor y sufrimiento: por el da\u00f1o causado a la vida cotidiana de la v\u00edctima<\/p>\n\n\n\n<p><a href=\"https:\/\/www.steinberglawfirm.com\/practice-areas\/wrongful-death\/\" target=\"_blank\" rel=\"noopener\">Se puede conceder una indemnizaci\u00f3n por muerte por negligencia si la v\u00edctima del resbal\u00f3n y la ca\u00edda fallece como consecuencia de sus lesiones<\/a>. Para obtener una compensaci\u00f3n justa y equitativa por sus lesiones, necesita la ayuda de un abogado de lesiones personales capaz de evaluar el alcance total de sus p\u00e9rdidas y asesorarle sobre sus opciones legales.<\/p>\n\n\n\n<p>No tiene que tratar con las compa\u00f1\u00edas de seguros por su cuenta. A menudo no tienen sus mejores intereses en mente, queriendo que usted llegue a un acuerdo r\u00e1pidamente y por menos de lo que puede recibir en el tribunal.<\/p>\n\n\n\n<h2 class=\"wp-block-heading\">C\u00f3mo puede ayudarle el Steinberg Law Firm en su reclamaci\u00f3n por resbal\u00f3n y ca\u00edda<\/h2>\n\n\n\n<p>El <a href=\"https:\/\/www.steinberglawfirm.com\/\" target=\"_blank\" rel=\"noopener\">Steinberg Law Firm<\/a> sabe lo devastador que puede ser una ca\u00edda inesperada. Si se ha lesionado, p\u00f3ngase en contacto con nosotros para conocer sus derechos legales y obtener la compensaci\u00f3n que merece por sus lesiones.<\/p>\n\n\n\n<p><a href=\"https:\/\/www.steinberglawfirm.com\/attorney\/\" target=\"_blank\" rel=\"noopener\">Nuestros abogados especializados en resbalones y ca\u00eddas de Summerville pueden ayudarle a determinar qui\u00e9n es el responsable de su accidente<\/a>. No siempre es f\u00e1cil determinar la responsabilidad en una reclamaci\u00f3n por accidente de resbal\u00f3n y ca\u00edda, ya que hay numerosos factores en juego, incluyendo si el propietario intent\u00f3 arreglar la condici\u00f3n peligrosa y cu\u00e1nto tiempo estuvo presente el peligro sin ser abordado.<\/p>\n\n\n\n<h3 class=\"wp-block-heading\">Contacte con Steinberg Law Firm hoy mismo<\/h3>\n\n\n\n<p>Si usted o sus familiares han sufrido un accidente por resbal\u00f3n y ca\u00edda y han sufrido lesiones graves, aseg\u00farese de ponerse r\u00e1pidamente en contacto con el Steinberg Law Firm. Un abogado de accidentes de resbal\u00f3n y ca\u00edda Summerville evaluar\u00e1 su caso y determinar\u00e1 c\u00f3mo la negligencia fue un factor en su accidente con el fin de obtener una compensaci\u00f3n por sus lesiones.<\/p>\n\n\n\n<p>Estamos con usted en cada paso del camino, desde la evaluaci\u00f3n del caso hasta el acuerdo o el juicio.\u00a0<a href=\"https:\/\/www.steinberglawfirm.com\/blog\/steinberg-law-firm-voted-best-law-firm-in-summerville-by-summerville-journal-scene-readers\/\" target=\"_blank\" rel=\"noopener\">The Steinberg Law Firm ha sido elegido mejor bufete de abogados de Summerville por los lectores del Summerville Journal Scene<\/a>As\u00ed que puede estar seguro de que su caso estar\u00e1 en buenas manos. <a href=\"https:\/\/www.steinberglawfirm.com\/free-consultation\/\" target=\"_blank\" rel=\"noopener\">Ofrecemos consultas iniciales gratuitas<\/a>. Para saber c\u00f3mo podemos ayudarle, <a href=\"tel:843-720-2800\">llame al 843-720-2800<\/a> o <a href=\"https:\/\/www.steinberglawfirm.com\/contact-us\/\" target=\"_blank\" rel=\"noopener\">contacte con nosotros a trav\u00e9s de nuestro formulario online<\/a>.<\/p>","protected":false},"excerpt":{"rendered":"<p>Summerville, SC Abogados de Lesiones por Resbalones y Ca\u00eddas Abogados de Responsabilidad de Locales por Accidentes de Resbalones, Tropiezos y Ca\u00eddas en South Carolina. Cuando usted se encuentra en la propiedad de otra persona, tiene derecho a esperar que el \u00e1rea est\u00e9 libre de peligros y que no haya riesgo de lesiones. Desafortunadamente, demasiadas personas sufren lesiones graves debido...<\/p>","protected":false},"author":1,"featured_media":15300,"parent":3549,"menu_order":0,"comment_status":"closed","ping_status":"closed","template":"","meta":{"_acf_changed":false,"footnotes":""},"class_list":["post-6254","page","type-page","status-publish","has-post-thumbnail","hentry"],"acf":[],"_links":{"self":[{"href":"https:\/\/steinberglawfirm-staging.clmcloud.app\/es\/wp-json\/wp\/v2\/pages\/6254"}],"collection":[{"href":"https:\/\/steinberglawfirm-staging.clmcloud.app\/es\/wp-json\/wp\/v2\/pages"}],"about":[{"href":"https:\/\/steinberglawfirm-staging.clmcloud.app\/es\/wp-json\/wp\/v2\/types\/page"}],"author":[{"embeddable":true,"href":"https:\/\/steinberglawfirm-staging.clmcloud.app\/es\/wp-json\/wp\/v2\/users\/1"}],"replies":[{"embeddable":true,"href":"https:\/\/steinberglawfirm-staging.clmcloud.app\/es\/wp-json\/wp\/v2\/comments?post=6254"}],"version-history":[{"count":7,"href":"https:\/\/steinberglawfirm-staging.clmcloud.app\/es\/wp-json\/wp\/v2\/pages\/6254\/revisions"}],"predecessor-version":[{"id":31555,"href":"https:\/\/steinberglawfirm-staging.clmcloud.app\/es\/wp-json\/wp\/v2\/pages\/6254\/revisions\/31555"}],"up":[{"embeddable":true,"href":"https:\/\/steinberglawfirm-staging.clmcloud.app\/es\/wp-json\/wp\/v2\/pages\/3549"}],"wp:featuredmedia":[{"embeddable":true,"href":"https:\/\/steinberglawfirm-staging.clmcloud.app\/es\/wp-json\/wp\/v2\/media\/15300"}],"wp:attachment":[{"href":"https:\/\/steinberglawfirm-staging.clmcloud.app\/es\/wp-json\/wp\/v2\/media?parent=6254"}],"curies":[{"name":"wp","href":"https:\/\/api.w.org\/{rel}","templated":true}]}}