{"id":5804,"date":"2018-10-09T21:07:00","date_gmt":"2018-10-09T21:07:00","guid":{"rendered":"https:\/\/www.steinberglawfirm.com\/?page_id=5804"},"modified":"2023-09-14T18:39:39","modified_gmt":"2023-09-14T18:39:39","slug":"summerville-office","status":"publish","type":"page","link":"https:\/\/steinberglawfirm-staging.clmcloud.app\/es\/oficinas-localizaciones\/summerville-office\/","title":{"rendered":"Summerville Oficina"},"content":{"rendered":"<h1 class=\"wp-block-heading\">La oficina Steinberg Law Firm - Summerville <\/h1>\n\n\n\n<p><strong>Steinberg Law Firm<\/strong> <br>103 Grandview Drive<br>Summerville, SC 29483<br>(843) 871-6522 (Tel\u00e9fono)<br>(843) 871-8565 (Fax) <\/p>\n\n\n\n<h4 class=\"wp-block-heading\">HORARIO DE OFICINA <\/h4>\n\n\n\n<p><strong>De lunes a jueves:<\/strong> 8:30 AM - 5:30 PM<br><strong>El viernes:<\/strong> 8:30 AM - 5:00 PM<br><strong>S\u00e1bado-domingo:<\/strong> Cerrado<a role=\"button\" rel=\"noopener noreferrer\" href=\"https:\/\/steinberglawfirm-staging.clmcloud.app\/es\/contacte-con-nosotros\/\" target=\"_self\" class=\"rank-math-link\"> <\/a><br><a role=\"button\" rel=\"noopener noreferrer\" href=\"https:\/\/steinberglawfirm-staging.clmcloud.app\/es\/contacte-con-nosotros\/\" target=\"_self\" class=\"rank-math-link\"><strong>TEL\u00c9FONOS ATENDIDOS 24\/7 <\/strong><\/a><\/p>\n\n\n\n<p><strong>SUMMERVILLE ABOGADOS DE LESIONES PERSONALES<\/strong><\/p>\n\n\n\n<p><strong>Tel\u00e9fonos atendidos las 24 horas del d\u00eda, los 7 d\u00edas de la semana. \u00a1Llame ahora para una consulta gratuita!<\/strong><br>\u00bfSe ha lesionado en el trabajo? \u00bfLastimado en un accidente de coche? Sufrir una lesi\u00f3n grave puede ser un reto enorme, y muy pocas personas tienen los recursos o la capacidad para afrontar eficazmente las consecuencias que pueden tener. Una lesi\u00f3n no s\u00f3lo puede causar un trauma f\u00edsico y emocional sustancial a las v\u00edctimas, sino que tambi\u00e9n puede dar lugar a costosos gastos m\u00e9dicos, p\u00e9rdida de salarios y otros efectos financieros que pueden pesar mucho sobre las v\u00edctimas y sus familias. <\/p>\n\n\n\n<p>Enfrentarse a estos retos puede ser dif\u00edcil sin ayuda. Afortunadamente, a menudo es posible que quienes han sido v\u00edctimas de la imprudencia o negligencia de otra parte obtengan una compensaci\u00f3n por sus p\u00e9rdidas a trav\u00e9s de un&nbsp;<a href=\"https:\/\/www.steinberglawfirm.com\/practice-areas\/personal-injury\/\" target=\"_blank\" rel=\"noopener\">da\u00f1os personales<\/a>&nbsp;demanda. Si usted ha sido lesionado debido a las acciones de otra persona, los abogados de lesiones personales Summerville en el&nbsp;<a href=\"https:\/\/www.steinberglawfirm.com\/attorneys\/\" target=\"_blank\" rel=\"noopener\">Steinberg Law Firm<\/a>&nbsp;entendemos lo dif\u00edcil que pueden ser sus circunstancias, y nuestra misi\u00f3n es proporcionar a las v\u00edctimas de lesiones la ayuda y el apoyo integrales que necesitan.<\/p>\n\n\n\n<p><strong>AYUDAR A LOS PERJUDICADOS A BUSCAR JUSTICIA E INDEMNIZACI\u00d3N<\/strong> Podemos ofrecer nuestros servicios a individuos en una amplia gama de circunstancias, incluyendo la representaci\u00f3n para los siguientes tipos de casos:<\/p>\n\n\n\n<ul class=\"wp-block-list\">\n<li><a href=\"https:\/\/www.steinberglawfirm.com\/practice-areas\/auto-accident\/\" class=\"rank-math-link\" target=\"_blank\" rel=\"noopener\">Accidentes de tr\u00e1fico<\/a><\/li>\n\n\n\n<li><a href=\"https:\/\/www.steinberglawfirm.com\/practice-areas\/dangerous-products\/\" target=\"_blank\" rel=\"noopener\">Productos peligrosos<\/a><\/li>\n\n\n\n<li><a href=\"https:\/\/www.steinberglawfirm.com\/practice-areas\/dog-bites\/\" target=\"_blank\" rel=\"noopener\">Mordeduras de perro<\/a><\/li>\n\n\n\n<li><a href=\"https:\/\/www.steinberglawfirm.com\/practice-areas\/head-brain-and-spine-injuries\/\" class=\"rank-math-link\" target=\"_blank\" rel=\"noopener\">Lesiones de la cabeza y la columna vertebral<\/a><\/li>\n\n\n\n<li><a href=\"https:\/\/www.steinberglawfirm.com\/practice-areas\/medical-malpractice\/\" class=\"rank-math-link\" target=\"_blank\" rel=\"noopener\">Negligencia m\u00e9dica<\/a><\/li>\n\n\n\n<li><a href=\"https:\/\/www.steinberglawfirm.com\/practice-areas\/medical-malpractice\/\" class=\"rank-math-link\" target=\"_blank\" rel=\"noopener\">Mo<\/a><a href=\"https:\/\/www.steinberglawfirm.com\/practice-areas\/motorcycle-accidents\/\" class=\"rank-math-link\" target=\"_blank\" rel=\"noopener\">Accidentes de motocicleta<\/a><\/li>\n\n\n\n<li><a href=\"https:\/\/www.steinberglawfirm.com\/practice-areas\/motorcycle-accidents\/\" class=\"rank-math-link\" target=\"_blank\" rel=\"noopener\">Enfermer\u00eda<\/a><a href=\"https:\/\/www.steinberglawfirm.com\/practice-areas\/nursing-home-abuse\/\" class=\"rank-math-link\" target=\"_blank\" rel=\"noopener\">de los malos tratos en el hogar<\/a><\/li>\n\n\n\n<li><a href=\"https:\/\/www.steinberglawfirm.com\/personal-injury\/personal-injury-lawyers\/\" target=\"_blank\" rel=\"noopener\">Lesiones personales<\/a><\/li>\n\n\n\n<li><a href=\"https:\/\/www.steinberglawfirm.com\/personal-injury\/premises-liability\/\" class=\"rank-math-link\" target=\"_blank\" rel=\"noopener\">Responsabilidad de los locales<\/a><\/li>\n\n\n\n<li><a href=\"https:\/\/www.steinberglawfirm.com\/\" class=\"rank-math-link\" target=\"_blank\" rel=\"noopener\">Discapacidad de la Seguridad Social<\/a><\/li>\n\n\n\n<li><a href=\"https:\/\/www.steinberglawfirm.com\/personal-injury\/truck-accidents\/\" class=\"rank-math-link\" target=\"_blank\" rel=\"noopener\">Accidentes de camiones<\/a><\/li>\n\n\n\n<li><a href=\"https:\/\/www.steinberglawfirm.com\/workers-compensation\/\" target=\"_blank\" rel=\"noopener\">Indemnizaci\u00f3n por accidente de trabajo<\/a><\/li>\n\n\n\n<li><a href=\"https:\/\/www.steinberglawfirm.com\/personal-injury\/wrongful-death\/\" class=\"rank-math-link\" target=\"_blank\" rel=\"noopener\">Muerte por negligencia<\/a><\/li>\n<\/ul>\n\n\n\n<p>Nuestro experimentado equipo legal sabe lo que se necesita para ayudar a los clientes en todas estas situaciones, y estamos dispuestos a poner nuestra considerable experiencia a trabajar para usted.<\/p>\n\n\n\n<h4 class=\"wp-block-heading\">CONTACTAR CON NOSOTROS <\/h4>\n\n\n\n<p>Si ha sido v\u00edctima de una lesi\u00f3n grave de la que ha sido culpable otra persona, podemos ayudarle. P\u00f3ngase en contacto con los abogados de lesiones personales del Summerville hoy mismo llamando al 843-720-2800 para hablar con un profesional legal con experiencia sobre su caso y aprender m\u00e1s sobre sus opciones bajo la ley.<\/p>\n\n\n\n<h2 class=\"wp-block-heading\">Abogados de lesiones personales que representan a Charleston y \u00e1reas cercanas de South Carolina <\/h2>","protected":false},"excerpt":{"rendered":"<p>The Steinberg Law Firm - Summerville Oficina Steinberg Law Firm 103 Grandview DriveSummerville, SC 29483(843) 871-6522 (Tel\u00e9fono)(843) 871-8565 (Fax) HORARIO DE OFICINA Lunes-Jueves: 8:30 AM - 5:30 PMViernes: 8:30 AM - 5:00 PMS\u00e1bado-Domingo: Cerrado TEL\u00c9FONOS RESPONDEN 24\/7 SUMMERVILLE ABOGADOS DE LESIONES PERSONALES \u00a1Los tel\u00e9fonos responden 24\/7! Llame ahora para una consulta gratuita! \u00bfLastimado en el trabajo? \u00bfLastimado en un accidente de coche?<\/p>","protected":false},"author":1,"featured_media":20655,"parent":2205,"menu_order":0,"comment_status":"closed","ping_status":"closed","template":"","meta":{"_acf_changed":false,"footnotes":""},"class_list":["post-5804","page","type-page","status-publish","has-post-thumbnail","hentry"],"acf":[],"_links":{"self":[{"href":"https:\/\/steinberglawfirm-staging.clmcloud.app\/es\/wp-json\/wp\/v2\/pages\/5804"}],"collection":[{"href":"https:\/\/steinberglawfirm-staging.clmcloud.app\/es\/wp-json\/wp\/v2\/pages"}],"about":[{"href":"https:\/\/steinberglawfirm-staging.clmcloud.app\/es\/wp-json\/wp\/v2\/types\/page"}],"author":[{"embeddable":true,"href":"https:\/\/steinberglawfirm-staging.clmcloud.app\/es\/wp-json\/wp\/v2\/users\/1"}],"replies":[{"embeddable":true,"href":"https:\/\/steinberglawfirm-staging.clmcloud.app\/es\/wp-json\/wp\/v2\/comments?post=5804"}],"version-history":[{"count":5,"href":"https:\/\/steinberglawfirm-staging.clmcloud.app\/es\/wp-json\/wp\/v2\/pages\/5804\/revisions"}],"predecessor-version":[{"id":27002,"href":"https:\/\/steinberglawfirm-staging.clmcloud.app\/es\/wp-json\/wp\/v2\/pages\/5804\/revisions\/27002"}],"up":[{"embeddable":true,"href":"https:\/\/steinberglawfirm-staging.clmcloud.app\/es\/wp-json\/wp\/v2\/pages\/2205"}],"wp:featuredmedia":[{"embeddable":true,"href":"https:\/\/steinberglawfirm-staging.clmcloud.app\/es\/wp-json\/wp\/v2\/media\/20655"}],"wp:attachment":[{"href":"https:\/\/steinberglawfirm-staging.clmcloud.app\/es\/wp-json\/wp\/v2\/media?parent=5804"}],"curies":[{"name":"wp","href":"https:\/\/api.w.org\/{rel}","templated":true}]}}