{"id":576,"date":"2018-05-02T07:38:25","date_gmt":"2018-05-02T07:38:25","guid":{"rendered":"https:\/\/www.steinberglawfirm.com\/?page_id=576"},"modified":"2024-06-27T17:17:53","modified_gmt":"2024-06-27T17:17:53","slug":"medical-malpractice","status":"publish","type":"page","link":"https:\/\/steinberglawfirm-staging.clmcloud.app\/es\/lesiones-personales\/mala-praxis-medica\/","title":{"rendered":"Abogados de negligencia m\u00e9dica en South Carolina"},"content":{"rendered":"<h6>\n\t\tObtenci\u00f3n de resultados\n\t<\/h6>\n<h4>\n\t\t$1.0 Millones\n\t<\/h4>\n<h5>\n\t\tCaso de negligencia m\u00e9dica\n\t<\/h5>\n<h1>\n\t\tCharleston, South Carolina Abogado de negligencia m\u00e9dica\n\t<\/h1>\n\t<p>Los profesionales de la medicina juran no hacer da\u00f1o a sus pacientes, y <a href=\"https:\/\/www.steinberglawfirm.com\/locations\/mount-pleasant\/medical-malpractice-attorneys\/\" target=\"_blank\" rel=\"noopener\">leyes de mala praxis<\/a> hacerles responsables de sus actos en caso de que incumplan esta promesa.<\/p>\n<h6>\n\t\tPara una revisi\u00f3n gratuita del caso, ll\u00e1menos al 843-720-2800.\n\t<\/h6>\n<h4>\n\t\tRepresentando a personas lesionadas desde 1927\n\t<\/h4>\n<h2>\n\t\tAbogados de negligencia m\u00e9dica que representan a la gente de Charleston y en todo South Carolina\n\t<\/h2>\n<h5>\n\t\tSirviendo Summerville, Goose Creek y el Lowcountry\n\t<\/h5>\n\t<p>La profesi\u00f3n m\u00e9dica est\u00e1 sujeta a uno de los m\u00e1s altos niveles de competencia profesional, y por una buena raz\u00f3n: incluso un simple error, por lo dem\u00e1s inofensivo, por parte de un m\u00e9dico puede acabar teniendo profundas consecuencias, posiblemente mortales, para los pacientes. En consecuencia, las leyes sobre negligencia m\u00e9dica est\u00e1n en vigor para garantizar que los m\u00e9dicos que permiten que sus pacientes sufran da\u00f1os de cualquier tipo como resultado de su descuido o imprudencia puedan ser responsabilizados.<\/p>\n\t\t\t\t<img decoding=\"async\" src=\"https:\/\/www.steinberglawfirm.com\/wp-content\/uploads\/2022\/01\/quote-blue-outline-2022.svg\" alt=\"Comillas\" title=\"quote-blue-outline-2022\" itemprop=\"image\">\n\t\t<h5>Lo que dicen nuestros clientes:<\/h5>\t\t\t\n\t\t\t\t<p>La abogada Catie Meehan y la se\u00f1orita Lauren Dunleavy fueron excelentes. Estar\u00e9 siempre agradecido a estas dos se\u00f1oras por toda la ayuda que me han dado. Ellas tendr\u00e1n un pedazo de mi coraz\u00f3n con ellas por el resto de mi vida por ser individuos amables que se preocuparon lo suficiente para ayudarme a resolver una situaci\u00f3n dif\u00edcil.<br>- Gen<\/p>\n<h6>\n\t\tResponder a sus preguntas\n\t<\/h6>\n\t<p>Para discutir los detalles de su caso, p\u00f3ngase en contacto con un <a href=\"https:\/\/www.steinberglawfirm.com\/locations\/north-charleston\/medical-malpractice-lawyer\/\" target=\"_blank\" rel=\"noopener\">abogado con experiencia en negligencias m\u00e9dicas South Carolina<\/a> hoy.<\/p>\n\t\t\t\t<img decoding=\"async\" src=\"https:\/\/www.steinberglawfirm.com\/wp-content\/uploads\/2022\/01\/question-white-outline.svg\" alt=\"Signo de interrogaci\u00f3n\" title=\"question-white-outline\" itemprop=\"image\">\n\t\t<h3>\u00bfQu\u00e9 es la negligencia m\u00e9dica?<\/h3>\t\t\t\n\t\t\t\t<p>Los m\u00e9dicos y otros profesionales de la medicina est\u00e1n sujetos a un alto nivel de competencia profesional. Los errores que se producen por el incumplimiento de esta norma y que causan da\u00f1os a los pacientes constituyen una negligencia m\u00e9dica. Aquellos que cometen una negligencia m\u00e9dica pueden ser considerados responsables econ\u00f3micamente por los da\u00f1os que sus errores puedan haber causado. Si usted ha sido v\u00edctima de una negligencia m\u00e9dica en la zona de Charleston, los abogados especialistas en negligencias m\u00e9dicas de Steinberg Law Firm trabajar\u00e1n incansablemente para conseguir justicia para usted.<\/p>\n<h3>\n\t\tNuestras \u00e1reas de pr\u00e1ctica de negligencia m\u00e9dica\n\t<\/h3>\n<h4>\n\t\tAunque no todos los errores m\u00e9dicos pueden ser motivo de una reclamaci\u00f3n por da\u00f1os y perjuicios, los pacientes pueden tener un caso de negligencia m\u00e9dica si han sido v\u00edctimas de alguno de los siguientes:\n\t<\/h4>\n\t<ul>\n<li><a href=\"https:\/\/www.steinberglawfirm.com\/personal-injury\/medical-malpractice\/misdiagnosis\" target=\"_blank\" rel=\"noopener\">Diagn\u00f3stico err\u00f3neo<\/a><\/li>\n<li><a href=\"https:\/\/www.steinberglawfirm.com\/personal-injury\/medical-malpractice\/delayed-treatment\" target=\"_blank\" rel=\"noopener\">Retraso en el tratamiento<\/a><\/li>\n<li>Tratamiento inadecuado<\/li>\n<li>Errores quir\u00fargicos<\/li>\n<li>Errores en la sala de urgencias<\/li>\n<\/ul>\n\t<ul>\n<li>Errores farmac\u00e9uticos<\/li>\n<li><a href=\"https:\/\/www.steinberglawfirm.com\/personal-injury\/birth-injury-attorneys\" target=\"_blank\" rel=\"noopener\">Lesiones de nacimiento<\/a><\/li>\n<li>Negligencia dental<\/li>\n<li>Negligencia hospitalaria<\/li>\n<\/ul>\n\t<p>Todas estas cuestiones deben tomarse en serio, ya que el impacto que pueden tener en la vida de los pacientes y sus seres queridos puede ser extraordinariamente perjudicial.<\/p>\n<h4>\n\t\tEstamos siempre a disposici\u00f3n de los clientes\n\t<\/h4>\n<h3>\n\t\tLa importancia de las reclamaciones por negligencia m\u00e9dica\n\t<\/h3>\n<h5>\n\t\tLas leyes de negligencia m\u00e9dica est\u00e1n en vigor para garantizar que los m\u00e9dicos que permiten que sus pacientes sufran da\u00f1os de cualquier tipo como resultado de un descuido o imprudencia puedan ser responsabilizados.\n\t<\/h5>\n\t<p>Las reclamaciones por negligencia m\u00e9dica pueden suponer un alivio para los pacientes y sus familias, de modo que puedan afrontar el coste del tratamiento adicional, la p\u00e9rdida de ingresos y cualquier otro reto al que puedan enfrentarse como resultado de sus da\u00f1os. Si usted ha sido v\u00edctima de una negligencia m\u00e9dica en South Carolina, los abogados especializados en negligencias m\u00e9dicas de Steinberg Law Firm saben que puede ser un reto afrontar las consecuencias por su cuenta. Nuestros abogados trabajar\u00e1n incansablemente en nombre de nuestros clientes para ayudarles a obtener justicia.<\/p>\n<h4>\n\t\tConsultas gratuitas sobre negligencia m\u00e9dica\n\t<\/h4>\n\t<p>Podemos ayudarle a entender sus opciones legales de recuperaci\u00f3n.<\/p>\n\t<p>En el Steinberg Law Firm sabemos que usted prioriza la seguridad de su familia y si usted o uno de sus seres queridos es v\u00edctima de una negligencia m\u00e9dica, nuestro <a href=\"https:\/\/www.steinberglawfirm.com\/personal-injury\/personal-injury-lawyers\/\" target=\"_blank\" rel=\"noopener\">abogados de da\u00f1os personales<\/a> trabajan incansablemente para que la parte responsable responda por los da\u00f1os causados.<\/p>\n\t\t\t<a href=\"\/es\/contact\/\" target=\"_self\" role=\"button\" rel=\"noopener\">\n\t\t\t\t\t\t\tDiscuta su caso\n\t\t\t\t\t<\/a>\n<h3>\n\t\tRespuestas sobre negligencia m\u00e9dica\n\t<\/h3>\n<h3>\n\t\tVisi\u00f3n general de la negligencia m\u00e9dica\n\t<\/h3>\n\t<p>Los m\u00e9dicos tienen una enorme responsabilidad hacia sus pacientes, ya que la atenci\u00f3n que prestan puede significar literalmente la diferencia entre la vida y la muerte en algunas situaciones. Por lo tanto, los m\u00e9dicos y otros profesionales de la medicina est\u00e1n sujetos a un alto nivel de competencia profesional. Los errores de los proveedores de atenci\u00f3n m\u00e9dica que se producen como resultado de un incumplimiento de este alto est\u00e1ndar y que causan da\u00f1os a los pacientes se consideran como negligencia m\u00e9dica, y los que cometen negligencia m\u00e9dica pueden ser considerados econ\u00f3micamente responsables de los da\u00f1os que sus errores puedan haber causado.<\/p>\n<h3>\n\t\tNo estoy satisfecho con los resultados de un procedimiento dental. \u00bfPuedo presentar una reclamaci\u00f3n por negligencia?\n\t<\/h3>\n\t<p>Estar descontento con el resultado de un trabajo dental no merece por s\u00ed mismo la presentaci\u00f3n de una reclamaci\u00f3n, y no es una consideraci\u00f3n de mala praxis. Sin embargo, si su descontento se debe a las consecuencias de la acci\u00f3n u omisi\u00f3n del dentista, como el entumecimiento o la p\u00e9rdida del gusto, o una enfermedad de las enc\u00edas que el dentista deber\u00eda haber diagnosticado durante el curso de otro tratamiento, puede tener motivos para presentar una demanda.<\/p>\n<p><a href=\"https:\/\/www.steinberglawfirm.com\/faq\/faq-medical-malpractice\/\" target=\"_blank\" rel=\"noopener\">M\u00e1s preguntas sobre negligencia m\u00e9dica<\/a><\/p>\n<h3>\n\t\t\u00c1reas de pr\u00e1ctica\n\t<\/h3>\n<h3>\n\t\tResultados\n\t<\/h3>\n<h6>\n\t\tHEMOS RECUPERADO M\u00c1S DE $500 MILLONES PARA CLIENTES EN LOS \u00daLTIMOS 10 A\u00d1OS, INCLUYENDO:\n\t<\/h6>\n<h4>\n\t\t$1.0 Millones\n\t<\/h4>\n<h5>\n\t\tFallo en el diagn\u00f3stico del c\u00e1ncer\n\t<\/h5>\n<h4>\n\t\t$400,000\n\t<\/h4>\n<h5>\n\t\tNegligencia m\u00e9dica\n\t<\/h5>\n<h4>\n\t\tLo que dicen nuestros clientes\n\t<\/h4>\n\t<meta itemscope=\"\" itemprop=\"mainEntityOfPage\" itemtype=\"https:\/\/schema.org\/WebPage\" itemid=\"https:\/\/www.steinberglawfirm.com\/?post_type=testimonials&amp;p=14927\" content=\"Susan\"><meta itemprop=\"datePublished\" content=\"2021-04-09\"><meta itemprop=\"dateModified\" content=\"2022-04-26\"><meta itemprop=\"name\" content=\"Steinberg Law Firm\"><meta itemprop=\"url\" content=\"https:\/\/www.steinberglawfirm.com\/blog\/author\/steadm\/\"><meta itemprop=\"name\" content=\"Steinberg Law Firm\"><meta itemprop=\"interactionType\" content=\"https:\/\/schema.org\/CommentAction\"><meta itemprop=\"userInteractionCount\" content=\"0\">\n<h4>Tienen unos abogados incre\u00edbles.<\/h4>\n<p>Han trabajado en una situaci\u00f3n imposible y han superado todas las expectativas en los acuerdos resultantes. \u00a1Recomendar\u00eda el bufete de abogados Steinberg a todos y cada uno!<\/p>\n<h5>- Susan<\/h5>\n\t<meta itemscope=\"\" itemprop=\"mainEntityOfPage\" itemtype=\"https:\/\/schema.org\/WebPage\" itemid=\"https:\/\/www.steinberglawfirm.com\/?post_type=testimonials&amp;p=14926\" content=\"Vanessa\"><meta itemprop=\"datePublished\" content=\"2021-04-09\"><meta itemprop=\"dateModified\" content=\"2022-02-21\"><meta itemprop=\"name\" content=\"Steinberg Law Firm\"><meta itemprop=\"url\" content=\"https:\/\/www.steinberglawfirm.com\/blog\/author\/steadm\/\"><meta itemprop=\"name\" content=\"Steinberg Law Firm\"><meta itemprop=\"interactionType\" content=\"https:\/\/schema.org\/CommentAction\"><meta itemprop=\"userInteractionCount\" content=\"0\">\n<h4>Mi experiencia fue excelente<\/h4>\n<p>Desde la primera consulta hasta el final de mi caso me mantuvieron informado paso a paso. Mi abogado trabaj\u00f3 duro para m\u00ed y me consigui\u00f3 m\u00e1s de lo que esperaba. <\/p>\n<h5>- Vanessa<\/h5>\n\t<meta itemscope=\"\" itemprop=\"mainEntityOfPage\" itemtype=\"https:\/\/schema.org\/WebPage\" itemid=\"https:\/\/www.steinberglawfirm.com\/?post_type=testimonials&amp;p=14842\" content=\"Mike\"><meta itemprop=\"datePublished\" content=\"2021-03-04\"><meta itemprop=\"dateModified\" content=\"2022-02-21\"><meta itemprop=\"name\" content=\"Steinberg Law Firm\"><meta itemprop=\"url\" content=\"https:\/\/www.steinberglawfirm.com\/blog\/author\/steadm\/\"><meta itemprop=\"name\" content=\"Steinberg Law Firm\"><meta itemprop=\"interactionType\" content=\"https:\/\/schema.org\/CommentAction\"><meta itemprop=\"userInteractionCount\" content=\"0\">\n<h4>Nunca sent\u00ed que estaba solo<\/h4>\n<p>Mi abogado y su asistente legal estuvieron conmigo durante todo el caso. Nunca sent\u00ed que estaba solo. En todo momento estuvieron en mi esquina. Alguien me recomend\u00f3 al bufete de abogados Steinberg y con gusto har\u00eda lo mismo por otra persona.<\/p>\n<h5>- Mike<\/h5>\n\t<meta itemscope=\"\" itemprop=\"mainEntityOfPage\" itemtype=\"https:\/\/schema.org\/WebPage\" itemid=\"https:\/\/www.steinberglawfirm.com\/?post_type=testimonials&amp;p=14840\" content=\"Brian\"><meta itemprop=\"datePublished\" content=\"2021-03-04\"><meta itemprop=\"dateModified\" content=\"2022-02-22\"><meta itemprop=\"name\" content=\"Steinberg Law Firm\"><meta itemprop=\"url\" content=\"https:\/\/www.steinberglawfirm.com\/blog\/author\/steadm\/\"><meta itemprop=\"name\" content=\"Steinberg Law Firm\"><meta itemprop=\"interactionType\" content=\"https:\/\/schema.org\/CommentAction\"><meta itemprop=\"userInteractionCount\" content=\"0\">\n<h4>No podr\u00eda haber pedido algo mejor<\/h4>\n<p>La gente del grupo Steinberg es de primera categor\u00eda. Manejaron mi caso extremadamente bien, no podr\u00eda haber pedido una mejor actuaci\u00f3n. Muchas gracias a todos por todo lo que hicieron por m\u00ed.<\/p>\n<h5>- Brian<\/h5>\n\t<meta itemscope=\"\" itemprop=\"mainEntityOfPage\" itemtype=\"https:\/\/schema.org\/WebPage\" itemid=\"https:\/\/www.steinberglawfirm.com\/?post_type=testimonials&amp;p=732\" content=\"Brandy\"><meta itemprop=\"datePublished\" content=\"2018-05-04\"><meta itemprop=\"dateModified\" content=\"2022-04-26\"><meta itemprop=\"name\" content=\"Steinberg Law Firm\"><meta itemprop=\"url\" content=\"https:\/\/www.steinberglawfirm.com\/blog\/author\/steadm\/\"><meta itemprop=\"name\" content=\"Steinberg Law Firm\"><meta itemprop=\"interactionType\" content=\"https:\/\/schema.org\/CommentAction\"><meta itemprop=\"userInteractionCount\" content=\"0\">\n<h4>Estoy agradecido por ellos.<\/h4>\n<p>En mi peor momento, protegieron y defendieron honesta y cuidadosamente a mi familia en m\u00faltiples niveles. Soy un cliente de por vida y la integridad de esta firma de abogados es incomparable. \u00a1Gracias a la familia Steinberg Law!<\/p>\n<h5>- Brandy<\/h5>\n\t<meta itemscope=\"\" itemprop=\"mainEntityOfPage\" itemtype=\"https:\/\/schema.org\/WebPage\" itemid=\"https:\/\/www.steinberglawfirm.com\/?post_type=testimonials&amp;p=195\" content=\"Joan\"><meta itemprop=\"datePublished\" content=\"2018-04-17\"><meta itemprop=\"dateModified\" content=\"2022-04-26\"><meta itemprop=\"name\" content=\"Steinberg Law Firm\"><meta itemprop=\"url\" content=\"https:\/\/www.steinberglawfirm.com\/blog\/author\/steadm\/\"><meta itemprop=\"name\" content=\"Steinberg Law Firm\"><meta itemprop=\"interactionType\" content=\"https:\/\/schema.org\/CommentAction\"><meta itemprop=\"userInteractionCount\" content=\"0\">\n<h4>La gente es atenta y profesional<\/h4>\n<p>Las preguntas e inquietudes siempre son respondidas y las preocupaciones son atendidas. Gracias a todos en Steinburg por una buena experiencia y por demostrarme que se preocupan por sus clientes.<\/p>\n<h5>- Joan<\/h5>\n\t<meta itemscope=\"\" itemprop=\"mainEntityOfPage\" itemtype=\"https:\/\/schema.org\/WebPage\" itemid=\"https:\/\/www.steinberglawfirm.com\/?post_type=testimonials&amp;p=157\" content=\"Rena\"><meta itemprop=\"datePublished\" content=\"2018-04-16\"><meta itemprop=\"dateModified\" content=\"2022-02-21\"><meta itemprop=\"name\" content=\"Steinberg Law Firm\"><meta itemprop=\"url\" content=\"https:\/\/www.steinberglawfirm.com\/blog\/author\/steadm\/\"><meta itemprop=\"name\" content=\"Steinberg Law Firm\"><meta itemprop=\"interactionType\" content=\"https:\/\/schema.org\/CommentAction\"><meta itemprop=\"userInteractionCount\" content=\"0\">\n<h4>El mejor bufete de abogados<\/h4>\n<p>Este es el mejor bufete de abogados con el que alguien podr\u00eda tratar.&nbsp;<a href=\"https:\/\/www.steinberglawfirm.com\/attorney\/david-t-pearlman\/\" target=\"_blank\" rel=\"noopener\">Sr. Pearlman<\/a>&nbsp;trabajar\u00e1 duro para conseguir todo lo que se le debe. Fue un placer haber sido representado por esta firma.<\/p>\n<h5>- Rena<\/h5>\n\t<meta itemscope=\"\" itemprop=\"mainEntityOfPage\" itemtype=\"https:\/\/schema.org\/WebPage\" itemid=\"https:\/\/www.steinberglawfirm.com\/?post_type=testimonials&amp;p=156\" content=\"Meagan\"><meta itemprop=\"datePublished\" content=\"2018-04-16\"><meta itemprop=\"dateModified\" content=\"2022-02-21\"><meta itemprop=\"name\" content=\"Steinberg Law Firm\"><meta itemprop=\"url\" content=\"https:\/\/www.steinberglawfirm.com\/blog\/author\/steadm\/\"><meta itemprop=\"name\" content=\"Steinberg Law Firm\"><meta itemprop=\"interactionType\" content=\"https:\/\/schema.org\/CommentAction\"><meta itemprop=\"userInteractionCount\" content=\"0\">\n<h4>Una experiencia maravillosa<\/h4>\n<p>Tuve una experiencia maravillosa con&nbsp;<a href=\"https:\/\/www.steinberglawfirm.com\/attorney\/david-t-pearlman\/\" target=\"_blank\" rel=\"noopener\">Sr. Pearlman<\/a>&nbsp;y su equipo. Muchas gracias por su diligencia y experiencia.<\/p>\n<h5>- Meagan<\/h5>\n\t<meta itemscope=\"\" itemprop=\"mainEntityOfPage\" itemtype=\"https:\/\/schema.org\/WebPage\" itemid=\"https:\/\/www.steinberglawfirm.com\/?post_type=testimonials&amp;p=154\" content=\"Erika\"><meta itemprop=\"datePublished\" content=\"2018-04-16\"><meta itemprop=\"dateModified\" content=\"2022-02-22\"><meta itemprop=\"name\" content=\"Steinberg Law Firm\"><meta itemprop=\"url\" content=\"https:\/\/www.steinberglawfirm.com\/blog\/author\/steadm\/\"><meta itemprop=\"name\" content=\"Steinberg Law Firm\"><meta itemprop=\"interactionType\" content=\"https:\/\/schema.org\/CommentAction\"><meta itemprop=\"userInteractionCount\" content=\"0\">\n<h4>Los recomiendo encarecidamente<\/h4>\n<p>Trabajan como un equipo proporcionando las mejores referencias y asistencia para lograr lo que mi familia y yo necesit\u00e1bamos. Los recomiendo encarecidamente porque no te decepcionar\u00e1n.<\/p>\n<h5>- Erika<\/h5>\n\t\t\t<a href=\"https:\/\/steinberglawfirm-staging.clmcloud.app\/es\/testimonios\/\" target=\"_self\" role=\"button\" rel=\"noopener\">\n\t\t\t\t\t\t\tLeer m\u00e1s testimonios\n\t\t\t\t\t<\/a>\n<h6>\n\t\tNoticias y actualizaciones de nuestro blog\n\t<\/h6>\n\t\t\t<a href=\"https:\/\/www.steinberglawfirm.com\/blog\/category\/attorney-news\/\" target=\"_blank\" rel=\"noopener\">Noticias de abogados<\/a>\t\t\t<h3>\n\t\t\t\t<a href=\"https:\/\/www.steinberglawfirm.com\/blog\/nine-steinberg-law-firm-attorneys-named-to-2022-south-carolina-super-lawyers-list\/\" title=\"Nueve abogados de Steinberg Law Firm nombrados en la lista de los Super Abogados de 2022 South Carolina&nbsp;\" tabindex=\"0\" target=\"_blank\" rel=\"noopener\">Nueve abogados de Steinberg Law Firm nombrados en la lista de los Super Abogados de 2022 South Carolina&nbsp;<\/a>\t\t\t<\/h3>\n\t\t\t<a href=\"https:\/\/www.steinberglawfirm.com\/blog\/category\/auto-accident\/\" target=\"_blank\" rel=\"noopener\">Accidente de tr\u00e1fico<\/a>\t\t\t<h3>\n\t\t\t\t<a href=\"https:\/\/www.steinberglawfirm.com\/blog\/south-carolina-lawmakers-make-carolina-squat-modifications-illegal\/\" title=\"South Carolina Los legisladores hacen \" carolina=\"\" squat&quot;=\"\" modifications=\"\" illegal&quot;=\"\" tabindex=\"0\" target=\"_blank\" rel=\"noopener\">South Carolina Los legisladores hacen ilegales las modificaciones del \"Carolina Squat\"<\/a>\t\t\t<\/h3>\n<h4>\n\t\tContacte con el Steinberg Law Frim\n\t<\/h4>\n<h3>\n\t\tLo que nuestros abogados pueden hacer por usted\n\t<\/h3>\n\t<p>Si usted o un ser querido ha sido recientemente v\u00edctima de una negligencia m\u00e9dica, p\u00f3ngase en contacto con los abogados de Steinberg Law Firm hoy mismo.<\/p>\n<p>Nuestros abogados especializados en negligencias m\u00e9dicas pueden encargarse de todo el papeleo y las cuestiones legales relacionadas con el caso mientras usted se toma su tiempo para recuperarse. Puede descansar con la seguridad de que sus asuntos legales est\u00e1n en buenas manos. Puede contactar con nosotros a trav\u00e9s de esta p\u00e1gina web o llamando al 843-720-2800. Servimos a clientes en Charleston, Goose Creek, Summerville, y las \u00e1reas circundantes.<\/p>\n<h4>\n\t\tL\u00edderes del sector jur\u00eddico\n\t<\/h4>\n\t<p><img decoding=\"async\" title=\"Calificado por Super Lawyers\" src=\"https:\/\/www.steinberglawfirm.com\/wp-content\/uploads\/2021\/04\/superlawyers.png\" alt=\"Calificado por Super Lawyers\" width=\"210\"><img loading=\"lazy\" decoding=\"async\" src=\"https:\/\/www.steinberglawfirm.com\/wp-content\/uploads\/2021\/04\/million-dollar-clubs.png\" alt=\"Defensores multimillonarios\" width=\"210\" height=\"140\" title=\"\"><img loading=\"lazy\" decoding=\"async\" src=\"https:\/\/www.steinberglawfirm.com\/wp-content\/uploads\/2021\/04\/10-best.png\" alt=\"10 Mejor satisfacci\u00f3n del cliente\" width=\"210\" height=\"140\" title=\"\"><img loading=\"lazy\" decoding=\"async\" src=\"https:\/\/www.steinberglawfirm.com\/wp-content\/uploads\/2019\/11\/best-law-firms-2020.jpg\" alt=\"Los mejores bufetes de abogados de US News\" width=\"185\" height=\"185\" title=\"\"><img loading=\"lazy\" decoding=\"async\" src=\"https:\/\/www.steinberglawfirm.com\/wp-content\/uploads\/2021\/04\/bbb.png\" alt=\"Clasificaci\u00f3n A+ del Better Business Bureau\" width=\"210\" height=\"140\" title=\"\"><img loading=\"lazy\" decoding=\"async\" src=\"https:\/\/www.steinberglawfirm.com\/wp-content\/uploads\/2021\/04\/av-reviewed-5.jpg\" alt=\"AV Preeminente 5 Estrellas\" width=\"210\" height=\"105\" title=\"\"><img loading=\"lazy\" decoding=\"async\" src=\"https:\/\/www.steinberglawfirm.com\/wp-content\/uploads\/2021\/04\/national-trial-lawyers.png\" alt=\"Los 100 mejores abogados litigantes\" width=\"210\" height=\"105\" title=\"\"><img loading=\"lazy\" decoding=\"async\" src=\"https:\/\/www.steinberglawfirm.com\/wp-content\/uploads\/2021\/04\/avvo.jpg\" alt=\"AVVO 10\/10\" width=\"210\" height=\"105\" title=\"\"><img loading=\"lazy\" decoding=\"async\" src=\"https:\/\/www.steinberglawfirm.com\/wp-content\/uploads\/2021\/04\/best-lawyers.jpg\" alt=\"Incluido en la lista de los mejores abogados\" width=\"210\" height=\"105\" title=\"\"><img loading=\"lazy\" decoding=\"async\" src=\"https:\/\/www.steinberglawfirm.com\/wp-content\/uploads\/2021\/04\/top-one-percent.jpg\" alt=\"El 1 por ciento de los bufetes nacionales m\u00e1s importantes\" width=\"210\" height=\"105\" title=\"\"><img loading=\"lazy\" decoding=\"async\" src=\"https:\/\/www.steinberglawfirm.com\/wp-content\/uploads\/2021\/09\/CharlestonChoiceLogoWinner-21.png\" alt=\"Charleston&#039;s Choice 2021 Ganador\" width=\"160\" height=\"80\" title=\"\"><img loading=\"lazy\" decoding=\"async\" src=\"https:\/\/www.steinberglawfirm.com\/wp-content\/uploads\/2021\/09\/CharlestonChoiceLogoFinalist-21.png\" alt=\"Charleston&#039;s Choice 2021 Finalista\" width=\"160\" height=\"80\" title=\"\"><img loading=\"lazy\" decoding=\"async\" src=\"https:\/\/www.steinberglawfirm.com\/wp-content\/uploads\/2021\/12\/thumbnail_2021_Personal_Injury_Badge_3_1_250x244.jpeg\" alt=\"Lo mejor de lo mejor Los 10 mejores abogados de lesiones personales de 2021\" width=\"160\" height=\"80\" title=\"\"><\/p>","protected":false},"excerpt":{"rendered":"<p>Obteniendo resultados $1.0 Mill\u00f3n de casos de negligencia m\u00e9dica Charleston, South Carolina Abogado de negligencia m\u00e9dica Los profesionales de la medicina juran no hacer da\u00f1o a sus pacientes, y las leyes de negligencia los hacen responsables de sus acciones si rompen esta promesa. Para una revisi\u00f3n gratuita de su caso, ll\u00e1menos al 843-720-2800. Representando a personas lesionadas desde 1927 Negligencia m\u00e9dica...<\/p>","protected":false},"author":1,"featured_media":31200,"parent":565,"menu_order":0,"comment_status":"closed","ping_status":"closed","template":"tpl-long-alpha.php","meta":{"_acf_changed":false,"footnotes":""},"class_list":["post-576","page","type-page","status-publish","has-post-thumbnail","hentry"],"acf":[],"_links":{"self":[{"href":"https:\/\/steinberglawfirm-staging.clmcloud.app\/es\/wp-json\/wp\/v2\/pages\/576"}],"collection":[{"href":"https:\/\/steinberglawfirm-staging.clmcloud.app\/es\/wp-json\/wp\/v2\/pages"}],"about":[{"href":"https:\/\/steinberglawfirm-staging.clmcloud.app\/es\/wp-json\/wp\/v2\/types\/page"}],"author":[{"embeddable":true,"href":"https:\/\/steinberglawfirm-staging.clmcloud.app\/es\/wp-json\/wp\/v2\/users\/1"}],"replies":[{"embeddable":true,"href":"https:\/\/steinberglawfirm-staging.clmcloud.app\/es\/wp-json\/wp\/v2\/comments?post=576"}],"version-history":[{"count":37,"href":"https:\/\/steinberglawfirm-staging.clmcloud.app\/es\/wp-json\/wp\/v2\/pages\/576\/revisions"}],"predecessor-version":[{"id":26452,"href":"https:\/\/steinberglawfirm-staging.clmcloud.app\/es\/wp-json\/wp\/v2\/pages\/576\/revisions\/26452"}],"up":[{"embeddable":true,"href":"https:\/\/steinberglawfirm-staging.clmcloud.app\/es\/wp-json\/wp\/v2\/pages\/565"}],"wp:featuredmedia":[{"embeddable":true,"href":"https:\/\/steinberglawfirm-staging.clmcloud.app\/es\/wp-json\/wp\/v2\/media\/31200"}],"wp:attachment":[{"href":"https:\/\/steinberglawfirm-staging.clmcloud.app\/es\/wp-json\/wp\/v2\/media?parent=576"}],"curies":[{"name":"wp","href":"https:\/\/api.w.org\/{rel}","templated":true}]}}