{"id":5572,"date":"2018-10-06T01:18:44","date_gmt":"2018-10-06T01:18:44","guid":{"rendered":"https:\/\/www.steinberglawfirm.com\/?page_id=5572"},"modified":"2021-04-12T17:13:38","modified_gmt":"2021-04-12T17:13:38","slug":"faq-medical-malpractice","status":"publish","type":"page","link":"https:\/\/steinberglawfirm-staging.clmcloud.app\/es\/faq\/faq-medical-malpractice\/","title":{"rendered":"Preguntas frecuentes sobre la negligencia m\u00e9dica"},"content":{"rendered":"<h1 class=\"wp-block-heading\">Respuestas sobre negligencia m\u00e9dica <\/h1>\n\n\n\n<p>Los retos a los que se enfrentan muchas v\u00edctimas de lesiones son a menudo considerables, y las v\u00edctimas y sus familias pueden quedarse con preguntas sobre lo que pueden hacer para hacer frente a estos retos. En el Steinberg Law Firm, entendemos lo dif\u00edcil que puede ser encontrar las respuestas que necesita en este momento. Por ello, nuestro equipo de abogados ha reunido la siguiente colecci\u00f3n de preguntas y respuestas frecuentes para ayudar a los clientes y potenciales clientes en esta dif\u00edcil situaci\u00f3n.<\/p>\n\n\n\n<p>Si tiene m\u00e1s preguntas, o si prefiere hablar con un abogado directamente, p\u00f3ngase en contacto con nosotros hoy mismo en el 843-720-2800.<\/p>\n\n\n<ul class=\"list-pages-shortcode child-pages\"><li class=\"page_item page-item-2904\"><a href=\"https:\/\/steinberglawfirm-staging.clmcloud.app\/es\/faq\/faq-medical-malpractice\/si-estoy-insatisfecho-con-los-resultados-de-un-procedimiento-dental-puedo-presentar-una-reclamacion-por-mala-praxis\/\">No estoy satisfecho con los resultados de un procedimiento dental. \u00bfPuedo presentar una reclamaci\u00f3n por negligencia?<\/a><\/li>\n<li class=\"page_item page-item-2928\"><a href=\"https:\/\/steinberglawfirm-staging.clmcloud.app\/es\/faq\/faq-medical-malpractice\/que-es-la-malapractica-medica\/\">\u00bfQu\u00e9 es la negligencia m\u00e9dica?<\/a><\/li>\n<\/ul>","protected":false},"excerpt":{"rendered":"<p>Respuestas a la negligencia m\u00e9dica Los retos a los que se enfrentan muchas v\u00edctimas de lesiones son a menudo considerables, y las v\u00edctimas y sus familias pueden quedarse con preguntas sobre lo que pueden hacer para hacer frente a estos retos. En el Steinberg Law Firm, entendemos lo dif\u00edcil que puede ser encontrar las respuestas que necesita en estos momentos....<\/p>","protected":false},"author":1,"featured_media":11630,"parent":298,"menu_order":0,"comment_status":"closed","ping_status":"closed","template":"","meta":{"_acf_changed":false,"footnotes":""},"class_list":["post-5572","page","type-page","status-publish","has-post-thumbnail","hentry"],"acf":[],"_links":{"self":[{"href":"https:\/\/steinberglawfirm-staging.clmcloud.app\/es\/wp-json\/wp\/v2\/pages\/5572"}],"collection":[{"href":"https:\/\/steinberglawfirm-staging.clmcloud.app\/es\/wp-json\/wp\/v2\/pages"}],"about":[{"href":"https:\/\/steinberglawfirm-staging.clmcloud.app\/es\/wp-json\/wp\/v2\/types\/page"}],"author":[{"embeddable":true,"href":"https:\/\/steinberglawfirm-staging.clmcloud.app\/es\/wp-json\/wp\/v2\/users\/1"}],"replies":[{"embeddable":true,"href":"https:\/\/steinberglawfirm-staging.clmcloud.app\/es\/wp-json\/wp\/v2\/comments?post=5572"}],"version-history":[{"count":3,"href":"https:\/\/steinberglawfirm-staging.clmcloud.app\/es\/wp-json\/wp\/v2\/pages\/5572\/revisions"}],"predecessor-version":[{"id":15033,"href":"https:\/\/steinberglawfirm-staging.clmcloud.app\/es\/wp-json\/wp\/v2\/pages\/5572\/revisions\/15033"}],"up":[{"embeddable":true,"href":"https:\/\/steinberglawfirm-staging.clmcloud.app\/es\/wp-json\/wp\/v2\/pages\/298"}],"wp:featuredmedia":[{"embeddable":true,"href":"https:\/\/steinberglawfirm-staging.clmcloud.app\/es\/wp-json\/wp\/v2\/media\/11630"}],"wp:attachment":[{"href":"https:\/\/steinberglawfirm-staging.clmcloud.app\/es\/wp-json\/wp\/v2\/media?parent=5572"}],"curies":[{"name":"wp","href":"https:\/\/api.w.org\/{rel}","templated":true}]}}