{"id":530,"date":"2018-04-30T04:04:06","date_gmt":"2018-04-30T04:04:06","guid":{"rendered":"https:\/\/www.steinberglawfirm.com\/disclaimer-copy\/"},"modified":"2021-04-26T14:31:52","modified_gmt":"2021-04-26T14:31:52","slug":"privacy","status":"publish","type":"page","link":"https:\/\/steinberglawfirm-staging.clmcloud.app\/es\/privacidad\/","title":{"rendered":"Privacidad"},"content":{"rendered":"<h2 class=\"wp-block-heading\">\n\t\tTRANSMISI\u00d3N DE INFORMACI\u00d3N CONFIDENCIAL\n\t<\/h2>\n\n\n\n<p>Ninguna informaci\u00f3n de este sitio web, ni ninguna informaci\u00f3n enviada o recibida a trav\u00e9s de \u00e9l, se considera confidencial o privilegiada. Por lo tanto, aunque no dude en ponerse en contacto con nosotros por tel\u00e9fono, correo, correo electr\u00f3nico o fax, antes de que hayamos aceptado representarle, le rogamos que se abstenga de incluir detalles espec\u00edficos sobre cualquier problema legal o de revelar cualquier informaci\u00f3n confidencial o delicada. Una vez que hayamos establecido una relaci\u00f3n abogado-cliente con usted, podr\u00e1 transmitirnos informaci\u00f3n confidencial a trav\u00e9s de cualquiera de estos medios.<\/p>\n\n\n\n<p>Este es el sitio web de Steinberg Law Firm\nSteinberg Law Firm<br>\n61 de la calle Broad<br>\nCharleston, SC 29401\n118 S Goose Creek Blvd<br>\nGoose Creek, SC 29445\n103 Grandview Dr A<br>\nSummerville, SC 29483\n<\/p>\n\n\n\n<p>Tel\u00e9fono: (843) 720-2800<\/p>\n\n\n\n<p>Para cada visitante de nuestra p\u00e1gina web, nuestro servidor web reconoce autom\u00e1ticamente el nombre de dominio y la direcci\u00f3n IP del consumidor, pero no la direcci\u00f3n de correo electr\u00f3nico (cuando es posible).<\/p>\n\n\n\n<p>En caso de comunicaci\u00f3n promovida por el visitante, recopilamos: el nombre de dominio y la direcci\u00f3n de correo electr\u00f3nico (cuando es posible) de un visitante de nuestra p\u00e1gina web; las direcciones de correo electr\u00f3nico de quienes se comunican con nosotros por correo electr\u00f3nico; las direcciones de correo electr\u00f3nico de quienes hacen publicaciones en nuestras \u00e1reas de chat; informaci\u00f3n agregada sobre las p\u00e1ginas a las que los consumidores acceden o visitan; informaci\u00f3n espec\u00edfica del usuario sobre las p\u00e1ginas a las que un consumidor accede o visita; informaci\u00f3n ofrecida voluntariamente por el consumidor (informaci\u00f3n de encuestas y\/o registros en el sitio, nombre y direcci\u00f3n, n\u00famero de tel\u00e9fono o informaci\u00f3n de pago como el n\u00famero de tarjeta de cr\u00e9dito y la direcci\u00f3n de facturaci\u00f3n).<\/p>\n\n\n\n<p>La informaci\u00f3n que recopilamos se utiliza para la revisi\u00f3n interna y con Steinberg Law Firm para: mejorar el contenido de nuestro sitio; para notificar a los consumidores sobre las actualizaciones de nuestro sitio; para compartir con los agentes o contratistas que ayudan a proporcionar apoyo a nuestras operaciones internas; por nosotros para contactar con los consumidores con fines de marketing.<\/p>\n\n\n\n<p>Se revelar\u00e1: cuando estemos legalmente obligados a hacerlo a petici\u00f3n de las autoridades gubernamentales que lleven a cabo una investigaci\u00f3n; para verificar o hacer cumplir las leyes aplicables; para proteger contra el uso indebido o no autorizado de nuestro sitio web; para pasar a una entidad sucesora en relaci\u00f3n con una fusi\u00f3n corporativa, consolidaci\u00f3n, venta de activos u otro cambio corporativo con respecto al sitio web.<\/p>\n\n\n\n<p>La informaci\u00f3n del cliente, ya sea p\u00fablica o privada, no se vender\u00e1, intercambiar\u00e1, transferir\u00e1 o entregar\u00e1 a ninguna otra empresa por ning\u00fan motivo sin el consentimiento del cliente, salvo con el prop\u00f3sito expreso de entregar el producto adquirido o el servicio solicitado por el cliente.<\/p>\n\n\n\n<p>Con respecto a las cookies: utilizamos cookies para almacenar las preferencias de los visitantes y para registrar la informaci\u00f3n de la sesi\u00f3n (como las \u00e1reas visitadas dentro de steinberglawfirm.com).<\/p>\n\n\n\n<p>Sus actividades en este sitio web, la informaci\u00f3n que recogemos de su navegador y la informaci\u00f3n que recogemos de su proveedor de servicios de Internet (ISP) pueden utilizarse para personalizar su experiencia en este sitio web o modificar el contenido que est\u00e1 disponible para usted.<\/p>\n\n\n\n<p>Si nos proporciona su direcci\u00f3n postal en l\u00ednea, puede recibir peri\u00f3dicamente correos con informaci\u00f3n sobre nuevos productos y servicios o sobre pr\u00f3ximos eventos. Si no desea recibir dichos correos, p\u00f3ngase en contacto con nosotros en el n\u00famero de tel\u00e9fono indicado anteriormente. Por favor, ind\u00edquenos su nombre y direcci\u00f3n exactos. Nos aseguraremos de eliminar su nombre de la lista.<\/p>\n\n\n\n<p>Si nos proporciona su n\u00famero de tel\u00e9fono en l\u00ednea, puede recibir contactos telef\u00f3nicos de nuestra parte con informaci\u00f3n sobre nuevos productos y servicios o sobre pr\u00f3ximos eventos. Si no desea recibir este tipo de llamadas, comun\u00edquenoslo llamando al n\u00famero de tel\u00e9fono arriba indicado. Por favor, ind\u00edquenos su nombre y n\u00famero de tel\u00e9fono. Nos aseguraremos de que su nombre sea eliminado de la lista.<\/p>\n\n\n\n<p>Con respecto a los servidores de anuncios: para intentar ofrecerle ofertas que sean de su inter\u00e9s, mostramos anuncios de otras empresas autorizadas por nosotros en nuestras p\u00e1ginas web. Como resultado de su visita a nuestro sitio, las empresas de servidores de anuncios pueden recopilar informaci\u00f3n como su tipo de dominio, su direcci\u00f3n IP e informaci\u00f3n sobre el flujo de clics. Para m\u00e1s informaci\u00f3n, consulte las pol\u00edticas de privacidad en https:\/\/www.google.com\/intl\/en\/privacypolicy.html.<\/p>\n\n\n\n<p>Los proveedores de terceros, incluido Google, muestran nuestros anuncios en sitios de Internet. Los proveedores de terceros, incluido Google, utilizan cookies (incluida la cookie Teracent - los usuarios pueden inhabilitar la cookie Teracent visitando la p\u00e1gina de inhabilitaci\u00f3n de Teracent) para publicar anuncios basados en las visitas anteriores de un usuario a este sitio web. Los usuarios pueden inhabilitar el uso de cookies por parte de Google visitando la p\u00e1gina de inhabilitaci\u00f3n de publicidad de Google. Tambi\u00e9n puede inhabilitar el uso de cookies por parte de un proveedor externo visitando la p\u00e1gina de inhabilitaci\u00f3n de la Network Advertising Initiative.<\/p>\n\n\n\n<p>De vez en cuando, es posible que utilicemos la informaci\u00f3n de los clientes para usos nuevos e imprevistos que no hayan sido revelados previamente en nuestro aviso de privacidad. Si nuestras pr\u00e1cticas de informaci\u00f3n cambian en alg\u00fan momento en el futuro, publicaremos los cambios de pol\u00edtica en nuestro sitio web para notificarle estos cambios y ofrecerle la posibilidad de excluirse de estos nuevos usos. Si le preocupa el uso que se hace de su informaci\u00f3n, deber\u00eda consultar nuestro sitio web peri\u00f3dicamente.<\/p>\n\n\n\n<p>Si lo solicitan, ofrecemos a los visitantes la posibilidad de corregir las inexactitudes en la informaci\u00f3n de contacto, la informaci\u00f3n financiera y los identificadores \u00fanicos. Los consumidores pueden corregir esta informaci\u00f3n llamando al n\u00famero de tel\u00e9fono indicado anteriormente.<\/p>\n\n\n\n<p>Con respecto a la seguridad: cuando transferimos y recibimos ciertos tipos de informaci\u00f3n sensible (como informaci\u00f3n financiera), redirigimos a los visitantes a un servidor seguro.<\/p>","protected":false},"excerpt":{"rendered":"<p>TRANSMISI\u00d3N DE INFORMACI\u00d3N CONFIDENCIAL Ninguna informaci\u00f3n de este sitio web, ni ninguna informaci\u00f3n enviada o recibida a trav\u00e9s de \u00e9l, se considera confidencial o privilegiada. Por lo tanto, aunque no dude en ponerse en contacto con nosotros por tel\u00e9fono, correo, correo electr\u00f3nico o fax, antes de que hayamos aceptado representarle, le rogamos que se abstenga de incluir detalles espec\u00edficos sobre...<\/p>","protected":false},"author":1,"featured_media":0,"parent":0,"menu_order":0,"comment_status":"closed","ping_status":"closed","template":"","meta":{"_acf_changed":false,"footnotes":""},"class_list":["post-530","page","type-page","status-publish","hentry"],"acf":[],"_links":{"self":[{"href":"https:\/\/steinberglawfirm-staging.clmcloud.app\/es\/wp-json\/wp\/v2\/pages\/530"}],"collection":[{"href":"https:\/\/steinberglawfirm-staging.clmcloud.app\/es\/wp-json\/wp\/v2\/pages"}],"about":[{"href":"https:\/\/steinberglawfirm-staging.clmcloud.app\/es\/wp-json\/wp\/v2\/types\/page"}],"author":[{"embeddable":true,"href":"https:\/\/steinberglawfirm-staging.clmcloud.app\/es\/wp-json\/wp\/v2\/users\/1"}],"replies":[{"embeddable":true,"href":"https:\/\/steinberglawfirm-staging.clmcloud.app\/es\/wp-json\/wp\/v2\/comments?post=530"}],"version-history":[{"count":1,"href":"https:\/\/steinberglawfirm-staging.clmcloud.app\/es\/wp-json\/wp\/v2\/pages\/530\/revisions"}],"predecessor-version":[{"id":16432,"href":"https:\/\/steinberglawfirm-staging.clmcloud.app\/es\/wp-json\/wp\/v2\/pages\/530\/revisions\/16432"}],"wp:attachment":[{"href":"https:\/\/steinberglawfirm-staging.clmcloud.app\/es\/wp-json\/wp\/v2\/media?parent=530"}],"curies":[{"name":"wp","href":"https:\/\/api.w.org\/{rel}","templated":true}]}}