{"id":52,"date":"2017-06-12T10:26:48","date_gmt":"2017-06-12T10:26:48","guid":{"rendered":"https:\/\/67.43.6.64\/~steinberglawfirm\/?page_id=52"},"modified":"2022-04-29T16:54:56","modified_gmt":"2022-04-29T16:54:56","slug":"contact-us","status":"publish","type":"page","link":"https:\/\/steinberglawfirm-staging.clmcloud.app\/es\/contacte-con-nosotros\/","title":{"rendered":"Contacto"},"content":{"rendered":"<a id=\"FREE-CONSULT\"><\/a>\n<h4>\n\t\tP\u00f3ngase en contacto con nosotros 24\/7 para una consulta gratuita\n\t<\/h4>\n<h2>\n\t\tP\u00f3ngase en contacto con nosotros 24\/7 para una consulta gratuita\n\t<\/h2>\n\t<p>Si usted o un ser querido ha sido\u00a0<a href=\"https:\/\/www.steinberglawfirm.com\/practice-areas\/workers-compensation\/\" target=\"_blank\" rel=\"noopener\">lesionado en el trabajo<\/a>En un\u00a0<a href=\"https:\/\/www.steinberglawfirm.com\/practice-areas\/auto-accidents\" target=\"_blank\" rel=\"noopener\">accidente de coche<\/a>, tratando con <a href=\"https:\/\/www.steinberglawfirm.com\/practice-areas\/construction-defect\/\" target=\"_blank\" rel=\"noopener\">defectos de construcci\u00f3n<\/a>o por la negligencia de otra persona,\u00a0<strong>contacto Steinberg Law Firm<\/strong>\u00a0para obtener ayuda hoy. Nuestro equipo legal har\u00e1 todo lo posible para responder a cualquier pregunta que tenga sobre las reclamaciones de accidentes de auto, la compensaci\u00f3n de los trabajadores, las lesiones personales, o el proceso de incapacidad de la seguridad social. Con m\u00e1s de 170 a\u00f1os de experiencia legal combinada, usted puede sentirse seguro de que un miembro de nuestro personal legal tendr\u00e1 las respuestas que est\u00e1 buscando.<\/p>\n<p><strong>Rellene el formulario de arriba para empezar.<\/strong><\/p>\n<p>Cu\u00e9ntenos su situaci\u00f3n jur\u00eddica. Por favor, introduzca sus datos en las casillas previstas y un miembro de nuestro personal jur\u00eddico se pondr\u00e1 en contacto con usted lo antes posible.<strong>\u00a0Nuestros tel\u00e9fonos est\u00e1n atendidos las 24 horas del d\u00eda.<\/strong>\u00a0Para una respuesta m\u00e1s r\u00e1pida, puede llamar directamente a nuestra oficina al\u00a0<strong>843-720-2800<\/strong>\u00a0o visite una de nuestras oficinas en el centro de la ciudad\u00a0<a title=\"Abogados de lesiones personales, Charleston SC\" href=\"https:\/\/www.steinberglawfirm.com\/locations\/charleston-office\" target=\"_blank\" rel=\"noopener\">Charleston<\/a>,\u00a0<a title=\"Goose Creek Abogados de lesiones personales\" href=\"https:\/\/www.steinberglawfirm.com\/locations\/goose-creek-office\" target=\"_blank\" rel=\"noopener\">Goose Creek<\/a>o\u00a0<a title=\"Summerville Abogados de lesiones personales\" href=\"https:\/\/www.steinberglawfirm.com\/locations\/summerville-office\" target=\"_blank\" rel=\"noopener\">Summerville<\/a>.<\/p>\n<h4>\n\t\tHORARIO DE OFICINA\n\t<\/h4>\n\tEl lunes: <strong>8:30 AM - 5:30 PM<\/strong><br \/>\nEl martes:\u00a0<strong>8:30 AM - 5:30 PM<\/strong><br \/>\nEl mi\u00e9rcoles:\u00a0<strong>8:30 AM - 5:30 PM<\/strong><br \/>\nEl jueves:\u00a0<strong>8:30 AM - 5:30 PM<\/strong><br \/>\nEl viernes:\u00a0<strong>8:30 AM - 5:00 PM<\/strong>\n<h4>\n\t\tTel\u00e9fonos atendidos 24\/7\n\t<\/h4>\n<h3>\n\t\tHable con un abogado, \u00a1gratis!\n\t<\/h3>\n\t<p>Nuestra consulta inicial es confidencial y completamente gratuita. Usted no paga nada por hablar con un abogado sobre su caso, as\u00ed que \u00bfqu\u00e9 tiene que perder? Entendemos que el proceso de reclamaci\u00f3n puede ser dif\u00edcil, y el papeleo puede realmente acumularse. Nuestros abogados pueden ayudarle a entender los detalles de su caso, sus derechos legales, y c\u00f3mo obtener la compensaci\u00f3n y la justicia que usted merece.<\/p>\n<ul>\n<li><a title=\"\u00bfQu\u00e9 preguntas debo hacer en una consulta gratuita?\" href=\"https:\/\/steinberglawfirm-staging.clmcloud.app\/es\/articulos\/que-preguntas-deberia-hacer-en-una-consulta\/\">\u00bfQu\u00e9 preguntas debo hacer en una consulta?<\/a><\/li>\n<li><a title=\"3 datos importantes sobre la prescripci\u00f3n\" href=\"https:\/\/www.steinberglawfirm.com\/articles\/3-important-facts-about-the-statute-of-limitations\" target=\"_blank\" rel=\"noopener\">3 cosas que debe saber sobre la prescripci\u00f3n<\/a><\/li>\n<li><a title=\"Selecci\u00f3n de un abogado de lesiones personales\" href=\"https:\/\/steinberglawfirm-staging.clmcloud.app\/es\/articulos\/seleccion-de-una-lesion-personal\/\">C\u00f3mo elegir un abogado de lesiones personales<\/a><\/li>\n<\/ul>","protected":false},"excerpt":{"rendered":"<p>Cont\u00e1ctenos 24\/7 Para una Consulta Gratuita Cont\u00e1ctenos 24\/7 Para una Consulta Gratuita Si usted o un ser querido se ha lesionado en el trabajo, en un accidente automovil\u00edstico, tratando con defectos de construcci\u00f3n, o debido a la negligencia de otra persona, p\u00f3ngase en contacto con Steinberg Law Firm para obtener ayuda hoy. Nuestro equipo legal har\u00e1 todo lo posible para responder a cualquier pregunta...<\/p>","protected":false},"author":1,"featured_media":19421,"parent":0,"menu_order":0,"comment_status":"closed","ping_status":"closed","template":"","meta":{"_acf_changed":false,"footnotes":""},"class_list":["post-52","page","type-page","status-publish","has-post-thumbnail","hentry"],"acf":[],"_links":{"self":[{"href":"https:\/\/steinberglawfirm-staging.clmcloud.app\/es\/wp-json\/wp\/v2\/pages\/52"}],"collection":[{"href":"https:\/\/steinberglawfirm-staging.clmcloud.app\/es\/wp-json\/wp\/v2\/pages"}],"about":[{"href":"https:\/\/steinberglawfirm-staging.clmcloud.app\/es\/wp-json\/wp\/v2\/types\/page"}],"author":[{"embeddable":true,"href":"https:\/\/steinberglawfirm-staging.clmcloud.app\/es\/wp-json\/wp\/v2\/users\/1"}],"replies":[{"embeddable":true,"href":"https:\/\/steinberglawfirm-staging.clmcloud.app\/es\/wp-json\/wp\/v2\/comments?post=52"}],"version-history":[{"count":5,"href":"https:\/\/steinberglawfirm-staging.clmcloud.app\/es\/wp-json\/wp\/v2\/pages\/52\/revisions"}],"predecessor-version":[{"id":21468,"href":"https:\/\/steinberglawfirm-staging.clmcloud.app\/es\/wp-json\/wp\/v2\/pages\/52\/revisions\/21468"}],"wp:featuredmedia":[{"embeddable":true,"href":"https:\/\/steinberglawfirm-staging.clmcloud.app\/es\/wp-json\/wp\/v2\/media\/19421"}],"wp:attachment":[{"href":"https:\/\/steinberglawfirm-staging.clmcloud.app\/es\/wp-json\/wp\/v2\/media?parent=52"}],"curies":[{"name":"wp","href":"https:\/\/api.w.org\/{rel}","templated":true}]}}