{"id":4670,"date":"2018-09-25T20:12:19","date_gmt":"2018-09-25T20:12:19","guid":{"rendered":"https:\/\/www.steinberglawfirm.com\/?page_id=4670"},"modified":"2024-07-26T18:12:35","modified_gmt":"2024-07-26T18:12:35","slug":"careers","status":"publish","type":"page","link":"https:\/\/steinberglawfirm-staging.clmcloud.app\/es\/carreras\/","title":{"rendered":"Carreras"},"content":{"rendered":"<h1 class=\"wp-block-heading\" id=\"join-the-steinberg-law-firm-team\">\u00danase al equipo Steinberg Law Firm<\/h1>\n\n\n\n<p><a href=\"https:\/\/www.steinberglawfirm.com\/\" target=\"_blank\" rel=\"noopener\">Steinberg Law Firm<\/a> siempre est\u00e1 buscando personas con talento y trabajadoras para unirse a nuestro equipo. Tanto si eres un reci\u00e9n licenciado en Derecho, un abogado con experiencia o un asistente jur\u00eddico experto en busca de una nueva oportunidad, adoptamos un enfoque de reclutamiento y contrataci\u00f3n que permite una integraci\u00f3n satisfactoria en el bufete.<\/p>\n\n\n\n<h3 class=\"wp-block-heading\">Nuestra historia<\/h3>\n\n\n\n<figure class=\"wp-block-embed is-type-video is-provider-vimeo wp-block-embed-vimeo wp-embed-aspect-21-9 wp-has-aspect-ratio\"><div class=\"wp-block-embed__wrapper\">\n<iframe loading=\"lazy\" title=\"Steinberg Law Firm - Abogados de lesiones personales en Charleston, SC\" src=\"https:\/\/player.vimeo.com\/video\/990712414?h=694d2b8b06&amp;dnt=1&amp;app_id=122963\" width=\"500\" height=\"213\" frameborder=\"0\" allow=\"autoplay; fullscreen; picture-in-picture; clipboard-write\"><\/iframe>\n<\/div><\/figure>\n\n\n\n<p>Cuando te afilias al Steinberg Law Firm, te unes a una larga lista de <a href=\"https:\/\/www.steinberglawfirm.com\/attorney\/\" target=\"_blank\" rel=\"noopener\">abogados dedicados y reputados<\/a> y <a href=\"https:\/\/www.steinberglawfirm.com\/staff\/\" target=\"_blank\" rel=\"noopener\">personal<\/a> que han mantenido la confianza de generaciones de clientes.<\/p>\n\n\n\n<p>Nuestro bufete se fund\u00f3 sobre los principios de compasi\u00f3n, justicia e igualdad. En activo desde hace casi 100 a\u00f1os, el <a href=\"https:\/\/www.steinberglawfirm.com\/the-steinberg-legacy\/\" target=\"_blank\" rel=\"noopener\">legado de Irving Steinberg<\/a> vive a trav\u00e9s de los abogados que llevan su deseo de ayudar a todas las personas lesionadas, sin importar qui\u00e9nes sean o cu\u00e1l sea su origen.<\/p>\n\n\n\n<p>Fuimos uno de los principales bufetes de abogados que lucharon para a\u00f1adir a los libros las leyes de compensaci\u00f3n de los trabajadores en el South Carolina. Fuimos el primer bufete que se ocup\u00f3 de un <a href=\"https:\/\/www.steinberglawfirm.com\/workers-compensation\/\" target=\"_blank\" rel=\"noopener\">accidente de trabajo<\/a> para un hombre afroamericano herido en el trabajo. Nosotros <a href=\"https:\/\/www.steinberglawfirm.com\/testimonials\/\" target=\"_blank\" rel=\"noopener\">luchar por nuestros clientes<\/a> y sus familias.<\/p>\n\n\n\n<h3 class=\"wp-block-heading\">Aqu\u00ed somos una familia<\/h3>\n\n\n\n<p>Tanto si llevas unos d\u00edas como muchos a\u00f1os trabajando en el bufete, aqu\u00ed experimentar\u00e1s el sentimiento de familia. Nuestro equipo es cercano y, gracias a ello, nuestros clientes tienen una experiencia que muchos describen en sus rese\u00f1as online como la de ser tratados como de la familia.<\/p>\n\n\n\n<p>Tenemos muchos eventos y actividades familiares para nuestro equipo, como asados de ostras, fiestas navide\u00f1as, juegos RiverDog y mucho m\u00e1s.<\/p>\n\n\n\n<p>Nuestro generoso calendario de vacaciones y d\u00edas festivos, que incluye 14 d\u00edas festivos pagados en 2024, refleja el compromiso de la empresa con nuestra gente y sus familias.<\/p>\n\n\n\n<h3 class=\"wp-block-heading\">Nuestras comunidades<\/h3>\n\n\n\n<p>Somos <a href=\"https:\/\/www.steinberglawfirm.com\/giving-back\/\" target=\"_blank\" rel=\"noopener\">comprometidos con el \u00e9xito de nuestras comunidades<\/a>. A trav\u00e9s de muchos de voluntariado y miembros de la junta, nuestros abogados y personal de construir conexiones y ra\u00edces profundas en el Lowcountry. Algunas de nuestras actividades m\u00e1s recientes de participaci\u00f3n de la comunidad incluyen:<\/p>\n\n\n\n<ul class=\"wp-block-list\">\n<li>El poderoso equipo de mujeres voluntarias instal\u00f3 todas las ventanas en un <strong>H\u00e1bitat para la Humanidad de Berkeley<\/strong> casa.<\/li>\n\n\n\n<li>Nuestro comit\u00e9 de voluntarios elabor\u00f3 golosinas para perros en <strong>Patas de Dorchester<\/strong><\/li>\n\n\n\n<li>Varios abogados hablaron en las jornadas profesionales de la escuela primaria Goodwin.<\/li>\n\n\n\n<li>Nuestra oficina Summerville organiza una cl\u00ednica anual gratuita de testamentos para veteranos, en la que se preparan testamentos y documentos de poder notarial para m\u00e1s de 40 veteranos.<\/li>\n\n\n\n<li>Un equipo de abogados jug\u00f3 al golf en la <strong>Kid Chance de South Carolina<\/strong> salida de golf.<\/li>\n\n\n\n<li>Los voluntarios pasaron una ma\u00f1ana de voluntariado en Closet of Hope, un grupo de apoyo a familias de acogida, cambiando su armario de ropa de invierno a primavera.<\/li>\n<\/ul>\n\n\n\n<p>Si retribuir es importante para usted, estamos seguros de que encontrar\u00e1 muchas oportunidades de hacerlo en Steinberg Law Firm.<\/p>\n\n\n\n<h3 class=\"wp-block-heading\">Crecimiento y desarrollo profesional<\/h3>\n\n\n\n<p>Steinberg Law Firm cree en el crecimiento y el desarrollo profesional de su personal. El compromiso de la empresa se refleja en la estabilidad de nuestro equipo, algunos de los cuales llevan en la empresa m\u00e1s de 20, 30 y 40 a\u00f1os.<\/p>\n\n\n\n<p>Muchos miembros del personal han empezado en puestos de nivel b\u00e1sico y han ido ascendiendo hasta ocupar puestos de asistentes jur\u00eddicos y auxiliares jur\u00eddicos. La carrera de socio de nuestros abogados tambi\u00e9n es una meta alcanzable.<\/p>\n\n\n\n<h3 class=\"wp-block-heading\">Puestos vacantes:<\/h3>\n\n\n\n<p>Actualmente no hay puestos vacantes.<\/p>\n\n\n\n<p>Gracias por su inter\u00e9s. Estamos deseando conocerle.<\/p>","protected":false},"excerpt":{"rendered":"<p>Join the Steinberg Law Firm Team Steinberg Law Firm is always looking for talented and hard-working people to join our team. Whether you are a recent law school graduate, experienced attorney, or a knowledgeable paralegal looking for a new opportunity, we take an approach to recruiting and hiring that provides for successful integration into the&hellip;<\/p>","protected":false},"author":1,"featured_media":31200,"parent":0,"menu_order":0,"comment_status":"closed","ping_status":"closed","template":"","meta":{"_acf_changed":false,"footnotes":""},"class_list":["post-4670","page","type-page","status-publish","has-post-thumbnail","hentry"],"acf":[],"_links":{"self":[{"href":"https:\/\/steinberglawfirm-staging.clmcloud.app\/es\/wp-json\/wp\/v2\/pages\/4670"}],"collection":[{"href":"https:\/\/steinberglawfirm-staging.clmcloud.app\/es\/wp-json\/wp\/v2\/pages"}],"about":[{"href":"https:\/\/steinberglawfirm-staging.clmcloud.app\/es\/wp-json\/wp\/v2\/types\/page"}],"author":[{"embeddable":true,"href":"https:\/\/steinberglawfirm-staging.clmcloud.app\/es\/wp-json\/wp\/v2\/users\/1"}],"replies":[{"embeddable":true,"href":"https:\/\/steinberglawfirm-staging.clmcloud.app\/es\/wp-json\/wp\/v2\/comments?post=4670"}],"version-history":[{"count":8,"href":"https:\/\/steinberglawfirm-staging.clmcloud.app\/es\/wp-json\/wp\/v2\/pages\/4670\/revisions"}],"predecessor-version":[{"id":31474,"href":"https:\/\/steinberglawfirm-staging.clmcloud.app\/es\/wp-json\/wp\/v2\/pages\/4670\/revisions\/31474"}],"wp:featuredmedia":[{"embeddable":true,"href":"https:\/\/steinberglawfirm-staging.clmcloud.app\/es\/wp-json\/wp\/v2\/media\/31200"}],"wp:attachment":[{"href":"https:\/\/steinberglawfirm-staging.clmcloud.app\/es\/wp-json\/wp\/v2\/media?parent=4670"}],"curies":[{"name":"wp","href":"https:\/\/api.w.org\/{rel}","templated":true}]}}