{"id":4544,"date":"2018-09-04T20:41:55","date_gmt":"2018-09-04T20:41:55","guid":{"rendered":"https:\/\/www.steinberglawfirm.com\/?page_id=4544"},"modified":"2018-09-04T20:41:55","modified_gmt":"2018-09-04T20:41:55","slug":"what-are-the-benefits-and-drawbacks-of-arbitration","status":"publish","type":"page","link":"https:\/\/steinberglawfirm-staging.clmcloud.app\/es\/defecto-de-construccion\/faqs\/cuales-son-las-ventajas-y-desventajas-del-arbitraje\/","title":{"rendered":"\u00bfCu\u00e1les son las ventajas e inconvenientes del arbitraje?"},"content":{"rendered":"<p>Los posibles beneficios e inconvenientes del arbitraje var\u00edan de un caso a otro, pero en general las dos ventajas que se aducen del arbitraje son:<\/p>\n<p>1) Rapidez: Se afirma que el arbitraje es una forma m\u00e1s r\u00e1pida de resolver los litigios que llevarlos a los tribunales. Sin embargo, seg\u00fan nuestra experiencia y la de muchos otros, el arbitraje de reclamaciones m\u00e1s grandes o m\u00e1s complejas, como las reclamaciones de construcci\u00f3n, a menudo no se resuelven m\u00e1s r\u00e1pido en el arbitraje que en los tribunales. A los demandados a menudo les gusta afirmar que el arbitraje ser\u00e1 una forma m\u00e1s r\u00e1pida de resolver una reclamaci\u00f3n, pero una vez en el arbitraje, esos mismos demandados hacen todo lo posible para retrasar la reclamaci\u00f3n.<\/p>\n<p>2) Coste: Se afirma que el arbitraje es una forma m\u00e1s barata de resolver una reclamaci\u00f3n que si se decide en un tribunal. El arbitraje es supuestamente m\u00e1s barato porque es m\u00e1s r\u00e1pido y porque la capacidad de las partes de participar en el descubrimiento (el proceso en el que las partes obtienen informaci\u00f3n, documentos y testimonios de unos y otros antes de un juicio o audiencia) y la capacidad de las partes de apelar son limitadas. Sin embargo, seg\u00fan nuestra experiencia y la de muchos otros, el arbitraje de reclamaciones m\u00e1s grandes o m\u00e1s complejas, como las reclamaciones de construcci\u00f3n, a menudo se resuelven por aproximadamente los mismos costes en los tribunales que en el arbitraje. En el arbitraje, tanto el \u00e1rbitro como la organizaci\u00f3n que lo administra cobran importantes honorarios por sus servicios, mientras que en los tribunales, el juez que dirige el caso, el jurado que lo decide y el secretario judicial que se encarga de la presentaci\u00f3n y la programaci\u00f3n forman parte de nuestro sistema judicial y son gratuitos para las partes.<\/p>\n<p>El hecho de que una reclamaci\u00f3n se decida a trav\u00e9s de un arbitraje presenta una serie de graves inconvenientes:<\/p>\n<p>1) Equidad:  En los tribunales, el demandante consigue que su demanda sea escuchada por un juez imparcial que trabaja para los ciudadanos y un jurado de ciudadanos imparciales. En el arbitraje, el \u00e1rbitro suele ser un abogado que, adem\u00e1s de actuar como \u00e1rbitro, representa a clientes en otros casos. El abogado puede favorecer a los demandados o puede ser parcial de alguna otra manera. El \u00e1rbitro o la organizaci\u00f3n de arbitraje tambi\u00e9n pueden depender del demandado para sus negocios, ya que \u00e9ste es demandado con regularidad y, como resultado, puede, intencionadamente o no, mostrar favoritismo hacia el demandado. Mientras que el demandante puede no volver a presentar otra demanda durante el resto de su vida y no presenta la misma oportunidad de negocio para el \u00e1rbitro y la organizaci\u00f3n de arbitraje. En los tribunales hay menos preocupaciones sobre la falta de imparcialidad de un juez que en el caso de un \u00e1rbitro privado.<\/p>\n<p>2) Apelaci\u00f3n: Las partes tienen una capacidad muy limitada para recurrir la decisi\u00f3n de un \u00e1rbitro. La posibilidad de corregir una decisi\u00f3n en apelaci\u00f3n es tan limitada que los \u00e1rbitros a menudo pueden tomar decisiones manifiestamente incorrectas y un tribunal no har\u00e1 nada para corregir la decisi\u00f3n.<\/p>\n<p>3) Descubrimiento: En el arbitraje, la capacidad de las partes para realizar pruebas, es decir, para obtener informaci\u00f3n, documentos y testimonios de la otra parte o de los testigos antes de la audiencia, es limitada. Esto contrasta con los tribunales, en los que las partes tienen una capacidad mucho m\u00e1s amplia para realizar la prueba que necesitan. En los casos de construcci\u00f3n, esto es particularmente significativo porque los demandados (los contratistas que construyeron una casa o un condominio) tienen toda la informaci\u00f3n y los documentos sobre c\u00f3mo se construy\u00f3 la casa o el condominio y el demandante necesita el descubrimiento para obtener esa informaci\u00f3n y esos documentos.<\/p>\n<p>4) Coste: Los \u00e1rbitros y las organizaciones de arbitraje cobran importantes honorarios por sus servicios.<\/p>\n<p>5) Cl\u00e1usulas abusivas: En los contratos, los demandados suelen combinar el lenguaje que prev\u00e9 el arbitraje de las reclamaciones con otro lenguaje injusto que limita la forma en que un demandante puede presentar una reclamaci\u00f3n contra un demandado.  Por ejemplo, a los demandados les gusta a\u00f1adir un lenguaje que establezca que un demandante no puede presentar reclamaciones a trav\u00e9s de una acci\u00f3n colectiva o que no puede combinarse con los vecinos para presentar todas sus reclamaciones en una sola demanda. Otros ejemplos son que a los demandados les gusta insertar un lenguaje que establezca que tres \u00e1rbitros se ocupen de una disputa, lo que es tres veces m\u00e1s caro para los demandantes, un lenguaje que limite los tipos de reclamaciones que un demandante puede presentar y un lenguaje que limite los da\u00f1os, es decir, el dinero, que un demandante puede recibir como compensaci\u00f3n por las reclamaciones.<\/p>\n<p>6) Lugar: El lenguaje de un contrato que prev\u00e9 el arbitraje tambi\u00e9n puede especificar d\u00f3nde debe tener lugar la audiencia de arbitraje y, a menudo, especifica que debe tener lugar donde se encuentra la sede de la corporaci\u00f3n demandada. El resultado puede ser que el demandante tenga que gastar importantes cantidades de dinero para viajar a trav\u00e9s del pa\u00eds a una audiencia en un lugar muy alejado de la ubicaci\u00f3n de la reclamaci\u00f3n del demandante.<\/p>\n<p>7) Confidencialidad: El arbitraje es confidencial. Las pruebas presentadas en un arbitraje y la decisi\u00f3n del \u00e1rbitro no est\u00e1n disponibles para el p\u00fablico. A los demandados les encanta esto porque evita que sus fracasos sean conocidos por el p\u00fablico, evita la atenci\u00f3n de los medios de comunicaci\u00f3n y evita que otros sepan que pueden tener una posible reclamaci\u00f3n. En otras palabras, permite a los demandados seguir incurriendo en la misma conducta il\u00edcita sin que nadie lo sepa.<\/p>\n<p>8) Falta de acuerdo: El lenguaje de un contrato que prev\u00e9 el arbitraje suele estar escondido en el documento y escrito en un lenguaje que la persona media no puede entender. La persona media no tiene ni idea de que un contrato renuncia al derecho a que las reclamaciones sean juzgadas en un tribunal ante un jurado hasta que el demandado le impone injustamente el arbitraje a\u00f1os despu\u00e9s. En otras palabras, un demandado puede obligar a un demandante a someterse a un arbitraje bas\u00e1ndose en que el demandante acept\u00f3 el arbitraje cuando en realidad no acept\u00f3 tal cosa.<\/p>\n<p>Para m\u00e1s informaci\u00f3n sobre el arbitraje:<\/p>\n<li>The New York Times, Arbitration Everywhere, Stacking the Deck of Justice,<br \/>\n<a href=\"https:\/\/www.nytimes.com\/2015\/11\/01\/business\/dealbook\/arbitration-everywhere-stacking-the-deck-of-justice.html\" target=\"_blank\" rel=\"noopener\">https:\/\/www.nytimes.com\/2015\/11\/01\/business\/dealbook\/arbitration-everywhere-stacking-the-deck-of-justice.html<\/a><\/li>\n<li>Public Citizen, How Credit Card Companies Ensnare Consumers,<br \/>\n<a href=\"https:\/\/www.citizen.org\/sites\/default\/files\/arbitrationtrap.pdf\" target=\"_blank\" rel=\"noopener\">https:\/\/www.citizen.org\/sites\/default\/files\/arbitrationtrap.pdf<\/a><\/li>\n<p>&nbsp;<\/p>\n<h3>Otras preguntas frecuentes sobre defectos de construcci\u00f3n:<\/h3>\n<ul class=\"list-pages-shortcode sibling-pages\"><li class=\"page_item page-item-4515\"><a href=\"https:\/\/steinberglawfirm-staging.clmcloud.app\/es\/defecto-de-construccion\/faqs\/como-protege-la-ley-de-carolina-del-sur-a-los-compradores-de-viviendas\/\">\u00bfC\u00f3mo protege la ley South Carolina a los compradores de viviendas?<\/a><\/li>\n<li class=\"page_item page-item-4325\"><a href=\"https:\/\/steinberglawfirm-staging.clmcloud.app\/es\/defecto-de-construccion\/faqs\/cuanto-tiempo-tengo-que-presentar-una-demanda-contra-el-promotor-o-constructor-de-mi-casa\/\">\u00bfDe cu\u00e1nto tiempo dispongo para presentar una demanda contra el promotor o constructor de mi vivienda?<\/a><\/li>\n<li class=\"page_item page-item-4329\"><a href=\"https:\/\/steinberglawfirm-staging.clmcloud.app\/es\/defecto-de-construccion\/faqs\/cuanto-dura-una-demanda-de-construccion\/\">\u00bfCu\u00e1nto dura un juicio de construcci\u00f3n?<\/a><\/li>\n<li class=\"page_item page-item-4335\"><a href=\"https:\/\/steinberglawfirm-staging.clmcloud.app\/es\/defecto-de-construccion\/faqs\/cuanto-me-costara-una-demanda-de-construccion\/\">\u00bfCu\u00e1nto me costar\u00e1 una demanda de construcci\u00f3n?<\/a><\/li>\n<li class=\"page_item page-item-4327\"><a href=\"https:\/\/steinberglawfirm-staging.clmcloud.app\/es\/defecto-de-construccion\/faqs\/yo-no-compre-mi-casa-o-condominio-directamente-del-constructor-tengo-una-reclamacion-contra-el-constructor\/\">No compr\u00e9 mi casa o condominio directamente al constructor. \u00bfPuedo reclamar al constructor?<\/a><\/li>\n<li class=\"page_item page-item-4331\"><a href=\"https:\/\/steinberglawfirm-staging.clmcloud.app\/es\/defecto-de-construccion\/faqs\/si-demando-a-mi-constructor-puedo-seguir-viviendo-en-mi-casa-o-condominio-mientras-el-juicio-esta-en-proceso\/\">Si demando a mi constructor, \u00bfpuedo seguir viviendo en mi casa o condominio mientras dure el juicio?<\/a><\/li>\n<li class=\"page_item page-item-4337\"><a href=\"https:\/\/steinberglawfirm-staging.clmcloud.app\/es\/defecto-de-construccion\/faqs\/si-demando-a-mi-constructor-tendre-que-ir-a-un-tribunal\/\">Si demando a mi constructor, \u00bftendr\u00e9 que ir a juicio?<\/a><\/li>\n<li class=\"page_item page-item-4321\"><a href=\"https:\/\/steinberglawfirm-staging.clmcloud.app\/es\/defecto-de-construccion\/faqs\/si-mi-garantia-ha-vencido-implica-que-ya-no-tengo-una-reclamacion-contra-el-promotor-o-los-contratistas\/\">Si mi garant\u00eda ha expirado, \u00bfsignifica eso que ya no puedo reclamar al promotor o a los contratistas?<\/a><\/li>\n<li class=\"page_item page-item-4323\"><a href=\"https:\/\/steinberglawfirm-staging.clmcloud.app\/es\/defecto-de-construccion\/faqs\/si-el-constructor-o-promotor-que-me-vendio-mi-casa-casa-de-campo-o-condominio-ya-no-esta-en-el-negocio-o-esta-en-bancarrota-puedo-recuperarme-de-los-defectos-de-construccion\/\">Si el constructor o promotor que me vendi\u00f3 mi casa, casa adosada o condominio ya no est\u00e1 en el negocio o est\u00e1 en bancarrota, \u00bfpuedo recuperar por defectos de construcci\u00f3n?<\/a><\/li>\n<li class=\"page_item page-item-4546\"><a href=\"https:\/\/steinberglawfirm-staging.clmcloud.app\/es\/defecto-de-construccion\/faqs\/es-arbitraje-obligatorio\/\">\u00bfEs obligatorio el arbitraje?<\/a><\/li>\n<li class=\"page_item page-item-4339\"><a href=\"https:\/\/steinberglawfirm-staging.clmcloud.app\/es\/defecto-de-construccion\/faqs\/cuales-son-las-senales-de-que-existen-problemas-de-fundacion-o-de-asentamiento-en-mi-casa\/\">\u00bfCu\u00e1les son los signos de que existen problemas de cimentaci\u00f3n o asentamiento en mi casa?<\/a><\/li>\n<li class=\"page_item page-item-4594\"><a href=\"https:\/\/steinberglawfirm-staging.clmcloud.app\/es\/defecto-de-construccion\/faqs\/que-signos-tienen-los-problemas-en-las-paredes-de-mi-casa\/\">\u00bfCu\u00e1les son los signos de que existen problemas en las paredes de mi casa?<\/a><\/li>\n<li class=\"page_item page-item-4524\"><a href=\"https:\/\/steinberglawfirm-staging.clmcloud.app\/es\/defecto-de-construccion\/faqs\/que-signos-tienen-los-problemas-del-techo-en-mi-casa\/\">\u00bfCu\u00e1les son los signos de que existen problemas en el tejado de mi casa?<\/a><\/li>\n<li class=\"page_item page-item-4528\"><a href=\"https:\/\/steinberglawfirm-staging.clmcloud.app\/es\/defecto-de-construccion\/faqs\/que-signos-tienen-los-problemas-de-fuga-de-agua-en-mi-casa\/\">\u00bfCu\u00e1les son los signos de que existen problemas de fugas de agua en mi casa?<\/a><\/li>\n<li class=\"page_item page-item-4341\"><a href=\"https:\/\/steinberglawfirm-staging.clmcloud.app\/es\/defecto-de-construccion\/faqs\/que-signos-tienen-los-problemas-de-ventanas-o-fugas-en-mi-casa\/\">\u00bfCu\u00e1les son los signos de que existen problemas de ventanas o fugas en mi casa?<\/a><\/li>\n<li class=\"page_item page-item-4522\"><a href=\"https:\/\/steinberglawfirm-staging.clmcloud.app\/es\/defecto-de-construccion\/faqs\/cuales-son-algunos-de-los-posibles-problemas-de-construccion-en-los-tejados\/\">\u00bfCu\u00e1les son algunos de los posibles problemas de construcci\u00f3n en los tejados?<\/a><\/li>\n<li class=\"page_item page-item-4343\"><a href=\"https:\/\/steinberglawfirm-staging.clmcloud.app\/es\/defecto-de-construccion\/faqs\/cuales-son-algunos-de-los-posibles-problemas-de-construccion-en-las-paredes-2\/\">\u00bfCu\u00e1les son algunos de los posibles problemas de construcci\u00f3n en los muros?<\/a><\/li>\n<li class=\"page_item page-item-4520\"><a href=\"https:\/\/steinberglawfirm-staging.clmcloud.app\/es\/defecto-de-construccion\/faqs\/cuales-son-algunos-de-los-posibles-problemas-de-construccion-relacionados-con-los-cimientos-y-el-asentamiento\/\">\u00bfCu\u00e1les son algunos de los posibles problemas de construcci\u00f3n relacionados con los cimientos, el suelo y los asentamientos?<\/a><\/li>\n<li class=\"page_item page-item-4359\"><a href=\"https:\/\/steinberglawfirm-staging.clmcloud.app\/es\/defecto-de-construccion\/faqs\/cuales-son-algunos-de-los-posibles-problemas-de-construccion-relacionados-con-las-ventanas-y-las-fugas-de-las-ventanas\/\">\u00bfCu\u00e1les son algunos de los posibles problemas de construcci\u00f3n relacionados con las ventanas y las filtraciones de las mismas?<\/a><\/li>\n<li class=\"page_item page-item-4526\"><a href=\"https:\/\/steinberglawfirm-staging.clmcloud.app\/es\/defecto-de-construccion\/faqs\/cuales-son-algunos-de-los-posibles-problemas-de-construccion-relacionados-con-las-fugas-de-agua\/\">\u00bfCu\u00e1les son los posibles problemas de construcci\u00f3n relacionados con las fugas de agua?<\/a><\/li>\n<li class=\"page_item page-item-4544\"><a href=\"https:\/\/steinberglawfirm-staging.clmcloud.app\/es\/defecto-de-construccion\/faqs\/cuales-son-las-ventajas-y-desventajas-del-arbitraje\/\">\u00bfCu\u00e1les son las ventajas e inconvenientes del arbitraje?<\/a><\/li>\n<li class=\"page_item page-item-4333\"><a href=\"https:\/\/steinberglawfirm-staging.clmcloud.app\/es\/defecto-de-construccion\/faqs\/que-indemnizacion-puedo-obtener-de-una-demanda-por-deficiencias-de-la-construccion\/\">\u00bfQu\u00e9 indemnizaci\u00f3n puedo obtener de una demanda por defectos de construcci\u00f3n?<\/a><\/li>\n<li class=\"page_item page-item-4538\"><a href=\"https:\/\/steinberglawfirm-staging.clmcloud.app\/es\/defecto-de-construccion\/faqs\/que-deberes-tiene-una-asociacion-de-propietarios-de-vivienda-en-relacion-con-los-defectos-de-construccion\/\">\u00bfQu\u00e9 obligaci\u00f3n tiene una comunidad de propietarios en relaci\u00f3n con los defectos de construcci\u00f3n?<\/a><\/li>\n<li class=\"page_item page-item-4518\"><a href=\"https:\/\/steinberglawfirm-staging.clmcloud.app\/es\/defecto-de-construccion\/faqs\/que-si-el-constructor-dice-que-no-hay-problema-con-mi-casa\/\">\u00bfQu\u00e9 pasa si el constructor dice que no hay ning\u00fan problema con mi casa?<\/a><\/li>\n<li class=\"page_item page-item-4550\"><a href=\"https:\/\/steinberglawfirm-staging.clmcloud.app\/es\/defecto-de-construccion\/faqs\/que-es-una-clase-accion\/\">\u00bfQu\u00e9 es una acci\u00f3n colectiva?<\/a><\/li>\n<li class=\"page_item page-item-4512\"><a href=\"https:\/\/steinberglawfirm-staging.clmcloud.app\/es\/defecto-de-construccion\/faqs\/que-es-un-defecto-de-construccion\/\">\u00bfQu\u00e9 es un defecto de construcci\u00f3n?<\/a><\/li>\n<li class=\"page_item page-item-4542\"><a href=\"https:\/\/steinberglawfirm-staging.clmcloud.app\/es\/defecto-de-construccion\/faqs\/que-es-el-arbitraje\/\">\u00bfQu\u00e9 es el arbitraje?<\/a><\/li>\n<li class=\"page_item page-item-4534\"><a href=\"https:\/\/steinberglawfirm-staging.clmcloud.app\/es\/defecto-de-construccion\/faqs\/que-es-el-flash\/\">\u00bfQu\u00e9 es el parpadeo?<\/a><\/li>\n<li class=\"page_item page-item-4532\"><a href=\"https:\/\/steinberglawfirm-staging.clmcloud.app\/es\/defecto-de-construccion\/faqs\/que-es-el-moho-2\/\">\u00bfQu\u00e9 es el moho?<\/a><\/li>\n<li class=\"page_item page-item-4530\"><a href=\"https:\/\/steinberglawfirm-staging.clmcloud.app\/es\/defecto-de-construccion\/faqs\/que-es-el-moho\/\">\u00bfQu\u00e9 es el moho?<\/a><\/li>\n<li class=\"page_item page-item-4345\"><a href=\"https:\/\/steinberglawfirm-staging.clmcloud.app\/es\/defecto-de-construccion\/faqs\/que-es-la-podredumbre-de-la-madera\/\">\u00bfQu\u00e9 es la podredumbre de la madera?<\/a><\/li>\n<li class=\"page_item page-item-4536\"><a href=\"https:\/\/steinberglawfirm-staging.clmcloud.app\/es\/defecto-de-construccion\/faqs\/que-papel-juegan-las-asociaciones-de-propietarios-en-la-resolucion-de-los-defectos-de-construccion\/\">\u00bfQu\u00e9 papel desempe\u00f1an las comunidades de propietarios en la resoluci\u00f3n de los defectos de construcci\u00f3n?<\/a><\/li>\n<li class=\"page_item page-item-4311\"><a href=\"https:\/\/steinberglawfirm-staging.clmcloud.app\/es\/defecto-de-construccion\/faqs\/que-debo-hacer-si-encuentro-un-defecto-de-construccion\/\">\u00bfQu\u00e9 debo hacer si encuentro un defecto de construcci\u00f3n?<\/a><\/li>\n<li class=\"page_item page-item-4552\"><a href=\"https:\/\/steinberglawfirm-staging.clmcloud.app\/es\/defecto-de-construccion\/faqs\/donde-esta-el-bufete-de-derechos-de-steinberg-manejando-casos-de-construccion\/\">\u00bfD\u00f3nde maneja el Steinberg Law Firm los casos de construcci\u00f3n?<\/a><\/li>\n<li class=\"page_item page-item-4540\"><a href=\"https:\/\/steinberglawfirm-staging.clmcloud.app\/es\/defecto-de-construccion\/faqs\/quien-puede-demandar-por-un-problema-en-una-casa-o-condominio\/\">\u00bfQui\u00e9n puede demandar por un problema en una casa o condominio?<\/a><\/li>\n<li class=\"page_item page-item-4314\"><a href=\"https:\/\/steinberglawfirm-staging.clmcloud.app\/es\/defecto-de-construccion\/faqs\/quien-es-responsable-de-un-defecto-de-construccion\/\">\u00bfQui\u00e9n es responsable de un defecto de construcci\u00f3n?<\/a><\/li>\n<li class=\"page_item page-item-4317\"><a href=\"https:\/\/steinberglawfirm-staging.clmcloud.app\/es\/defecto-de-construccion\/faqs\/por-que-necesito-contratar-a-un-abogado-con-experiencia-en-temas-de-construccion\/\">\u00bfPor qu\u00e9 necesito contratar a un abogado con experiencia en temas de construcci\u00f3n?<\/a><\/li>\n<li class=\"page_item page-item-4319\"><a href=\"https:\/\/steinberglawfirm-staging.clmcloud.app\/es\/defecto-de-construccion\/faqs\/por-que-deberia-preocuparme-por-los-problemas-de-construccion-si-mi-constructor-me-da-una-garantia\/\">\u00bfPor qu\u00e9 debo preocuparme por los problemas de construcci\u00f3n si mi constructor me dio una garant\u00eda?<\/a><\/li>\n<\/ul>","protected":false},"excerpt":{"rendered":"<p>Los posibles beneficios e inconvenientes del arbitraje var\u00edan de un caso a otro, pero en general las dos ventajas que se aducen del arbitraje son 1) Rapidez: Se afirma que el arbitraje es una forma m\u00e1s r\u00e1pida de resolver los conflictos que llevarlos a los tribunales. Sin embargo, seg\u00fan nuestra experiencia y la de muchos otros, el arbitraje de reclamaciones m\u00e1s grandes o complejas,...<\/p>","protected":false},"author":1,"featured_media":0,"parent":4308,"menu_order":0,"comment_status":"closed","ping_status":"closed","template":"","meta":{"_acf_changed":false,"footnotes":""},"class_list":["post-4544","page","type-page","status-publish","hentry"],"acf":[],"_links":{"self":[{"href":"https:\/\/steinberglawfirm-staging.clmcloud.app\/es\/wp-json\/wp\/v2\/pages\/4544"}],"collection":[{"href":"https:\/\/steinberglawfirm-staging.clmcloud.app\/es\/wp-json\/wp\/v2\/pages"}],"about":[{"href":"https:\/\/steinberglawfirm-staging.clmcloud.app\/es\/wp-json\/wp\/v2\/types\/page"}],"author":[{"embeddable":true,"href":"https:\/\/steinberglawfirm-staging.clmcloud.app\/es\/wp-json\/wp\/v2\/users\/1"}],"replies":[{"embeddable":true,"href":"https:\/\/steinberglawfirm-staging.clmcloud.app\/es\/wp-json\/wp\/v2\/comments?post=4544"}],"version-history":[{"count":0,"href":"https:\/\/steinberglawfirm-staging.clmcloud.app\/es\/wp-json\/wp\/v2\/pages\/4544\/revisions"}],"up":[{"embeddable":true,"href":"https:\/\/steinberglawfirm-staging.clmcloud.app\/es\/wp-json\/wp\/v2\/pages\/4308"}],"wp:attachment":[{"href":"https:\/\/steinberglawfirm-staging.clmcloud.app\/es\/wp-json\/wp\/v2\/media?parent=4544"}],"curies":[{"name":"wp","href":"https:\/\/api.w.org\/{rel}","templated":true}]}}