{"id":4530,"date":"2018-09-04T20:01:40","date_gmt":"2018-09-04T20:01:40","guid":{"rendered":"https:\/\/www.steinberglawfirm.com\/?page_id=4530"},"modified":"2018-09-04T20:01:40","modified_gmt":"2018-09-04T20:01:40","slug":"what-is-mold","status":"publish","type":"page","link":"https:\/\/steinberglawfirm-staging.clmcloud.app\/es\/defecto-de-construccion\/faqs\/que-es-el-moho\/","title":{"rendered":"\u00bfQu\u00e9 es el moho?"},"content":{"rendered":"<p>El moho es un hongo. Los hongos con los que la mayor\u00eda de la gente est\u00e1 familiarizada son las setas. A diferencia de los hongos que producen sombreros de setas que salen de la tierra para producir esporas, los mohos producen peque\u00f1as estructuras parecidas a pelos que crecen a partir de la fuente de alimento del moho y liberan esporas. Los mohos viven y se alimentan de cualquier materia org\u00e1nica muerta. Desgraciadamente, esto significa que los mohos pueden vivir y comer la madera que compone un edificio y cualquier cosa en el edificio que contenga materia org\u00e1nica, como los paneles de yeso que normalmente tienen una superficie exterior de papel. Si se deja que crezca durante un periodo de tiempo prolongado, el moho puede llegar a da\u00f1ar la estructura de un edificio.<\/p>\n<p>Los mohos tambi\u00e9n crean un problema de salud para los ocupantes de los edificios. Las esporas que liberan los mohos en el aire pueden provocar reacciones al\u00e9rgicas, como congesti\u00f3n y estornudos, pueden desencadenar y agravar el asma, pueden causar erupciones cut\u00e1neas y pueden provocar s\u00edntomas similares a los de la gripe. En algunos casos, el moho puede causar infecciones f\u00fangicas, neumonitis por hipersensibilidad, aspergilosis broncopulmonar al\u00e9rgica o sinusitis f\u00fangica al\u00e9rgica.<\/p>\n<p>El moho s\u00f3lo puede crecer en un edificio si hay suficiente humedad (agua). Por lo tanto, si el moho crece en exceso en una casa, es probable que haya un problema de agua en el edificio, a menudo una fuga de agua en alguna parte. El crecimiento del moho es una buena se\u00f1al de que hay un problema mayor y que el edificio debe ser evaluado por un profesional.<\/p>\n<h3>Otras preguntas frecuentes sobre defectos de construcci\u00f3n:<\/h3>\n<ul class=\"list-pages-shortcode sibling-pages\"><li class=\"page_item page-item-4515\"><a href=\"https:\/\/steinberglawfirm-staging.clmcloud.app\/es\/defecto-de-construccion\/faqs\/como-protege-la-ley-de-carolina-del-sur-a-los-compradores-de-viviendas\/\">\u00bfC\u00f3mo protege la ley South Carolina a los compradores de viviendas?<\/a><\/li>\n<li class=\"page_item page-item-4325\"><a href=\"https:\/\/steinberglawfirm-staging.clmcloud.app\/es\/defecto-de-construccion\/faqs\/cuanto-tiempo-tengo-que-presentar-una-demanda-contra-el-promotor-o-constructor-de-mi-casa\/\">\u00bfDe cu\u00e1nto tiempo dispongo para presentar una demanda contra el promotor o constructor de mi vivienda?<\/a><\/li>\n<li class=\"page_item page-item-4329\"><a href=\"https:\/\/steinberglawfirm-staging.clmcloud.app\/es\/defecto-de-construccion\/faqs\/cuanto-dura-una-demanda-de-construccion\/\">\u00bfCu\u00e1nto dura un juicio de construcci\u00f3n?<\/a><\/li>\n<li class=\"page_item page-item-4335\"><a href=\"https:\/\/steinberglawfirm-staging.clmcloud.app\/es\/defecto-de-construccion\/faqs\/cuanto-me-costara-una-demanda-de-construccion\/\">\u00bfCu\u00e1nto me costar\u00e1 una demanda de construcci\u00f3n?<\/a><\/li>\n<li class=\"page_item page-item-4327\"><a href=\"https:\/\/steinberglawfirm-staging.clmcloud.app\/es\/defecto-de-construccion\/faqs\/yo-no-compre-mi-casa-o-condominio-directamente-del-constructor-tengo-una-reclamacion-contra-el-constructor\/\">No compr\u00e9 mi casa o condominio directamente al constructor. \u00bfPuedo reclamar al constructor?<\/a><\/li>\n<li class=\"page_item page-item-4331\"><a href=\"https:\/\/steinberglawfirm-staging.clmcloud.app\/es\/defecto-de-construccion\/faqs\/si-demando-a-mi-constructor-puedo-seguir-viviendo-en-mi-casa-o-condominio-mientras-el-juicio-esta-en-proceso\/\">Si demando a mi constructor, \u00bfpuedo seguir viviendo en mi casa o condominio mientras dure el juicio?<\/a><\/li>\n<li class=\"page_item page-item-4337\"><a href=\"https:\/\/steinberglawfirm-staging.clmcloud.app\/es\/defecto-de-construccion\/faqs\/si-demando-a-mi-constructor-tendre-que-ir-a-un-tribunal\/\">Si demando a mi constructor, \u00bftendr\u00e9 que ir a juicio?<\/a><\/li>\n<li class=\"page_item page-item-4321\"><a href=\"https:\/\/steinberglawfirm-staging.clmcloud.app\/es\/defecto-de-construccion\/faqs\/si-mi-garantia-ha-vencido-implica-que-ya-no-tengo-una-reclamacion-contra-el-promotor-o-los-contratistas\/\">Si mi garant\u00eda ha expirado, \u00bfsignifica eso que ya no puedo reclamar al promotor o a los contratistas?<\/a><\/li>\n<li class=\"page_item page-item-4323\"><a href=\"https:\/\/steinberglawfirm-staging.clmcloud.app\/es\/defecto-de-construccion\/faqs\/si-el-constructor-o-promotor-que-me-vendio-mi-casa-casa-de-campo-o-condominio-ya-no-esta-en-el-negocio-o-esta-en-bancarrota-puedo-recuperarme-de-los-defectos-de-construccion\/\">Si el constructor o promotor que me vendi\u00f3 mi casa, casa adosada o condominio ya no est\u00e1 en el negocio o est\u00e1 en bancarrota, \u00bfpuedo recuperar por defectos de construcci\u00f3n?<\/a><\/li>\n<li class=\"page_item page-item-4546\"><a href=\"https:\/\/steinberglawfirm-staging.clmcloud.app\/es\/defecto-de-construccion\/faqs\/es-arbitraje-obligatorio\/\">\u00bfEs obligatorio el arbitraje?<\/a><\/li>\n<li class=\"page_item page-item-4339\"><a href=\"https:\/\/steinberglawfirm-staging.clmcloud.app\/es\/defecto-de-construccion\/faqs\/cuales-son-las-senales-de-que-existen-problemas-de-fundacion-o-de-asentamiento-en-mi-casa\/\">\u00bfCu\u00e1les son los signos de que existen problemas de cimentaci\u00f3n o asentamiento en mi casa?<\/a><\/li>\n<li class=\"page_item page-item-4594\"><a href=\"https:\/\/steinberglawfirm-staging.clmcloud.app\/es\/defecto-de-construccion\/faqs\/que-signos-tienen-los-problemas-en-las-paredes-de-mi-casa\/\">\u00bfCu\u00e1les son los signos de que existen problemas en las paredes de mi casa?<\/a><\/li>\n<li class=\"page_item page-item-4524\"><a href=\"https:\/\/steinberglawfirm-staging.clmcloud.app\/es\/defecto-de-construccion\/faqs\/que-signos-tienen-los-problemas-del-techo-en-mi-casa\/\">\u00bfCu\u00e1les son los signos de que existen problemas en el tejado de mi casa?<\/a><\/li>\n<li class=\"page_item page-item-4528\"><a href=\"https:\/\/steinberglawfirm-staging.clmcloud.app\/es\/defecto-de-construccion\/faqs\/que-signos-tienen-los-problemas-de-fuga-de-agua-en-mi-casa\/\">\u00bfCu\u00e1les son los signos de que existen problemas de fugas de agua en mi casa?<\/a><\/li>\n<li class=\"page_item page-item-4341\"><a href=\"https:\/\/steinberglawfirm-staging.clmcloud.app\/es\/defecto-de-construccion\/faqs\/que-signos-tienen-los-problemas-de-ventanas-o-fugas-en-mi-casa\/\">\u00bfCu\u00e1les son los signos de que existen problemas de ventanas o fugas en mi casa?<\/a><\/li>\n<li class=\"page_item page-item-4522\"><a href=\"https:\/\/steinberglawfirm-staging.clmcloud.app\/es\/defecto-de-construccion\/faqs\/cuales-son-algunos-de-los-posibles-problemas-de-construccion-en-los-tejados\/\">\u00bfCu\u00e1les son algunos de los posibles problemas de construcci\u00f3n en los tejados?<\/a><\/li>\n<li class=\"page_item page-item-4343\"><a href=\"https:\/\/steinberglawfirm-staging.clmcloud.app\/es\/defecto-de-construccion\/faqs\/cuales-son-algunos-de-los-posibles-problemas-de-construccion-en-las-paredes-2\/\">\u00bfCu\u00e1les son algunos de los posibles problemas de construcci\u00f3n en los muros?<\/a><\/li>\n<li class=\"page_item page-item-4520\"><a href=\"https:\/\/steinberglawfirm-staging.clmcloud.app\/es\/defecto-de-construccion\/faqs\/cuales-son-algunos-de-los-posibles-problemas-de-construccion-relacionados-con-los-cimientos-y-el-asentamiento\/\">\u00bfCu\u00e1les son algunos de los posibles problemas de construcci\u00f3n relacionados con los cimientos, el suelo y los asentamientos?<\/a><\/li>\n<li class=\"page_item page-item-4359\"><a href=\"https:\/\/steinberglawfirm-staging.clmcloud.app\/es\/defecto-de-construccion\/faqs\/cuales-son-algunos-de-los-posibles-problemas-de-construccion-relacionados-con-las-ventanas-y-las-fugas-de-las-ventanas\/\">\u00bfCu\u00e1les son algunos de los posibles problemas de construcci\u00f3n relacionados con las ventanas y las filtraciones de las mismas?<\/a><\/li>\n<li class=\"page_item page-item-4526\"><a href=\"https:\/\/steinberglawfirm-staging.clmcloud.app\/es\/defecto-de-construccion\/faqs\/cuales-son-algunos-de-los-posibles-problemas-de-construccion-relacionados-con-las-fugas-de-agua\/\">\u00bfCu\u00e1les son los posibles problemas de construcci\u00f3n relacionados con las fugas de agua?<\/a><\/li>\n<li class=\"page_item page-item-4544\"><a href=\"https:\/\/steinberglawfirm-staging.clmcloud.app\/es\/defecto-de-construccion\/faqs\/cuales-son-las-ventajas-y-desventajas-del-arbitraje\/\">\u00bfCu\u00e1les son las ventajas e inconvenientes del arbitraje?<\/a><\/li>\n<li class=\"page_item page-item-4333\"><a href=\"https:\/\/steinberglawfirm-staging.clmcloud.app\/es\/defecto-de-construccion\/faqs\/que-indemnizacion-puedo-obtener-de-una-demanda-por-deficiencias-de-la-construccion\/\">\u00bfQu\u00e9 indemnizaci\u00f3n puedo obtener de una demanda por defectos de construcci\u00f3n?<\/a><\/li>\n<li class=\"page_item page-item-4538\"><a href=\"https:\/\/steinberglawfirm-staging.clmcloud.app\/es\/defecto-de-construccion\/faqs\/que-deberes-tiene-una-asociacion-de-propietarios-de-vivienda-en-relacion-con-los-defectos-de-construccion\/\">\u00bfQu\u00e9 obligaci\u00f3n tiene una comunidad de propietarios en relaci\u00f3n con los defectos de construcci\u00f3n?<\/a><\/li>\n<li class=\"page_item page-item-4518\"><a href=\"https:\/\/steinberglawfirm-staging.clmcloud.app\/es\/defecto-de-construccion\/faqs\/que-si-el-constructor-dice-que-no-hay-problema-con-mi-casa\/\">\u00bfQu\u00e9 pasa si el constructor dice que no hay ning\u00fan problema con mi casa?<\/a><\/li>\n<li class=\"page_item page-item-4550\"><a href=\"https:\/\/steinberglawfirm-staging.clmcloud.app\/es\/defecto-de-construccion\/faqs\/que-es-una-clase-accion\/\">\u00bfQu\u00e9 es una acci\u00f3n colectiva?<\/a><\/li>\n<li class=\"page_item page-item-4512\"><a href=\"https:\/\/steinberglawfirm-staging.clmcloud.app\/es\/defecto-de-construccion\/faqs\/que-es-un-defecto-de-construccion\/\">\u00bfQu\u00e9 es un defecto de construcci\u00f3n?<\/a><\/li>\n<li class=\"page_item page-item-4542\"><a href=\"https:\/\/steinberglawfirm-staging.clmcloud.app\/es\/defecto-de-construccion\/faqs\/que-es-el-arbitraje\/\">\u00bfQu\u00e9 es el arbitraje?<\/a><\/li>\n<li class=\"page_item page-item-4534\"><a href=\"https:\/\/steinberglawfirm-staging.clmcloud.app\/es\/defecto-de-construccion\/faqs\/que-es-el-flash\/\">\u00bfQu\u00e9 es el parpadeo?<\/a><\/li>\n<li class=\"page_item page-item-4532\"><a href=\"https:\/\/steinberglawfirm-staging.clmcloud.app\/es\/defecto-de-construccion\/faqs\/que-es-el-moho-2\/\">\u00bfQu\u00e9 es el moho?<\/a><\/li>\n<li class=\"page_item page-item-4530\"><a href=\"https:\/\/steinberglawfirm-staging.clmcloud.app\/es\/defecto-de-construccion\/faqs\/que-es-el-moho\/\">\u00bfQu\u00e9 es el moho?<\/a><\/li>\n<li class=\"page_item page-item-4345\"><a href=\"https:\/\/steinberglawfirm-staging.clmcloud.app\/es\/defecto-de-construccion\/faqs\/que-es-la-podredumbre-de-la-madera\/\">\u00bfQu\u00e9 es la podredumbre de la madera?<\/a><\/li>\n<li class=\"page_item page-item-4536\"><a href=\"https:\/\/steinberglawfirm-staging.clmcloud.app\/es\/defecto-de-construccion\/faqs\/que-papel-juegan-las-asociaciones-de-propietarios-en-la-resolucion-de-los-defectos-de-construccion\/\">\u00bfQu\u00e9 papel desempe\u00f1an las comunidades de propietarios en la resoluci\u00f3n de los defectos de construcci\u00f3n?<\/a><\/li>\n<li class=\"page_item page-item-4311\"><a href=\"https:\/\/steinberglawfirm-staging.clmcloud.app\/es\/defecto-de-construccion\/faqs\/que-debo-hacer-si-encuentro-un-defecto-de-construccion\/\">\u00bfQu\u00e9 debo hacer si encuentro un defecto de construcci\u00f3n?<\/a><\/li>\n<li class=\"page_item page-item-4552\"><a href=\"https:\/\/steinberglawfirm-staging.clmcloud.app\/es\/defecto-de-construccion\/faqs\/donde-esta-el-bufete-de-derechos-de-steinberg-manejando-casos-de-construccion\/\">\u00bfD\u00f3nde maneja el Steinberg Law Firm los casos de construcci\u00f3n?<\/a><\/li>\n<li class=\"page_item page-item-4540\"><a href=\"https:\/\/steinberglawfirm-staging.clmcloud.app\/es\/defecto-de-construccion\/faqs\/quien-puede-demandar-por-un-problema-en-una-casa-o-condominio\/\">\u00bfQui\u00e9n puede demandar por un problema en una casa o condominio?<\/a><\/li>\n<li class=\"page_item page-item-4314\"><a href=\"https:\/\/steinberglawfirm-staging.clmcloud.app\/es\/defecto-de-construccion\/faqs\/quien-es-responsable-de-un-defecto-de-construccion\/\">\u00bfQui\u00e9n es responsable de un defecto de construcci\u00f3n?<\/a><\/li>\n<li class=\"page_item page-item-4317\"><a href=\"https:\/\/steinberglawfirm-staging.clmcloud.app\/es\/defecto-de-construccion\/faqs\/por-que-necesito-contratar-a-un-abogado-con-experiencia-en-temas-de-construccion\/\">\u00bfPor qu\u00e9 necesito contratar a un abogado con experiencia en temas de construcci\u00f3n?<\/a><\/li>\n<li class=\"page_item page-item-4319\"><a href=\"https:\/\/steinberglawfirm-staging.clmcloud.app\/es\/defecto-de-construccion\/faqs\/por-que-deberia-preocuparme-por-los-problemas-de-construccion-si-mi-constructor-me-da-una-garantia\/\">\u00bfPor qu\u00e9 debo preocuparme por los problemas de construcci\u00f3n si mi constructor me dio una garant\u00eda?<\/a><\/li>\n<\/ul>","protected":false},"excerpt":{"rendered":"<p>El moho es un hongo. Los hongos con los que la mayor\u00eda de la gente est\u00e1 familiarizada son las setas. A diferencia de los hongos, que producen sombreros que salen de la tierra para producir esporas, los mohos producen peque\u00f1as estructuras parecidas a pelos que crecen a partir de la fuente de alimento del moho y liberan esporas. Los mohos viven y se alimentan de cualquier...<\/p>","protected":false},"author":1,"featured_media":0,"parent":4308,"menu_order":0,"comment_status":"closed","ping_status":"closed","template":"","meta":{"_acf_changed":false,"footnotes":""},"class_list":["post-4530","page","type-page","status-publish","hentry"],"acf":[],"_links":{"self":[{"href":"https:\/\/steinberglawfirm-staging.clmcloud.app\/es\/wp-json\/wp\/v2\/pages\/4530"}],"collection":[{"href":"https:\/\/steinberglawfirm-staging.clmcloud.app\/es\/wp-json\/wp\/v2\/pages"}],"about":[{"href":"https:\/\/steinberglawfirm-staging.clmcloud.app\/es\/wp-json\/wp\/v2\/types\/page"}],"author":[{"embeddable":true,"href":"https:\/\/steinberglawfirm-staging.clmcloud.app\/es\/wp-json\/wp\/v2\/users\/1"}],"replies":[{"embeddable":true,"href":"https:\/\/steinberglawfirm-staging.clmcloud.app\/es\/wp-json\/wp\/v2\/comments?post=4530"}],"version-history":[{"count":0,"href":"https:\/\/steinberglawfirm-staging.clmcloud.app\/es\/wp-json\/wp\/v2\/pages\/4530\/revisions"}],"up":[{"embeddable":true,"href":"https:\/\/steinberglawfirm-staging.clmcloud.app\/es\/wp-json\/wp\/v2\/pages\/4308"}],"wp:attachment":[{"href":"https:\/\/steinberglawfirm-staging.clmcloud.app\/es\/wp-json\/wp\/v2\/media?parent=4530"}],"curies":[{"name":"wp","href":"https:\/\/api.w.org\/{rel}","templated":true}]}}