{"id":4520,"date":"2018-09-04T19:48:13","date_gmt":"2018-09-04T19:48:13","guid":{"rendered":"https:\/\/www.steinberglawfirm.com\/?page_id=4520"},"modified":"2018-09-04T19:48:13","modified_gmt":"2018-09-04T19:48:13","slug":"what-are-some-of-the-potential-construction-problems-related-to-foundations-soil-and-settlement","status":"publish","type":"page","link":"https:\/\/steinberglawfirm-staging.clmcloud.app\/es\/defecto-de-construccion\/faqs\/cuales-son-algunos-de-los-posibles-problemas-de-construccion-relacionados-con-los-cimientos-y-el-asentamiento\/","title":{"rendered":"\u00bfCu\u00e1les son algunos de los posibles problemas de construcci\u00f3n relacionados con los cimientos, el suelo y los asentamientos?"},"content":{"rendered":"<p>Una casa no debe construirse sobre cualquier suelo. Una casa debe construirse sobre un suelo que proporcione una base estable que pueda soportar el peso (carga) de la casa. Adem\u00e1s, los cimientos de una casa deben estar dise\u00f1ados y construidos para soportar la casa que hay encima y para trabajar con las caracter\u00edsticas del suelo que hay debajo.<\/p>\n<p><img loading=\"lazy\" decoding=\"async\" src=\"https:\/\/www.steinberglawfirm.com\/wp-content\/uploads\/2018\/09\/foundations-1799115_1920-300x200.jpg\" alt=\"\" width=\"300\" height=\"200\" class=\"alignnone size-medium wp-image-4563\" title=\"\" srcset=\"https:\/\/steinberglawfirm-staging.clmcloud.app\/wp-content\/uploads\/2018\/09\/foundations-1799115_1920-300x200.jpg 300w, https:\/\/steinberglawfirm-staging.clmcloud.app\/wp-content\/uploads\/2018\/09\/foundations-1799115_1920-1024x683.jpg 1024w, https:\/\/steinberglawfirm-staging.clmcloud.app\/wp-content\/uploads\/2018\/09\/foundations-1799115_1920-768x512.jpg 768w, https:\/\/steinberglawfirm-staging.clmcloud.app\/wp-content\/uploads\/2018\/09\/foundations-1799115_1920-1536x1024.jpg 1536w, https:\/\/steinberglawfirm-staging.clmcloud.app\/wp-content\/uploads\/2018\/09\/foundations-1799115_1920-320x213.jpg 320w, https:\/\/steinberglawfirm-staging.clmcloud.app\/wp-content\/uploads\/2018\/09\/foundations-1799115_1920-450x300.jpg 450w, https:\/\/steinberglawfirm-staging.clmcloud.app\/wp-content\/uploads\/2018\/09\/foundations-1799115_1920-690x460.jpg 690w, https:\/\/steinberglawfirm-staging.clmcloud.app\/wp-content\/uploads\/2018\/09\/foundations-1799115_1920-150x100.jpg 150w, https:\/\/steinberglawfirm-staging.clmcloud.app\/wp-content\/uploads\/2018\/09\/foundations-1799115_1920.jpg 1920w\" sizes=\"(max-width: 300px) 100vw, 300px\" \/><\/p>\n<p>Un tipo de problema de cimentaci\u00f3n y suelo es el asentamiento. El asentamiento se produce cuando el suelo que hay debajo se mueve bajo el peso de la casa y, como resultado, \u00e9sta se mueve. El asentamiento no suele producirse de manera uniforme en una direcci\u00f3n debajo de la casa. Por el contrario, normalmente el asentamiento se produce m\u00e1s en algunos lugares de la casa que en otros. El resultado puede ser un da\u00f1o serio a la estructura de una casa, as\u00ed como un da\u00f1o significativo a otros componentes como la fontaner\u00eda, los paneles de yeso y el suelo. El asentamiento excesivo puede ser tan importante que hace que una casa sea inhabitable e irreparable. Hay muchas causas potenciales de asentamiento de una casa, siendo una de las causas m\u00e1s comunes el no haber colocado y compactado adecuadamente el suelo sobre el que se construye la casa.<\/p>\n<p><img loading=\"lazy\" decoding=\"async\" src=\"https:\/\/www.steinberglawfirm.com\/wp-content\/uploads\/2018\/09\/crack-695010_1920-300x200.jpg\" alt=\"\" width=\"300\" height=\"200\" class=\"alignnone size-medium wp-image-4564\" title=\"\" srcset=\"https:\/\/steinberglawfirm-staging.clmcloud.app\/wp-content\/uploads\/2018\/09\/crack-695010_1920-300x200.jpg 300w, https:\/\/steinberglawfirm-staging.clmcloud.app\/wp-content\/uploads\/2018\/09\/crack-695010_1920-1024x683.jpg 1024w, https:\/\/steinberglawfirm-staging.clmcloud.app\/wp-content\/uploads\/2018\/09\/crack-695010_1920-768x512.jpg 768w, https:\/\/steinberglawfirm-staging.clmcloud.app\/wp-content\/uploads\/2018\/09\/crack-695010_1920-1536x1024.jpg 1536w, https:\/\/steinberglawfirm-staging.clmcloud.app\/wp-content\/uploads\/2018\/09\/crack-695010_1920-320x213.jpg 320w, https:\/\/steinberglawfirm-staging.clmcloud.app\/wp-content\/uploads\/2018\/09\/crack-695010_1920-450x300.jpg 450w, https:\/\/steinberglawfirm-staging.clmcloud.app\/wp-content\/uploads\/2018\/09\/crack-695010_1920-690x460.jpg 690w, https:\/\/steinberglawfirm-staging.clmcloud.app\/wp-content\/uploads\/2018\/09\/crack-695010_1920-150x100.jpg 150w, https:\/\/steinberglawfirm-staging.clmcloud.app\/wp-content\/uploads\/2018\/09\/crack-695010_1920.jpg 1920w\" sizes=\"(max-width: 300px) 100vw, 300px\" \/><br \/>\n<img loading=\"lazy\" decoding=\"async\" src=\"https:\/\/www.steinberglawfirm.com\/wp-content\/uploads\/2018\/09\/wall-1179614_1920-300x195.jpg\" alt=\"\" width=\"300\" height=\"195\" class=\"alignnone size-medium wp-image-4565\" title=\"\" srcset=\"https:\/\/steinberglawfirm-staging.clmcloud.app\/wp-content\/uploads\/2018\/09\/wall-1179614_1920-300x195.jpg 300w, https:\/\/steinberglawfirm-staging.clmcloud.app\/wp-content\/uploads\/2018\/09\/wall-1179614_1920-1024x666.jpg 1024w, https:\/\/steinberglawfirm-staging.clmcloud.app\/wp-content\/uploads\/2018\/09\/wall-1179614_1920-768x500.jpg 768w, https:\/\/steinberglawfirm-staging.clmcloud.app\/wp-content\/uploads\/2018\/09\/wall-1179614_1920-1536x999.jpg 1536w, https:\/\/steinberglawfirm-staging.clmcloud.app\/wp-content\/uploads\/2018\/09\/wall-1179614_1920-320x208.jpg 320w, https:\/\/steinberglawfirm-staging.clmcloud.app\/wp-content\/uploads\/2018\/09\/wall-1179614_1920-461x300.jpg 461w, https:\/\/steinberglawfirm-staging.clmcloud.app\/wp-content\/uploads\/2018\/09\/wall-1179614_1920-707x460.jpg 707w, https:\/\/steinberglawfirm-staging.clmcloud.app\/wp-content\/uploads\/2018\/09\/wall-1179614_1920-150x98.jpg 150w, https:\/\/steinberglawfirm-staging.clmcloud.app\/wp-content\/uploads\/2018\/09\/wall-1179614_1920.jpg 1920w\" sizes=\"(max-width: 300px) 100vw, 300px\" \/><\/p>\n<p>Otro tipo de problema de cimentaci\u00f3n y suelo son los suelos expansivos. Los suelos expansivos se expanden cuando se mojan y se contraen cuando se secan. Pueden expandirse y contraerse tanto que se mueven y agrietan los cimientos y otras partes de la casa. Se sabe que existen suelos expansivos en \u00e1reas en South Carolina.<\/p>\n<p>Un tercer problema de movimiento del suelo se produce cuando falla un muro de contenci\u00f3n (un muro que retiene una zona vertical del suelo) o una zona inclinada del suelo. Si esto ocurre por encima de una casa, puede hacer que la tierra se deslice hacia abajo y da\u00f1e la casa. Si esto ocurre debajo de una casa, puede hacer que el suelo debajo de la casa se mueva y da\u00f1e los cimientos.<\/p>\n<p><img loading=\"lazy\" decoding=\"async\" src=\"https:\/\/www.steinberglawfirm.com\/wp-content\/uploads\/2018\/09\/mud-1836537_1920-300x200.jpg\" alt=\"\" width=\"300\" height=\"200\" class=\"alignnone size-medium wp-image-4566\" title=\"\" srcset=\"https:\/\/steinberglawfirm-staging.clmcloud.app\/wp-content\/uploads\/2018\/09\/mud-1836537_1920-300x200.jpg 300w, https:\/\/steinberglawfirm-staging.clmcloud.app\/wp-content\/uploads\/2018\/09\/mud-1836537_1920-1024x683.jpg 1024w, https:\/\/steinberglawfirm-staging.clmcloud.app\/wp-content\/uploads\/2018\/09\/mud-1836537_1920-768x512.jpg 768w, https:\/\/steinberglawfirm-staging.clmcloud.app\/wp-content\/uploads\/2018\/09\/mud-1836537_1920-1536x1024.jpg 1536w, https:\/\/steinberglawfirm-staging.clmcloud.app\/wp-content\/uploads\/2018\/09\/mud-1836537_1920-320x213.jpg 320w, https:\/\/steinberglawfirm-staging.clmcloud.app\/wp-content\/uploads\/2018\/09\/mud-1836537_1920-450x300.jpg 450w, https:\/\/steinberglawfirm-staging.clmcloud.app\/wp-content\/uploads\/2018\/09\/mud-1836537_1920-690x460.jpg 690w, https:\/\/steinberglawfirm-staging.clmcloud.app\/wp-content\/uploads\/2018\/09\/mud-1836537_1920-150x100.jpg 150w, https:\/\/steinberglawfirm-staging.clmcloud.app\/wp-content\/uploads\/2018\/09\/mud-1836537_1920.jpg 1920w\" sizes=\"(max-width: 300px) 100vw, 300px\" \/><\/p>\n<p>Otro problema que puede darse en los cimientos es el agrietamiento por contracci\u00f3n. El agrietamiento por contracci\u00f3n no suele estar relacionado con los suelos que hay debajo, sino que se debe al propio hormig\u00f3n. A medida que el hormig\u00f3n se cura y endurece, b\u00e1sicamente al secarse, puede agrietarse. Si la cimentaci\u00f3n de hormig\u00f3n no se dise\u00f1\u00f3 adecuadamente, el hormig\u00f3n no se mezcl\u00f3 correctamente, o el hormig\u00f3n no se coloc\u00f3 correctamente, el agrietamiento por contracci\u00f3n puede ser excesivo y crear problemas para la casa. Las grietas de contracci\u00f3n pueden, en algunos casos, atravesar toda la losa de los cimientos, y esto puede provocar que la humedad suba por la grieta y da\u00f1e el suelo de arriba. Adem\u00e1s, en los casos en que los suelos de madera, baldosas u otro tipo de suelo est\u00e1n fijados directamente a la losa, las grietas de contracci\u00f3n pueden hacer que el suelo se separe, se agriete, se deforme o se deforme.<\/p>\n<p>Un problema similar es el movimiento, incluso sin grietas de contracci\u00f3n, de la humedad a trav\u00e9s de una losa de cimentaci\u00f3n. El hormig\u00f3n permite que la humedad lo atraviese. Si la humedad se desplaza a trav\u00e9s de la losa de cimentaci\u00f3n, puede da\u00f1ar el suelo de arriba, as\u00ed como causar moho y hongos que pueden ser perjudiciales para la salud de los que viven en la casa.<\/p>\n<p><img loading=\"lazy\" decoding=\"async\" src=\"https:\/\/www.steinberglawfirm.com\/wp-content\/uploads\/2018\/09\/floor-1866663_1920-300x200.jpg\" alt=\"\" width=\"300\" height=\"200\" class=\"alignnone size-medium wp-image-4567\" title=\"\" srcset=\"https:\/\/steinberglawfirm-staging.clmcloud.app\/wp-content\/uploads\/2018\/09\/floor-1866663_1920-300x200.jpg 300w, https:\/\/steinberglawfirm-staging.clmcloud.app\/wp-content\/uploads\/2018\/09\/floor-1866663_1920-1024x681.jpg 1024w, https:\/\/steinberglawfirm-staging.clmcloud.app\/wp-content\/uploads\/2018\/09\/floor-1866663_1920-768x511.jpg 768w, https:\/\/steinberglawfirm-staging.clmcloud.app\/wp-content\/uploads\/2018\/09\/floor-1866663_1920-1536x1022.jpg 1536w, https:\/\/steinberglawfirm-staging.clmcloud.app\/wp-content\/uploads\/2018\/09\/floor-1866663_1920-320x213.jpg 320w, https:\/\/steinberglawfirm-staging.clmcloud.app\/wp-content\/uploads\/2018\/09\/floor-1866663_1920-451x300.jpg 451w, https:\/\/steinberglawfirm-staging.clmcloud.app\/wp-content\/uploads\/2018\/09\/floor-1866663_1920-692x460.jpg 692w, https:\/\/steinberglawfirm-staging.clmcloud.app\/wp-content\/uploads\/2018\/09\/floor-1866663_1920-150x100.jpg 150w, https:\/\/steinberglawfirm-staging.clmcloud.app\/wp-content\/uploads\/2018\/09\/floor-1866663_1920.jpg 1920w\" sizes=\"(max-width: 300px) 100vw, 300px\" \/><\/p>\n<h3>Otras preguntas frecuentes sobre defectos de construcci\u00f3n:<\/h3>\n<ul class=\"list-pages-shortcode sibling-pages\"><li class=\"page_item page-item-4515\"><a href=\"https:\/\/steinberglawfirm-staging.clmcloud.app\/es\/defecto-de-construccion\/faqs\/como-protege-la-ley-de-carolina-del-sur-a-los-compradores-de-viviendas\/\">\u00bfC\u00f3mo protege la ley South Carolina a los compradores de viviendas?<\/a><\/li>\n<li class=\"page_item page-item-4325\"><a href=\"https:\/\/steinberglawfirm-staging.clmcloud.app\/es\/defecto-de-construccion\/faqs\/cuanto-tiempo-tengo-que-presentar-una-demanda-contra-el-promotor-o-constructor-de-mi-casa\/\">\u00bfDe cu\u00e1nto tiempo dispongo para presentar una demanda contra el promotor o constructor de mi vivienda?<\/a><\/li>\n<li class=\"page_item page-item-4329\"><a href=\"https:\/\/steinberglawfirm-staging.clmcloud.app\/es\/defecto-de-construccion\/faqs\/cuanto-dura-una-demanda-de-construccion\/\">\u00bfCu\u00e1nto dura un juicio de construcci\u00f3n?<\/a><\/li>\n<li class=\"page_item page-item-4335\"><a href=\"https:\/\/steinberglawfirm-staging.clmcloud.app\/es\/defecto-de-construccion\/faqs\/cuanto-me-costara-una-demanda-de-construccion\/\">\u00bfCu\u00e1nto me costar\u00e1 una demanda de construcci\u00f3n?<\/a><\/li>\n<li class=\"page_item page-item-4327\"><a href=\"https:\/\/steinberglawfirm-staging.clmcloud.app\/es\/defecto-de-construccion\/faqs\/yo-no-compre-mi-casa-o-condominio-directamente-del-constructor-tengo-una-reclamacion-contra-el-constructor\/\">No compr\u00e9 mi casa o condominio directamente al constructor. \u00bfPuedo reclamar al constructor?<\/a><\/li>\n<li class=\"page_item page-item-4331\"><a href=\"https:\/\/steinberglawfirm-staging.clmcloud.app\/es\/defecto-de-construccion\/faqs\/si-demando-a-mi-constructor-puedo-seguir-viviendo-en-mi-casa-o-condominio-mientras-el-juicio-esta-en-proceso\/\">Si demando a mi constructor, \u00bfpuedo seguir viviendo en mi casa o condominio mientras dure el juicio?<\/a><\/li>\n<li class=\"page_item page-item-4337\"><a href=\"https:\/\/steinberglawfirm-staging.clmcloud.app\/es\/defecto-de-construccion\/faqs\/si-demando-a-mi-constructor-tendre-que-ir-a-un-tribunal\/\">Si demando a mi constructor, \u00bftendr\u00e9 que ir a juicio?<\/a><\/li>\n<li class=\"page_item page-item-4321\"><a href=\"https:\/\/steinberglawfirm-staging.clmcloud.app\/es\/defecto-de-construccion\/faqs\/si-mi-garantia-ha-vencido-implica-que-ya-no-tengo-una-reclamacion-contra-el-promotor-o-los-contratistas\/\">Si mi garant\u00eda ha expirado, \u00bfsignifica eso que ya no puedo reclamar al promotor o a los contratistas?<\/a><\/li>\n<li class=\"page_item page-item-4323\"><a href=\"https:\/\/steinberglawfirm-staging.clmcloud.app\/es\/defecto-de-construccion\/faqs\/si-el-constructor-o-promotor-que-me-vendio-mi-casa-casa-de-campo-o-condominio-ya-no-esta-en-el-negocio-o-esta-en-bancarrota-puedo-recuperarme-de-los-defectos-de-construccion\/\">Si el constructor o promotor que me vendi\u00f3 mi casa, casa adosada o condominio ya no est\u00e1 en el negocio o est\u00e1 en bancarrota, \u00bfpuedo recuperar por defectos de construcci\u00f3n?<\/a><\/li>\n<li class=\"page_item page-item-4546\"><a href=\"https:\/\/steinberglawfirm-staging.clmcloud.app\/es\/defecto-de-construccion\/faqs\/es-arbitraje-obligatorio\/\">\u00bfEs obligatorio el arbitraje?<\/a><\/li>\n<li class=\"page_item page-item-4339\"><a href=\"https:\/\/steinberglawfirm-staging.clmcloud.app\/es\/defecto-de-construccion\/faqs\/cuales-son-las-senales-de-que-existen-problemas-de-fundacion-o-de-asentamiento-en-mi-casa\/\">\u00bfCu\u00e1les son los signos de que existen problemas de cimentaci\u00f3n o asentamiento en mi casa?<\/a><\/li>\n<li class=\"page_item page-item-4594\"><a href=\"https:\/\/steinberglawfirm-staging.clmcloud.app\/es\/defecto-de-construccion\/faqs\/que-signos-tienen-los-problemas-en-las-paredes-de-mi-casa\/\">\u00bfCu\u00e1les son los signos de que existen problemas en las paredes de mi casa?<\/a><\/li>\n<li class=\"page_item page-item-4524\"><a href=\"https:\/\/steinberglawfirm-staging.clmcloud.app\/es\/defecto-de-construccion\/faqs\/que-signos-tienen-los-problemas-del-techo-en-mi-casa\/\">\u00bfCu\u00e1les son los signos de que existen problemas en el tejado de mi casa?<\/a><\/li>\n<li class=\"page_item page-item-4528\"><a href=\"https:\/\/steinberglawfirm-staging.clmcloud.app\/es\/defecto-de-construccion\/faqs\/que-signos-tienen-los-problemas-de-fuga-de-agua-en-mi-casa\/\">\u00bfCu\u00e1les son los signos de que existen problemas de fugas de agua en mi casa?<\/a><\/li>\n<li class=\"page_item page-item-4341\"><a href=\"https:\/\/steinberglawfirm-staging.clmcloud.app\/es\/defecto-de-construccion\/faqs\/que-signos-tienen-los-problemas-de-ventanas-o-fugas-en-mi-casa\/\">\u00bfCu\u00e1les son los signos de que existen problemas de ventanas o fugas en mi casa?<\/a><\/li>\n<li class=\"page_item page-item-4522\"><a href=\"https:\/\/steinberglawfirm-staging.clmcloud.app\/es\/defecto-de-construccion\/faqs\/cuales-son-algunos-de-los-posibles-problemas-de-construccion-en-los-tejados\/\">\u00bfCu\u00e1les son algunos de los posibles problemas de construcci\u00f3n en los tejados?<\/a><\/li>\n<li class=\"page_item page-item-4343\"><a href=\"https:\/\/steinberglawfirm-staging.clmcloud.app\/es\/defecto-de-construccion\/faqs\/cuales-son-algunos-de-los-posibles-problemas-de-construccion-en-las-paredes-2\/\">\u00bfCu\u00e1les son algunos de los posibles problemas de construcci\u00f3n en los muros?<\/a><\/li>\n<li class=\"page_item page-item-4520\"><a href=\"https:\/\/steinberglawfirm-staging.clmcloud.app\/es\/defecto-de-construccion\/faqs\/cuales-son-algunos-de-los-posibles-problemas-de-construccion-relacionados-con-los-cimientos-y-el-asentamiento\/\">\u00bfCu\u00e1les son algunos de los posibles problemas de construcci\u00f3n relacionados con los cimientos, el suelo y los asentamientos?<\/a><\/li>\n<li class=\"page_item page-item-4359\"><a href=\"https:\/\/steinberglawfirm-staging.clmcloud.app\/es\/defecto-de-construccion\/faqs\/cuales-son-algunos-de-los-posibles-problemas-de-construccion-relacionados-con-las-ventanas-y-las-fugas-de-las-ventanas\/\">\u00bfCu\u00e1les son algunos de los posibles problemas de construcci\u00f3n relacionados con las ventanas y las filtraciones de las mismas?<\/a><\/li>\n<li class=\"page_item page-item-4526\"><a href=\"https:\/\/steinberglawfirm-staging.clmcloud.app\/es\/defecto-de-construccion\/faqs\/cuales-son-algunos-de-los-posibles-problemas-de-construccion-relacionados-con-las-fugas-de-agua\/\">\u00bfCu\u00e1les son los posibles problemas de construcci\u00f3n relacionados con las fugas de agua?<\/a><\/li>\n<li class=\"page_item page-item-4544\"><a href=\"https:\/\/steinberglawfirm-staging.clmcloud.app\/es\/defecto-de-construccion\/faqs\/cuales-son-las-ventajas-y-desventajas-del-arbitraje\/\">\u00bfCu\u00e1les son las ventajas e inconvenientes del arbitraje?<\/a><\/li>\n<li class=\"page_item page-item-4333\"><a href=\"https:\/\/steinberglawfirm-staging.clmcloud.app\/es\/defecto-de-construccion\/faqs\/que-indemnizacion-puedo-obtener-de-una-demanda-por-deficiencias-de-la-construccion\/\">\u00bfQu\u00e9 indemnizaci\u00f3n puedo obtener de una demanda por defectos de construcci\u00f3n?<\/a><\/li>\n<li class=\"page_item page-item-4538\"><a href=\"https:\/\/steinberglawfirm-staging.clmcloud.app\/es\/defecto-de-construccion\/faqs\/que-deberes-tiene-una-asociacion-de-propietarios-de-vivienda-en-relacion-con-los-defectos-de-construccion\/\">\u00bfQu\u00e9 obligaci\u00f3n tiene una comunidad de propietarios en relaci\u00f3n con los defectos de construcci\u00f3n?<\/a><\/li>\n<li class=\"page_item page-item-4518\"><a href=\"https:\/\/steinberglawfirm-staging.clmcloud.app\/es\/defecto-de-construccion\/faqs\/que-si-el-constructor-dice-que-no-hay-problema-con-mi-casa\/\">\u00bfQu\u00e9 pasa si el constructor dice que no hay ning\u00fan problema con mi casa?<\/a><\/li>\n<li class=\"page_item page-item-4550\"><a href=\"https:\/\/steinberglawfirm-staging.clmcloud.app\/es\/defecto-de-construccion\/faqs\/que-es-una-clase-accion\/\">\u00bfQu\u00e9 es una acci\u00f3n colectiva?<\/a><\/li>\n<li class=\"page_item page-item-4512\"><a href=\"https:\/\/steinberglawfirm-staging.clmcloud.app\/es\/defecto-de-construccion\/faqs\/que-es-un-defecto-de-construccion\/\">\u00bfQu\u00e9 es un defecto de construcci\u00f3n?<\/a><\/li>\n<li class=\"page_item page-item-4542\"><a href=\"https:\/\/steinberglawfirm-staging.clmcloud.app\/es\/defecto-de-construccion\/faqs\/que-es-el-arbitraje\/\">\u00bfQu\u00e9 es el arbitraje?<\/a><\/li>\n<li class=\"page_item page-item-4534\"><a href=\"https:\/\/steinberglawfirm-staging.clmcloud.app\/es\/defecto-de-construccion\/faqs\/que-es-el-flash\/\">\u00bfQu\u00e9 es el parpadeo?<\/a><\/li>\n<li class=\"page_item page-item-4532\"><a href=\"https:\/\/steinberglawfirm-staging.clmcloud.app\/es\/defecto-de-construccion\/faqs\/que-es-el-moho-2\/\">\u00bfQu\u00e9 es el moho?<\/a><\/li>\n<li class=\"page_item page-item-4530\"><a href=\"https:\/\/steinberglawfirm-staging.clmcloud.app\/es\/defecto-de-construccion\/faqs\/que-es-el-moho\/\">\u00bfQu\u00e9 es el moho?<\/a><\/li>\n<li class=\"page_item page-item-4345\"><a href=\"https:\/\/steinberglawfirm-staging.clmcloud.app\/es\/defecto-de-construccion\/faqs\/que-es-la-podredumbre-de-la-madera\/\">\u00bfQu\u00e9 es la podredumbre de la madera?<\/a><\/li>\n<li class=\"page_item page-item-4536\"><a href=\"https:\/\/steinberglawfirm-staging.clmcloud.app\/es\/defecto-de-construccion\/faqs\/que-papel-juegan-las-asociaciones-de-propietarios-en-la-resolucion-de-los-defectos-de-construccion\/\">\u00bfQu\u00e9 papel desempe\u00f1an las comunidades de propietarios en la resoluci\u00f3n de los defectos de construcci\u00f3n?<\/a><\/li>\n<li class=\"page_item page-item-4311\"><a href=\"https:\/\/steinberglawfirm-staging.clmcloud.app\/es\/defecto-de-construccion\/faqs\/que-debo-hacer-si-encuentro-un-defecto-de-construccion\/\">\u00bfQu\u00e9 debo hacer si encuentro un defecto de construcci\u00f3n?<\/a><\/li>\n<li class=\"page_item page-item-4552\"><a href=\"https:\/\/steinberglawfirm-staging.clmcloud.app\/es\/defecto-de-construccion\/faqs\/donde-esta-el-bufete-de-derechos-de-steinberg-manejando-casos-de-construccion\/\">\u00bfD\u00f3nde maneja el Steinberg Law Firm los casos de construcci\u00f3n?<\/a><\/li>\n<li class=\"page_item page-item-4540\"><a href=\"https:\/\/steinberglawfirm-staging.clmcloud.app\/es\/defecto-de-construccion\/faqs\/quien-puede-demandar-por-un-problema-en-una-casa-o-condominio\/\">\u00bfQui\u00e9n puede demandar por un problema en una casa o condominio?<\/a><\/li>\n<li class=\"page_item page-item-4314\"><a href=\"https:\/\/steinberglawfirm-staging.clmcloud.app\/es\/defecto-de-construccion\/faqs\/quien-es-responsable-de-un-defecto-de-construccion\/\">\u00bfQui\u00e9n es responsable de un defecto de construcci\u00f3n?<\/a><\/li>\n<li class=\"page_item page-item-4317\"><a href=\"https:\/\/steinberglawfirm-staging.clmcloud.app\/es\/defecto-de-construccion\/faqs\/por-que-necesito-contratar-a-un-abogado-con-experiencia-en-temas-de-construccion\/\">\u00bfPor qu\u00e9 necesito contratar a un abogado con experiencia en temas de construcci\u00f3n?<\/a><\/li>\n<li class=\"page_item page-item-4319\"><a href=\"https:\/\/steinberglawfirm-staging.clmcloud.app\/es\/defecto-de-construccion\/faqs\/por-que-deberia-preocuparme-por-los-problemas-de-construccion-si-mi-constructor-me-da-una-garantia\/\">\u00bfPor qu\u00e9 debo preocuparme por los problemas de construcci\u00f3n si mi constructor me dio una garant\u00eda?<\/a><\/li>\n<\/ul>","protected":false},"excerpt":{"rendered":"<p>Una casa no debe construirse sobre cualquier suelo. Una casa debe construirse sobre un suelo que proporcione una base estable que pueda soportar el peso (carga) de la casa. Adem\u00e1s, los cimientos de una casa deben estar dise\u00f1ados y construidos para soportar la casa que hay encima y para trabajar con la...<\/p>","protected":false},"author":1,"featured_media":0,"parent":4308,"menu_order":0,"comment_status":"closed","ping_status":"closed","template":"","meta":{"_acf_changed":false,"footnotes":""},"class_list":["post-4520","page","type-page","status-publish","hentry"],"acf":[],"_links":{"self":[{"href":"https:\/\/steinberglawfirm-staging.clmcloud.app\/es\/wp-json\/wp\/v2\/pages\/4520"}],"collection":[{"href":"https:\/\/steinberglawfirm-staging.clmcloud.app\/es\/wp-json\/wp\/v2\/pages"}],"about":[{"href":"https:\/\/steinberglawfirm-staging.clmcloud.app\/es\/wp-json\/wp\/v2\/types\/page"}],"author":[{"embeddable":true,"href":"https:\/\/steinberglawfirm-staging.clmcloud.app\/es\/wp-json\/wp\/v2\/users\/1"}],"replies":[{"embeddable":true,"href":"https:\/\/steinberglawfirm-staging.clmcloud.app\/es\/wp-json\/wp\/v2\/comments?post=4520"}],"version-history":[{"count":0,"href":"https:\/\/steinberglawfirm-staging.clmcloud.app\/es\/wp-json\/wp\/v2\/pages\/4520\/revisions"}],"up":[{"embeddable":true,"href":"https:\/\/steinberglawfirm-staging.clmcloud.app\/es\/wp-json\/wp\/v2\/pages\/4308"}],"wp:attachment":[{"href":"https:\/\/steinberglawfirm-staging.clmcloud.app\/es\/wp-json\/wp\/v2\/media?parent=4520"}],"curies":[{"name":"wp","href":"https:\/\/api.w.org\/{rel}","templated":true}]}}