{"id":4515,"date":"2018-09-04T19:43:32","date_gmt":"2018-09-04T19:43:32","guid":{"rendered":"https:\/\/www.steinberglawfirm.com\/?page_id=4515"},"modified":"2022-04-12T05:19:06","modified_gmt":"2022-04-12T05:19:06","slug":"how-does-south-carolina-law-protect-home-purchasers","status":"publish","type":"page","link":"https:\/\/steinberglawfirm-staging.clmcloud.app\/es\/defecto-de-construccion\/faqs\/como-protege-la-ley-de-carolina-del-sur-a-los-compradores-de-viviendas\/","title":{"rendered":"\u00bfC\u00f3mo protege la ley South Carolina a los compradores de viviendas?"},"content":{"rendered":"<p>South Carolina protege a los compradores de viviendas de los defectos de varias maneras, de las que aqu\u00ed s\u00f3lo se ofrece un resumen de las m\u00e1s importantes. En primer lugar, la ley establece que cualquiera que venda a alguien una casa nueva, una casa adosada o un condominio garantiza que la casa es adecuada para que alguien la habite. La ley reconoce que la mayor\u00eda de los compradores de viviendas no son contratistas, arquitectos o ingenieros y no pueden evaluar la calidad del trabajo de construcci\u00f3n. Sin embargo, los vendedores de viviendas nuevas se dedican a la construcci\u00f3n y venta de casas y conocen los problemas de construcci\u00f3n. La ley dice que si una vivienda no es apta para ser habitada, independientemente de si el vendedor podr\u00eda o no haber hecho un mejor trabajo de construcci\u00f3n, el vendedor es responsable ante el propietario.  Esta garant\u00eda se aplica incluso si el propietario no compr\u00f3 la casa directamente al vendedor original.<\/p>\n<p>En segundo lugar, la ley establece que cualquier persona que trabaje en la construcci\u00f3n de una casa nueva, una casa adosada o un condominio garantiza que ha realizado su trabajo correctamente. Esto significa que todos, desde el contratista general que construye una casa hasta el subcontratista que instala el suelo, garantizan al propietario de la vivienda que han hecho su trabajo correctamente, y si no lo han hecho bien, son responsables ante el propietario de la vivienda y deben indemnizarle. Del mismo modo, la ley establece que si un arquitecto o ingeniero proporciona un dise\u00f1o, el arquitecto o ingeniero garantiza el dise\u00f1o. Un propietario puede reclamar una indemnizaci\u00f3n a un contratista, subcontratista, arquitecto o ingeniero por un trabajo o dise\u00f1o defectuoso, incluso si el propietario compr\u00f3 la vivienda a un antiguo propietario y no al constructor.<\/p>\n<p>En tercer lugar, al igual que la ley dice que si alguien conduce su coche de forma negligente y te atropella, esa persona es responsable ante ti; la ley establece que si un constructor es negligente al construir una casa, el constructor es responsable ante el propietario.<\/p>\n<p>En cuarto lugar, la ley establece que si hay un problema en una vivienda, independientemente de si el problema fue causado por la construcci\u00f3n original o causado posteriormente, el vendedor de una vivienda debe revelar el problema al comprador de la misma. Si el vendedor no revela el problema, es responsable ante el comprador. Normalmente, el vendedor de una vivienda informa al comprador de cualquier problema que conozca mediante una declaraci\u00f3n escrita.<\/p>\n<h3>Otras preguntas frecuentes sobre defectos de construcci\u00f3n:<\/h3>\n<ul class=\"list-pages-shortcode sibling-pages\"><li class=\"page_item page-item-4515\"><a href=\"https:\/\/steinberglawfirm-staging.clmcloud.app\/es\/defecto-de-construccion\/faqs\/como-protege-la-ley-de-carolina-del-sur-a-los-compradores-de-viviendas\/\">\u00bfC\u00f3mo protege la ley South Carolina a los compradores de viviendas?<\/a><\/li>\n<li class=\"page_item page-item-4325\"><a href=\"https:\/\/steinberglawfirm-staging.clmcloud.app\/es\/defecto-de-construccion\/faqs\/cuanto-tiempo-tengo-que-presentar-una-demanda-contra-el-promotor-o-constructor-de-mi-casa\/\">\u00bfDe cu\u00e1nto tiempo dispongo para presentar una demanda contra el promotor o constructor de mi vivienda?<\/a><\/li>\n<li class=\"page_item page-item-4329\"><a href=\"https:\/\/steinberglawfirm-staging.clmcloud.app\/es\/defecto-de-construccion\/faqs\/cuanto-dura-una-demanda-de-construccion\/\">\u00bfCu\u00e1nto dura un juicio de construcci\u00f3n?<\/a><\/li>\n<li class=\"page_item page-item-4335\"><a href=\"https:\/\/steinberglawfirm-staging.clmcloud.app\/es\/defecto-de-construccion\/faqs\/cuanto-me-costara-una-demanda-de-construccion\/\">\u00bfCu\u00e1nto me costar\u00e1 una demanda de construcci\u00f3n?<\/a><\/li>\n<li class=\"page_item page-item-4327\"><a href=\"https:\/\/steinberglawfirm-staging.clmcloud.app\/es\/defecto-de-construccion\/faqs\/yo-no-compre-mi-casa-o-condominio-directamente-del-constructor-tengo-una-reclamacion-contra-el-constructor\/\">No compr\u00e9 mi casa o condominio directamente al constructor. \u00bfPuedo reclamar al constructor?<\/a><\/li>\n<li class=\"page_item page-item-4331\"><a href=\"https:\/\/steinberglawfirm-staging.clmcloud.app\/es\/defecto-de-construccion\/faqs\/si-demando-a-mi-constructor-puedo-seguir-viviendo-en-mi-casa-o-condominio-mientras-el-juicio-esta-en-proceso\/\">Si demando a mi constructor, \u00bfpuedo seguir viviendo en mi casa o condominio mientras dure el juicio?<\/a><\/li>\n<li class=\"page_item page-item-4337\"><a href=\"https:\/\/steinberglawfirm-staging.clmcloud.app\/es\/defecto-de-construccion\/faqs\/si-demando-a-mi-constructor-tendre-que-ir-a-un-tribunal\/\">Si demando a mi constructor, \u00bftendr\u00e9 que ir a juicio?<\/a><\/li>\n<li class=\"page_item page-item-4321\"><a href=\"https:\/\/steinberglawfirm-staging.clmcloud.app\/es\/defecto-de-construccion\/faqs\/si-mi-garantia-ha-vencido-implica-que-ya-no-tengo-una-reclamacion-contra-el-promotor-o-los-contratistas\/\">Si mi garant\u00eda ha expirado, \u00bfsignifica eso que ya no puedo reclamar al promotor o a los contratistas?<\/a><\/li>\n<li class=\"page_item page-item-4323\"><a href=\"https:\/\/steinberglawfirm-staging.clmcloud.app\/es\/defecto-de-construccion\/faqs\/si-el-constructor-o-promotor-que-me-vendio-mi-casa-casa-de-campo-o-condominio-ya-no-esta-en-el-negocio-o-esta-en-bancarrota-puedo-recuperarme-de-los-defectos-de-construccion\/\">Si el constructor o promotor que me vendi\u00f3 mi casa, casa adosada o condominio ya no est\u00e1 en el negocio o est\u00e1 en bancarrota, \u00bfpuedo recuperar por defectos de construcci\u00f3n?<\/a><\/li>\n<li class=\"page_item page-item-4546\"><a href=\"https:\/\/steinberglawfirm-staging.clmcloud.app\/es\/defecto-de-construccion\/faqs\/es-arbitraje-obligatorio\/\">\u00bfEs obligatorio el arbitraje?<\/a><\/li>\n<li class=\"page_item page-item-4339\"><a href=\"https:\/\/steinberglawfirm-staging.clmcloud.app\/es\/defecto-de-construccion\/faqs\/cuales-son-las-senales-de-que-existen-problemas-de-fundacion-o-de-asentamiento-en-mi-casa\/\">\u00bfCu\u00e1les son los signos de que existen problemas de cimentaci\u00f3n o asentamiento en mi casa?<\/a><\/li>\n<li class=\"page_item page-item-4594\"><a href=\"https:\/\/steinberglawfirm-staging.clmcloud.app\/es\/defecto-de-construccion\/faqs\/que-signos-tienen-los-problemas-en-las-paredes-de-mi-casa\/\">\u00bfCu\u00e1les son los signos de que existen problemas en las paredes de mi casa?<\/a><\/li>\n<li class=\"page_item page-item-4524\"><a href=\"https:\/\/steinberglawfirm-staging.clmcloud.app\/es\/defecto-de-construccion\/faqs\/que-signos-tienen-los-problemas-del-techo-en-mi-casa\/\">\u00bfCu\u00e1les son los signos de que existen problemas en el tejado de mi casa?<\/a><\/li>\n<li class=\"page_item page-item-4528\"><a href=\"https:\/\/steinberglawfirm-staging.clmcloud.app\/es\/defecto-de-construccion\/faqs\/que-signos-tienen-los-problemas-de-fuga-de-agua-en-mi-casa\/\">\u00bfCu\u00e1les son los signos de que existen problemas de fugas de agua en mi casa?<\/a><\/li>\n<li class=\"page_item page-item-4341\"><a href=\"https:\/\/steinberglawfirm-staging.clmcloud.app\/es\/defecto-de-construccion\/faqs\/que-signos-tienen-los-problemas-de-ventanas-o-fugas-en-mi-casa\/\">\u00bfCu\u00e1les son los signos de que existen problemas de ventanas o fugas en mi casa?<\/a><\/li>\n<li class=\"page_item page-item-4522\"><a href=\"https:\/\/steinberglawfirm-staging.clmcloud.app\/es\/defecto-de-construccion\/faqs\/cuales-son-algunos-de-los-posibles-problemas-de-construccion-en-los-tejados\/\">\u00bfCu\u00e1les son algunos de los posibles problemas de construcci\u00f3n en los tejados?<\/a><\/li>\n<li class=\"page_item page-item-4343\"><a href=\"https:\/\/steinberglawfirm-staging.clmcloud.app\/es\/defecto-de-construccion\/faqs\/cuales-son-algunos-de-los-posibles-problemas-de-construccion-en-las-paredes-2\/\">\u00bfCu\u00e1les son algunos de los posibles problemas de construcci\u00f3n en los muros?<\/a><\/li>\n<li class=\"page_item page-item-4520\"><a href=\"https:\/\/steinberglawfirm-staging.clmcloud.app\/es\/defecto-de-construccion\/faqs\/cuales-son-algunos-de-los-posibles-problemas-de-construccion-relacionados-con-los-cimientos-y-el-asentamiento\/\">\u00bfCu\u00e1les son algunos de los posibles problemas de construcci\u00f3n relacionados con los cimientos, el suelo y los asentamientos?<\/a><\/li>\n<li class=\"page_item page-item-4359\"><a href=\"https:\/\/steinberglawfirm-staging.clmcloud.app\/es\/defecto-de-construccion\/faqs\/cuales-son-algunos-de-los-posibles-problemas-de-construccion-relacionados-con-las-ventanas-y-las-fugas-de-las-ventanas\/\">\u00bfCu\u00e1les son algunos de los posibles problemas de construcci\u00f3n relacionados con las ventanas y las filtraciones de las mismas?<\/a><\/li>\n<li class=\"page_item page-item-4526\"><a href=\"https:\/\/steinberglawfirm-staging.clmcloud.app\/es\/defecto-de-construccion\/faqs\/cuales-son-algunos-de-los-posibles-problemas-de-construccion-relacionados-con-las-fugas-de-agua\/\">\u00bfCu\u00e1les son los posibles problemas de construcci\u00f3n relacionados con las fugas de agua?<\/a><\/li>\n<li class=\"page_item page-item-4544\"><a href=\"https:\/\/steinberglawfirm-staging.clmcloud.app\/es\/defecto-de-construccion\/faqs\/cuales-son-las-ventajas-y-desventajas-del-arbitraje\/\">\u00bfCu\u00e1les son las ventajas e inconvenientes del arbitraje?<\/a><\/li>\n<li class=\"page_item page-item-4333\"><a href=\"https:\/\/steinberglawfirm-staging.clmcloud.app\/es\/defecto-de-construccion\/faqs\/que-indemnizacion-puedo-obtener-de-una-demanda-por-deficiencias-de-la-construccion\/\">\u00bfQu\u00e9 indemnizaci\u00f3n puedo obtener de una demanda por defectos de construcci\u00f3n?<\/a><\/li>\n<li class=\"page_item page-item-4538\"><a href=\"https:\/\/steinberglawfirm-staging.clmcloud.app\/es\/defecto-de-construccion\/faqs\/que-deberes-tiene-una-asociacion-de-propietarios-de-vivienda-en-relacion-con-los-defectos-de-construccion\/\">\u00bfQu\u00e9 obligaci\u00f3n tiene una comunidad de propietarios en relaci\u00f3n con los defectos de construcci\u00f3n?<\/a><\/li>\n<li class=\"page_item page-item-4518\"><a href=\"https:\/\/steinberglawfirm-staging.clmcloud.app\/es\/defecto-de-construccion\/faqs\/que-si-el-constructor-dice-que-no-hay-problema-con-mi-casa\/\">\u00bfQu\u00e9 pasa si el constructor dice que no hay ning\u00fan problema con mi casa?<\/a><\/li>\n<li class=\"page_item page-item-4550\"><a href=\"https:\/\/steinberglawfirm-staging.clmcloud.app\/es\/defecto-de-construccion\/faqs\/que-es-una-clase-accion\/\">\u00bfQu\u00e9 es una acci\u00f3n colectiva?<\/a><\/li>\n<li class=\"page_item page-item-4512\"><a href=\"https:\/\/steinberglawfirm-staging.clmcloud.app\/es\/defecto-de-construccion\/faqs\/que-es-un-defecto-de-construccion\/\">\u00bfQu\u00e9 es un defecto de construcci\u00f3n?<\/a><\/li>\n<li class=\"page_item page-item-4542\"><a href=\"https:\/\/steinberglawfirm-staging.clmcloud.app\/es\/defecto-de-construccion\/faqs\/que-es-el-arbitraje\/\">\u00bfQu\u00e9 es el arbitraje?<\/a><\/li>\n<li class=\"page_item page-item-4534\"><a href=\"https:\/\/steinberglawfirm-staging.clmcloud.app\/es\/defecto-de-construccion\/faqs\/que-es-el-flash\/\">\u00bfQu\u00e9 es el parpadeo?<\/a><\/li>\n<li class=\"page_item page-item-4532\"><a href=\"https:\/\/steinberglawfirm-staging.clmcloud.app\/es\/defecto-de-construccion\/faqs\/que-es-el-moho-2\/\">\u00bfQu\u00e9 es el moho?<\/a><\/li>\n<li class=\"page_item page-item-4530\"><a href=\"https:\/\/steinberglawfirm-staging.clmcloud.app\/es\/defecto-de-construccion\/faqs\/que-es-el-moho\/\">\u00bfQu\u00e9 es el moho?<\/a><\/li>\n<li class=\"page_item page-item-4345\"><a href=\"https:\/\/steinberglawfirm-staging.clmcloud.app\/es\/defecto-de-construccion\/faqs\/que-es-la-podredumbre-de-la-madera\/\">\u00bfQu\u00e9 es la podredumbre de la madera?<\/a><\/li>\n<li class=\"page_item page-item-4536\"><a href=\"https:\/\/steinberglawfirm-staging.clmcloud.app\/es\/defecto-de-construccion\/faqs\/que-papel-juegan-las-asociaciones-de-propietarios-en-la-resolucion-de-los-defectos-de-construccion\/\">\u00bfQu\u00e9 papel desempe\u00f1an las comunidades de propietarios en la resoluci\u00f3n de los defectos de construcci\u00f3n?<\/a><\/li>\n<li class=\"page_item page-item-4311\"><a href=\"https:\/\/steinberglawfirm-staging.clmcloud.app\/es\/defecto-de-construccion\/faqs\/que-debo-hacer-si-encuentro-un-defecto-de-construccion\/\">\u00bfQu\u00e9 debo hacer si encuentro un defecto de construcci\u00f3n?<\/a><\/li>\n<li class=\"page_item page-item-4552\"><a href=\"https:\/\/steinberglawfirm-staging.clmcloud.app\/es\/defecto-de-construccion\/faqs\/donde-esta-el-bufete-de-derechos-de-steinberg-manejando-casos-de-construccion\/\">\u00bfD\u00f3nde maneja el Steinberg Law Firm los casos de construcci\u00f3n?<\/a><\/li>\n<li class=\"page_item page-item-4540\"><a href=\"https:\/\/steinberglawfirm-staging.clmcloud.app\/es\/defecto-de-construccion\/faqs\/quien-puede-demandar-por-un-problema-en-una-casa-o-condominio\/\">\u00bfQui\u00e9n puede demandar por un problema en una casa o condominio?<\/a><\/li>\n<li class=\"page_item page-item-4314\"><a href=\"https:\/\/steinberglawfirm-staging.clmcloud.app\/es\/defecto-de-construccion\/faqs\/quien-es-responsable-de-un-defecto-de-construccion\/\">\u00bfQui\u00e9n es responsable de un defecto de construcci\u00f3n?<\/a><\/li>\n<li class=\"page_item page-item-4317\"><a href=\"https:\/\/steinberglawfirm-staging.clmcloud.app\/es\/defecto-de-construccion\/faqs\/por-que-necesito-contratar-a-un-abogado-con-experiencia-en-temas-de-construccion\/\">\u00bfPor qu\u00e9 necesito contratar a un abogado con experiencia en temas de construcci\u00f3n?<\/a><\/li>\n<li class=\"page_item page-item-4319\"><a href=\"https:\/\/steinberglawfirm-staging.clmcloud.app\/es\/defecto-de-construccion\/faqs\/por-que-deberia-preocuparme-por-los-problemas-de-construccion-si-mi-constructor-me-da-una-garantia\/\">\u00bfPor qu\u00e9 debo preocuparme por los problemas de construcci\u00f3n si mi constructor me dio una garant\u00eda?<\/a><\/li>\n<\/ul>","protected":false},"excerpt":{"rendered":"<p>El South Carolina protege a los compradores de viviendas de los defectos de varias maneras, de las que aqu\u00ed s\u00f3lo se ofrece un resumen de las m\u00e1s importantes. En primer lugar, la ley establece que cualquiera que venda a alguien una casa nueva, una casa adosada o un condominio garantiza que la casa es adecuada para que alguien la habite. La ley reconoce que la mayor\u00eda...<\/p>","protected":false},"author":1,"featured_media":0,"parent":4308,"menu_order":0,"comment_status":"closed","ping_status":"closed","template":"","meta":{"_acf_changed":false,"footnotes":""},"class_list":["post-4515","page","type-page","status-publish","hentry"],"acf":[],"_links":{"self":[{"href":"https:\/\/steinberglawfirm-staging.clmcloud.app\/es\/wp-json\/wp\/v2\/pages\/4515"}],"collection":[{"href":"https:\/\/steinberglawfirm-staging.clmcloud.app\/es\/wp-json\/wp\/v2\/pages"}],"about":[{"href":"https:\/\/steinberglawfirm-staging.clmcloud.app\/es\/wp-json\/wp\/v2\/types\/page"}],"author":[{"embeddable":true,"href":"https:\/\/steinberglawfirm-staging.clmcloud.app\/es\/wp-json\/wp\/v2\/users\/1"}],"replies":[{"embeddable":true,"href":"https:\/\/steinberglawfirm-staging.clmcloud.app\/es\/wp-json\/wp\/v2\/comments?post=4515"}],"version-history":[{"count":2,"href":"https:\/\/steinberglawfirm-staging.clmcloud.app\/es\/wp-json\/wp\/v2\/pages\/4515\/revisions"}],"predecessor-version":[{"id":19636,"href":"https:\/\/steinberglawfirm-staging.clmcloud.app\/es\/wp-json\/wp\/v2\/pages\/4515\/revisions\/19636"}],"up":[{"embeddable":true,"href":"https:\/\/steinberglawfirm-staging.clmcloud.app\/es\/wp-json\/wp\/v2\/pages\/4308"}],"wp:attachment":[{"href":"https:\/\/steinberglawfirm-staging.clmcloud.app\/es\/wp-json\/wp\/v2\/media?parent=4515"}],"curies":[{"name":"wp","href":"https:\/\/api.w.org\/{rel}","templated":true}]}}