{"id":4276,"date":"2018-08-09T22:01:10","date_gmt":"2018-08-09T22:01:10","guid":{"rendered":"https:\/\/www.steinberglawfirm.com\/?page_id=4276"},"modified":"2022-03-14T19:26:39","modified_gmt":"2022-03-14T19:26:39","slug":"medical-university-of-south-carolina","status":"publish","type":"page","link":"https:\/\/steinberglawfirm-staging.clmcloud.app\/es\/hospitales\/medical-university-of-south-carolina\/","title":{"rendered":"Universidad M\u00e9dica de South Carolina"},"content":{"rendered":"<h1>South Carolina Abogado de lesiones personales cerca de la Universidad M\u00e9dica de South Carolina<\/h1>\n<p>\u00bfEst\u00e1 usted o su ser querido recibiendo tratamiento m\u00e9dico en la Universidad M\u00e9dica de South Carolina en Charleston, South Carolina? \u00bfHa sido usted o su ser querido v\u00edctima de <a href=\"https:\/\/www.steinberglawfirm.com\/practice-areas\/medical-malpractice\/\" target=\"_blank\" rel=\"noopener\">negligencia m\u00e9dica<\/a>, <a href=\"https:\/\/www.steinberglawfirm.com\/practice-areas\/auto-accidents\/\" target=\"_blank\" rel=\"noopener\">un accidente de coche<\/a>, <a href=\"https:\/\/www.steinberglawfirm.com\/practice-areas\/premises-liability\/slip-and-fall\/\" target=\"_blank\" rel=\"noopener\">un resbal\u00f3n y una ca\u00edda<\/a> o <a href=\"https:\/\/www.steinberglawfirm.com\/practice-areas\/personal-injury\/\" target=\"_blank\" rel=\"noopener\">da\u00f1os personales<\/a>?<\/p>\n<p>La mayor\u00eda de las personas que se han lesionado en un accidente piensan que pueden manejar el trato con una compa\u00f1\u00eda de seguros para resolver una reclamaci\u00f3n por s\u00ed mismos. Esto no es aconsejable, ya que suele ser una lucha por conseguir un acuerdo justo y equitativo. Normalmente, el objetivo principal de una compa\u00f1\u00eda de seguros es ofrecer lo menos posible para reducir sus p\u00e9rdidas. Hable con un abogado experto en lesiones personales para conocer sus derechos legales.<\/p>\n<p>Contactar con un <strong><a href=\"https:\/\/www.steinberglawfirm.com\/\" target=\"_blank\" rel=\"noopener\">South Carolina abogado de lesiones personales<\/a><\/strong> cerca de la Universidad M\u00e9dica de South Carolina en Charleston, es la mejor manera de averiguar c\u00f3mo puede obtener una compensaci\u00f3n justa y equitativa por sus lesiones. Usted no paga nada hasta que su caso se resuelva o gane en el juicio.<\/p>\n<p><strong>Universidad M\u00e9dica de South Carolina, Charleston, South Carolina Ubicaci\u00f3n<\/strong><br \/>\nLa Universidad de Medicina de South Carolina en Charleston, South Carolina, abri\u00f3 sus puertas en 1824 y fue designada como una universidad privada para formar m\u00e9dicos. Se considera una de las facultades de medicina m\u00e1s antiguas de Estados Unidos que funciona de forma continuada. Con el paso de los a\u00f1os, la escuela se convirti\u00f3 en una universidad estatal con un centro m\u00e9dico y ofrece seis facultades para profesionales de la salud, cient\u00edficos biom\u00e9dicos y trabajadores sanitarios.<\/p>\n<p>La Universidad M\u00e9dica de South Carolina tambi\u00e9n destaca por su centro de investigaci\u00f3n y cuenta con un hospital p\u00fablico. El centro m\u00e9dico se encuentra en el 171 de la avenida Ashley, Charleston, South Carolina. Est\u00e1 convenientemente situado a pocos kil\u00f3metros de las oficinas del Steinberg Law Firm. El Steinberg Law Firm se encuentra en 61 Broad St, Charleston, South Carolina.<\/p>\n<p><strong>Universidad M\u00e9dica de South Carolina en Charleston, South Carolina<\/strong> ha recibido los premios a la calidad hospitalaria y a la calidad cl\u00ednica con registros proporcionados por healthgrades.com:<\/p>\n<li><strong>Universidad M\u00e9dica de South Carolina<\/strong> recibi\u00f3 el Premio a la Experiencia Sobresaliente del Paciente de 2017, un premio a la Calidad Hospitalaria.<\/li>\n<li><strong>Universidad M\u00e9dica de South Carolina<\/strong> en Charleston recibi\u00f3 cuatro premios a la calidad cl\u00ednica: 2018, 2017, 2016 America's 100 Best Hospitals for Stroke Care Award\u2122, 2017, 2016 Neurosciences Excellence Award\u2122, 2016 Cranial Neurosurgery Excellence Award\u2122 y 2016 Pulmonary Care Excellence Award\u2122.<\/li>\n<li><strong>Universidad M\u00e9dica de South Carolina<\/strong>ha tenido 1 incidente de objetos extra\u00f1os dejados en el cuerpo durante una cirug\u00eda o procedimiento.<\/li>\n<li><strong>Sangrado gastrointestinal:<\/strong> Las hemorragias gastrointestinales se producen en cualquier parte del tubo digestivo. La tasa de mortalidad en esta zona se sit\u00faa en el 2,15%, mientras que la tasa de mortalidad prevista es del 2,77. Estos porcentajes se basan en 372 casos.<\/li>\n<li><strong>La sepsis:<\/strong> La sepsis est\u00e1 causada por una infecci\u00f3n grave que se propaga por el torrente sangu\u00edneo y provoca una inflamaci\u00f3n potencialmente mortal en todo el organismo. La tasa de mortalidad de esta infecci\u00f3n se sit\u00faa en el 25%. Esto es ligeramente mejor de lo esperado, ya que la tasa de mortalidad prevista es del 26,3%. Por ello, el hospital recibi\u00f3 una calificaci\u00f3n de tres de cinco estrellas. Estas estad\u00edsticas se basan en 772 casos.<\/li>\n<li><strong>Un accidente cerebrovascular:<\/strong> El ictus est\u00e1 causado por una interrupci\u00f3n del flujo sangu\u00edneo y de ox\u00edgeno en el cerebro. La tasa de mortalidad en la Universidad M\u00e9dica de South Carolina est\u00e1 en el 11,8 por ciento. Esto es mejor de lo esperado, ya que la tasa de mortalidad prevista se sit\u00faa en el 15,25 por ciento. Por lo tanto, el hospital recibi\u00f3 una calificaci\u00f3n de cinco sobre cinco estrellas en esta \u00e1rea.<\/li>","protected":false},"excerpt":{"rendered":"<p>South Carolina Abogado de lesiones personales cerca de la Universidad M\u00e9dica de South Carolina \u00bfEst\u00e1 usted o su ser querido recibiendo tratamiento m\u00e9dico en la Universidad M\u00e9dica de South Carolina en Charleston, South Carolina? \u00bfHa sido usted o su ser querido v\u00edctima de una negligencia m\u00e9dica, un accidente de coche, un resbal\u00f3n y ca\u00edda o una lesi\u00f3n personal? La mayor\u00eda de las personas que...<\/p>","protected":false},"author":1,"featured_media":5765,"parent":4266,"menu_order":0,"comment_status":"closed","ping_status":"closed","template":"","meta":{"_acf_changed":false,"footnotes":""},"class_list":["post-4276","page","type-page","status-publish","has-post-thumbnail","hentry"],"acf":[],"_links":{"self":[{"href":"https:\/\/steinberglawfirm-staging.clmcloud.app\/es\/wp-json\/wp\/v2\/pages\/4276"}],"collection":[{"href":"https:\/\/steinberglawfirm-staging.clmcloud.app\/es\/wp-json\/wp\/v2\/pages"}],"about":[{"href":"https:\/\/steinberglawfirm-staging.clmcloud.app\/es\/wp-json\/wp\/v2\/types\/page"}],"author":[{"embeddable":true,"href":"https:\/\/steinberglawfirm-staging.clmcloud.app\/es\/wp-json\/wp\/v2\/users\/1"}],"replies":[{"embeddable":true,"href":"https:\/\/steinberglawfirm-staging.clmcloud.app\/es\/wp-json\/wp\/v2\/comments?post=4276"}],"version-history":[{"count":2,"href":"https:\/\/steinberglawfirm-staging.clmcloud.app\/es\/wp-json\/wp\/v2\/pages\/4276\/revisions"}],"predecessor-version":[{"id":19296,"href":"https:\/\/steinberglawfirm-staging.clmcloud.app\/es\/wp-json\/wp\/v2\/pages\/4276\/revisions\/19296"}],"up":[{"embeddable":true,"href":"https:\/\/steinberglawfirm-staging.clmcloud.app\/es\/wp-json\/wp\/v2\/pages\/4266"}],"wp:featuredmedia":[{"embeddable":true,"href":"https:\/\/steinberglawfirm-staging.clmcloud.app\/es\/wp-json\/wp\/v2\/media\/5765"}],"wp:attachment":[{"href":"https:\/\/steinberglawfirm-staging.clmcloud.app\/es\/wp-json\/wp\/v2\/media?parent=4276"}],"curies":[{"name":"wp","href":"https:\/\/api.w.org\/{rel}","templated":true}]}}