{"id":4271,"date":"2018-08-09T21:55:07","date_gmt":"2018-08-09T21:55:07","guid":{"rendered":"https:\/\/www.steinberglawfirm.com\/?page_id=4271"},"modified":"2022-03-14T19:26:38","modified_gmt":"2022-03-14T19:26:38","slug":"bon-secours-st-francis-hospital","status":"publish","type":"page","link":"https:\/\/steinberglawfirm-staging.clmcloud.app\/es\/hospitales\/hospital-bon-secours-st-francis\/","title":{"rendered":"Hospital Bon Secours St. Francis"},"content":{"rendered":"<h1>South Carolina Abogado de lesiones personales cerca del Hospital Bon Secours St. Francis en Charleston, South Carolina<\/h1>\n<p>\u00bfHa sido usted o su ser querido tratado en el Hospital Bon Secours St. Francis, Charleston, South Carolina? \u00bfHa sido usted o un ser querido v\u00edctima de un <a href=\"https:\/\/www.steinberglawfirm.com\/practice-areas\/head-brain-and-spine-injuries\/\" target=\"_blank\" rel=\"noopener\">lesi\u00f3n en la cabeza, el cerebro o la columna vertebral<\/a>, <a href=\"https:\/\/www.steinberglawfirm.com\/practice-areas\/medical-malpractice\/\" target=\"_blank\" rel=\"noopener\">negligencia m\u00e9dica<\/a>, a <a href=\"https:\/\/www.steinberglawfirm.com\/practice-areas\/auto-accidents\/\" target=\"_blank\" rel=\"noopener\">accidente de coche<\/a> o <a href=\"https:\/\/www.steinberglawfirm.com\/practice-areas\/truck-accidents\/\" target=\"_blank\" rel=\"noopener\">accidente de cami\u00f3n<\/a>? <a href=\"https:\/\/www.steinberglawfirm.com\/contact-us\/\" target=\"_blank\" rel=\"noopener\">Llame al Steinberg Law Firm lo antes posible<\/a>. La consulta con un abogado de lesiones personales en el Steinberg Law Firm es gratuita.<\/p>\n<p>Aunque muchos demandantes piensan que las compa\u00f1\u00edas de seguros ofrecen acuerdos razonables y equitativos para las reclamaciones por lesiones, esto no es as\u00ed. Intentar resolver una reclamaci\u00f3n con una compa\u00f1\u00eda de seguros por s\u00ed mismo suele acabar con un acuerdo menor del que podr\u00eda haber obtenido en los tribunales o sin acuerdo alguno si la reclamaci\u00f3n es denegada. Hable con un abogado experto en lesiones personales para conocer sus derechos legales.<\/p>\n<p>Contactar con un <strong><a href=\"https:\/\/www.steinberglawfirm.com\/\" target=\"_blank\" rel=\"noopener\">South Carolina abogado de lesiones personales<\/a><\/strong> cerca del Hospital Bon Secours St. Francis en Charleston, South Carolina es la mejor manera de informarse para obtener una indemnizaci\u00f3n por cualquier lesi\u00f3n. Usted no paga nada hasta que su caso se resuelva o gane en el juicio.<\/p>\n<p><strong>Hospital Bon Secours St. Francis, Charleston, South Carolina, Ubicaci\u00f3n<\/strong><br \/>\nEl Hospital Bon Secours St. Francis naci\u00f3 en 1882, cuando cinco Hermanas de la Caridad de Nuestra Se\u00f1ora de la Misericordia abrieron la Enfermer\u00eda St. Fue el primer hospital del estado. Francis ofrece la tecnolog\u00eda m\u00e9dica m\u00e1s avanzada y cuidados intensivos integrales, al tiempo que cumple con su compromiso de atender a la \"persona en su totalidad\": f\u00edsica, espiritual y emocionalmente.<\/p>\n<p>El Hospital Bon Secours St. Francis destaca por su calidad y su atenci\u00f3n compasiva. El hospital ofrece cirug\u00eda bari\u00e1trica; un centro oncol\u00f3gico con centros de diagn\u00f3stico, imagen, radioterapia e infusi\u00f3n; 204 camas; unidades de parto premiadas; servicio completo de urgencias; y centros de excelencia en ortopedia y neurolog\u00eda.<\/p>\n<p>El hospital est\u00e1 situado en 2095 Henry Tecklenburg Drive en Charleston South Carolina que est\u00e1 a s\u00f3lo un par de millas de la Steinberg Law Firm. El Steinberg Law Firm est\u00e1 situado en 61 Broad St, Charleston, South Carolina.<\/p>\n<p><strong>Hospital Bon Secours St. Francis en South Carolina<\/strong> ha recibido los premios a la calidad hospitalaria y a la calidad cl\u00ednica con registros proporcionados por healthgrades.com:<\/p>\n<li><strong>Hospital Bon Secours St. Francis<\/strong> recibi\u00f3 el Outstanding Patient Experience Award\u2122, 2018, 2017, 2016, The Patient Safety Excellence Award\u2122, 2016, 2017.<\/li>\n<li><strong>Hospital Bon Secours St. Francis<\/strong> ha recibido seis premios a la calidad cl\u00ednica, America's 100 Best Hospitals for Pulmonary Care Award\u2122, 2018, 2017, 2016, Critical Care Excellence Award\u2122, 2018, 2017, 2016, Stroke Care Excellence Award, 2018, 2016, Gastrointestinal Care Excellence Award\u2122, 2017, 2016, Spine Surgery Excellence Award, 2017, 2016, General Surgery Excellence Award, 2016<\/li>\n<li><strong>Hospital Bon Secours St. Francis<\/strong>ha tenido 0 incidentes de objetos extra\u00f1os dejados en el cuerpo durante una cirug\u00eda o procedimiento.<\/li>\n<li><strong>Insuficiencia card\u00edaca:<\/strong> La insuficiencia card\u00edaca se produce cuando el m\u00fasculo card\u00edaco est\u00e1 da\u00f1ado y es demasiado d\u00e9bil para bombear suficiente sangre rica en ox\u00edgeno al organismo. La tasa de mortalidad en este \u00e1mbito se sit\u00faa en el 4,75 por ciento, con una clasificaci\u00f3n de cinco sobre cinco estrellas. El porcentaje de mortalidad previsto es del 7,22 por ciento. Los porcentajes se basan en 337 casos.<\/li>\n<li><strong>Fusi\u00f3n espinal:<\/strong> La fusi\u00f3n espinal es la uni\u00f3n quir\u00fargica de dos v\u00e9rtebras del cuello o la espalda para tratar el dolor debido a una fractura espinal, una enfermedad discal degenerativa o anomal\u00edas de la columna vertebral. El porcentaje de complicaciones en esta \u00e1rea se sit\u00faa en el 5,02 por ciento con una calificaci\u00f3n de cinco sobre cinco estrellas. El porcentaje previsto de complicaciones en esta \u00e1rea es del 6,69 por ciento. Los porcentajes se basan en 677 casos con una media nacional de 204 casos.<\/li>\n<li><strong>Un accidente cerebrovascular:<\/strong> El ictus est\u00e1 causado por una interrupci\u00f3n del flujo sangu\u00edneo y de ox\u00edgeno al cerebro. La tasa de mortalidad en este \u00e1mbito se sit\u00faa en el 4,38 por ciento con una calificaci\u00f3n de cinco sobre cinco estrellas. El porcentaje de mortalidad previsto es del 9,53%. Los porcentajes se basan en 137 casos.<\/li>\n<p>&nbsp;<\/p>","protected":false},"excerpt":{"rendered":"<p>South Carolina Abogado de lesiones personales cerca del Hospital Bon Secours St. Francis en Charleston, South Carolina \u00bfHa sido usted o su ser querido tratado en el Hospital Bon Secours St. \u00bfHa sido usted o un ser querido v\u00edctima de una lesi\u00f3n en la cabeza, el cerebro o la columna vertebral, de una negligencia m\u00e9dica, de un accidente de coche o de un cami\u00f3n...<\/p>","protected":false},"author":1,"featured_media":5765,"parent":4266,"menu_order":0,"comment_status":"closed","ping_status":"closed","template":"","meta":{"_acf_changed":false,"footnotes":""},"class_list":["post-4271","page","type-page","status-publish","has-post-thumbnail","hentry"],"acf":[],"_links":{"self":[{"href":"https:\/\/steinberglawfirm-staging.clmcloud.app\/es\/wp-json\/wp\/v2\/pages\/4271"}],"collection":[{"href":"https:\/\/steinberglawfirm-staging.clmcloud.app\/es\/wp-json\/wp\/v2\/pages"}],"about":[{"href":"https:\/\/steinberglawfirm-staging.clmcloud.app\/es\/wp-json\/wp\/v2\/types\/page"}],"author":[{"embeddable":true,"href":"https:\/\/steinberglawfirm-staging.clmcloud.app\/es\/wp-json\/wp\/v2\/users\/1"}],"replies":[{"embeddable":true,"href":"https:\/\/steinberglawfirm-staging.clmcloud.app\/es\/wp-json\/wp\/v2\/comments?post=4271"}],"version-history":[{"count":2,"href":"https:\/\/steinberglawfirm-staging.clmcloud.app\/es\/wp-json\/wp\/v2\/pages\/4271\/revisions"}],"predecessor-version":[{"id":19295,"href":"https:\/\/steinberglawfirm-staging.clmcloud.app\/es\/wp-json\/wp\/v2\/pages\/4271\/revisions\/19295"}],"up":[{"embeddable":true,"href":"https:\/\/steinberglawfirm-staging.clmcloud.app\/es\/wp-json\/wp\/v2\/pages\/4266"}],"wp:featuredmedia":[{"embeddable":true,"href":"https:\/\/steinberglawfirm-staging.clmcloud.app\/es\/wp-json\/wp\/v2\/media\/5765"}],"wp:attachment":[{"href":"https:\/\/steinberglawfirm-staging.clmcloud.app\/es\/wp-json\/wp\/v2\/media?parent=4271"}],"curies":[{"name":"wp","href":"https:\/\/api.w.org\/{rel}","templated":true}]}}