{"id":4268,"date":"2018-08-09T21:48:45","date_gmt":"2018-08-09T21:48:45","guid":{"rendered":"https:\/\/www.steinberglawfirm.com\/?page_id=4268"},"modified":"2022-03-14T19:26:42","modified_gmt":"2022-03-14T19:26:42","slug":"trident-medical-center","status":"publish","type":"page","link":"https:\/\/steinberglawfirm-staging.clmcloud.app\/es\/hospitales\/trident-medical-center\/","title":{"rendered":"Centro M\u00e9dico Trident"},"content":{"rendered":"<h1>South Carolina Abogado de lesiones personales cerca de Trident Medical Center en Charleston, South Carolina<\/h1>\n<p>\u00bfHa recibido usted, o un ser querido, tratamiento m\u00e9dico en Trident Medical Center en Charleston, South Carolina? \u00bfHa sido usted la v\u00edctima de un <a href=\"https:\/\/www.steinberglawfirm.com\/practice-areas\/auto-accidents\/\" target=\"_blank\" rel=\"noopener\">accidente de coche<\/a>, <a href=\"https:\/\/www.steinberglawfirm.com\/practice-areas\/truck-accidents\/\" target=\"_blank\" rel=\"noopener\">accidente de cami\u00f3n<\/a>, <a href=\"https:\/\/www.steinberglawfirm.com\/practice-areas\/medical-malpractice\/\" target=\"_blank\" rel=\"noopener\">negligencia m\u00e9dica<\/a>\u00bfun diagn\u00f3stico err\u00f3neo o una falta de diagn\u00f3stico de una enfermedad?<\/p>\n<p>Haga su primera llamada al Steinberg Law Firm para obtener una consulta gratuita sobre su caso de accidente. Muchas personas involucradas en accidentes tienden a llamar primero a la compa\u00f1\u00eda de seguros, pero primero necesita saber cu\u00e1les son sus derechos legales, qu\u00e9 esperar y c\u00f3mo proceder con una reclamaci\u00f3n por da\u00f1os personales si as\u00ed lo decide. Las compa\u00f1\u00edas de seguros buscan reducir su reclamaci\u00f3n y\/o negarla para reducir sus p\u00e9rdidas.<\/p>\n<p>Contactar con un <strong><a href=\"https:\/\/www.steinberglawfirm.com\/\" target=\"_blank\" rel=\"noopener\">South Carolina abogado de lesiones personales<\/a><\/strong> cerca de Trident Medical Center en Charleston, South Carolina es la mejor manera de averiguar c\u00f3mo obtener una indemnizaci\u00f3n por sus lesiones. Usted no paga nada hasta que su caso se resuelva o gane en el juicio.<\/p>\n<p><strong>Centro M\u00e9dico Trident, South Carolina Ubicaci\u00f3n<\/strong><br \/>\nTrident Medical Center se encuentra en 9330 Medical Plaza Drive, North Charleston, South Carolina. El centro m\u00e9dico est\u00e1 convenientemente situado a pocos kil\u00f3metros de la Steinberg Law Firm. Las oficinas de la empresa se encuentran en 61 Broad St, en Charleston South Carolina.<\/p>\n<p><strong>Centro M\u00e9dico Trident<\/strong> de Charleston, South Carolina ha recibido premios a la calidad hospitalaria y a la calidad cl\u00ednica con registros proporcionados por healthgrades.com:<\/p>\n<li><strong>Centro M\u00e9dico Trident de Charleston, South Carolina<\/strong> recibi\u00f3 el premio 2018 Patient Safety Excellence Award\u2122, 2018<\/li>\n<li><strong>Centro M\u00e9dico Trident de Charleston, South Carolina<\/strong>, recibi\u00f3 dos premios a la calidad cl\u00ednica, el America's 50 Best Hospitals for Vascular Surgery Award\u2122, 2018, y el America's 100 Best Hospitals for Spine Surgery Award\u2122, 2018.<\/li>\n<li><strong>Centro M\u00e9dico Trident<\/strong>ha tenido 0 incidentes de objetos extra\u00f1os dejados en el cuerpo durante una cirug\u00eda o procedimiento.<\/li>\n<li><strong>Insuficiencia card\u00edaca:<\/strong> La insuficiencia card\u00edaca se produce cuando el coraz\u00f3n est\u00e1 da\u00f1ado y es demasiado d\u00e9bil para bombear suficiente sangre rica en ox\u00edgeno al organismo. La tasa de mortalidad en este \u00e1mbito se sit\u00faa en el 3,92 por ciento, con una calificaci\u00f3n de tres sobre cinco estrellas. El porcentaje de mortalidad previsto es del 3,89 por ciento. Los porcentajes se basan en 1377 casos.<\/li>\n<li><strong>Fusi\u00f3n espinal:<\/strong> La fusi\u00f3n espinal es la uni\u00f3n quir\u00fargica de dos v\u00e9rtebras del cuello o la espalda para tratar el dolor debido a una fractura espinal, una enfermedad discal degenerativa o anomal\u00edas de la columna vertebral. El porcentaje de complicaciones en esta \u00e1rea se sit\u00faa en el 3,19 por ciento con un cinco de cinco estrellas. El porcentaje previsto de complicaciones es del 6,36 por ciento. Los porcentajes se basan en 502 casos intrahospitalarios con una media nacional de 204 casos.<\/li>\n<li><strong>Un accidente cerebrovascular:<\/strong> El ictus est\u00e1 causado por una interrupci\u00f3n del flujo sangu\u00edneo y de ox\u00edgeno al cerebro. El porcentaje de mortalidad en este \u00e1mbito se situ\u00f3 en el 6,47%, con una calificaci\u00f3n de tres sobre cinco estrellas. El porcentaje de mortalidad previsto es del 7,52%. Los porcentajes se basan en 603 casos.<\/li>","protected":false},"excerpt":{"rendered":"<p>South Carolina Abogado de lesiones personales cerca de Trident Medical Center en Charleston, South Carolina \u00bfHa recibido usted, o un ser querido, tratamiento m\u00e9dico en Trident Medical Center en Charleston, South Carolina? \u00bfHa sido v\u00edctima de un accidente de coche, accidente de cami\u00f3n, negligencia m\u00e9dica, un diagn\u00f3stico err\u00f3neo o la falta de diagn\u00f3stico de una enfermedad? Haga...<\/p>","protected":false},"author":1,"featured_media":5765,"parent":4266,"menu_order":0,"comment_status":"closed","ping_status":"closed","template":"","meta":{"_acf_changed":false,"footnotes":""},"class_list":["post-4268","page","type-page","status-publish","has-post-thumbnail","hentry"],"acf":[],"_links":{"self":[{"href":"https:\/\/steinberglawfirm-staging.clmcloud.app\/es\/wp-json\/wp\/v2\/pages\/4268"}],"collection":[{"href":"https:\/\/steinberglawfirm-staging.clmcloud.app\/es\/wp-json\/wp\/v2\/pages"}],"about":[{"href":"https:\/\/steinberglawfirm-staging.clmcloud.app\/es\/wp-json\/wp\/v2\/types\/page"}],"author":[{"embeddable":true,"href":"https:\/\/steinberglawfirm-staging.clmcloud.app\/es\/wp-json\/wp\/v2\/users\/1"}],"replies":[{"embeddable":true,"href":"https:\/\/steinberglawfirm-staging.clmcloud.app\/es\/wp-json\/wp\/v2\/comments?post=4268"}],"version-history":[{"count":1,"href":"https:\/\/steinberglawfirm-staging.clmcloud.app\/es\/wp-json\/wp\/v2\/pages\/4268\/revisions"}],"predecessor-version":[{"id":14005,"href":"https:\/\/steinberglawfirm-staging.clmcloud.app\/es\/wp-json\/wp\/v2\/pages\/4268\/revisions\/14005"}],"up":[{"embeddable":true,"href":"https:\/\/steinberglawfirm-staging.clmcloud.app\/es\/wp-json\/wp\/v2\/pages\/4266"}],"wp:featuredmedia":[{"embeddable":true,"href":"https:\/\/steinberglawfirm-staging.clmcloud.app\/es\/wp-json\/wp\/v2\/media\/5765"}],"wp:attachment":[{"href":"https:\/\/steinberglawfirm-staging.clmcloud.app\/es\/wp-json\/wp\/v2\/media?parent=4268"}],"curies":[{"name":"wp","href":"https:\/\/api.w.org\/{rel}","templated":true}]}}