{"id":4266,"date":"2018-08-09T21:43:22","date_gmt":"2018-08-09T21:43:22","guid":{"rendered":"https:\/\/www.steinberglawfirm.com\/?page_id=4266"},"modified":"2022-03-14T19:26:19","modified_gmt":"2022-03-14T19:26:19","slug":"hospitals","status":"publish","type":"page","link":"https:\/\/steinberglawfirm-staging.clmcloud.app\/es\/hospitales\/","title":{"rendered":"South Carolina Hospitales"},"content":{"rendered":"<h1>South Carolina Abogados especializados en da\u00f1os personales en hospitales<\/h1>\n<p>Cuando acude al hospital, conf\u00eda en que los profesionales m\u00e9dicos de guardia le proporcionar\u00e1n la atenci\u00f3n y los cuidados que necesita para mejorar. Y en la mayor\u00eda de los casos, los pacientes son admitidos y dados de alta del hospital sin problemas. Sin embargo, de vez en cuando, las cosas no salen como estaba previsto, y un paciente sufre lesiones graves como resultado de la negligencia de un trabajador del hospital.<\/p>\n<p>En Steinberg Law, tenemos una larga tradici\u00f3n de representar a los pacientes que han sido gravemente heridos debido a la negligencia de los trabajadores del hospital, incluyendo m\u00e9dicos, enfermeras y farmac\u00e9uticos. Estamos orgullosos de representar a clientes con lesiones en <a href=\"https:\/\/www.steinberglawfirm.com\/practice-areas\/medical-malpractice\/\" target=\"_blank\" rel=\"noopener\">South Carolina reclamaciones por negligencia m\u00e9dica<\/a>, <a href=\"https:\/\/www.steinberglawfirm.com\/practice-areas\/premises-liability\/slip-and-fall\/\" target=\"_blank\" rel=\"noopener\">accidentes por resbalones y ca\u00eddas<\/a>, <a href=\"https:\/\/www.steinberglawfirm.com\/practice-areas\/dangerous-products\/dangerous-drugs\/\" target=\"_blank\" rel=\"noopener\">errores en la farmacia<\/a> y <a href=\"https:\/\/www.steinberglawfirm.com\/practice-areas\/\" target=\"_blank\" rel=\"noopener\">m\u00e1s<\/a>. Tambi\u00e9n <a href=\"https:\/\/www.steinberglawfirm.com\/practice-areas\/workers-compensation\/\" target=\"_blank\" rel=\"noopener\">gestionar las reclamaciones por lesiones laborales en nombre de los trabajadores hospitalarios lesionados<\/a>. Con <a href=\"https:\/\/www.steinberglawfirm.com\/about-us\/\" target=\"_blank\" rel=\"noopener\">d\u00e9cadas de experiencia en la tramitaci\u00f3n de todo tipo de casos de lesiones hospitalarias Charleston<\/a>Podemos ayudarle a reclamar eficazmente una indemnizaci\u00f3n contra los responsables de sus lesiones.<\/p>\n<p><strong>Secci\u00f3n de estad\u00edsticas <\/strong><\/p>\n<p>- Los errores m\u00e9dicos son actualmente la tercera causa de muerte en Estados Unidos, s\u00f3lo por detr\u00e1s de las enfermedades card\u00edacas y el c\u00e1ncer.<br \/>\n- Los errores m\u00e9dicos son responsables de cerca del 10% de las muertes en el pa\u00eds.<br \/>\n- Se calcula que cada a\u00f1o mueren 440.000 personas por errores, lesiones, accidentes e infecciones en los hospitales.<br \/>\n- Aproximadamente 1 de cada 25 pacientes ingresados en el hospital desarrolla una infecci\u00f3n evitable.<br \/>\n- Los pacientes de Medicare corren un riesgo especial, ya que 1 de cada 4 sufre alg\u00fan tipo de lesi\u00f3n cuando ingresa en el hospital.<br \/>\n- La tasa de lesiones de los trabajadores de hospitales es aproximadamente el doble de la tasa media de lesiones en otras ocupaciones.<br \/>\n- En 2011, el a\u00f1o m\u00e1s reciente del que se dispone de estad\u00edsticas, se produjeron m\u00e1s de 253.700 lesiones y enfermedades relacionadas con el trabajo, lo que equivale a una tasa de 6,8 lesiones relacionadas con el trabajo por cada 100 empleados a tiempo completo. M\u00e1s de 58.000 de estas lesiones requirieron que el empleado perdiera al menos un d\u00eda de trabajo.<\/p>\n<p><strong>Responsabilizar a los hospitales South Carolina <\/strong><\/p>\n<p>Los hospitales son lugares a los que la gente acude para curarse. Sin embargo, tambi\u00e9n pueden ser muy peligrosos. Despu\u00e9s de haber practicado la ley de lesiones personales y negligencia m\u00e9dica durante d\u00e9cadas, en el Steinberg Law Firm, hemos estado haciendo esto el tiempo suficiente para notar un patr\u00f3n. Las siguientes lesiones son las que vemos con m\u00e1s frecuencia:<\/p>\n<p>- Errores de medicaci\u00f3n<br \/>\n- Infecciones evitables<br \/>\n- <a href=\"https:\/\/www.steinberglawfirm.com\/practice-areas\/medical-malpractice\/misdiagnosis\/\" target=\"_blank\" rel=\"noopener\">Diagn\u00f3stico err\u00f3neo o tard\u00edo<\/a><br \/>\n- Productos sanitarios defectuosos<br \/>\n- Errores quir\u00fargicos<br \/>\n- Resbalones y ca\u00eddas<br \/>\n- Errores de anestesia<br \/>\n- Falta de seguimiento de los pacientes<br \/>\n- No ordenar las pruebas necesarias<\/p>\n<p>Los peligros que presentan los hospitales no s\u00f3lo afectan a los pacientes. De hecho, <a href=\"https:\/\/www.steinberglawfirm.com\/practice-areas\/workers-compensation\/occupational-disease-lawyer\/healthcare-employee\/\" target=\"_blank\" rel=\"noopener\">los hospitales son algunos de los lugares de trabajo m\u00e1s peligrosos del pa\u00eds<\/a>En el caso de los hospitales, la seguridad de los pacientes es una prioridad, sobre todo para el personal de enfermer\u00eda, los empleados administrativos y el personal sanitario. Tanto los trabajadores del hospital como los pacientes conf\u00edan en que los hospitales dise\u00f1en protocolos de seguridad s\u00f3lidos para mantenerlos a salvo. Cuando la administraci\u00f3n del hospital no cumple con este deber, todos est\u00e1n en peligro.<\/p>\n<p>Independientemente del tipo de lesi\u00f3n, hay muchas posibilidades de que se pudiera evitar si la administraci\u00f3n del hospital hubiera tomado las precauciones necesarias. En el <a href=\"https:\/\/www.steinberglawfirm.com\/\" target=\"_blank\" rel=\"noopener\">Steinberg Law Firm<\/a>En la actualidad, proporcionamos a las v\u00edctimas de lesiones hospitalarias y a sus familias una representaci\u00f3n compasiva, pero agresiva, desde el momento en que empezamos a trabajar en el caso.<\/p>\n<p><strong>Sirviendo a clientes lesionados en todo South Carolina<\/strong><\/p>\n<p>En el Steinberg Law Firm, trabajamos con personas que se han lesionado en hospitales de todo el South Carolina. Algunos de los hospitales contra los que hemos llevado a cabo casos incluyen:<\/p>\n<p>- <a href=\"https:\/\/www.steinberglawfirm.com\/hospitals\/bon-secours-st-francis-hospital\/\" target=\"_blank\" rel=\"noopener\">Hospital Bon Secours St. Francis<\/a><br \/>\n- <a href=\"https:\/\/www.steinberglawfirm.com\/hospitals\/medical-university-of-south-carolina\/\" target=\"_blank\" rel=\"noopener\">Universidad M\u00e9dica de South Carolina<\/a><br \/>\n- <a href=\"https:\/\/www.steinberglawfirm.com\/hospitals\/musc-health-springview-primary-care\/\" target=\"_blank\" rel=\"noopener\">MUSC Health Springview Primary Care<\/a><br \/>\n- <a href=\"https:\/\/www.steinberglawfirm.com\/hospitals\/summerville-medical-center\/\" target=\"_blank\" rel=\"noopener\">Summerville Centro M\u00e9dico<\/a><br \/>\n- <a href=\"https:\/\/www.steinberglawfirm.com\/hospitals\/trident-medical-center\/\" target=\"_blank\" rel=\"noopener\">Centro M\u00e9dico Trident<\/a><\/p>\n<p>Por supuesto, tambi\u00e9n manejamos casos de negligencia m\u00e9dica basados en la negligencia de profesionales m\u00e9dicos fuera del \u00e1mbito hospitalario, incluyendo m\u00e9dicos de atenci\u00f3n primaria, dentistas y cirujanos orales, fisioterapeutas y m\u00e1s. Si se ha lesionado en el hospital o en cualquier entorno m\u00e9dico, p\u00f3ngase en contacto con uno de nuestros experimentados abogados para saber c\u00f3mo podemos ayudarle.<\/p>\n<h2>P\u00f3ngase en contacto con el Steinberg Law Firm para obtener asistencia inmediata en su reclamaci\u00f3n por lesiones en el hospital<\/h2>\n<p>Si usted o un ser querido se ha lesionado recientemente mientras estaba en el hospital, p\u00f3ngase en contacto con uno de los <a href=\"https:\/\/www.steinberglawfirm.com\/\" target=\"_blank\" rel=\"noopener\">abogados dedicados a las lesiones personales South Carolina en el Steinberg Law Firm<\/a> para obtener asistencia inmediata. Los casos de lesiones en el hospital suelen ser de alto riesgo, y las compa\u00f1\u00edas de seguros sin duda alistar\u00e1n un equipo de abogados. Cuando usted elige trabajar con el bufete de abogados Stenberg, usted est\u00e1 trayendo un <a href=\"https:\/\/www.steinberglawfirm.com\/attorney\/\" target=\"_blank\" rel=\"noopener\">equipo de abogados expertos, compasivos y agresivos<\/a> a bordo para luchar por usted en cada paso del camino. Con d\u00e9cadas de experiencia representando con \u00e9xito a clientes en <a href=\"https:\/\/www.steinberglawfirm.com\/practice-areas\/medical-malpractice\/\" target=\"_blank\" rel=\"noopener\">Charleston casos de negligencia m\u00e9dica<\/a>Entendemos la naturaleza compleja de las reclamaciones por lesiones hospitalarias. Estamos capacitados para ayudarle a reclamar una indemnizaci\u00f3n contra las partes responsables de sus lesiones. Para saber m\u00e1s, <a href=\"tel:843-720-2800\">llame al 843-720-2800<\/a>o <a href=\"https:\/\/www.steinberglawfirm.com\/contact-us\/\" target=\"_blank\" rel=\"noopener\">contacte con nosotros a trav\u00e9s de nuestro formulario online<\/a>.<\/p>","protected":false},"excerpt":{"rendered":"<p>South Carolina Abogados especialistas en da\u00f1os personales en hospitales Cuando usted acude al hospital, conf\u00eda en que los profesionales m\u00e9dicos de guardia le proporcionar\u00e1n la atenci\u00f3n y los cuidados que necesita para mejorar. Y en la mayor\u00eda de los casos, los pacientes son admitidos y dados de alta del hospital sin problemas. Sin embargo, de vez en cuando, las cosas...<\/p>","protected":false},"author":1,"featured_media":5765,"parent":0,"menu_order":0,"comment_status":"closed","ping_status":"closed","template":"","meta":{"_acf_changed":false,"footnotes":""},"class_list":["post-4266","page","type-page","status-publish","has-post-thumbnail","hentry"],"acf":[],"_links":{"self":[{"href":"https:\/\/steinberglawfirm-staging.clmcloud.app\/es\/wp-json\/wp\/v2\/pages\/4266"}],"collection":[{"href":"https:\/\/steinberglawfirm-staging.clmcloud.app\/es\/wp-json\/wp\/v2\/pages"}],"about":[{"href":"https:\/\/steinberglawfirm-staging.clmcloud.app\/es\/wp-json\/wp\/v2\/types\/page"}],"author":[{"embeddable":true,"href":"https:\/\/steinberglawfirm-staging.clmcloud.app\/es\/wp-json\/wp\/v2\/users\/1"}],"replies":[{"embeddable":true,"href":"https:\/\/steinberglawfirm-staging.clmcloud.app\/es\/wp-json\/wp\/v2\/comments?post=4266"}],"version-history":[{"count":3,"href":"https:\/\/steinberglawfirm-staging.clmcloud.app\/es\/wp-json\/wp\/v2\/pages\/4266\/revisions"}],"predecessor-version":[{"id":19294,"href":"https:\/\/steinberglawfirm-staging.clmcloud.app\/es\/wp-json\/wp\/v2\/pages\/4266\/revisions\/19294"}],"wp:featuredmedia":[{"embeddable":true,"href":"https:\/\/steinberglawfirm-staging.clmcloud.app\/es\/wp-json\/wp\/v2\/media\/5765"}],"wp:attachment":[{"href":"https:\/\/steinberglawfirm-staging.clmcloud.app\/es\/wp-json\/wp\/v2\/media?parent=4266"}],"curies":[{"name":"wp","href":"https:\/\/api.w.org\/{rel}","templated":true}]}}