{"id":4260,"date":"2018-08-09T21:36:39","date_gmt":"2018-08-09T21:36:39","guid":{"rendered":"https:\/\/www.steinberglawfirm.com\/?page_id=4260"},"modified":"2022-04-20T22:53:22","modified_gmt":"2022-04-20T22:53:22","slug":"carta-bus-and-amtrak-train-accident-attorneys","status":"publish","type":"page","link":"https:\/\/steinberglawfirm-staging.clmcloud.app\/es\/lesiones-personales\/abogados-de-lesiones-personales\/carta-autobus-y-tren-accidentes-abogados\/","title":{"rendered":"Charleston Abogados de accidentes de autob\u00fas CARTA y tren Amtrak"},"content":{"rendered":"<h1 class=\"wp-block-heading\">Charleston Abogados de accidentes de autob\u00fas CARTA y tren Amtrak<\/h1>\n\n\n\n<div style=\"height:15px\" aria-hidden=\"true\" class=\"wp-block-spacer\"><\/div>\n\n\n\n<p>Si usted o un ser querido ha sufrido una lesi\u00f3n en un accidente de autob\u00fas CARTA o de tren Amtrak, puede tener derecho a una indemnizaci\u00f3n por da\u00f1os y perjuicios, o a una muerte por negligencia, presentando una <a href=\"https:\/\/www.steinberglawfirm.com\/practice-areas\/personal-injury\/\" target=\"_blank\" rel=\"noopener\">demanda por da\u00f1os y perjuicios<\/a>. CARTA es el mayor proveedor de transporte p\u00fablico de South Carolina, con m\u00e1s de 4 millones de viajes al a\u00f1o.<\/p>\n\n\n\n<p>La Autoridad de Transporte Regional del \u00c1rea de Charleston (CARTA) ofrece transporte p\u00fablico en partes de los condados de Charleston y Dorchester, incluyendo las ciudades de North Charleston, Charleston y las zonas circundantes de Sullivan's Island, Mount Pleasant, James Island, Summerville y la Isla de las Palmas. CARTA funciona los siete d\u00edas de la semana y tambi\u00e9n ofrece un servicio expr\u00e9s de ida y vuelta entre semana, un servicio de transporte gratuito en el centro de Charleston y servicios Tel-A-Ride para los residentes que cumplan los requisitos.<\/p>\n\n\n\n<p>CARTA transport\u00f3 a casi cinco millones de pasajeros en 2012, con una media de m\u00e1s de 15.000 pasajeros entre semana. El servicio Downtown Area Shuttle (DASH), que es gratuito, realiz\u00f3 casi 1,2 millones de viajes en 2012. La empresa de autobuses ofrece 4 rutas expr\u00e9s, 17 rutas fijas y 3 rutas de transporte gratuito con una media diaria de 13.368 usuarios.<\/p>\n\n\n\n<p>La ruta fija ofrece viajes en rutas seleccionadas que funcionan los siete d\u00edas de la semana, pero con servicios limitados los domingos y algunos d\u00edas festivos. Las rutas son recorridas por grandes autobuses de pasajeros con asientos corridos, un elevador para sillas de ruedas, dos entradas y un portabicicletas con espacio para dos bicicletas en la parte delantera de cada autob\u00fas. Las rutas menos transitadas pueden ser atendidas con minibuses.<\/p>\n\n\n\n<p>La CARTA est\u00e1 parcialmente financiada por la Autoridad Federal de Tr\u00e1nsito (FTA) y el Departamento de Transporte South Carolina (SCDOT) y tambi\u00e9n recibe financiaci\u00f3n local derivada de las tarifas de los autobuses y del impuesto de ventas de medio centavo del Condado Charleston.<\/p>\n\n\n\n<p>Las instalaciones de AMTRAK Charleston est\u00e1n situadas en el 4565 de Gaynor Avenue, North Charleston, South Carolina. La estaci\u00f3n est\u00e1 siendo sustituida por el nuevo Centro de Transporte Intermodal North Charleston.<\/p>\n\n\n\n<p>Los accidentes en los que se ven involucrados los autobuses de CARTA y los trenes de AMTRAK no son infrecuentes. En septiembre de 2017, dos personas resultaron heridas en un accidente frente al restaurante IHOP en 1521 Savannah Highway. En abril de 2016, nueve personas, incluido el conductor del autob\u00fas, fueron hospitalizadas tras un accidente en el que se vieron implicados un autob\u00fas CARTA y otro veh\u00edculo en Dorchester Road a la altura de Park Gate Drive en North Charleston. Los pasajeros de los autobuses CARTA y los viajeros de los trenes AMTRAK deber\u00edan confiar en que est\u00e1n seguros mientras viajan en un autob\u00fas o tren en buen estado hacia su destino. Por desgracia, no siempre es as\u00ed.<\/p>\n\n\n\n<p>En febrero, un tren de pasajeros de Amtrak de 2018 choc\u00f3 contra un tren de mercanc\u00edas parado en South Carolina, matando a dos personas e hiriendo al menos a 116. El tren iba por la v\u00eda equivocada. Anteriormente, un tren que transportaba a miembros republicanos del Congreso choc\u00f3 con un cami\u00f3n de la basura matando a un pasajero del veh\u00edculo. Y en diciembre, un tren de Amtrak, que viajaba por una ruta nueva, se salt\u00f3 los camiones en un paso elevado, matando a tres en la autopista bajo las v\u00edas e hiriendo a cerca de 100 personas.<\/p>\n\n\n\n<p>Los accidentes de autob\u00fas y de tren pueden implicar a m\u00faltiples v\u00edctimas y provocar lesiones graves que alteran la vida o incluso la muerte. Estos tipos de accidentes pueden ser causados por negligencias tales como: fatiga del conductor, conducci\u00f3n bajo la influencia, conducci\u00f3n distra\u00edda, exceso de velocidad, conducci\u00f3n temeraria, problemas de mantenimiento, equipo defectuoso o una emergencia m\u00e9dica por parte del conductor.<\/p>\n\n\n\n<p>Si la negligencia de un conductor de CARTA o de un maquinista de AMTRAK y\/o de otros trabajadores resulta en un accidente, las v\u00edctimas tienen derecho a demandar por da\u00f1os y perjuicios. Si se lesion\u00f3 en un accidente de autob\u00fas de CARTA o de tren de AMTRAK, p\u00f3ngase en contacto con un <strong><a href=\"https:\/\/www.steinberglawfirm.com\/\" target=\"_blank\" rel=\"noopener\">Charleston abogado de accidentes de autob\u00fas y tren<\/a><\/strong> hoy en el Steinberg Law Firm.<\/p>","protected":false},"excerpt":{"rendered":"<p>Charleston Abogados de Accidentes de Autob\u00fas CARTA y Tren Amtrak Si usted o un ser querido ha sufrido una lesi\u00f3n en un accidente de autob\u00fas CARTA o de tren Amtrak, puede tener derecho a una indemnizaci\u00f3n por da\u00f1os y perjuicios, o una muerte por negligencia, mediante la presentaci\u00f3n de una demanda por lesiones personales. CARTA es el mayor proveedor de transporte p\u00fablico de South Carolina con...<\/p>","protected":false},"author":1,"featured_media":20434,"parent":9348,"menu_order":0,"comment_status":"closed","ping_status":"closed","template":"","meta":{"_acf_changed":false,"footnotes":""},"class_list":["post-4260","page","type-page","status-publish","has-post-thumbnail","hentry"],"acf":[],"_links":{"self":[{"href":"https:\/\/steinberglawfirm-staging.clmcloud.app\/es\/wp-json\/wp\/v2\/pages\/4260"}],"collection":[{"href":"https:\/\/steinberglawfirm-staging.clmcloud.app\/es\/wp-json\/wp\/v2\/pages"}],"about":[{"href":"https:\/\/steinberglawfirm-staging.clmcloud.app\/es\/wp-json\/wp\/v2\/types\/page"}],"author":[{"embeddable":true,"href":"https:\/\/steinberglawfirm-staging.clmcloud.app\/es\/wp-json\/wp\/v2\/users\/1"}],"replies":[{"embeddable":true,"href":"https:\/\/steinberglawfirm-staging.clmcloud.app\/es\/wp-json\/wp\/v2\/comments?post=4260"}],"version-history":[{"count":3,"href":"https:\/\/steinberglawfirm-staging.clmcloud.app\/es\/wp-json\/wp\/v2\/pages\/4260\/revisions"}],"predecessor-version":[{"id":20435,"href":"https:\/\/steinberglawfirm-staging.clmcloud.app\/es\/wp-json\/wp\/v2\/pages\/4260\/revisions\/20435"}],"up":[{"embeddable":true,"href":"https:\/\/steinberglawfirm-staging.clmcloud.app\/es\/wp-json\/wp\/v2\/pages\/9348"}],"wp:featuredmedia":[{"embeddable":true,"href":"https:\/\/steinberglawfirm-staging.clmcloud.app\/es\/wp-json\/wp\/v2\/media\/20434"}],"wp:attachment":[{"href":"https:\/\/steinberglawfirm-staging.clmcloud.app\/es\/wp-json\/wp\/v2\/media?parent=4260"}],"curies":[{"name":"wp","href":"https:\/\/api.w.org\/{rel}","templated":true}]}}