{"id":4141,"date":"2018-07-05T14:57:09","date_gmt":"2018-07-05T14:57:09","guid":{"rendered":"https:\/\/www.steinberglawfirm.com\/?page_id=4141"},"modified":"2022-03-14T21:04:28","modified_gmt":"2022-03-14T21:04:28","slug":"community-outreach-videos","status":"publish","type":"page","link":"https:\/\/steinberglawfirm-staging.clmcloud.app\/es\/video-centro\/videos-de-divulgacion-comunitaria\/","title":{"rendered":"V\u00eddeos de divulgaci\u00f3n comunitaria"},"content":{"rendered":"<a href=\"\/es\/contact\/\" target=\"_self\" role=\"button\" rel=\"noopener\">\n\t\t\t\t\t\t\tOBTENGA UNA CONSULTA GRATUITA\n\t\t\t\t\t<\/a>\n\n\t<iframe loading=\"lazy\" src=\"https:\/\/www.youtube.com\/embed\/OUyS7gVuNHc?rel=0\" width=\"560\" height=\"315\" frameborder=\"0\" allowfullscreen=\"allowfullscreen\"><\/iframe>\n\t<iframe loading=\"lazy\" src=\"https:\/\/www.youtube.com\/embed\/eRIzPHv4XwY?rel=0\" width=\"560\" height=\"315\" frameborder=\"0\" allowfullscreen=\"allowfullscreen\"><\/iframe>\n\t<iframe loading=\"lazy\" src=\"https:\/\/www.youtube.com\/embed\/XqlBLqpW0zY?rel=0\" width=\"560\" height=\"315\" frameborder=\"0\" allowfullscreen=\"allowfullscreen\"><\/iframe>\n\t<iframe loading=\"lazy\" src=\"https:\/\/www.youtube.com\/embed\/tSiQWvA2X0M?rel=0\" width=\"560\" height=\"315\" frameborder=\"0\" allowfullscreen=\"allowfullscreen\"><\/iframe>\n\t<iframe loading=\"lazy\" src=\"https:\/\/www.youtube.com\/embed\/O2PmFo7mgqQ?rel=0\" width=\"560\" height=\"315\" frameborder=\"0\" allowfullscreen=\"allowfullscreen\"><\/iframe>\n\t<iframe loading=\"lazy\" src=\"https:\/\/www.youtube.com\/embed\/d7CLC_eu048?rel=0\" width=\"560\" height=\"315\" frameborder=\"0\" allowfullscreen=\"allowfullscreen\"><\/iframe>\n<iframe loading=\"lazy\" src=\"https:\/\/www.youtube.com\/embed\/LEQaa7riitI?rel=0\" width=\"560\" height=\"315\" frameborder=\"0\" allowfullscreen=\"allowfullscreen\"><\/iframe>\n\t<iframe loading=\"lazy\" src=\"https:\/\/www.youtube.com\/embed\/JxcqwK-Lpbo?rel=0\" width=\"560\" height=\"315\" frameborder=\"0\" allowfullscreen=\"allowfullscreen\"><\/iframe>\n\t<iframe loading=\"lazy\" src=\"https:\/\/www.youtube.com\/embed\/_lF6Bamw81Y?rel=0\" width=\"560\" height=\"315\" frameborder=\"0\" allowfullscreen=\"allowfullscreen\"><\/iframe>\n<h3>\n\t\tV\u00eddeos adicionales\n\t<\/h3>\n\t\t\t<a href=\"https:\/\/www.steinberglawfirm.com\/video-center\/video-faqs\/\" target=\"_self\" role=\"button\" rel=\"noopener\">\n\t\t\t\t\t\t\tPreguntas frecuentes\n\t\t\t\t\t<\/a>\n\t\t\t<a href=\"https:\/\/www.steinberglawfirm.com\/video-center\/client-testimonial-videos\/\" target=\"_self\" role=\"button\" rel=\"noopener\">\n\t\t\t\t\t\t\tTestimonios\n\t\t\t\t\t<\/a>\n\t\t\t<a href=\"https:\/\/www.steinberglawfirm.com\/video-center\/attorney-videos\/\" target=\"_self\" role=\"button\" rel=\"noopener\">\n\t\t\t\t\t\t\tV\u00eddeos de abogados\n\t\t\t\t\t<\/a>\n\t\t\t<a href=\"https:\/\/www.steinberglawfirm.com\/video-center\/video-interviews\/\" target=\"_self\" role=\"button\" rel=\"noopener\">\n\t\t\t\t\t\t\tEntrevistas\n\t\t\t\t\t<\/a>\n\t\t\t<a href=\"https:\/\/www.steinberglawfirm.com\/video-center\/tv-commercials\/\" target=\"_self\" role=\"button\" rel=\"noopener\">\n\t\t\t\t\t\t\tAnuncios de televisi\u00f3n\n\t\t\t\t\t<\/a>\n\t\t\t<a href=\"https:\/\/www.steinberglawfirm.com\/video-center\/community-outreach-videos\/\" target=\"_self\" role=\"button\" rel=\"noopener\">\n\t\t\t\t\t\t\tComunidad\n\t\t\t\t\t<\/a>\n\t\t\t<a href=\"https:\/\/www.steinberglawfirm.com\/video-center\/\" target=\"_self\" role=\"button\" rel=\"noopener\">\n\t\t\t\t\t\t\tCentro de v\u00eddeo\n\t\t\t\t\t<\/a>\n<h4>\n\t\tLo que dicen nuestros clientes\n\t<\/h4>\n\t<meta itemscope itemprop=\"mainEntityOfPage\" itemtype=\"https:\/\/schema.org\/WebPage\" itemid=\"https:\/\/www.steinberglawfirm.com\/?post_type=testimonials&#038;p=14927\" content=\"Susan\" \/><meta itemprop=\"datePublished\" content=\"2021-04-09\" \/><meta itemprop=\"dateModified\" content=\"2022-02-22\" \/><meta itemprop=\"name\" content=\"Steinberg Law Firm\"\/><meta itemprop=\"url\" content=\"https:\/\/www.steinberglawfirm.com\/blog\/author\/diagnostic\/\" \/><meta itemprop=\"name\" content=\"CLM Tech\" \/><meta itemprop=\"interactionType\" content=\"https:\/\/schema.org\/CommentAction\" \/><meta itemprop=\"userInteractionCount\" content=\"0\" \/>\n<h4>Tienen unos abogados incre\u00edbles.<\/h4>\n<p>Han trabajado en una situaci\u00f3n imposible y han superado todas las expectativas en los acuerdos resultantes. \u00a1Recomendar\u00eda el bufete de abogados Steinberg a todos y cada uno! <\/p>\n<h5>- Susan<\/h5>\n\t<meta itemscope itemprop=\"mainEntityOfPage\" itemtype=\"https:\/\/schema.org\/WebPage\" itemid=\"https:\/\/www.steinberglawfirm.com\/?post_type=testimonials&#038;p=14926\" content=\"Vanessa\" \/><meta itemprop=\"datePublished\" content=\"2021-04-09\" \/><meta itemprop=\"dateModified\" content=\"2022-02-21\" \/><meta itemprop=\"name\" content=\"Steinberg Law Firm\"\/><meta itemprop=\"url\" content=\"https:\/\/www.steinberglawfirm.com\/blog\/author\/diagnostic\/\" \/><meta itemprop=\"name\" content=\"CLM Tech\" \/><meta itemprop=\"interactionType\" content=\"https:\/\/schema.org\/CommentAction\" \/><meta itemprop=\"userInteractionCount\" content=\"0\" \/>\n<h4>Mi experiencia fue excelente<\/h4>\n<p>Desde la primera consulta hasta el final de mi caso me mantuvieron informado paso a paso. Mi abogado trabaj\u00f3 duro para m\u00ed y me consigui\u00f3 m\u00e1s de lo que esperaba. <\/p>\n<h5>- Vanessa<\/h5>\n\t<meta itemscope itemprop=\"mainEntityOfPage\" itemtype=\"https:\/\/schema.org\/WebPage\" itemid=\"https:\/\/www.steinberglawfirm.com\/?post_type=testimonials&#038;p=14842\" content=\"Mike\" \/><meta itemprop=\"datePublished\" content=\"2021-03-04\" \/><meta itemprop=\"dateModified\" content=\"2022-02-21\" \/><meta itemprop=\"name\" content=\"Steinberg Law Firm\"\/><meta itemprop=\"url\" content=\"https:\/\/www.steinberglawfirm.com\/blog\/author\/steadm\/\" \/><meta itemprop=\"name\" content=\"Steinberg Law Firm\" \/><meta itemprop=\"interactionType\" content=\"https:\/\/schema.org\/CommentAction\" \/><meta itemprop=\"userInteractionCount\" content=\"0\" \/>\n<h4>Nunca sent\u00ed que estaba solo<\/h4>\n<p>Mi abogado y su asistente legal estuvieron conmigo durante todo el caso. Nunca sent\u00ed que estaba solo. En todo momento estuvieron en mi esquina. Alguien me recomend\u00f3 al bufete de abogados Steinberg y con gusto har\u00eda lo mismo por otra persona.<\/p>\n<h5>- Mike<\/h5>\n\t<meta itemscope itemprop=\"mainEntityOfPage\" itemtype=\"https:\/\/schema.org\/WebPage\" itemid=\"https:\/\/www.steinberglawfirm.com\/?post_type=testimonials&#038;p=14840\" content=\"Brian\" \/><meta itemprop=\"datePublished\" content=\"2021-03-04\" \/><meta itemprop=\"dateModified\" content=\"2022-02-22\" \/><meta itemprop=\"name\" content=\"Steinberg Law Firm\"\/><meta itemprop=\"url\" content=\"https:\/\/www.steinberglawfirm.com\/blog\/author\/steadm\/\" \/><meta itemprop=\"name\" content=\"Steinberg Law Firm\" \/><meta itemprop=\"interactionType\" content=\"https:\/\/schema.org\/CommentAction\" \/><meta itemprop=\"userInteractionCount\" content=\"0\" \/>\n<h4>No podr\u00eda haber pedido algo mejor<\/h4>\n<p>La gente del grupo Steinberg es de primera categor\u00eda. Manejaron mi caso extremadamente bien, no podr\u00eda haber pedido una mejor actuaci\u00f3n. Muchas gracias a todos por todo lo que hicieron por m\u00ed.<\/p>\n<h5>- Brian<\/h5>\n\t<meta itemscope itemprop=\"mainEntityOfPage\" itemtype=\"https:\/\/schema.org\/WebPage\" itemid=\"https:\/\/www.steinberglawfirm.com\/?post_type=testimonials&#038;p=732\" content=\"Brandy\" \/><meta itemprop=\"datePublished\" content=\"2018-05-04\" \/><meta itemprop=\"dateModified\" content=\"2022-02-22\" \/><meta itemprop=\"name\" content=\"Steinberg Law Firm\"\/><meta itemprop=\"url\" content=\"https:\/\/www.steinberglawfirm.com\/blog\/author\/steadm\/\" \/><meta itemprop=\"name\" content=\"Steinberg Law Firm\" \/><meta itemprop=\"interactionType\" content=\"https:\/\/schema.org\/CommentAction\" \/><meta itemprop=\"userInteractionCount\" content=\"0\" \/>\n<h4>Estoy agradecido por ellos.<\/h4>\n<p>En mi peor momento, protegieron y defendieron honesta y cuidadosamente a mi familia en m\u00faltiples niveles. Soy un cliente de por vida y la integridad de este bufete de abogados es incomparable. \u00a1\u00a1Gracias Steinberg Law Family!!<\/p>\n<h5>- Brandy<\/h5>\n\t<meta itemscope itemprop=\"mainEntityOfPage\" itemtype=\"https:\/\/schema.org\/WebPage\" itemid=\"https:\/\/www.steinberglawfirm.com\/?post_type=testimonials&#038;p=195\" content=\"Joan\" \/><meta itemprop=\"datePublished\" content=\"2018-04-17\" \/><meta itemprop=\"dateModified\" content=\"2022-02-22\" \/><meta itemprop=\"name\" content=\"Steinberg Law Firm\"\/><meta itemprop=\"url\" content=\"https:\/\/www.steinberglawfirm.com\/blog\/author\/steadm\/\" \/><meta itemprop=\"name\" content=\"Steinberg Law Firm\" \/><meta itemprop=\"interactionType\" content=\"https:\/\/schema.org\/CommentAction\" \/><meta itemprop=\"userInteractionCount\" content=\"0\" \/>\n<h4>La gente es atenta y profesional<\/h4>\n<p>Las preguntas e inquietudes siempre son respondidas y las preocupaciones son atendidas. Gracias a todos en Steinburg por una buena experiencia y por demostrarme que se preocupan por sus clientes.<\/p>\n<h5>- Joan<\/h5>\n\t<meta itemscope itemprop=\"mainEntityOfPage\" itemtype=\"https:\/\/schema.org\/WebPage\" itemid=\"https:\/\/www.steinberglawfirm.com\/?post_type=testimonials&#038;p=157\" content=\"Rena\" \/><meta itemprop=\"datePublished\" content=\"2018-04-16\" \/><meta itemprop=\"dateModified\" content=\"2022-02-21\" \/><meta itemprop=\"name\" content=\"Steinberg Law Firm\"\/><meta itemprop=\"url\" content=\"https:\/\/www.steinberglawfirm.com\/blog\/author\/steadm\/\" \/><meta itemprop=\"name\" content=\"Steinberg Law Firm\" \/><meta itemprop=\"interactionType\" content=\"https:\/\/schema.org\/CommentAction\" \/><meta itemprop=\"userInteractionCount\" content=\"0\" \/>\n<h4>El mejor bufete de abogados<\/h4>\n<p>Este es el mejor bufete de abogados con el que alguien podr\u00eda tratar.\u00a0<a href=\"https:\/\/www.steinberglawfirm.com\/attorney\/david-t-pearlman\/\" target=\"_blank\" rel=\"noopener\">Sr. Pearlman<\/a>\u00a0trabajar\u00e1 duro para conseguir todo lo que se le debe. Fue un placer haber sido representado por esta firma.<\/p>\n<h5>- Rena<\/h5>\n\t<meta itemscope itemprop=\"mainEntityOfPage\" itemtype=\"https:\/\/schema.org\/WebPage\" itemid=\"https:\/\/www.steinberglawfirm.com\/?post_type=testimonials&#038;p=156\" content=\"Meagan\" \/><meta itemprop=\"datePublished\" content=\"2018-04-16\" \/><meta itemprop=\"dateModified\" content=\"2022-02-21\" \/><meta itemprop=\"name\" content=\"Steinberg Law Firm\"\/><meta itemprop=\"url\" content=\"https:\/\/www.steinberglawfirm.com\/blog\/author\/steadm\/\" \/><meta itemprop=\"name\" content=\"Steinberg Law Firm\" \/><meta itemprop=\"interactionType\" content=\"https:\/\/schema.org\/CommentAction\" \/><meta itemprop=\"userInteractionCount\" content=\"0\" \/>\n<h4>Una experiencia maravillosa<\/h4>\n<p>Tuve una experiencia maravillosa con\u00a0<a href=\"https:\/\/www.steinberglawfirm.com\/attorney\/david-t-pearlman\/\" target=\"_blank\" rel=\"noopener\">Sr. Pearlman<\/a>\u00a0y su equipo. Muchas gracias por su diligencia y experiencia.<\/p>\n<h5>- Meagan<\/h5>\n\t<meta itemscope itemprop=\"mainEntityOfPage\" itemtype=\"https:\/\/schema.org\/WebPage\" itemid=\"https:\/\/www.steinberglawfirm.com\/?post_type=testimonials&#038;p=154\" content=\"Erika\" \/><meta itemprop=\"datePublished\" content=\"2018-04-16\" \/><meta itemprop=\"dateModified\" content=\"2022-02-22\" \/><meta itemprop=\"name\" content=\"Steinberg Law Firm\"\/><meta itemprop=\"url\" content=\"https:\/\/www.steinberglawfirm.com\/blog\/author\/steadm\/\" \/><meta itemprop=\"name\" content=\"Steinberg Law Firm\" \/><meta itemprop=\"interactionType\" content=\"https:\/\/schema.org\/CommentAction\" \/><meta itemprop=\"userInteractionCount\" content=\"0\" \/>\n<h4>Los recomiendo encarecidamente<\/h4>\n<p>Trabajan como un equipo proporcionando las mejores referencias y asistencia para lograr lo que mi familia y yo necesit\u00e1bamos. Los recomiendo encarecidamente porque no te decepcionar\u00e1n.<\/p>\n<h5>- Erika<\/h5>\n\t\t\t<a href=\"https:\/\/steinberglawfirm-staging.clmcloud.app\/es\/testimonios\/\" target=\"_self\" role=\"button\" rel=\"noopener\">\n\t\t\t\t\t\t\tLeer m\u00e1s testimonios\n\t\t\t\t\t<\/a>","protected":false},"excerpt":{"rendered":"<p>OBTENGA UNA CONSULTA GRATUITA Videos Adicionales Preguntas Frecuentes Testimonios Videos de Abogados Entrevistas Comerciales de TV Centro de Videos de la Comunidad Lo que dicen nuestros clientes \u00a1Tienen abogados incre\u00edbles! Han trabajado en una situaci\u00f3n imposible y han superado todas las expectativas en los acuerdos resultantes. \u00a1Yo recomendar\u00eda el Steinberg Law Firm a cualquiera y a todos! - Susan Mi experiencia fue...<\/p>","protected":false},"author":1,"featured_media":19305,"parent":9993,"menu_order":0,"comment_status":"closed","ping_status":"closed","template":"","meta":{"_acf_changed":false,"footnotes":""},"class_list":["post-4141","page","type-page","status-publish","has-post-thumbnail","hentry"],"acf":[],"_links":{"self":[{"href":"https:\/\/steinberglawfirm-staging.clmcloud.app\/es\/wp-json\/wp\/v2\/pages\/4141"}],"collection":[{"href":"https:\/\/steinberglawfirm-staging.clmcloud.app\/es\/wp-json\/wp\/v2\/pages"}],"about":[{"href":"https:\/\/steinberglawfirm-staging.clmcloud.app\/es\/wp-json\/wp\/v2\/types\/page"}],"author":[{"embeddable":true,"href":"https:\/\/steinberglawfirm-staging.clmcloud.app\/es\/wp-json\/wp\/v2\/users\/1"}],"replies":[{"embeddable":true,"href":"https:\/\/steinberglawfirm-staging.clmcloud.app\/es\/wp-json\/wp\/v2\/comments?post=4141"}],"version-history":[{"count":6,"href":"https:\/\/steinberglawfirm-staging.clmcloud.app\/es\/wp-json\/wp\/v2\/pages\/4141\/revisions"}],"predecessor-version":[{"id":19320,"href":"https:\/\/steinberglawfirm-staging.clmcloud.app\/es\/wp-json\/wp\/v2\/pages\/4141\/revisions\/19320"}],"up":[{"embeddable":true,"href":"https:\/\/steinberglawfirm-staging.clmcloud.app\/es\/wp-json\/wp\/v2\/pages\/9993"}],"wp:featuredmedia":[{"embeddable":true,"href":"https:\/\/steinberglawfirm-staging.clmcloud.app\/es\/wp-json\/wp\/v2\/media\/19305"}],"wp:attachment":[{"href":"https:\/\/steinberglawfirm-staging.clmcloud.app\/es\/wp-json\/wp\/v2\/media?parent=4141"}],"curies":[{"name":"wp","href":"https:\/\/api.w.org\/{rel}","templated":true}]}}