{"id":405,"date":"2018-04-18T12:39:12","date_gmt":"2018-04-18T12:39:12","guid":{"rendered":"https:\/\/www.steinberglawfirm.com\/?page_id=405"},"modified":"2018-09-21T14:28:17","modified_gmt":"2018-09-21T14:28:17","slug":"disclaimer","status":"publish","type":"page","link":"https:\/\/steinberglawfirm-staging.clmcloud.app\/es\/descargo-de-responsabilidad\/","title":{"rendered":"Descargo de responsabilidad"},"content":{"rendered":"<h2>No hay relaci\u00f3n abogado-cliente<\/h2>\n<p>El uso de este sitio web y el env\u00edo o recepci\u00f3n de informaci\u00f3n a trav\u00e9s de \u00e9l no establece una relaci\u00f3n abogado-cliente. Una relaci\u00f3n abogado-cliente s\u00f3lo se establece mediante un acuerdo expreso y por escrito. Usted puede comunicarse con nuestro despacho por tel\u00e9fono, correo, correo electr\u00f3nico o fax, pero dicha comunicaci\u00f3n no crea por s\u00ed misma una relaci\u00f3n abogado-cliente hasta que usted solicite que le representemos y nosotros hayamos aceptado por escrito representarle.<\/p>\n<h2>TRANSMISI\u00d3N DE INFORMACI\u00d3N CONFIDENCIAL<\/h2>\n<p>Ninguna informaci\u00f3n de este sitio web, ni ninguna informaci\u00f3n enviada o recibida a trav\u00e9s de \u00e9l, se considera confidencial o privilegiada. Por lo tanto, aunque no dude en ponerse en contacto con nosotros por tel\u00e9fono, correo, correo electr\u00f3nico o fax, antes de que hayamos aceptado representarle, le rogamos que se abstenga de incluir detalles espec\u00edficos sobre cualquier problema legal o de revelar cualquier informaci\u00f3n confidencial o delicada. Una vez que hayamos establecido una relaci\u00f3n abogado-cliente con usted, podr\u00e1 transmitirnos informaci\u00f3n confidencial a trav\u00e9s de cualquiera de estos medios.<\/p>\n<h2>CONTENIDO<\/h2>\n<p>El uso de este sitio web y el env\u00edo o recepci\u00f3n de informaci\u00f3n a trav\u00e9s de \u00e9l no establece una relaci\u00f3n abogado-cliente. Una relaci\u00f3n abogado-cliente s\u00f3lo se establece mediante un acuerdo expreso y por escrito. Usted puede comunicarse con nuestro despacho por tel\u00e9fono, correo, correo electr\u00f3nico o fax, pero dicha comunicaci\u00f3n no crea por s\u00ed misma una relaci\u00f3n abogado-cliente hasta que usted solicite que le representemos y nosotros hayamos aceptado por escrito representarle.<\/p>\n<h2>JURISDICCI\u00d3N DE CAROLINA DEL SUR<\/h2>\n<p>Los destinatarios del contenido de este sitio, clientes o no, no deben actuar o abstenerse de actuar sobre la base de cualquier contenido incluido en el sitio sin buscar el asesoramiento legal o profesional apropiado sobre los hechos y circunstancias particulares en cuesti\u00f3n de un abogado autorizado en el estado del destinatario. El Steinberg Law Firm se encuentra en South Carolina y el material presentado en este sitio web se proporciona de acuerdo con las Normas de Conducta del Colegio de Abogados de South Carolina. El Steinberg Law Firm no garantiza que el material de este sitio web sea apropiado o est\u00e9 disponible para su uso en cualquier otra jurisdicci\u00f3n. El Steinberg Law Firm no pretende, a trav\u00e9s de este sitio web, representar a nadie en una jurisdicci\u00f3n en la que este sitio web pueda incumplir todas las leyes y normas \u00e9ticas. La publicaci\u00f3n de este sitio web no pretende constituir el ejercicio de la abogac\u00eda en ninguna jurisdicci\u00f3n en la que los abogados del bufete no est\u00e9n autorizados a ejercer, ni pretende solicitar trabajos jur\u00eddicos que se realicen en dicha jurisdicci\u00f3n.<\/p>\n<h2>\u00bfPor qu\u00e9 elegir el Steinberg Law Firm?<\/h2>\n<p>Los enlaces dentro de este sitio web pueden llevar o no a otros sitios web, incluidos los operados y mantenidos por terceros. La presencia de enlaces externos no implica responsabilidad alguna sobre el sitio enlazado ni la aprobaci\u00f3n del mismo, de su operador o de sus contenidos. El Steinberg Law Firm ha incluido estos enlaces s\u00f3lo a t\u00edtulo informativo.<\/p>\n<h2>RESULTADOS Y TESTIMONIOS<\/h2>\n<p>Los veredictos, acuerdos, testimonios de clientes y premios se publican \u00fanicamente con fines informativos. Cualquier veredicto o acuerdo futuro no puede predecirse necesariamente a partir de resultados anteriores. Cualquier resultado que el abogado o el bufete de abogados haya logrado en nombre de clientes en otros asuntos no indica necesariamente que se puedan obtener resultados similares para otros clientes.<\/p>\n<p>Al utilizar nuestro sitio web, usted acepta todas las exenciones de responsabilidad y las condiciones de uso que rigen este sitio web.<\/p>","protected":false},"excerpt":{"rendered":"<p>No hay relaci\u00f3n abogado-cliente El uso de este sitio web y el env\u00edo o recepci\u00f3n de informaci\u00f3n a trav\u00e9s de \u00e9l no establece una relaci\u00f3n abogado-cliente. Una relaci\u00f3n abogado-cliente s\u00f3lo se establece mediante un acuerdo expreso y por escrito. Usted puede comunicarse con nuestro despacho por tel\u00e9fono, correo, correo electr\u00f3nico o fax, pero dicha comunicaci\u00f3n no crea por s\u00ed misma una relaci\u00f3n abogado-cliente...<\/p>","protected":false},"author":1,"featured_media":0,"parent":0,"menu_order":0,"comment_status":"closed","ping_status":"closed","template":"","meta":{"_acf_changed":false,"footnotes":""},"class_list":["post-405","page","type-page","status-publish","hentry"],"acf":[],"_links":{"self":[{"href":"https:\/\/steinberglawfirm-staging.clmcloud.app\/es\/wp-json\/wp\/v2\/pages\/405"}],"collection":[{"href":"https:\/\/steinberglawfirm-staging.clmcloud.app\/es\/wp-json\/wp\/v2\/pages"}],"about":[{"href":"https:\/\/steinberglawfirm-staging.clmcloud.app\/es\/wp-json\/wp\/v2\/types\/page"}],"author":[{"embeddable":true,"href":"https:\/\/steinberglawfirm-staging.clmcloud.app\/es\/wp-json\/wp\/v2\/users\/1"}],"replies":[{"embeddable":true,"href":"https:\/\/steinberglawfirm-staging.clmcloud.app\/es\/wp-json\/wp\/v2\/comments?post=405"}],"version-history":[{"count":0,"href":"https:\/\/steinberglawfirm-staging.clmcloud.app\/es\/wp-json\/wp\/v2\/pages\/405\/revisions"}],"wp:attachment":[{"href":"https:\/\/steinberglawfirm-staging.clmcloud.app\/es\/wp-json\/wp\/v2\/media?parent=405"}],"curies":[{"name":"wp","href":"https:\/\/api.w.org\/{rel}","templated":true}]}}