{"id":3862,"date":"2018-04-18T22:20:25","date_gmt":"2018-04-18T22:20:25","guid":{"rendered":"https:\/\/www.steinberglawfirm.com\/?page_id=3862"},"modified":"2024-02-14T22:00:25","modified_gmt":"2024-02-14T22:00:25","slug":"can-i-be-compensated-for-pain-and-suffering","status":"publish","type":"page","link":"https:\/\/steinberglawfirm-staging.clmcloud.app\/es\/video-centro\/video-faqs\/puede-ser-compensado-por-el-dolor-y-sufrimiento\/","title":{"rendered":"\u00bfPuedo ser indemnizado por el dolor y el sufrimiento?"},"content":{"rendered":"<p><iframe loading=\"lazy\" width=\"560\" height=\"315\" src=\"https:\/\/www.youtube.com\/embed\/CoriNHNGfEU?rel=0\" frameborder=\"0\" allow=\"accelerometer; autoplay; encrypted-media; gyroscope; picture-in-picture\" allowfullscreen><\/iframe><\/p>\n<h3>Otras preguntas frecuentes en v\u00eddeo:<\/h3>\n<ul class=\"list-pages-shortcode sibling-pages\"><li class=\"page_item page-item-3862\"><a href=\"https:\/\/steinberglawfirm-staging.clmcloud.app\/es\/video-centro\/video-faqs\/puede-ser-compensado-por-el-dolor-y-sufrimiento\/\">\u00bfPuedo ser indemnizado por el dolor y el sufrimiento?<\/a><\/li>\n<li class=\"page_item page-item-3856\"><a href=\"https:\/\/steinberglawfirm-staging.clmcloud.app\/es\/video-centro\/video-faqs\/can-i-file-for-workers-compensation-social-security-disability-insurance\/\">\u00bfPuedo solicitar la indemnizaci\u00f3n por accidente de trabajo y el seguro de incapacidad de la Seguridad Social?<\/a><\/li>\n<li class=\"page_item page-item-3860\"><a href=\"https:\/\/steinberglawfirm-staging.clmcloud.app\/es\/video-centro\/video-faqs\/puedo-obtener-una-segunda-opinion-si-no-estoy-conforme-con-el-medico\/\">\u00bfPuedo obtener una segunda opini\u00f3n si no estoy satisfecho con el m\u00e9dico?<\/a><\/li>\n<li class=\"page_item page-item-3864\"><a href=\"https:\/\/steinberglawfirm-staging.clmcloud.app\/es\/video-centro\/video-faqs\/puedo-solucionar-mi-demanda-de-perjuicio-extrajudicialmente\/\">\u00bfPuedo llegar a un acuerdo extrajudicial sobre mi reclamaci\u00f3n por lesiones?<\/a><\/li>\n<li class=\"page_item page-item-3898\"><a href=\"https:\/\/steinberglawfirm-staging.clmcloud.app\/es\/video-centro\/video-faqs\/como-obtener-los-registros-medicos-para-una-reclamacion-en-casa-de-enfermeria\/\">\u00bfC\u00f3mo obtengo los registros m\u00e9dicos para una reclamaci\u00f3n por abuso en un hogar de ancianos?<\/a><\/li>\n<li class=\"page_item page-item-3858\"><a href=\"https:\/\/steinberglawfirm-staging.clmcloud.app\/es\/video-centro\/video-faqs\/como-saber-si-tengo-derecho-a-la-compensacion-de-trabajador\/\">\u00bfC\u00f3mo puedo saber si tengo derecho a una indemnizaci\u00f3n por accidente de trabajo?<\/a><\/li>\n<li class=\"page_item page-item-3888\"><a href=\"https:\/\/steinberglawfirm-staging.clmcloud.app\/es\/video-centro\/video-faqs\/cuantas-veces-me-pagan-las-prestaciones-de-los-trabajadores\/\">\u00bfCon qu\u00e9 frecuencia me pagan las indemnizaciones por accidente de trabajo?<\/a><\/li>\n<li class=\"page_item page-item-3918\"><a href=\"https:\/\/steinberglawfirm-staging.clmcloud.app\/es\/video-centro\/video-faqs\/es-mi-informacion-mantenida-confidencial\/\">\u00bfSe mantiene la confidencialidad de mi informaci\u00f3n?<\/a><\/li>\n<li class=\"page_item page-item-3890\"><a href=\"https:\/\/steinberglawfirm-staging.clmcloud.app\/es\/video-centro\/video-faqs\/debo-firmar-un-formulario-de-liberacion-medica\/\">\u00bfDebo firmar un formulario de autorizaci\u00f3n m\u00e9dica?<\/a><\/li>\n<li class=\"page_item page-item-3908\"><a href=\"https:\/\/steinberglawfirm-staging.clmcloud.app\/es\/video-centro\/video-faqs\/trust-steinberg-law-firm\/\">Confianza - Steinberg Law Firm<\/a><\/li>\n<li class=\"page_item page-item-3920\"><a href=\"https:\/\/steinberglawfirm-staging.clmcloud.app\/es\/video-centro\/video-faqs\/que-puedo-esperar-del-bufete-de-los-steinberg\/\">\u00bfQu\u00e9 puedo esperar del Steinberg Law Firm?<\/a><\/li>\n<li class=\"page_item page-item-3894\"><a href=\"https:\/\/steinberglawfirm-staging.clmcloud.app\/es\/video-centro\/video-faqs\/que-si-no-me-parece-el-medico-que-mi-empleador-me-esta-enviando-a\/\">\u00bfY si no me gusta el m\u00e9dico al que me env\u00eda mi empresa?<\/a><\/li>\n<li class=\"page_item page-item-3910\"><a href=\"https:\/\/steinberglawfirm-staging.clmcloud.app\/es\/video-centro\/video-faqs\/que-si-era-un-pasajero-en-un-accidente-de-coche\/\">\u00bfQu\u00e9 pasa si soy un pasajero en un accidente de tr\u00e1fico?<\/a><\/li>\n<li class=\"page_item page-item-3906\"><a href=\"https:\/\/steinberglawfirm-staging.clmcloud.app\/es\/video-centro\/video-faqs\/que-si-ha-sido-lesionado-permanentemente-en-el-trabajo\/\">\u00bfQu\u00e9 pasa si tengo una lesi\u00f3n permanente en el trabajo?<\/a><\/li>\n<li class=\"page_item page-item-3914\"><a href=\"https:\/\/steinberglawfirm-staging.clmcloud.app\/es\/video-centro\/video-faqs\/que-si-mi-medico-me-da-largo-de-trabajo\/\">\u00bfQu\u00e9 pasa si mi m\u00e9dico me da el alta m\u00e9dica?<\/a><\/li>\n<li class=\"page_item page-item-3892\"><a href=\"https:\/\/steinberglawfirm-staging.clmcloud.app\/es\/video-centro\/video-faqs\/que-pasa-si-mi-empleador-me-niega-la-indemnizacion-por-accidente-laboral\/\">\u00bfQu\u00e9 ocurre si mi empresa rechaza mi solicitud de indemnizaci\u00f3n por accidente de trabajo?<\/a><\/li>\n<li class=\"page_item page-item-3912\"><a href=\"https:\/\/steinberglawfirm-staging.clmcloud.app\/es\/video-centro\/video-faqs\/que-si-mi-empleador-no-tiene-seguro-de-trabajo\/\">\u00bfQu\u00e9 pasa si mi empresa no tiene un seguro de accidentes de trabajo?<\/a><\/li>\n<li class=\"page_item page-item-3896\"><a href=\"https:\/\/steinberglawfirm-staging.clmcloud.app\/es\/video-centro\/video-faqs\/y-si-mi-lesion-empeora-despues-del-acuerdo\/\">\u00bfQu\u00e9 pasa si mi lesi\u00f3n empeora despu\u00e9s del acuerdo?<\/a><\/li>\n<li class=\"page_item page-item-3904\"><a href=\"https:\/\/steinberglawfirm-staging.clmcloud.app\/es\/video-centro\/video-faqs\/que-es-un-estatuto-de-limitaciones\/\">\u00bfQu\u00e9 es la prescripci\u00f3n?<\/a><\/li>\n<li class=\"page_item page-item-3866\"><a href=\"https:\/\/steinberglawfirm-staging.clmcloud.app\/es\/video-centro\/video-faqs\/que-es-la-contingencia-y-como-funciona\/\">\u00bfQu\u00e9 es la contingencia y c\u00f3mo funciona?<\/a><\/li>\n<li class=\"page_item page-item-3902\"><a href=\"https:\/\/steinberglawfirm-staging.clmcloud.app\/es\/video-centro\/video-faqs\/que-es-la-incapacidad-parcial-y-como-afecta-a-mi-caso\/\">\u00bfQu\u00e9 es la incapacidad parcial y c\u00f3mo afecta a mi caso?<\/a><\/li>\n<li class=\"page_item page-item-3900\"><a href=\"https:\/\/steinberglawfirm-staging.clmcloud.app\/es\/video-centro\/video-faqs\/que-preguntas-se-preguntaran-durante-una-posicion\/\">\u00bfQu\u00e9 preguntas se har\u00e1n durante una declaraci\u00f3n?<\/a><\/li>\n<li class=\"page_item page-item-3886\"><a href=\"https:\/\/steinberglawfirm-staging.clmcloud.app\/es\/video-centro\/video-faqs\/que-debo-hacer-si-la-compania-de-seguros-me-contacta\/\">\u00bfQu\u00e9 debo hacer si la compa\u00f1\u00eda de seguros se pone en contacto conmigo?<\/a><\/li>\n<li class=\"page_item page-item-3868\"><a href=\"https:\/\/steinberglawfirm-staging.clmcloud.app\/es\/video-centro\/video-faqs\/que-debo-esperar-de-mi-abogado\/\">\u00bfQu\u00e9 debo esperar de mi abogado?<\/a><\/li>\n<li class=\"page_item page-item-3916\"><a href=\"https:\/\/steinberglawfirm-staging.clmcloud.app\/es\/video-centro\/video-faqs\/que-tipos-de-lesiones-estan-cubiertos-por-los-trabajadores-comp\/\">\u00bfQu\u00e9 tipos de lesiones cubre la indemnizaci\u00f3n por accidente de trabajo?<\/a><\/li>\n<li class=\"page_item page-item-3870\"><a href=\"https:\/\/steinberglawfirm-staging.clmcloud.app\/es\/video-centro\/video-faqs\/cuando-se-acaban-las-prestaciones-de-mi-trabajador\/\">\u00bfCu\u00e1ndo se terminan mis beneficios de compensaci\u00f3n de trabajadores?<\/a><\/li>\n<li class=\"page_item page-item-3872\"><a href=\"https:\/\/steinberglawfirm-staging.clmcloud.app\/es\/video-centro\/video-faqs\/cuando-debo-conseguir-un-abogado-que-se-implique\/\">\u00bfCu\u00e1ndo deber\u00eda intervenir un abogado?<\/a><\/li>\n<li class=\"page_item page-item-3874\"><a href=\"https:\/\/steinberglawfirm-staging.clmcloud.app\/es\/video-centro\/video-faqs\/quien-paga-mi-atencion-medica-despues-de-un-accidente\/\">\u00bfQui\u00e9n paga mi atenci\u00f3n m\u00e9dica tras una lesi\u00f3n?<\/a><\/li>\n<li class=\"page_item page-item-3876\"><a href=\"https:\/\/steinberglawfirm-staging.clmcloud.app\/es\/video-centro\/video-faqs\/quien-me-envia-el-dinero\/\">\u00bfQui\u00e9n me env\u00eda el dinero?<\/a><\/li>\n<li class=\"page_item page-item-3878\"><a href=\"https:\/\/steinberglawfirm-staging.clmcloud.app\/es\/video-centro\/video-faqs\/por-que-necesito-un-abogado\/\">\u00bfPor qu\u00e9 necesito un abogado?<\/a><\/li>\n<li class=\"page_item page-item-3880\"><a href=\"https:\/\/steinberglawfirm-staging.clmcloud.app\/es\/video-centro\/video-faqs\/recibire-compensacion-por-el-tiempo-que-falte-al-trabajo\/\">\u00bfRecibir\u00e9 compensaci\u00f3n por el tiempo que falte al trabajo?<\/a><\/li>\n<li class=\"page_item page-item-3882\"><a href=\"https:\/\/steinberglawfirm-staging.clmcloud.app\/es\/video-centro\/video-faqs\/tendre-que-ir-al-juzgado-2\/\">\u00bfTendr\u00e9 que ir a juicio?<\/a><\/li>\n<li class=\"page_item page-item-3884\"><a href=\"https:\/\/steinberglawfirm-staging.clmcloud.app\/es\/video-centro\/video-faqs\/otros-abogados-estan-trabajando-en-mi-caso\/\">\u00bfTrabajar\u00e1n otros abogados en mi caso?<\/a><\/li>\n<\/ul>","protected":false},"excerpt":{"rendered":"<p>Otras preguntas frecuentes en v\u00eddeo:<\/p>","protected":false},"author":1,"featured_media":0,"parent":3816,"menu_order":0,"comment_status":"closed","ping_status":"closed","template":"","meta":{"_acf_changed":false,"footnotes":""},"class_list":["post-3862","page","type-page","status-publish","hentry"],"acf":[],"_links":{"self":[{"href":"https:\/\/steinberglawfirm-staging.clmcloud.app\/es\/wp-json\/wp\/v2\/pages\/3862"}],"collection":[{"href":"https:\/\/steinberglawfirm-staging.clmcloud.app\/es\/wp-json\/wp\/v2\/pages"}],"about":[{"href":"https:\/\/steinberglawfirm-staging.clmcloud.app\/es\/wp-json\/wp\/v2\/types\/page"}],"author":[{"embeddable":true,"href":"https:\/\/steinberglawfirm-staging.clmcloud.app\/es\/wp-json\/wp\/v2\/users\/1"}],"replies":[{"embeddable":true,"href":"https:\/\/steinberglawfirm-staging.clmcloud.app\/es\/wp-json\/wp\/v2\/comments?post=3862"}],"version-history":[{"count":1,"href":"https:\/\/steinberglawfirm-staging.clmcloud.app\/es\/wp-json\/wp\/v2\/pages\/3862\/revisions"}],"predecessor-version":[{"id":30541,"href":"https:\/\/steinberglawfirm-staging.clmcloud.app\/es\/wp-json\/wp\/v2\/pages\/3862\/revisions\/30541"}],"up":[{"embeddable":true,"href":"https:\/\/steinberglawfirm-staging.clmcloud.app\/es\/wp-json\/wp\/v2\/pages\/3816"}],"wp:attachment":[{"href":"https:\/\/steinberglawfirm-staging.clmcloud.app\/es\/wp-json\/wp\/v2\/media?parent=3862"}],"curies":[{"name":"wp","href":"https:\/\/api.w.org\/{rel}","templated":true}]}}