{"id":3818,"date":"2018-04-18T19:58:46","date_gmt":"2018-04-18T19:58:46","guid":{"rendered":"https:\/\/www.steinberglawfirm.com\/?page_id=3818"},"modified":"2024-02-13T19:37:00","modified_gmt":"2024-02-13T19:37:00","slug":"tv-commercials","status":"publish","type":"page","link":"https:\/\/steinberglawfirm-staging.clmcloud.app\/es\/video-centro\/anuncios-de-television\/","title":{"rendered":"Anuncios de televisi\u00f3n"},"content":{"rendered":"<a href=\"\/es\/contact\/\" target=\"_self\" rel=\"noopener\">\n\t\t\t\t\t\t\tOBTENGA UNA CONSULTA GRATUITA\n\t\t\t\t\t<\/a>\n<h3>\n\t\tAcerca de nuestra empresa\n\t<\/h3>\n\t\t\t\t\t<a href=\"javascript:void(0);\" id=\"fl-accordion--label-0\" tabindex=\"0\" aria-controls=\"fl-accordion--panel-0\">Ver todos los v\u00eddeos<\/a>\n\t\t\t\t\t\t\t\t\t\t\t<a href=\"#\" id=\"fl-accordion--icon-0\" tabindex=\"-1\" aria-controls=\"fl-accordion--panel-0\"><i>Ampliar<\/i><\/a>\n\t\t\t\t\t<ul>\n<li><a href=\"https:\/\/www.steinberglawfirm.com\/tv-commercials\/110-percent\/\" target=\"_blank\" rel=\"noopener\">110 por ciento<\/a><\/li>\n<li><a href=\"https:\/\/www.steinberglawfirm.com\/tv-commercials\/dont-go-it-alone\/\" target=\"_blank\" rel=\"noopener\">No lo hagas solo<\/a><\/li>\n<li><a href=\"https:\/\/www.steinberglawfirm.com\/tv-commercials\/experience\/\" target=\"_blank\" rel=\"noopener\">Experiencia<\/a><\/li>\n<li><a href=\"https:\/\/www.steinberglawfirm.com\/tv-commercials\/frustrated-with-the-insurance-companies\/\" target=\"_blank\" rel=\"noopener\">\u00bfFrustrado con las compa\u00f1\u00edas de seguros?<\/a><\/li>\n<li><a href=\"https:\/\/www.steinberglawfirm.com\/tv-commercials\/get-everything-you-deserve\/\" target=\"_blank\" rel=\"noopener\">Consiga todo lo que se merece<\/a><\/li>\n<li><a href=\"https:\/\/www.steinberglawfirm.com\/tv-commercials\/get-the-firm-behind-you\/\" target=\"_blank\" rel=\"noopener\">Consiga que la empresa le respalde<\/a><\/li>\n<li><a href=\"https:\/\/www.steinberglawfirm.com\/tv-commercials\/get-your-own-team-of-lawyers\/\" target=\"_blank\" rel=\"noopener\">Consiga su propio equipo de abogados<\/a><\/li>\n<li><a href=\"https:\/\/www.steinberglawfirm.com\/tv-commercials\/gimmicks\/\" target=\"_blank\" rel=\"noopener\">Trucos<\/a><\/li>\n<li><a href=\"https:\/\/www.steinberglawfirm.com\/tv-commercials\/hiring-a-lawyer\/\" target=\"_blank\" rel=\"noopener\">Contrataci\u00f3n de un abogado<\/a><\/li>\n<li><a href=\"https:\/\/www.steinberglawfirm.com\/tv-commercials\/insurance-companies-are-very-frustrating\/\" target=\"_blank\" rel=\"noopener\">Las compa\u00f1\u00edas de seguros son MUY frustrantes<\/a><\/li>\n<li><a href=\"https:\/\/www.steinberglawfirm.com\/tv-commercials\/life-interrupted\/\" target=\"_blank\" rel=\"noopener\">Vida interrumpida<\/a><\/li>\n<li><a href=\"https:\/\/www.steinberglawfirm.com\/tv-commercials\/now-is-the-time\/\" target=\"_blank\" rel=\"noopener\">Ahora es el momento<\/a><\/li>\n<li><a href=\"https:\/\/www.steinberglawfirm.com\/tv-commercials\/our-team\/\" target=\"_blank\" rel=\"noopener\">Nuestro equipo<\/a><\/li>\n<li><a href=\"https:\/\/www.steinberglawfirm.com\/tv-commercials\/steinberg-law-firm\/\" target=\"_blank\" rel=\"noopener\">Steinberg Law Firm<\/a><\/li>\n<li><a href=\"https:\/\/www.steinberglawfirm.com\/tv-commercials\/take-care\/\" target=\"_blank\" rel=\"noopener\">Cu\u00eddate<\/a><\/li>\n<li><a href=\"https:\/\/www.steinberglawfirm.com\/tv-commercials\/very-frustrated\/\" target=\"_blank\" rel=\"noopener\">Muy frustrado<\/a><\/li>\n<li><a href=\"https:\/\/www.steinberglawfirm.com\/tv-commercials\/we-stand-up\/\" target=\"_blank\" rel=\"noopener\">Nos levantamos<\/a><\/li>\n<li><a href=\"https:\/\/www.steinberglawfirm.com\/tv-commercials\/you-can-bet-better\/\" target=\"_blank\" rel=\"noopener\">Puedes apostar mejor<\/a><\/li>\n<\/ul>\n\t<meta itemprop=\"name\" content=\"Steinberg Law Firm Sets the Standard For South Carolina Law Firms\" \/><meta itemprop=\"uploadDate\" content=\"2024-02-13T00:00:00+00:00\" \/><meta itemprop=\"thumbnailUrl\" content=\"https:\/\/www.steinberglawfirm.com\/wp-content\/uploads\/2024\/02\/Steinberg-Law-Firm-Trailblazer-Thumbnail.png\" \/><meta itemprop=\"description\" content=\"For almost 100 years, the Steinberg Law Firm has set the standard. Innovators. Trailblazers. When the people of South Carolina have been injured, we have been there. Winning landmark cases, and helping protect the rights of thousands. Integrity. Determination. We are Charleston&#039;s Choice. We are the Steinberg Law Firm. Call the Steinberg Law Firm, and Get The Firm Behind You.\" \/><meta itemprop=\"contentUrl\" content=\"https:\/\/www.steinberglawfirm.com\/video-center\/tv-commercials\/steinberg-law-firm-sets-the-standard-for-south-carolina-law-firms\/\" \/><meta itemprop=\"embedUrl\" content=\"https:\/\/www.youtube.com\/embed\/_VUvGjkf1l4?si=wF8TODGvTZxGonkw\" \/><iframe loading=\"lazy\" src=\"https:\/\/www.youtube.com\/embed\/_VUvGjkf1l4?si=wF8TODGvTZxGonkw?rel=0\" width=\"560\" height=\"315\" frameborder=\"0\" allowfullscreen=\"allowfullscreen\"><\/iframe>\n\t<meta itemprop=\"name\" content=\"Steinberg Law Firm Voted Best Law Firm in the 2023 Charleston&#039;s Choice Award\" \/><meta itemprop=\"uploadDate\" content=\"2023-11-09T00:00:00+00:00\" \/><meta itemprop=\"thumbnailUrl\" content=\"https:\/\/www.steinberglawfirm.com\/wp-content\/uploads\/2023\/11\/1-Steinberg-Law-Firm-Voted-Best-Law-Firm-in-the-2023-Charleston-s-Choice-Award-YouTube.png\" \/><meta itemprop=\"description\" content=\"Thank you to everyone who voted Steinberg Law Firm as the best law firm in the 2023 Charleston&#039;s Choice Award. We&#039;re honored that you chose us, and it affirms our dedication and commitment to serving the Charleston area since 1927. Seeking justice for injured people, you can count on our experience and results.\" \/><meta itemprop=\"contentUrl\" content=\"https:\/\/www.steinberglawfirm.com\/video-center\/tv-commercials\/steinberg-law-firm-voted-best-law-firm-in-the-2023-charlestons-choice-award\/\" \/><meta itemprop=\"embedUrl\" content=\"https:\/\/www.youtube.com\/embed\/iEpHbFu98A4?rel=0\" \/><iframe loading=\"lazy\" src=\"https:\/\/www.youtube.com\/embed\/iEpHbFu98A4?rel=0\" width=\"560\" height=\"315\" frameborder=\"0\" allowfullscreen=\"allowfullscreen\"><\/iframe>\n\t<iframe loading=\"lazy\" src=\"https:\/\/www.youtube.com\/embed\/PhIyo3Izqa8?rel=0\" width=\"560\" height=\"315\" frameborder=\"0\" allowfullscreen=\"allowfullscreen\"><\/iframe>\n\t<iframe loading=\"lazy\" src=\"https:\/\/www.youtube.com\/embed\/0h1NYrm0_DM?rel=0\" width=\"560\" height=\"315\" frameborder=\"0\" allowfullscreen=\"allowfullscreen\"><\/iframe>\n\t<iframe loading=\"lazy\" src=\"https:\/\/www.youtube.com\/embed\/Y8Gp8slO0oE?rel=0\" width=\"560\" height=\"315\" frameborder=\"0\" allowfullscreen=\"allowfullscreen\"><\/iframe>\n\t<iframe loading=\"lazy\" src=\"https:\/\/www.youtube.com\/embed\/226ppZLyFxc?rel=0\" width=\"560\" height=\"315\" frameborder=\"0\" allowfullscreen=\"allowfullscreen\"><\/iframe>\n\t<iframe loading=\"lazy\" src=\"https:\/\/www.youtube.com\/embed\/3DbeREnPozs?rel=0\" width=\"560\" height=\"315\" frameborder=\"0\" allowfullscreen=\"allowfullscreen\"><\/iframe>\n\t<iframe loading=\"lazy\" src=\"https:\/\/www.youtube.com\/embed\/9MjHJpmDnGc?rel=0\" width=\"560\" height=\"315\" frameborder=\"0\" allowfullscreen=\"allowfullscreen\"><\/iframe>\n\t<iframe loading=\"lazy\" src=\"https:\/\/www.youtube.com\/embed\/9rpki2zcPFI?rel=0\" width=\"560\" height=\"315\" frameborder=\"0\" allowfullscreen=\"allowfullscreen\"><\/iframe>\n\t<iframe loading=\"lazy\" src=\"https:\/\/www.youtube.com\/embed\/aJL3EQkvbOU?rel=0\" width=\"560\" height=\"315\" frameborder=\"0\" allowfullscreen=\"allowfullscreen\"><\/iframe>\n\t<iframe loading=\"lazy\" src=\"https:\/\/www.youtube.com\/embed\/Hzj6T5-rUPs?rel=0\" width=\"560\" height=\"315\" frameborder=\"0\" allowfullscreen=\"allowfullscreen\"><\/iframe>\n\t<iframe loading=\"lazy\" src=\"https:\/\/www.youtube.com\/embed\/Wbr56fS06Lc?rel=0\" width=\"560\" height=\"315\" frameborder=\"0\" allowfullscreen=\"allowfullscreen\"><\/iframe>\n\t<iframe loading=\"lazy\" src=\"https:\/\/www.youtube.com\/embed\/ud9Ek2k30s0?rel=0\" width=\"560\" height=\"315\" frameborder=\"0\" allowfullscreen=\"allowfullscreen\"><\/iframe>\n\t<iframe loading=\"lazy\" src=\"https:\/\/www.youtube.com\/embed\/piZlqUxI5Wg?rel=0\" width=\"560\" height=\"315\" frameborder=\"0\" allowfullscreen=\"allowfullscreen\"><\/iframe>\n\t<iframe loading=\"lazy\" src=\"https:\/\/www.youtube.com\/embed\/NEfRCJmekf4?rel=0\" width=\"560\" height=\"315\" frameborder=\"0\" allowfullscreen=\"allowfullscreen\"><\/iframe>\n\t<iframe loading=\"lazy\" src=\"https:\/\/www.youtube.com\/embed\/GHbt6cNZLvM?rel=0\" width=\"560\" height=\"315\" frameborder=\"0\" allowfullscreen=\"allowfullscreen\"><\/iframe>\n\t<iframe loading=\"lazy\" src=\"https:\/\/www.youtube.com\/embed\/PYgQ8OUI1Dg?rel=0\" width=\"560\" height=\"315\" frameborder=\"0\" allowfullscreen=\"allowfullscreen\"><\/iframe>\n\t<iframe loading=\"lazy\" src=\"https:\/\/www.youtube.com\/embed\/0Mi6_bicmG4?rel=0\" width=\"560\" height=\"315\" frameborder=\"0\" allowfullscreen=\"allowfullscreen\"><\/iframe>\n\t<iframe loading=\"lazy\" src=\"https:\/\/www.youtube.com\/embed\/DAin8DtoY04?rel=0\" width=\"560\" height=\"315\" frameborder=\"0\" allowfullscreen=\"allowfullscreen\"><\/iframe>\n\t<iframe loading=\"lazy\" src=\"https:\/\/www.youtube.com\/embed\/7GmzoXLwrEM?rel=0\" width=\"560\" height=\"315\" frameborder=\"0\" allowfullscreen=\"allowfullscreen\"><\/iframe>\n\t<iframe loading=\"lazy\" src=\"https:\/\/www.youtube.com\/embed\/zOYdIsOOpUM?rel=0\" width=\"560\" height=\"315\" frameborder=\"0\" allowfullscreen=\"allowfullscreen\"><\/iframe>\n\t<iframe loading=\"lazy\" src=\"https:\/\/www.youtube.com\/embed\/3OLsbIsObpM?rel=0\" width=\"560\" height=\"315\" frameborder=\"0\" allowfullscreen=\"allowfullscreen\"><\/iframe>\n\t<iframe loading=\"lazy\" src=\"https:\/\/www.youtube.com\/embed\/wdoVQxyFv5w?rel=0\" width=\"560\" height=\"315\" frameborder=\"0\" allowfullscreen=\"allowfullscreen\"><\/iframe>\n\t<iframe loading=\"lazy\" src=\"https:\/\/www.youtube.com\/embed\/pp8I6Q1kgPk?rel=0\" width=\"560\" height=\"315\" frameborder=\"0\" allowfullscreen=\"allowfullscreen\"><\/iframe>\n\t<iframe loading=\"lazy\" src=\"https:\/\/www.youtube.com\/embed\/I14EjQfvJxM?rel=0\" width=\"560\" height=\"315\" frameborder=\"0\" allowfullscreen=\"allowfullscreen\"><\/iframe>\n\t<iframe loading=\"lazy\" src=\"https:\/\/www.youtube.com\/embed\/bYaWVtfLDjk?rel=0\" width=\"560\" height=\"315\" frameborder=\"0\" allowfullscreen=\"allowfullscreen\"><\/iframe>\n\t<iframe loading=\"lazy\" src=\"https:\/\/www.youtube.com\/embed\/WrLQJwpXOYY?rel=0\" width=\"560\" height=\"315\" frameborder=\"0\" allowfullscreen=\"allowfullscreen\"><\/iframe>\n<h3>\n\t\tV\u00eddeos adicionales\n\t<\/h3>\n\t\t\t<a href=\"https:\/\/www.steinberglawfirm.com\/video-center\/video-faqs\/\" target=\"_self\" rel=\"noopener\">\n\t\t\t\t\t\t\tPreguntas frecuentes\n\t\t\t\t\t<\/a>\n\t\t\t<a href=\"https:\/\/www.steinberglawfirm.com\/video-center\/client-testimonial-videos\/\" target=\"_self\" rel=\"noopener\">\n\t\t\t\t\t\t\tTestimonios\n\t\t\t\t\t<\/a>\n\t\t\t<a href=\"https:\/\/www.steinberglawfirm.com\/video-center\/attorney-videos\/\" target=\"_self\" rel=\"noopener\">\n\t\t\t\t\t\t\tV\u00eddeos de abogados\n\t\t\t\t\t<\/a>\n\t\t\t<a href=\"https:\/\/www.steinberglawfirm.com\/video-center\/video-interviews\/\" target=\"_self\" rel=\"noopener\">\n\t\t\t\t\t\t\tEntrevistas\n\t\t\t\t\t<\/a>\n\t\t\t<a href=\"https:\/\/www.steinberglawfirm.com\/video-center\/tv-commercials\/\" target=\"_self\" rel=\"noopener\">\n\t\t\t\t\t\t\tAcerca de nuestra empresa\n\t\t\t\t\t<\/a>\n\t\t\t<a href=\"https:\/\/www.steinberglawfirm.com\/video-center\/community-outreach-videos\/\" target=\"_self\" rel=\"noopener\">\n\t\t\t\t\t\t\tComunidad\n\t\t\t\t\t<\/a>\n\t\t\t<a href=\"https:\/\/www.steinberglawfirm.com\/video-center\/\" target=\"_self\" rel=\"noopener\">\n\t\t\t\t\t\t\tP\u00e1gina de inicio de Video Center\n\t\t\t\t\t<\/a>\n<h4>\n\t\tLo que dicen nuestros clientes\n\t<\/h4>\n\t<meta itemscope itemprop=\"mainEntityOfPage\" itemtype=\"https:\/\/schema.org\/WebPage\" itemid=\"https:\/\/www.steinberglawfirm.com\/?post_type=testimonials&#038;p=14927\" content=\"Susan\" \/><meta itemprop=\"datePublished\" content=\"2021-04-09\" \/><meta itemprop=\"dateModified\" content=\"2022-04-26\" \/><meta itemprop=\"name\" content=\"Steinberg Law Firm\"\/><meta itemprop=\"url\" content=\"https:\/\/www.steinberglawfirm.com\/blog\/author\/steadm\/\" \/><meta itemprop=\"name\" content=\"Steinberg Law Firm\" \/><meta itemprop=\"interactionType\" content=\"https:\/\/schema.org\/CommentAction\" \/><meta itemprop=\"userInteractionCount\" content=\"0\" \/>\n<h4>Tienen unos abogados incre\u00edbles.<\/h4>\n<p>Han trabajado en una situaci\u00f3n imposible y han superado todas las expectativas en los acuerdos resultantes. \u00a1Recomendar\u00eda el bufete de abogados Steinberg a todos y cada uno!<\/p>\n<h5>- Susan<\/h5>\n\t<meta itemscope itemprop=\"mainEntityOfPage\" itemtype=\"https:\/\/schema.org\/WebPage\" itemid=\"https:\/\/www.steinberglawfirm.com\/?post_type=testimonials&#038;p=14926\" content=\"Vanessa\" \/><meta itemprop=\"datePublished\" content=\"2021-04-09\" \/><meta itemprop=\"dateModified\" content=\"2022-02-21\" \/><meta itemprop=\"name\" content=\"Steinberg Law Firm\"\/><meta itemprop=\"url\" content=\"https:\/\/www.steinberglawfirm.com\/blog\/author\/steadm\/\" \/><meta itemprop=\"name\" content=\"Steinberg Law Firm\" \/><meta itemprop=\"interactionType\" content=\"https:\/\/schema.org\/CommentAction\" \/><meta itemprop=\"userInteractionCount\" content=\"0\" \/>\n<h4>Mi experiencia fue excelente<\/h4>\n<p>Desde la primera consulta hasta el final de mi caso me mantuvieron informado paso a paso. Mi abogado trabaj\u00f3 duro para m\u00ed y me consigui\u00f3 m\u00e1s de lo que esperaba. <\/p>\n<h5>- Vanessa<\/h5>\n\t<meta itemscope itemprop=\"mainEntityOfPage\" itemtype=\"https:\/\/schema.org\/WebPage\" itemid=\"https:\/\/www.steinberglawfirm.com\/?post_type=testimonials&#038;p=14842\" content=\"Mike\" \/><meta itemprop=\"datePublished\" content=\"2021-03-04\" \/><meta itemprop=\"dateModified\" content=\"2022-02-21\" \/><meta itemprop=\"name\" content=\"Steinberg Law Firm\"\/><meta itemprop=\"url\" content=\"https:\/\/www.steinberglawfirm.com\/blog\/author\/steadm\/\" \/><meta itemprop=\"name\" content=\"Steinberg Law Firm\" \/><meta itemprop=\"interactionType\" content=\"https:\/\/schema.org\/CommentAction\" \/><meta itemprop=\"userInteractionCount\" content=\"0\" \/>\n<h4>Nunca sent\u00ed que estaba solo<\/h4>\n<p>Mi abogado y su asistente legal estuvieron conmigo durante todo el caso. Nunca sent\u00ed que estaba solo. En todo momento estuvieron en mi esquina. Alguien me recomend\u00f3 al bufete de abogados Steinberg y con gusto har\u00eda lo mismo por otra persona.<\/p>\n<h5>- Mike<\/h5>\n\t<meta itemscope itemprop=\"mainEntityOfPage\" itemtype=\"https:\/\/schema.org\/WebPage\" itemid=\"https:\/\/www.steinberglawfirm.com\/?post_type=testimonials&#038;p=14840\" content=\"Brian\" \/><meta itemprop=\"datePublished\" content=\"2021-03-04\" \/><meta itemprop=\"dateModified\" content=\"2022-02-22\" \/><meta itemprop=\"name\" content=\"Steinberg Law Firm\"\/><meta itemprop=\"url\" content=\"https:\/\/www.steinberglawfirm.com\/blog\/author\/steadm\/\" \/><meta itemprop=\"name\" content=\"Steinberg Law Firm\" \/><meta itemprop=\"interactionType\" content=\"https:\/\/schema.org\/CommentAction\" \/><meta itemprop=\"userInteractionCount\" content=\"0\" \/>\n<h4>No podr\u00eda haber pedido algo mejor<\/h4>\n<p>La gente del grupo Steinberg es de primera categor\u00eda. Manejaron mi caso extremadamente bien, no podr\u00eda haber pedido una mejor actuaci\u00f3n. Muchas gracias a todos por todo lo que hicieron por m\u00ed.<\/p>\n<h5>- Brian<\/h5>\n\t<meta itemscope itemprop=\"mainEntityOfPage\" itemtype=\"https:\/\/schema.org\/WebPage\" itemid=\"https:\/\/www.steinberglawfirm.com\/?post_type=testimonials&#038;p=732\" content=\"Brandy\" \/><meta itemprop=\"datePublished\" content=\"2018-05-04\" \/><meta itemprop=\"dateModified\" content=\"2022-04-26\" \/><meta itemprop=\"name\" content=\"Steinberg Law Firm\"\/><meta itemprop=\"url\" content=\"https:\/\/www.steinberglawfirm.com\/blog\/author\/steadm\/\" \/><meta itemprop=\"name\" content=\"Steinberg Law Firm\" \/><meta itemprop=\"interactionType\" content=\"https:\/\/schema.org\/CommentAction\" \/><meta itemprop=\"userInteractionCount\" content=\"0\" \/>\n<h4>Estoy agradecido por ellos.<\/h4>\n<p>En mi peor momento, protegieron y defendieron honesta y cuidadosamente a mi familia en m\u00faltiples niveles. Soy un cliente de por vida y la integridad de este bufete de abogados es incomparable. \u00a1\u00a1Gracias Steinberg Law Family!!<\/p>\n<h5>- Brandy<\/h5>\n\t<meta itemscope itemprop=\"mainEntityOfPage\" itemtype=\"https:\/\/schema.org\/WebPage\" itemid=\"https:\/\/www.steinberglawfirm.com\/?post_type=testimonials&#038;p=195\" content=\"Joan\" \/><meta itemprop=\"datePublished\" content=\"2018-04-17\" \/><meta itemprop=\"dateModified\" content=\"2022-04-26\" \/><meta itemprop=\"name\" content=\"Steinberg Law Firm\"\/><meta itemprop=\"url\" content=\"https:\/\/www.steinberglawfirm.com\/blog\/author\/steadm\/\" \/><meta itemprop=\"name\" content=\"Steinberg Law Firm\" \/><meta itemprop=\"interactionType\" content=\"https:\/\/schema.org\/CommentAction\" \/><meta itemprop=\"userInteractionCount\" content=\"0\" \/>\n<h4>La gente es atenta y profesional<\/h4>\n<p>Las preguntas e inquietudes siempre son respondidas y las preocupaciones son atendidas. Gracias a todos en Steinburg por una buena experiencia y por demostrarme que se preocupan por sus clientes.<\/p>\n<h5>- Joan<\/h5>\n\t<meta itemscope itemprop=\"mainEntityOfPage\" itemtype=\"https:\/\/schema.org\/WebPage\" itemid=\"https:\/\/www.steinberglawfirm.com\/?post_type=testimonials&#038;p=157\" content=\"Rena\" \/><meta itemprop=\"datePublished\" content=\"2018-04-16\" \/><meta itemprop=\"dateModified\" content=\"2022-02-21\" \/><meta itemprop=\"name\" content=\"Steinberg Law Firm\"\/><meta itemprop=\"url\" content=\"https:\/\/www.steinberglawfirm.com\/blog\/author\/steadm\/\" \/><meta itemprop=\"name\" content=\"Steinberg Law Firm\" \/><meta itemprop=\"interactionType\" content=\"https:\/\/schema.org\/CommentAction\" \/><meta itemprop=\"userInteractionCount\" content=\"0\" \/>\n<h4>El mejor bufete de abogados<\/h4>\n<p>Este es el mejor bufete de abogados con el que alguien podr\u00eda tratar.\u00a0<a href=\"https:\/\/www.steinberglawfirm.com\/attorney\/david-t-pearlman\/\" target=\"_blank\" rel=\"noopener\">Sr. Pearlman<\/a>\u00a0trabajar\u00e1 duro para conseguir todo lo que se le debe. Fue un placer haber sido representado por esta firma.<\/p>\n<h5>- Rena<\/h5>\n\t<meta itemscope itemprop=\"mainEntityOfPage\" itemtype=\"https:\/\/schema.org\/WebPage\" itemid=\"https:\/\/www.steinberglawfirm.com\/?post_type=testimonials&#038;p=156\" content=\"Meagan\" \/><meta itemprop=\"datePublished\" content=\"2018-04-16\" \/><meta itemprop=\"dateModified\" content=\"2022-02-21\" \/><meta itemprop=\"name\" content=\"Steinberg Law Firm\"\/><meta itemprop=\"url\" content=\"https:\/\/www.steinberglawfirm.com\/blog\/author\/steadm\/\" \/><meta itemprop=\"name\" content=\"Steinberg Law Firm\" \/><meta itemprop=\"interactionType\" content=\"https:\/\/schema.org\/CommentAction\" \/><meta itemprop=\"userInteractionCount\" content=\"0\" \/>\n<h4>Una experiencia maravillosa<\/h4>\n<p>Tuve una experiencia maravillosa con\u00a0<a href=\"https:\/\/www.steinberglawfirm.com\/attorney\/david-t-pearlman\/\" target=\"_blank\" rel=\"noopener\">Sr. Pearlman<\/a>\u00a0y su equipo. Muchas gracias por su diligencia y experiencia.<\/p>\n<h5>- Meagan<\/h5>\n\t<meta itemscope itemprop=\"mainEntityOfPage\" itemtype=\"https:\/\/schema.org\/WebPage\" itemid=\"https:\/\/www.steinberglawfirm.com\/?post_type=testimonials&#038;p=154\" content=\"Erika\" \/><meta itemprop=\"datePublished\" content=\"2018-04-16\" \/><meta itemprop=\"dateModified\" content=\"2022-02-22\" \/><meta itemprop=\"name\" content=\"Steinberg Law Firm\"\/><meta itemprop=\"url\" content=\"https:\/\/www.steinberglawfirm.com\/blog\/author\/steadm\/\" \/><meta itemprop=\"name\" content=\"Steinberg Law Firm\" \/><meta itemprop=\"interactionType\" content=\"https:\/\/schema.org\/CommentAction\" \/><meta itemprop=\"userInteractionCount\" content=\"0\" \/>\n<h4>Los recomiendo encarecidamente<\/h4>\n<p>Trabajan como un equipo proporcionando las mejores referencias y asistencia para lograr lo que mi familia y yo necesit\u00e1bamos. Los recomiendo encarecidamente porque no te decepcionar\u00e1n.<\/p>\n<h5>- Erika<\/h5>\n\t\t\t<a href=\"https:\/\/steinberglawfirm-staging.clmcloud.app\/es\/testimonios\/\" target=\"_self\" rel=\"noopener\">\n\t\t\t\t\t\t\tLeer m\u00e1s testimonios\n\t\t\t\t\t<\/a>","protected":false},"excerpt":{"rendered":"<p>OBTENGA UNA CONSULTA GRATUITA Acerca de Nuestra Firma Ver todos los Videos Expandir el 110 por ciento No vaya solo Experiencia \u00bfFrustrado con las Compa\u00f1\u00edas de Seguros? Obtenga Todo Lo Que Se Merece Obtenga La Firma Detr\u00e1s De Usted Obtenga Su Propio Equipo De Abogados Trucos Contratando Un Abogado Las Compa\u00f1\u00edas De Seguros Son Muy Frustrantes La Vida Se Interrumpe Ahora Es El Momento Nuestro Equipo...<\/p>","protected":false},"author":1,"featured_media":19305,"parent":9993,"menu_order":0,"comment_status":"closed","ping_status":"closed","template":"","meta":{"_acf_changed":false,"footnotes":""},"class_list":["post-3818","page","type-page","status-publish","has-post-thumbnail","hentry"],"acf":[],"_links":{"self":[{"href":"https:\/\/steinberglawfirm-staging.clmcloud.app\/es\/wp-json\/wp\/v2\/pages\/3818"}],"collection":[{"href":"https:\/\/steinberglawfirm-staging.clmcloud.app\/es\/wp-json\/wp\/v2\/pages"}],"about":[{"href":"https:\/\/steinberglawfirm-staging.clmcloud.app\/es\/wp-json\/wp\/v2\/types\/page"}],"author":[{"embeddable":true,"href":"https:\/\/steinberglawfirm-staging.clmcloud.app\/es\/wp-json\/wp\/v2\/users\/1"}],"replies":[{"embeddable":true,"href":"https:\/\/steinberglawfirm-staging.clmcloud.app\/es\/wp-json\/wp\/v2\/comments?post=3818"}],"version-history":[{"count":15,"href":"https:\/\/steinberglawfirm-staging.clmcloud.app\/es\/wp-json\/wp\/v2\/pages\/3818\/revisions"}],"predecessor-version":[{"id":30524,"href":"https:\/\/steinberglawfirm-staging.clmcloud.app\/es\/wp-json\/wp\/v2\/pages\/3818\/revisions\/30524"}],"up":[{"embeddable":true,"href":"https:\/\/steinberglawfirm-staging.clmcloud.app\/es\/wp-json\/wp\/v2\/pages\/9993"}],"wp:featuredmedia":[{"embeddable":true,"href":"https:\/\/steinberglawfirm-staging.clmcloud.app\/es\/wp-json\/wp\/v2\/media\/19305"}],"wp:attachment":[{"href":"https:\/\/steinberglawfirm-staging.clmcloud.app\/es\/wp-json\/wp\/v2\/media?parent=3818"}],"curies":[{"name":"wp","href":"https:\/\/api.w.org\/{rel}","templated":true}]}}