{"id":3673,"date":"2018-03-13T20:20:19","date_gmt":"2018-03-13T20:20:19","guid":{"rendered":"https:\/\/www.steinberglawfirm.com\/?page_id=3673"},"modified":"2023-07-16T22:17:30","modified_gmt":"2023-07-16T22:17:30","slug":"fatal-car-accident","status":"publish","type":"page","link":"https:\/\/steinberglawfirm-staging.clmcloud.app\/es\/lesiones-personales\/accidentes-de-trafico-2\/accidente-de-coche-mortal\/","title":{"rendered":"Abogados de accidentes de tr\u00e1fico mortales"},"content":{"rendered":"<h1 class=\"wp-block-heading\">Charleston, South Carolina Abogado de accidentes de tr\u00e1fico mortales<\/h1>\n\n\n\n<div style=\"height:20px\" aria-hidden=\"true\" class=\"wp-block-spacer\"><\/div>\n\n\n\n<h3 class=\"wp-block-heading\">Abogados de muerte por negligencia para las familias de las v\u00edctimas de accidentes de coche<\/h3>\n\n\n\n<div style=\"height:20px\" aria-hidden=\"true\" class=\"wp-block-spacer\"><\/div>\n\n\n\n<p>Hay pocas experiencias tan dif\u00edciles y que cambien la vida como perder a un ser querido en un accidente de tr\u00e1fico mortal. Adem\u00e1s de la monumental tarea de llorar una p\u00e9rdida repentina, la familia de la v\u00edctima tambi\u00e9n debe enfrentarse a una serie de nuevos retos al mismo tiempo. Las p\u00e9rdidas financieras pueden ser devastadoras y hay otros innumerables aspectos de la vida que nunca ser\u00e1n los mismos despu\u00e9s de un accidente de coche mortal.<\/p>\n\n\n\n<p>Si tiene <a href=\"https:\/\/www.steinberglawfirm.com\/personal-injury\/auto-accidents\/\" target=\"_blank\" rel=\"noopener\">ha perdido a un ser querido en un accidente de tr\u00e1fico<\/a>En primer lugar, acepte nuestro m\u00e1s sincero p\u00e9same. Comprendemos lo dif\u00edcil que es recuperarse de una p\u00e9rdida repentina y que es algo que nunca se puede comprender realmente. Como familiares supervivientes de la v\u00edctima, pueden tener derecho a emprender acciones legales en virtud de la ley South Carolina y podr\u00edan recibir una considerable indemnizaci\u00f3n econ\u00f3mica. Aunque el dinero nunca reemplazar\u00e1 lo que ha perdido, puede aliviar algunas de las cargas financieras creadas por un accidente de coche mortal.<\/p>\n\n\n\n<p><strong>South Carolina Estad\u00edsticas de accidentes<\/strong><\/p>\n\n\n\n<p>El n\u00famero de accidentes de tr\u00e1fico mortales ha aumentado en los \u00faltimos a\u00f1os en todo el pa\u00eds. South Carolina ha tenido hist\u00f3ricamente una tasa de mortalidad por accidente muy superior a la media nacional. En 2019, alrededor de 38.800 personas murieron en accidentes de tr\u00e1fico en Estados Unidos. M\u00e1s de 1.030 de esas muertes ocurrieron en las carreteras de South Carolina.<\/p>\n\n\n\n<p>El 55% de los accidentes mortales en South Carolina son <a href=\"https:\/\/www.steinberglawfirm.com\/personal-injury\/auto-accidents\/single-vehicle-accident-attorneys\/\" target=\"_blank\" rel=\"noopener\">accidentes de un solo veh\u00edculo<\/a>. El 66% de ellos ocurren en zonas rurales y el 34% en v\u00edas urbanas. Hay muchos factores que influyen en un accidente de tr\u00e1fico mortal, como el alcohol, el tiempo, las condiciones de la carretera, problemas de mantenimiento o estructurales y otros. A veces, en los casos m\u00e1s absurdos, un accidente se debe a la negligencia de otra persona. Se llevar\u00e1 a cabo una investigaci\u00f3n de un accidente mortal para determinar exactamente qu\u00e9 lo caus\u00f3 y qui\u00e9n puede ser responsable.<\/p>\n\n\n\n<p>Nadie espera que un ser querido est\u00e9 incluido en una estad\u00edstica como \u00e9sta. Por supuesto, cada persona incluida en estas cifras es mucho m\u00e1s que un n\u00famero. Dejan atr\u00e1s a familias y amigos con vidas que nunca volver\u00e1n a ser las mismas, y que merecen poder exigir responsabilidades a las personas o empresas que contribuyeron al accidente que se llev\u00f3 a su ser querido.<\/p>\n\n\n\n<p><strong>Determinaci\u00f3n de la negligencia<\/strong><br>La negligencia en la carretera puede ser muchas cosas. Las formas comunes de negligencia que causan un accidente de tr\u00e1fico mortal incluyen:<\/p>\n\n\n\n<ul class=\"wp-block-list\">\n<li>Conducci\u00f3n distra\u00edda, como enviar mensajes de texto, utilizar las redes sociales, hablar por tel\u00e9fono o hacer fotos o v\u00eddeos mientras se conduce<\/li>\n\n\n\n<li>Conducir bajo los efectos de las drogas o el alcohol, incluida la marihuana, los medicamentos para dormir y los medicamentos con o sin receta m\u00e9dica<\/li>\n\n\n\n<li>Conducci\u00f3n temeraria, como exceso de velocidad, saltarse las se\u00f1ales de stop y los sem\u00e1foros, adelantamientos inseguros, etc.<\/li>\n\n\n\n<li>Conducir con somnolencia y quedarse dormido al volante<\/li>\n<\/ul>\n\n\n\n<p>A menudo, en los casos que implican un accidente con un veh\u00edculo comercial o de empresa, la negligencia recae potencialmente en la empresa o individuo que posee, programa, carga, mantiene o repara el veh\u00edculo, o la comparte. Por ello, una investigaci\u00f3n completa de la causa del accidente es crucial para respaldar una <a href=\"https:\/\/www.steinberglawfirm.com\/practice-areas\/wrongful-death\/\" target=\"_blank\" rel=\"noopener\">reclamaci\u00f3n de muerte por negligencia tras un accidente de tr\u00e1fico mortal<\/a>.<\/p>\n\n\n\n<p><strong>Posibles da\u00f1os en casos de muerte por negligencia<\/strong><\/p>\n\n\n\n<p>El dinero concedido en un caso de muerte por negligencia despu\u00e9s de un accidente de tr\u00e1fico mortal es para los da\u00f1os compensatorios. Estos incluyen los costes financieros y las p\u00e9rdidas sufridas como resultado de la p\u00e9rdida de la v\u00edctima del accidente. Por ejemplo, facturas m\u00e9dicas, gastos de funeral y entierro, p\u00e9rdida de ingresos, p\u00e9rdida de consorcio e incluso por el sufrimiento emocional de la familia de la v\u00edctima.<\/p>\n\n\n\n<p>Una vez m\u00e1s, ninguna cantidad de dinero puede sustituir a un ser querido perdido. Sin embargo, un acuerdo financiero puede ayudar a cubrir las necesidades inmediatas y futuras de la familia y permitirles centrarse en el duelo y la curaci\u00f3n. Un abogado puede ayudar a la familia a calcular sus p\u00e9rdidas y necesidades previstas. Es importante <a href=\"https:\/\/www.steinberglawfirm.com\/practice-areas\/auto-accidents\/\" target=\"_blank\" rel=\"noopener\">consulte a un abogado con experiencia en casos de accidentes de tr\u00e1fico mortales<\/a> antes de aceptar un pago de una compa\u00f1\u00eda de seguros, ya que la familia suele tener derecho a m\u00e1s de lo que ofrece el seguro. Estas compa\u00f1\u00edas tienen fama de pagar a las familias lo menos posible.<\/p>\n\n\n\n<p>En South Carolina, la demanda por muerte por negligencia debe ser presentada por el albacea o administrador de la herencia de la v\u00edctima. El dinero que se conceda se distribuir\u00e1 entre los herederos, que suelen ser el c\u00f3nyuge y los hijos o los padres supervivientes.<\/p>\n\n\n\n<h2 class=\"wp-block-heading\">C\u00f3mo puede ayudar el Steinberg Law Firm tras un accidente de tr\u00e1fico mortal<\/h2>\n\n\n\n<p><a href=\"https:\/\/www.steinberglawfirm.com\/attorney\/\" target=\"_blank\" rel=\"noopener\">Nuestro equipo de abogados comprensivos tiene a\u00f1os de experiencia<\/a> manejando casos de fatalidades de accidentes de tr\u00e1fico. Antes de tomar cualquier decisi\u00f3n sobre c\u00f3mo seguir adelante, <a href=\"https:\/\/www.steinberglawfirm.com\/contact-us\/\" target=\"_blank\" rel=\"noopener\">contacto Steinberg Law Firm<\/a> para un <a href=\"https:\/\/www.steinberglawfirm.com\/free-consultation\/\" target=\"_blank\" rel=\"noopener\">consulta gratuita<\/a>. Nuestros abogados trabajar\u00e1n para obtener el mejor resultado posible para usted y su familia. Trabajamos en base a honorarios de contingencia y no hay honorarios hasta que usted gane su caso. Ll\u00e1menos al (843) 720-2800 para hablar con un miembro de nuestro equipo.<\/p>","protected":false},"excerpt":{"rendered":"<p>Charleston, South Carolina Abogado de Accidentes de Autom\u00f3viles Fatales Abogados de Muerte Injusta Para Familias de V\u00edctimas de Accidentes de Autom\u00f3viles Hay pocas experiencias tan dif\u00edciles y que cambian la vida como perder a un ser querido en un accidente de autom\u00f3vil fatal. Adem\u00e1s de la monumental tarea de llorar una p\u00e9rdida repentina, la familia de la v\u00edctima tambi\u00e9n debe enfrentarse a una serie de...<\/p>","protected":false},"author":1,"featured_media":19449,"parent":760,"menu_order":0,"comment_status":"closed","ping_status":"closed","template":"","meta":{"_acf_changed":false,"footnotes":""},"class_list":["post-3673","page","type-page","status-publish","has-post-thumbnail","hentry"],"acf":[],"_links":{"self":[{"href":"https:\/\/steinberglawfirm-staging.clmcloud.app\/es\/wp-json\/wp\/v2\/pages\/3673"}],"collection":[{"href":"https:\/\/steinberglawfirm-staging.clmcloud.app\/es\/wp-json\/wp\/v2\/pages"}],"about":[{"href":"https:\/\/steinberglawfirm-staging.clmcloud.app\/es\/wp-json\/wp\/v2\/types\/page"}],"author":[{"embeddable":true,"href":"https:\/\/steinberglawfirm-staging.clmcloud.app\/es\/wp-json\/wp\/v2\/users\/1"}],"replies":[{"embeddable":true,"href":"https:\/\/steinberglawfirm-staging.clmcloud.app\/es\/wp-json\/wp\/v2\/comments?post=3673"}],"version-history":[{"count":14,"href":"https:\/\/steinberglawfirm-staging.clmcloud.app\/es\/wp-json\/wp\/v2\/pages\/3673\/revisions"}],"predecessor-version":[{"id":26284,"href":"https:\/\/steinberglawfirm-staging.clmcloud.app\/es\/wp-json\/wp\/v2\/pages\/3673\/revisions\/26284"}],"up":[{"embeddable":true,"href":"https:\/\/steinberglawfirm-staging.clmcloud.app\/es\/wp-json\/wp\/v2\/pages\/760"}],"wp:featuredmedia":[{"embeddable":true,"href":"https:\/\/steinberglawfirm-staging.clmcloud.app\/es\/wp-json\/wp\/v2\/media\/19449"}],"wp:attachment":[{"href":"https:\/\/steinberglawfirm-staging.clmcloud.app\/es\/wp-json\/wp\/v2\/media?parent=3673"}],"curies":[{"name":"wp","href":"https:\/\/api.w.org\/{rel}","templated":true}]}}