{"id":3670,"date":"2018-03-13T20:11:52","date_gmt":"2018-03-13T20:11:52","guid":{"rendered":"https:\/\/www.steinberglawfirm.com\/?page_id=3670"},"modified":"2024-01-18T21:29:18","modified_gmt":"2024-01-18T21:29:18","slug":"speeding-car-accidents","status":"publish","type":"page","link":"https:\/\/steinberglawfirm-staging.clmcloud.app\/es\/lesiones-personales\/accidentes-de-trafico-2\/accidentes-de-trafico-por-exceso-de-velocidad\/","title":{"rendered":"Charleston Abogado de accidentes de tr\u00e1fico por exceso de velocidad"},"content":{"rendered":"<h1 class=\"wp-block-heading\">Charleston Abogado de accidentes de tr\u00e1fico por exceso de velocidad<\/h1>\n\n\n\n<div style=\"height:15px\" aria-hidden=\"true\" class=\"wp-block-spacer\"><\/div>\n\n\n\n<p>El exceso de velocidad es el resultado de conducir m\u00e1s all\u00e1 del l\u00edmite de velocidad establecido o de ir demasiado r\u00e1pido para las condiciones meteorol\u00f3gicas. Los accidentes de tr\u00e1fico por exceso de velocidad pueden resultar muy perjudiciales. El exceso de velocidad tiene muchas consecuencias, desde la p\u00e9rdida de control del veh\u00edculo hasta los da\u00f1os materiales y la muerte. Seg\u00fan la Administraci\u00f3n Nacional de Seguridad del Tr\u00e1fico en las Carreteras, el exceso de velocidad fue la causa del 27 por ciento de los accidentes de coche mortales en 2015, con 9.557 v\u00edctimas mortales. Si has sido v\u00edctima de un accidente relacionado con el exceso de velocidad y puedes aportar pruebas de que el otro conductor conduc\u00eda a una velocidad peligrosa, puedes tener derecho a una indemnizaci\u00f3n. P\u00f3ngase en contacto con un experimentado <a href=\"https:\/\/www.steinberglawfirm.com\/practice-areas\/auto-accidents\/\" target=\"_blank\" rel=\"noopener\">abogado de accidente de coche<\/a> hoy con Steinberg Law Firm para discutir sus opciones.<\/p>\n\n\n\n<p>Los accidentes de tr\u00e1fico por exceso de velocidad son peligrosos porque los conductores con exceso de velocidad tienen menos tiempo y espacio para reaccionar. Si un conductor va a 80 millas por hora, su veh\u00edculo recorre 117 pies por segundo. Con un tiempo de reacci\u00f3n medio de aproximadamente 1,5 segundos al conducir, el veh\u00edculo ya habr\u00eda recorrido unos 175 pies. Por lo tanto, si alguien va a 80 millas y ve un peligro inesperado a 200 pies por delante, no hay suficiente tiempo y espacio para escapar de un choque potencialmente fatal. En tal caso, el conductor que va a gran velocidad ser\u00eda el culpable de cualquier accidente resultante.<\/p>\n\n\n\n<figure class=\"wp-block-embed is-type-video is-provider-youtube wp-block-embed-youtube wp-embed-aspect-16-9 wp-has-aspect-ratio\"><div class=\"wp-block-embed__wrapper\">\n<iframe loading=\"lazy\" title=\"La tragedia de un accidente de coche o cami\u00f3n s\u00f3lo tarda segundos en producirse\" width=\"500\" height=\"281\" src=\"https:\/\/www.youtube.com\/embed\/226ppZLyFxc?feature=oembed\" frameborder=\"0\" allow=\"accelerometer; autoplay; clipboard-write; encrypted-media; gyroscope; picture-in-picture; web-share\" referrerpolicy=\"strict-origin-when-cross-origin\" allowfullscreen><\/iframe>\n<\/div><\/figure>\n\n\n\n<p>Adem\u00e1s, las condiciones meteorol\u00f3gicas pueden contribuir a la ocurrencia y gravedad de los accidentes de tr\u00e1fico por exceso de velocidad. Conducir por encima del l\u00edmite de velocidad designado, durante el mal tiempo y otras condiciones peligrosas puede contribuir a las colisiones. La Administraci\u00f3n Nacional de Seguridad del Tr\u00e1fico en Carreteras realiz\u00f3 un estudio sobre los accidentes relacionados con el exceso de velocidad, se\u00f1alando que conducir demasiado r\u00e1pido durante condiciones peligrosas es la causa del 45% de los accidentes de tr\u00e1fico. Las condiciones peligrosas pueden incluir el tr\u00e1fico intenso y el mal tiempo, como la lluvia, la niebla, el hielo o la nieve. El exceso de velocidad durante este tipo de condiciones tiene m\u00e1s probabilidades de provocar un accidente porque el conductor:<\/p>\n\n\n\n<ul class=\"wp-block-list\">\n<li>Tiene una mayor distancia de frenado<\/li>\n\n\n\n<li>Menos tiempo para reaccionar<\/li>\n\n\n\n<li>Menos control del veh\u00edculo<\/li>\n<\/ul>\n\n\n\n<p>El impacto y las lesiones y da\u00f1os resultantes de un accidente de tr\u00e1fico a gran velocidad pueden multiplicarse r\u00e1pidamente. Las lesiones f\u00edsicas por colisiones a alta velocidad pueden incluir huesos rotos, <a href=\"https:\/\/www.steinberglawfirm.com\/personal-injury\/personal-injury-lawyers\/burn-injury-lawyer\/\" target=\"_blank\" rel=\"noopener\">quemaduras cut\u00e1neas<\/a>, <a href=\"https:\/\/www.steinberglawfirm.com\/personal-injury\/serious-injury-cases\/traumatic-brain-injury\/\" target=\"_blank\" rel=\"noopener\">lesi\u00f3n cerebral traum\u00e1tica<\/a>par\u00e1lisis y muerte. Si ha sido v\u00edctima de un accidente de tr\u00e1fico por exceso de velocidad, es probable que tenga derecho a una indemnizaci\u00f3n. Esto puede venir en forma de cubrir las facturas m\u00e9dicas pasadas y futuras, cualquier da\u00f1o a la propiedad de su coche y pertenencias, salarios perdidos pasados y futuros, y el dolor y el sufrimiento.<\/p>\n\n\n\n<p>Si sufres un accidente por exceso de velocidad, debes buscar atenci\u00f3n m\u00e9dica inmediatamente. Esto es importante para su propia seguridad, as\u00ed como para asegurarse de que cubre cualquier posible lesi\u00f3n que pueda no ser obvia de inmediato. Esto puede incluir hemorragias internas o <a href=\"https:\/\/www.steinberglawfirm.com\/personal-injury\/auto-accidents\/brain-injury-from-car-accident\/\" target=\"_blank\" rel=\"noopener\">lesi\u00f3n cerebral<\/a>. Tambi\u00e9n es crucial que te examine un m\u00e9dico para disponer de historiales m\u00e9dicos que aporten pruebas a las compa\u00f1\u00edas de seguros de que tus lesiones est\u00e1n directamente relacionadas con el accidente. Antes de abandonar el lugar del siniestro, pida a la polic\u00eda que tome fotograf\u00edas o v\u00eddeos de los da\u00f1os o, si puede, h\u00e1galo usted mismo. El siguiente paso para actuar es ponerse en contacto con un abogado experto en accidentes de tr\u00e1fico. Un abogado con experiencia puede aliviarle la carga de su caso gui\u00e1ndole a trav\u00e9s del proceso y proporcion\u00e1ndole el mejor asesoramiento jur\u00eddico.<\/p>\n\n\n\n<p>Los abogados de accidentes de tr\u00e1fico de Steinberg Law Firm tienen una amplia experiencia en el tratamiento de colisiones de veh\u00edculos relacionadas con el exceso de velocidad. Estamos preparados para ayudarle en todo lo que podamos. <a href=\"https:\/\/www.steinberglawfirm.com\/contact-us\/\" target=\"_blank\" rel=\"noopener\">Llame hoy al Steinberg Law Firm.<\/a><\/p>","protected":false},"excerpt":{"rendered":"<p>Charleston Abogado de accidentes de coche por exceso de velocidad El exceso de velocidad es el resultado de conducir m\u00e1s all\u00e1 de un l\u00edmite de velocidad publicado o ir demasiado r\u00e1pido para las condiciones meteorol\u00f3gicas. Los accidentes de coche por exceso de velocidad pueden resultar muy perjudiciales. Hay muchas consecuencias del exceso de velocidad, desde la p\u00e9rdida de control del veh\u00edculo hasta los da\u00f1os a la propiedad y la muerte. Seg\u00fan la National Highway Traffic...<\/p>","protected":false},"author":1,"featured_media":19679,"parent":760,"menu_order":0,"comment_status":"closed","ping_status":"closed","template":"","meta":{"_acf_changed":false,"footnotes":""},"class_list":["post-3670","page","type-page","status-publish","has-post-thumbnail","hentry"],"acf":[],"_links":{"self":[{"href":"https:\/\/steinberglawfirm-staging.clmcloud.app\/es\/wp-json\/wp\/v2\/pages\/3670"}],"collection":[{"href":"https:\/\/steinberglawfirm-staging.clmcloud.app\/es\/wp-json\/wp\/v2\/pages"}],"about":[{"href":"https:\/\/steinberglawfirm-staging.clmcloud.app\/es\/wp-json\/wp\/v2\/types\/page"}],"author":[{"embeddable":true,"href":"https:\/\/steinberglawfirm-staging.clmcloud.app\/es\/wp-json\/wp\/v2\/users\/1"}],"replies":[{"embeddable":true,"href":"https:\/\/steinberglawfirm-staging.clmcloud.app\/es\/wp-json\/wp\/v2\/comments?post=3670"}],"version-history":[{"count":6,"href":"https:\/\/steinberglawfirm-staging.clmcloud.app\/es\/wp-json\/wp\/v2\/pages\/3670\/revisions"}],"predecessor-version":[{"id":30378,"href":"https:\/\/steinberglawfirm-staging.clmcloud.app\/es\/wp-json\/wp\/v2\/pages\/3670\/revisions\/30378"}],"up":[{"embeddable":true,"href":"https:\/\/steinberglawfirm-staging.clmcloud.app\/es\/wp-json\/wp\/v2\/pages\/760"}],"wp:featuredmedia":[{"embeddable":true,"href":"https:\/\/steinberglawfirm-staging.clmcloud.app\/es\/wp-json\/wp\/v2\/media\/19679"}],"wp:attachment":[{"href":"https:\/\/steinberglawfirm-staging.clmcloud.app\/es\/wp-json\/wp\/v2\/media?parent=3670"}],"curies":[{"name":"wp","href":"https:\/\/api.w.org\/{rel}","templated":true}]}}