{"id":3656,"date":"2018-03-09T21:41:16","date_gmt":"2018-03-09T21:41:16","guid":{"rendered":"https:\/\/www.steinberglawfirm.com\/?page_id=3656"},"modified":"2022-04-18T23:20:23","modified_gmt":"2022-04-18T23:20:23","slug":"commercial-car-accidents","status":"publish","type":"page","link":"https:\/\/steinberglawfirm-staging.clmcloud.app\/es\/lesiones-personales\/accidentes-de-trafico-2\/accidentes-de-trafico-3\/","title":{"rendered":"Charleston Abogado de accidentes de tr\u00e1fico comercial"},"content":{"rendered":"<h1 class=\"wp-block-heading\">Charleston Abogado de accidentes de tr\u00e1fico comercial<\/h1>\n\n\n\n<div style=\"height:15px\" aria-hidden=\"true\" class=\"wp-block-spacer\"><\/div>\n\n\n\n<p>Cualquier accidente en el que est\u00e9 implicado un veh\u00edculo comercial como un autob\u00fas, una furgoneta o un cami\u00f3n puede ser extremadamente grave y con m\u00e1s probabilidades de ser mortal que un accidente entre coches m\u00e1s peque\u00f1os. Aunque los conductores de camiones est\u00e1n obligados a seguir y obedecer estrictas regulaciones en cuanto al tiempo de conducci\u00f3n, la distancia recorrida, la cantidad de descansos, etc., los accidentes son comunes. Si usted ha sido una v\u00edctima en un accidente de veh\u00edculo comercial, es crucial que usted entienda sus derechos. P\u00f3ngase en contacto con un abogado experto en accidentes de veh\u00edculos comerciales hoy mismo con Steinberg Law Firm. Podemos ayudarle a alcanzar la compensaci\u00f3n que se merece.<\/p>\n\n\n\n<p>Si ha sufrido un accidente con un veh\u00edculo comercial, hay pasos que debe seguir tras el accidente:<\/p>\n\n\n\n<ul class=\"wp-block-list\"><li style=\"margin-bottom: 1.25em;\"><strong>Reciba atenci\u00f3n m\u00e9dica inmediatamente.<\/strong> Es probable que usted y sus pasajeros hayan sufrido lesiones durante el accidente. Aunque crea que no necesita atenci\u00f3n inmediata, es importante que reciba atenci\u00f3n m\u00e9dica de inmediato para determinar si tiene alguna lesi\u00f3n. Las lesiones no siempre aparecen de inmediato, especialmente las internas; es necesario que un m\u00e9dico especializado determine su estado de salud. Si no acude al hospital, puede tener problemas con su compa\u00f1\u00eda de seguros o con el seguro del veh\u00edculo comercial alegando que sus lesiones no se produjeron durante el accidente.<\/li><li style=\"margin-bottom: 1.25em;\"><strong>Re\u00fane pruebas en el lugar de los hechos.<\/strong> Proporcionar pruebas m\u00e9dicas no es la \u00fanica informaci\u00f3n que necesitar\u00e1 para presentar un caso s\u00f3lido. Si usted o un pasajero son f\u00edsicamente capaces, re\u00fanan todas las pruebas posibles en el lugar del accidente. Esto puede incluir fotos, v\u00eddeos e informaci\u00f3n de contacto de los testigos. Si no puede hacerlo, solicite que la polic\u00eda tome fotos antes de que se despeje la escena. Es probable que la compa\u00f1\u00eda del cami\u00f3n comercial tenga un equipo de abogados y expertos en la escena lo antes posible para tomar fotos antes de que se limpien los escombros. Usted quiere asegurarse de tener la informaci\u00f3n necesaria.<\/li><li style=\"margin-bottom: 1.25em;\"><strong>Contacta con un abogado.<\/strong> La empresa propietaria del veh\u00edculo comercial tendr\u00e1 abogados y otros expertos en veh\u00edculos de su lado. En el incidente de un accidente de cami\u00f3n, puede haber da\u00f1os materiales y lesiones extremas. La compa\u00f1\u00eda del cami\u00f3n quiere limitar su responsabilidad lo m\u00e1s posible con respecto a estos da\u00f1os. Usted tambi\u00e9n necesita un equipo experimentado de su lado. Al contratar un abogado, usted tendr\u00e1 acceso a los investigadores, el conocimiento sobre la preservaci\u00f3n de las pruebas y un alto nivel de comunicaci\u00f3n con la compa\u00f1\u00eda de camiones y la polic\u00eda. No hay raz\u00f3n para asumir un caso solo.<\/li><\/ul>\n\n\n\n<p>La tasa de mortalidad m\u00e1s alta de todos los grandes <a href=\"https:\/\/www.steinberglawfirm.com\/practice-areas\/truck-accidents\/\" target=\"_blank\" rel=\"noopener\">accidente de cami\u00f3n<\/a> proviene de los ocupantes del veh\u00edculo de pasajeros. Seg\u00fan el Instituto de Seguros para la Seguridad en las Carreteras, en 2016 se produjeron 3.986 muertes por accidentes de camiones grandes, de las cuales el 66% eran ocupantes de veh\u00edculos de pasajeros y el 17% eran ocupantes de camiones.<\/p>\n\n\n\n<p>Si la otra parte es responsable del accidente, es probable que usted tenga derecho a una determinada indemnizaci\u00f3n. Esto puede venir en forma de cubrir las facturas m\u00e9dicas pasadas y futuras, cualquier da\u00f1o a la propiedad de su coche y sus pertenencias, los salarios perdidos pasados y futuros. y el dolor y el sufrimiento.<\/p>\n\n\n\n<p>Si usted o un ser querido es v\u00edctima de un accidente de veh\u00edculo comercial, es posible que desee <a href=\"https:\/\/www.steinberglawfirm.com\/contact-us\/\" target=\"_blank\" rel=\"noopener\">contacte con un abogado experto en accidentes de tr\u00e1fico comerciales hoy mismo<\/a>. Steinberg Law Firm tiene experiencia en el manejo de casos de accidentes de veh\u00edculos comerciales. Estamos preparados para ayudarle en el suyo.<\/p>","protected":false},"excerpt":{"rendered":"<p>Charleston Abogado de Accidentes de Autom\u00f3viles Comerciales Cualquier accidente en el que est\u00e9 involucrado un veh\u00edculo comercial como un autob\u00fas, una furgoneta o un cami\u00f3n puede ser extremadamente grave y m\u00e1s probablemente mortal que un accidente entre coches m\u00e1s peque\u00f1os. Mientras que los conductores de camiones est\u00e1n obligados a seguir y obedecer las regulaciones estrictas sobre el tiempo de conducci\u00f3n, la distancia recorrida, la cantidad de descansos...<\/p>","protected":false},"author":1,"featured_media":15179,"parent":760,"menu_order":0,"comment_status":"closed","ping_status":"closed","template":"","meta":{"_acf_changed":false,"footnotes":""},"class_list":["post-3656","page","type-page","status-publish","has-post-thumbnail","hentry"],"acf":[],"_links":{"self":[{"href":"https:\/\/steinberglawfirm-staging.clmcloud.app\/es\/wp-json\/wp\/v2\/pages\/3656"}],"collection":[{"href":"https:\/\/steinberglawfirm-staging.clmcloud.app\/es\/wp-json\/wp\/v2\/pages"}],"about":[{"href":"https:\/\/steinberglawfirm-staging.clmcloud.app\/es\/wp-json\/wp\/v2\/types\/page"}],"author":[{"embeddable":true,"href":"https:\/\/steinberglawfirm-staging.clmcloud.app\/es\/wp-json\/wp\/v2\/users\/1"}],"replies":[{"embeddable":true,"href":"https:\/\/steinberglawfirm-staging.clmcloud.app\/es\/wp-json\/wp\/v2\/comments?post=3656"}],"version-history":[{"count":3,"href":"https:\/\/steinberglawfirm-staging.clmcloud.app\/es\/wp-json\/wp\/v2\/pages\/3656\/revisions"}],"predecessor-version":[{"id":19865,"href":"https:\/\/steinberglawfirm-staging.clmcloud.app\/es\/wp-json\/wp\/v2\/pages\/3656\/revisions\/19865"}],"up":[{"embeddable":true,"href":"https:\/\/steinberglawfirm-staging.clmcloud.app\/es\/wp-json\/wp\/v2\/pages\/760"}],"wp:featuredmedia":[{"embeddable":true,"href":"https:\/\/steinberglawfirm-staging.clmcloud.app\/es\/wp-json\/wp\/v2\/media\/15179"}],"wp:attachment":[{"href":"https:\/\/steinberglawfirm-staging.clmcloud.app\/es\/wp-json\/wp\/v2\/media?parent=3656"}],"curies":[{"name":"wp","href":"https:\/\/api.w.org\/{rel}","templated":true}]}}