{"id":3651,"date":"2018-03-09T21:19:27","date_gmt":"2018-03-09T21:19:27","guid":{"rendered":"https:\/\/www.steinberglawfirm.com\/?page_id=3651"},"modified":"2022-04-19T00:33:23","modified_gmt":"2022-04-19T00:33:23","slug":"failure-to-stop-car-accident","status":"publish","type":"page","link":"https:\/\/steinberglawfirm-staging.clmcloud.app\/es\/lesiones-personales\/accidentes-de-trafico-2\/fallo-en-la-detencion-de-un-accidente-de-trafico\/","title":{"rendered":"Charleston Abogado de accidente de coche por no parar"},"content":{"rendered":"<h1 class=\"wp-block-heading\">Charleston Abogado de accidente de coche por no parar<\/h1>\n\n\n\n<div style=\"height:15px\" aria-hidden=\"true\" class=\"wp-block-spacer\"><\/div>\n\n\n\n<p>No detenerse en un sem\u00e1foro o se\u00f1al de stop es un elemento de conducci\u00f3n imprudente o agresiva. Incluso si alguien es negligente y conduce a trav\u00e9s de un sem\u00e1foro porque est\u00e1n agotados, esto todav\u00eda se considera imprudente porque no deben conducir cuando est\u00e1n cansados. No detenerse o ceder el paso cuando es legalmente necesario es un problema importante en relaci\u00f3n con los accidentes de veh\u00edculos, bicicletas y peatones. Este tipo de choques son el resultado de una mala conducta voluntaria y deliberada. Si usted ha sufrido un accidente de coche porque alguien se salt\u00f3 deliberadamente una se\u00f1al de tr\u00e1fico o un cartel, es posible que desee ponerse en contacto con un experto <a href=\"https:\/\/www.steinberglawfirm.com\/practice-areas\/auto-accidents\/\" target=\"_blank\" rel=\"noopener\">abogado de accidente de coche<\/a> hoy para conocer sus opciones.<\/p>\n\n\n\n<p>Al examinar una situaci\u00f3n de conducci\u00f3n temeraria, recuerde:<\/p>\n\n\n\n<ul class=\"wp-block-list\"><li><strong>La conducci\u00f3n temeraria no es un elemento de negligencia<\/strong>es intencionada. La gente comete errores y estos son a menudo excusables; sin embargo, la conducci\u00f3n temeraria es un completo desprecio por la seguridad de otros viajeros y el conductor que caus\u00f3 el accidente debe ser considerado responsable del perjuicio que cataliz\u00f3.<\/li><li><strong>La conducci\u00f3n agresiva es peligrosa.<\/strong> Si un conductor no se detiene cuando es legalmente necesario, es su culpa si se produce un accidente. La conducci\u00f3n agresiva puede causar lesiones extremas o incluso provocar una muerte.<\/li><li><strong>Las compa\u00f1\u00edas de seguros no son tus amigas.<\/strong> Si las compa\u00f1\u00edas de seguros intentan hacer pasar su sufrimiento porque afirman que el otro conductor fue puramente negligente, se equivocan. Si un conductor es imprudente y se salta una se\u00f1al de stop y luego choca contra su coche, es culpable. Steinberg Law Firm lucha por la justicia de sus clientes y por obtener la indemnizaci\u00f3n que se merecen.<\/li><\/ul>\n\n\n\n<p>&nbsp;<br>Saltarse un sem\u00e1foro en rojo puede ser causado por un conductor que acelera en un sem\u00e1foro en amarillo o cuando un conductor est\u00e1 demasiado distra\u00eddo para ver que el sem\u00e1foro est\u00e1 en rojo. Las lesiones de este tipo de accidentes pueden ser extremadamente devastadoras porque los conductores que se saltan los sem\u00e1foros en rojo pueden ir extremadamente r\u00e1pido cuando chocan con un veh\u00edculo que va en direcci\u00f3n contraria. Incluso las velocidades urbanas que van de 25 a 40 millas por hora pueden causar lesiones perjudiciales. Los conductores tambi\u00e9n pueden suponer que el veh\u00edculo que va delante de ellos va a pasar un sem\u00e1foro en amarillo y luego chocan por detr\u00e1s cuando se detienen.<\/p>\n\n\n\n<p>Los ciclistas y los peatones tambi\u00e9n pueden ser atropellados cuando un veh\u00edculo se salta un sem\u00e1foro en rojo o una se\u00f1al de stop. Pueden ser f\u00e1cilmente atropellados al cruzar la calle en direcci\u00f3n contraria al automovilista. En cualquier situaci\u00f3n de accidente con sem\u00e1foro en rojo o se\u00f1al de stop, una colisi\u00f3n que resulte en lesiones personales puede ser traumatizante para todos los involucrados.<\/p>\n\n\n\n<p>Determinar la culpa puede ser dif\u00edcil en un accidente de coche, pero lo m\u00e1s probable es que hubiera un testigo que fuera peat\u00f3n, ciclista o automovilista en el momento del accidente. Las c\u00e1maras de sem\u00e1foro en rojo tambi\u00e9n pueden explicar un accidente y determinar qui\u00e9n tuvo la culpa. Sin embargo, puede ser dif\u00edcil demostrar la culpa si no hubo testigos fiables o una c\u00e1mara de luz roja. En estos casos, es importante tener un abogado experto a su lado para que pueda entender sus derechos y tener apoyo legal para recibir la compensaci\u00f3n que se merece.<\/p>\n\n\n\n<p>Si usted es una v\u00edctima de un accidente de coche por no parar, usted puede ser capaz de cobrar una indemnizaci\u00f3n por da\u00f1os y perjuicios, incluyendo las facturas m\u00e9dicas pasadas y futuras, los salarios perdidos, el trauma emocional, y el dolor y el sufrimiento. <a href=\"https:\/\/www.steinberglawfirm.com\/contact-us\/\" target=\"_blank\" rel=\"noopener\">P\u00f3ngase en contacto con un abogado experto en accidentes de tr\u00e1fico hoy mismo<\/a> con el Steinberg Law Firm para comprender mejor su situaci\u00f3n y obtener la ayuda legal experimentada que necesita.<\/p>","protected":false},"excerpt":{"rendered":"<p>Charleston Abogado de Accidentes de Coche por No Parar en un sem\u00e1foro o se\u00f1al de stop es un elemento de conducci\u00f3n imprudente o agresiva. Incluso si alguien es negligente y conduce a trav\u00e9s de un sem\u00e1foro porque est\u00e1n agotados, esto todav\u00eda se considera imprudente, ya que no debe conducir cuando est\u00e1 cansado. La falta de...<\/p>","protected":false},"author":1,"featured_media":15186,"parent":760,"menu_order":0,"comment_status":"closed","ping_status":"closed","template":"","meta":{"_acf_changed":false,"footnotes":""},"class_list":["post-3651","page","type-page","status-publish","has-post-thumbnail","hentry"],"acf":[],"_links":{"self":[{"href":"https:\/\/steinberglawfirm-staging.clmcloud.app\/es\/wp-json\/wp\/v2\/pages\/3651"}],"collection":[{"href":"https:\/\/steinberglawfirm-staging.clmcloud.app\/es\/wp-json\/wp\/v2\/pages"}],"about":[{"href":"https:\/\/steinberglawfirm-staging.clmcloud.app\/es\/wp-json\/wp\/v2\/types\/page"}],"author":[{"embeddable":true,"href":"https:\/\/steinberglawfirm-staging.clmcloud.app\/es\/wp-json\/wp\/v2\/users\/1"}],"replies":[{"embeddable":true,"href":"https:\/\/steinberglawfirm-staging.clmcloud.app\/es\/wp-json\/wp\/v2\/comments?post=3651"}],"version-history":[{"count":3,"href":"https:\/\/steinberglawfirm-staging.clmcloud.app\/es\/wp-json\/wp\/v2\/pages\/3651\/revisions"}],"predecessor-version":[{"id":19874,"href":"https:\/\/steinberglawfirm-staging.clmcloud.app\/es\/wp-json\/wp\/v2\/pages\/3651\/revisions\/19874"}],"up":[{"embeddable":true,"href":"https:\/\/steinberglawfirm-staging.clmcloud.app\/es\/wp-json\/wp\/v2\/pages\/760"}],"wp:featuredmedia":[{"embeddable":true,"href":"https:\/\/steinberglawfirm-staging.clmcloud.app\/es\/wp-json\/wp\/v2\/media\/15186"}],"wp:attachment":[{"href":"https:\/\/steinberglawfirm-staging.clmcloud.app\/es\/wp-json\/wp\/v2\/media?parent=3651"}],"curies":[{"name":"wp","href":"https:\/\/api.w.org\/{rel}","templated":true}]}}