{"id":3647,"date":"2018-03-09T21:04:16","date_gmt":"2018-03-09T21:04:16","guid":{"rendered":"https:\/\/www.steinberglawfirm.com\/?page_id=3647"},"modified":"2022-04-27T21:45:25","modified_gmt":"2022-04-27T21:45:25","slug":"multi-car-accident","status":"publish","type":"page","link":"https:\/\/steinberglawfirm-staging.clmcloud.app\/es\/lesiones-personales\/accidentes-de-trafico-2\/accidente-multiple\/","title":{"rendered":"Charleston Abogado de accidentes m\u00faltiples"},"content":{"rendered":"<h1 class=\"wp-block-heading\">Charleston Abogado de accidentes m\u00faltiples<\/h1>\n\n\n\n<div style=\"height:15px\" aria-hidden=\"true\" class=\"wp-block-spacer\"><\/div>\n\n\n\n<p>Un accidente m\u00faltiple se produce cuando tres o m\u00e1s coches colisionan, provocando una reacci\u00f3n en cadena que puede arrastrar a otros veh\u00edculos. Incluso los conductores m\u00e1s seguros pueden verse envueltos en un accidente m\u00faltiple. Enfrentarse a los perjuicios de una colisi\u00f3n de varios coches puede ser dif\u00edcil, especialmente cuando se intenta determinar qui\u00e9n tuvo la culpa y obtener una indemnizaci\u00f3n por da\u00f1os y perjuicios. No hay raz\u00f3n para afrontar una colisi\u00f3n de varios coches por su cuenta. Los abogados experimentados del accidente del multi-coche con Steinberg, LLC est\u00e1n aqu\u00ed ayudar.<\/p>\n\n\n\n<p>Los accidentes de varios coches suelen ser el resultado de una reacci\u00f3n en cadena. M\u00faltiples factores pueden contribuir o causar un accidente m\u00faltiple, incluyendo:<\/p>\n\n\n\n<ul class=\"wp-block-list\"><li>Desechos de la carretera<\/li><li>Mal tiempo<\/li><li>Conductores distra\u00eddos<\/li><li>Conductores intoxicados<\/li><li>Conductores somnolientos<\/li><li>Exceso de velocidad<\/li><li>Una parada repentina<\/li><\/ul>\n\n\n\n<p>&nbsp;<br>Adem\u00e1s, un accidente m\u00faltiple puede ser el resultado de un choque m\u00e1s peque\u00f1o que ocurri\u00f3 por separado o puede ser causado por un conductor bajo la influencia del alcohol o las drogas. Adem\u00e1s, el clima tambi\u00e9n puede desempe\u00f1ar un papel en el desencadenamiento de una colisi\u00f3n m\u00faltiple. Condiciones peligrosas como la lluvia, la niebla, la nieve y el hielo pueden ser factores que contribuyan a un accidente de coche.<\/p>\n\n\n\n<p>Una colisi\u00f3n de varios coches puede ocurrir cuando algunos de los veh\u00edculos est\u00e1n parados o cuando todos los coches est\u00e1n en movimiento. Determinar qui\u00e9n es el culpable suele requerir que un experto en reconstrucci\u00f3n de tr\u00e1fico investigue m\u00e1s a fondo el choque. La persona culpable suele ser responsable de cubrir todos los gastos de los da\u00f1os materiales y las facturas m\u00e9dicas de los otros conductores del accidente. Esto puede llevar mucho tiempo porque los conductores tienden a culparse mutuamente, sin querer aceptar la culpa.<\/p>\n\n\n\n<p>Los accidentes de varios coches pueden implicar una variedad de veh\u00edculos, incluyendo coches, camiones, SUV y a veces incluso peatones. Estos casos son extremadamente complicados con m\u00faltiples compa\u00f1\u00edas de seguros, veh\u00edculos, posibles muertes o lesiones y familias luchando por los derechos de los conductores. Un solo conductor puede causar una reacci\u00f3n en cadena que resulta en m\u00faltiples accidentes y lesiones o muerte. Para llevar su caso a una conclusi\u00f3n satisfactoria, usted necesita un abogado con experiencia de su lado.<\/p>\n\n\n\n<p>Un experto <a href=\"https:\/\/www.steinberglawfirm.com\/practice-areas\/auto-accidents\/\" target=\"_blank\" rel=\"noopener\">abogado de accidente de coche<\/a> puede guiarle a trav\u00e9s del caso y obtener la compensaci\u00f3n que se merece. Si bien puede ser un reto para determinar qui\u00e9n tuvo la culpa del accidente de varios coches, un abogado con experiencia en accidentes de varios coches puede ayudar mediante el examen:<\/p>\n\n\n\n<ul class=\"wp-block-list\"><li>Declaraciones de los testigos, de los ocupantes del veh\u00edculo y de los conductores<\/li><li>Informes de expertos que han revisado cuidadosamente las carreteras, la velocidad de los veh\u00edculos y los da\u00f1os<\/li><li>D\u00f3nde experimentaron los veh\u00edculos el impacto y cu\u00e1ntas veces se produjo<\/li><\/ul>\n\n\n\n<p>\u00a0<br>Es posible que tenga derecho a una indemnizaci\u00f3n por <a href=\"https:\/\/www.steinberglawfirm.com\/practice-areas\/personal-injury\/\" target=\"_blank\" rel=\"noopener\">da\u00f1os personales<\/a> o <a href=\"https:\/\/www.steinberglawfirm.com\/practice-areas\/wrongful-death\/\" target=\"_blank\" rel=\"noopener\">muerte por negligencia<\/a>Los abogados de Steinberg LLC pueden guiarle a trav\u00e9s de sus opciones y luchar por la compensaci\u00f3n que usted merece. Los abogados comprensivos de accidente de coche m\u00faltiple con Steinberg, LLC pueden guiarle a trav\u00e9s de sus opciones y luchar por la compensaci\u00f3n que usted merece. <a href=\"https:\/\/www.steinberglawfirm.com\/contact-us\/\" target=\"_blank\" rel=\"noopener\">Llame hoy a Steinberg<\/a> para obtener la mejor opini\u00f3n para su situaci\u00f3n.<\/p>","protected":false},"excerpt":{"rendered":"<p>Charleston Abogado de accidentes de varios coches Un accidente de varios coches ocurre cuando tres o m\u00e1s coches chocan, desencadenando una reacci\u00f3n en cadena que puede arrastrar a otros veh\u00edculos. Incluso los conductores m\u00e1s seguros pueden verse atrapados en un accidente de varios coches. Enfrentarse a los perjuicios de una colisi\u00f3n de varios coches puede ser dif\u00edcil, especialmente cuando se intenta determinar qui\u00e9n tuvo la culpa...<\/p>","protected":false},"author":1,"featured_media":15194,"parent":760,"menu_order":0,"comment_status":"closed","ping_status":"closed","template":"","meta":{"_acf_changed":false,"footnotes":""},"class_list":["post-3647","page","type-page","status-publish","has-post-thumbnail","hentry"],"acf":[],"_links":{"self":[{"href":"https:\/\/steinberglawfirm-staging.clmcloud.app\/es\/wp-json\/wp\/v2\/pages\/3647"}],"collection":[{"href":"https:\/\/steinberglawfirm-staging.clmcloud.app\/es\/wp-json\/wp\/v2\/pages"}],"about":[{"href":"https:\/\/steinberglawfirm-staging.clmcloud.app\/es\/wp-json\/wp\/v2\/types\/page"}],"author":[{"embeddable":true,"href":"https:\/\/steinberglawfirm-staging.clmcloud.app\/es\/wp-json\/wp\/v2\/users\/1"}],"replies":[{"embeddable":true,"href":"https:\/\/steinberglawfirm-staging.clmcloud.app\/es\/wp-json\/wp\/v2\/comments?post=3647"}],"version-history":[{"count":4,"href":"https:\/\/steinberglawfirm-staging.clmcloud.app\/es\/wp-json\/wp\/v2\/pages\/3647\/revisions"}],"predecessor-version":[{"id":21402,"href":"https:\/\/steinberglawfirm-staging.clmcloud.app\/es\/wp-json\/wp\/v2\/pages\/3647\/revisions\/21402"}],"up":[{"embeddable":true,"href":"https:\/\/steinberglawfirm-staging.clmcloud.app\/es\/wp-json\/wp\/v2\/pages\/760"}],"wp:featuredmedia":[{"embeddable":true,"href":"https:\/\/steinberglawfirm-staging.clmcloud.app\/es\/wp-json\/wp\/v2\/media\/15194"}],"wp:attachment":[{"href":"https:\/\/steinberglawfirm-staging.clmcloud.app\/es\/wp-json\/wp\/v2\/media?parent=3647"}],"curies":[{"name":"wp","href":"https:\/\/api.w.org\/{rel}","templated":true}]}}