{"id":3643,"date":"2018-03-09T20:22:49","date_gmt":"2018-03-09T20:22:49","guid":{"rendered":"https:\/\/www.steinberglawfirm.com\/?page_id=3643"},"modified":"2022-04-19T00:45:31","modified_gmt":"2022-04-19T00:45:31","slug":"hit-and-run-car-accident","status":"publish","type":"page","link":"https:\/\/steinberglawfirm-staging.clmcloud.app\/es\/lesiones-personales\/accidentes-de-trafico-2\/accidente-de-coche-con-fuga\/","title":{"rendered":"Accidentes de tr\u00e1fico con fuga"},"content":{"rendered":"<h1 class=\"wp-block-heading\">Charleston Abogado de accidente de coche con fuga<\/h1>\n\n\n\n<div style=\"height:15px\" aria-hidden=\"true\" class=\"wp-block-spacer\"><\/div>\n\n\n\n<p>Un accidente de coche con fuga implica que el conductor de un veh\u00edculo causa un accidente con otro coche, peat\u00f3n o propiedad y huye de la escena sin proporcionar informaci\u00f3n precisa como lo requiere la ley. Los accidentes de atropello y fuga tambi\u00e9n pueden ocurrir si un conductor choca con un veh\u00edculo estacionado sin dejar informaci\u00f3n de contacto. La ley exige que si una persona se ha visto implicada en un accidente mientras conduc\u00eda un coche, una motocicleta, una bicicleta o un cami\u00f3n, debe proporcionar informaci\u00f3n de contacto precisa, un nombre, el n\u00famero de la licencia de conducir, los n\u00fameros de las matr\u00edculas de todos los veh\u00edculos implicados y la informaci\u00f3n del seguro del veh\u00edculo. Si los conductores implicados no siguen estas directrices, el accidente se considerar\u00e1 como accidente de atropello. Los accidentes de atropello y fuga son ilegales y pueden dar lugar a la p\u00e9rdida de los privilegios de conducci\u00f3n o a una sanci\u00f3n adicional en funci\u00f3n de la profundidad de los da\u00f1os.<\/p>\n\n\n\n<p>En los accidentes de atropello y fuga, existen diferentes razones por las que los conductores huyen de la escena de un accidente. La raz\u00f3n m\u00e1s com\u00fan para los conductores que abandonan la escena de un accidente es cuando el conductor no tiene seguro de coche. La ley exige que los conductores posean el seguro m\u00ednimo de responsabilidad civil y de conductor sin seguro. Si un conductor sin seguro tiene un accidente, es probable que abandone la escena antes de proporcionar cualquier informaci\u00f3n para evitar meterse en problemas por no tener el seguro adecuado. Otras posibilidades de que un conductor huya de un accidente son:<\/p>\n\n\n\n<ul class=\"wp-block-list\"><li>Si el conductor estaba intoxicado<\/li><li>Si el conductor ten\u00eda antecedentes penales<\/li><li>Si el conductor no ten\u00eda licencia o ten\u00eda una licencia suspendida<\/li><\/ul>\n\n\n\n<p>&nbsp;<br>Hay algunas defensas potenciales para excusar los accidentes de atropello y fuga. Estas incluir\u00edan:<\/p>\n\n\n\n<ul class=\"wp-block-list\"><li><strong>Una situaci\u00f3n de emergencia.<\/strong> Si la conductora que huye del lugar de los hechos estaba llevando a su hijo a urgencias, es posible que el atropello sea excusable.<\/li><li><strong>Intoxicaci\u00f3n involuntaria.<\/strong> Si alguien consume drogas o alcohol de forma involuntaria, conduce y tiene un accidente, es posible que un atropello pueda ser excusado. Esto puede ocurrir, por ejemplo, si un conductor se ha drogado sin saberlo antes de conducir y luego choca contra un coche aparcado.<\/li><li><strong>No saber que se produjo el accidente.<\/strong> Para ser considerado responsable, el acusado tiene que saber que fue culpable de las lesiones personales o de los da\u00f1os a la propiedad. Es muy dif\u00edcil responsabilizar a alguien si no sab\u00eda que hab\u00eda causado da\u00f1os y abandon\u00f3 la escena. Si el conductor deber\u00eda haber sabido de los da\u00f1os y fue puramente negligente, entonces todav\u00eda puede ser acusado culpable.<\/li><\/ul>\n\n\n\n<p>&nbsp;<br>Si eres v\u00edctima de un accidente con fuga y puedes hacerlo, haz fotos de la escena y obt\u00e9n la informaci\u00f3n de contacto de cualquier testigo ocular. A continuaci\u00f3n, debe buscar inmediatamente atenci\u00f3n m\u00e9dica. No buscar atenci\u00f3n m\u00e9dica inmediata puede perjudicar su reclamaci\u00f3n y reducir la recuperaci\u00f3n de los da\u00f1os. A continuaci\u00f3n, debe informar de la situaci\u00f3n a la polic\u00eda lo antes posible. Si no informa del accidente a tiempo, es posible que la compa\u00f1\u00eda de seguros no acepte su reclamaci\u00f3n. Adem\u00e1s, para presentar una reclamaci\u00f3n al seguro, los da\u00f1os personales o materiales deben ser consecuencia del accidente con fuga. Si esto no ocurri\u00f3, hay que presentar un testigo para que declare. El \u00faltimo requisito es demostrar que usted no identific\u00f3 personalmente al conductor o al veh\u00edculo que huy\u00f3 del lugar.<\/p>\n\n\n\n<p>Para reforzar su caso necesitar\u00e1 pruebas admisibles. Esto puede incluir la entrega de copias de sus registros m\u00e9dicos y facturas, y la b\u00fasqueda de testigos presenciales del accidente para que declaren. Si tiene fotos, v\u00eddeos o un n\u00famero de matr\u00edcula del conductor que huy\u00f3 del lugar del accidente, comun\u00edquelo a la polic\u00eda lo antes posible.<\/p>\n\n\n\n<p>Tambi\u00e9n deber\u00eda considerar la posibilidad de contratar a un abogado para que le apoye en su caso. Un abogado con experiencia en accidentes de atropello y fuga le aliviar\u00e1 de esta carga al entender la ley y le guiar\u00e1 a trav\u00e9s del caso paso a paso para asegurarse de que recibe la compensaci\u00f3n que merece.<\/p>\n\n\n\n<p>Contacte con un experto <a href=\"https:\/\/www.steinberglawfirm.com\/practice-areas\/auto-accidents\/\" target=\"_blank\" rel=\"noopener\">abogado de accidentes de tr\u00e1fico<\/a> hoy con Steinberg Law Firm.<\/p>","protected":false},"excerpt":{"rendered":"<p>Charleston Abogado de accidentes de coche con atropello y fuga Un accidente de coche con atropello y fuga implica un conductor de un veh\u00edculo que causa un accidente con otro coche, peat\u00f3n o propiedad y huye de la escena sin proporcionar informaci\u00f3n precisa como lo requiere la ley. Los accidentes de atropello y fuga tambi\u00e9n pueden ocurrir si un conductor choca con un veh\u00edculo estacionado...<\/p>","protected":false},"author":1,"featured_media":15169,"parent":760,"menu_order":0,"comment_status":"closed","ping_status":"closed","template":"","meta":{"_acf_changed":false,"footnotes":""},"class_list":["post-3643","page","type-page","status-publish","has-post-thumbnail","hentry"],"acf":[],"_links":{"self":[{"href":"https:\/\/steinberglawfirm-staging.clmcloud.app\/es\/wp-json\/wp\/v2\/pages\/3643"}],"collection":[{"href":"https:\/\/steinberglawfirm-staging.clmcloud.app\/es\/wp-json\/wp\/v2\/pages"}],"about":[{"href":"https:\/\/steinberglawfirm-staging.clmcloud.app\/es\/wp-json\/wp\/v2\/types\/page"}],"author":[{"embeddable":true,"href":"https:\/\/steinberglawfirm-staging.clmcloud.app\/es\/wp-json\/wp\/v2\/users\/1"}],"replies":[{"embeddable":true,"href":"https:\/\/steinberglawfirm-staging.clmcloud.app\/es\/wp-json\/wp\/v2\/comments?post=3643"}],"version-history":[{"count":4,"href":"https:\/\/steinberglawfirm-staging.clmcloud.app\/es\/wp-json\/wp\/v2\/pages\/3643\/revisions"}],"predecessor-version":[{"id":19892,"href":"https:\/\/steinberglawfirm-staging.clmcloud.app\/es\/wp-json\/wp\/v2\/pages\/3643\/revisions\/19892"}],"up":[{"embeddable":true,"href":"https:\/\/steinberglawfirm-staging.clmcloud.app\/es\/wp-json\/wp\/v2\/pages\/760"}],"wp:featuredmedia":[{"embeddable":true,"href":"https:\/\/steinberglawfirm-staging.clmcloud.app\/es\/wp-json\/wp\/v2\/media\/15169"}],"wp:attachment":[{"href":"https:\/\/steinberglawfirm-staging.clmcloud.app\/es\/wp-json\/wp\/v2\/media?parent=3643"}],"curies":[{"name":"wp","href":"https:\/\/api.w.org\/{rel}","templated":true}]}}