{"id":3602,"date":"2018-02-26T20:00:16","date_gmt":"2018-02-26T20:00:16","guid":{"rendered":"https:\/\/www.steinberglawfirm.com\/?page_id=3602"},"modified":"2023-02-13T15:50:11","modified_gmt":"2023-02-13T15:50:11","slug":"common-workplace-injuries","status":"publish","type":"page","link":"https:\/\/steinberglawfirm-staging.clmcloud.app\/es\/indemnizacion-de-los-trabajadores\/lesiones-comunes-en-el-lugar-de-trabajo\/","title":{"rendered":"Lesiones laborales comunes"},"content":{"rendered":"<h1 class=\"wp-block-heading\">Lesiones laborales comunes <\/h1>\n\n\n\n<p>No puedes controlar la suerte o las acciones de los dem\u00e1s cuando trabajas, pero puedes tomar decisiones que te coloquen en una buena posici\u00f3n para evitar una lesi\u00f3n laboral a largo plazo en una obra. Con esto en mente, <a href=\"https:\/\/www.steinberglawfirm.com\/\" target=\"_blank\" rel=\"noopener\">Steinberg Law Firm<\/a> ha recopilado algunas de las lesiones m\u00e1s comunes en el lugar de trabajo y la mejor manera de evitarlas. Si sufres una lesi\u00f3n en el trabajo, <a href=\"tel:1-843-720-2800\">llame al (843) 720-2800<\/a> y le daremos una consulta legal inicial gratuita.<\/p>\n\n\n\n<p><iframe loading=\"lazy\" src=\"https:\/\/www.youtube.com\/embed\/3ejK36PvL9M?rel=0\" width=\"700\" height=\"394\" frameborder=\"0\" allowfullscreen=\"allowfullscreen\"><\/iframe><\/p>\n\n\n\n<h2 class=\"wp-block-heading\">Causas de los accidentes de trabajo<\/h2>\n\n\n\n<p>En Steinberg Law Firm, vemos una gran variedad de lesiones laborales en nuestro trabajo como <a href=\"https:\/\/www.steinberglawfirm.com\/workers-compensation\/\" target=\"_blank\" rel=\"noopener\">abogados especializados en indemnizaciones por accidentes de trabajo<\/a>. Los accidentes que provocan estas lesiones abarcan una amplia gama de incidentes, algunos de los cuales son extremadamente improbables y otros se debieron a errores evitables. Pero las lesiones causadas por estos accidentes tienden a clasificarse en unas pocas categor\u00edas principales.<\/p>\n\n\n\n<h3 class=\"wp-block-heading\">\n\t\tLos tipos m\u00e1s comunes de lesiones en el lugar de trabajo incluyen:\n\t<\/h3>\n\n\n\n<ul class=\"wp-block-list\">\n<li><strong>Lesiones por movimientos repetitivos<\/strong> - Estos son m\u00e1s comunes en los trabajos de oficina de cuello blanco, donde <a href=\"https:\/\/www.steinberglawfirm.com\/workers-compensation\/repetitive-motion-injuries-south-carolina\/\" target=\"_blank\" rel=\"noopener\">el s\u00edndrome del t\u00fanel carpiano es un gran problema<\/a>Pero tambi\u00e9n puede ocurrir en trabajos que requieren mucho esfuerzo f\u00edsico repetitivo.<\/li>\n\n\n\n<li><strong>Agresi\u00f3n f\u00edsica en el lugar de trabajo<\/strong> - Si consigues <a href=\"https:\/\/www.steinberglawfirm.com\/workers-compensation\/workplace-violence\/\" target=\"_blank\" rel=\"noopener\">atacado por un compa\u00f1ero de trabajo y herido<\/a>El seguro de accidentes de trabajo cubre las facturas m\u00e9dicas y las bajas laborales.<\/li>\n\n\n\n<li><strong>Resbalones y ca\u00eddas<\/strong> - A menudo se considera una categor\u00eda jur\u00eddica propia, pero si <a href=\"https:\/\/www.steinberglawfirm.com\/personal-injury\/premises-liability\/slip-and-fall\/\" target=\"_blank\" rel=\"noopener\">ca\u00eddas en su lugar de trabajo<\/a>En el caso de los accidentes de trabajo, puede ser m\u00e1s f\u00e1cil obtener una indemnizaci\u00f3n que demandar a su empleador.<\/li>\n\n\n\n<li><strong>Sobreesfuerzo de los empleados<\/strong> - Tal vez tu jefe te presion\u00f3 para que trabajaras en exceso, o tal vez simplemente tuviste una visi\u00f3n poco realista de tus propios l\u00edmites. En cualquier caso, el resultado puede ser una lesi\u00f3n grave.<\/li>\n\n\n\n<li><strong>Accidente de tr\u00e1fico<\/strong> - Muchos trabajos implican la conducci\u00f3n de veh\u00edculos. Si usted es <a href=\"https:\/\/www.steinberglawfirm.com\/workers-compensation\/delivery-worker-injury\/\" target=\"_blank\" rel=\"noopener\">atropellado por un conductor imprudente mientras trabajaba<\/a>Si no tienes un accidente de trabajo, es posible que tengas derecho a la indemnizaci\u00f3n por accidente laboral, pero probablemente no est\u00e9s cubierto si tienes un accidente mientras conduces al trabajo.<\/li>\n\n\n\n<li><strong>Enfermedades profesionales<\/strong> - Si usted trabaja en un sitio que tiene amianto o <a href=\"https:\/\/www.steinberglawfirm.com\/workers-compensation\/occupational-disease-lawyer\/\" target=\"_blank\" rel=\"noopener\">te expone regularmente<\/a> a la enfermedad, podr\u00edas contraer algo que te deje fuera de servicio durante un largo periodo de tiempo.<\/li>\n\n\n\n<li><strong>Golpeado por la ca\u00edda de un objeto<\/strong> - Un com\u00fan <a href=\"https:\/\/www.steinberglawfirm.com\/workers-compensation\/construction-accidents-in-charleston\/\" target=\"_blank\" rel=\"noopener\">lesi\u00f3n en la obra<\/a>Tambi\u00e9n ocurre cuando hay muchas personas trabajando en diferentes niveles de una estructura. Tambi\u00e9n es bastante com\u00fan entre los empleados que trabajan para las grandes ferreter\u00edas, que tienen estantes altos llenos de objetos pesados.<\/li>\n<\/ul>\n\n\n\n<h2 class=\"wp-block-heading\">\n\t\tAbogados de lesiones personales que representan a Charleston y \u00e1reas cercanas de South Carolina\n\t<\/h2>\n\n\n\n<h3 class=\"wp-block-heading\">\n\t\tC\u00f3mo obtener una indemnizaci\u00f3n por su lesi\u00f3n laboral South Carolina\n\t<\/h3>\n\n\n\n<p><strong> Para una revisi\u00f3n gratuita de su caso, ll\u00e1menos al 843-720-2800<\/strong> <\/p>\n\n\n\n<p>La burocracia que conllevan muchos casos de indemnizaci\u00f3n por accidente de trabajo puede resultar r\u00e1pidamente abrumadora, sobre todo si todav\u00eda est\u00e1 convaleciente de su lesi\u00f3n. <a href=\"https:\/\/www.steinberglawfirm.com\/attorney\/\" target=\"_blank\" rel=\"noopener\">Abogados de Steinberg Law Firm<\/a> puede ocuparse de los detalles dif\u00edciles por usted y asegurarse de que recibe el <a href=\"https:\/\/www.steinberglawfirm.com\/workers-compensation-report\/\" target=\"_blank\" rel=\"noopener\">indemnizaci\u00f3n laboral que le corresponde seg\u00fan la ley estatal South Carolina<\/a>.<\/p>\n\n\n\n<p>Para establecer un <a href=\"https:\/\/www.steinberglawfirm.com\/free-consultation\/\" target=\"_blank\" rel=\"noopener\">consulta inicial gratuita<\/a> con los abogados especializados en lesiones laborales de Steinberg Law Firm, <a href=\"tel:1-843-720-2800\">contacte con nosotros marcando el (843) 720-2800<\/a>. Servimos a clientes en Charleston y en todo el estado de South Carolina.<\/p>","protected":false},"excerpt":{"rendered":"<p>Lesiones laborales comunes No puedes controlar la suerte o las acciones de otros cuando trabajas, pero puedes tomar decisiones que te pongan en una buena posici\u00f3n para evitar una lesi\u00f3n laboral a largo plazo en un sitio de trabajo. Con esto en mente, Steinberg Law Firm ha recopilado algunas de las lesiones laborales m\u00e1s comunes, y c\u00f3mo...<\/p>","protected":false},"author":1,"featured_media":15040,"parent":8874,"menu_order":0,"comment_status":"closed","ping_status":"closed","template":"","meta":{"_acf_changed":false,"footnotes":""},"class_list":["post-3602","page","type-page","status-publish","has-post-thumbnail","hentry"],"acf":[],"_links":{"self":[{"href":"https:\/\/steinberglawfirm-staging.clmcloud.app\/es\/wp-json\/wp\/v2\/pages\/3602"}],"collection":[{"href":"https:\/\/steinberglawfirm-staging.clmcloud.app\/es\/wp-json\/wp\/v2\/pages"}],"about":[{"href":"https:\/\/steinberglawfirm-staging.clmcloud.app\/es\/wp-json\/wp\/v2\/types\/page"}],"author":[{"embeddable":true,"href":"https:\/\/steinberglawfirm-staging.clmcloud.app\/es\/wp-json\/wp\/v2\/users\/1"}],"replies":[{"embeddable":true,"href":"https:\/\/steinberglawfirm-staging.clmcloud.app\/es\/wp-json\/wp\/v2\/comments?post=3602"}],"version-history":[{"count":3,"href":"https:\/\/steinberglawfirm-staging.clmcloud.app\/es\/wp-json\/wp\/v2\/pages\/3602\/revisions"}],"predecessor-version":[{"id":24089,"href":"https:\/\/steinberglawfirm-staging.clmcloud.app\/es\/wp-json\/wp\/v2\/pages\/3602\/revisions\/24089"}],"up":[{"embeddable":true,"href":"https:\/\/steinberglawfirm-staging.clmcloud.app\/es\/wp-json\/wp\/v2\/pages\/8874"}],"wp:featuredmedia":[{"embeddable":true,"href":"https:\/\/steinberglawfirm-staging.clmcloud.app\/es\/wp-json\/wp\/v2\/media\/15040"}],"wp:attachment":[{"href":"https:\/\/steinberglawfirm-staging.clmcloud.app\/es\/wp-json\/wp\/v2\/media?parent=3602"}],"curies":[{"name":"wp","href":"https:\/\/api.w.org\/{rel}","templated":true}]}}