{"id":3551,"date":"2018-02-21T21:02:57","date_gmt":"2018-02-21T21:02:57","guid":{"rendered":"https:\/\/www.steinberglawfirm.com\/?page_id=3551"},"modified":"2023-05-10T20:03:13","modified_gmt":"2023-05-10T20:03:13","slug":"nursing-home-abuse-and-negligence","status":"publish","type":"page","link":"https:\/\/steinberglawfirm-staging.clmcloud.app\/es\/ubicaciones\/summerville\/abuso-y-negligencia-en-hogares-de-ancianos\/","title":{"rendered":"Summerville Abogados de abuso en hogares de ancianos"},"content":{"rendered":"<h1 class=\"wp-block-heading\">Summerville Abogados de abuso en hogares de ancianos<\/h1>\n\n\n\n<p>Cuando usted toma la dif\u00edcil decisi\u00f3n de ingresar a un ser querido en una residencia de ancianos Summerville, conf\u00eda en el centro para que le proporcione los cuidados adecuados y lo mantenga seguro. Desgraciadamente, los pacientes de edad avanzada son vulnerables a los abusos y la negligencia de las residencias de ancianos en varias formas, como el abuso f\u00edsico, emocional y financiero. A menudo son incapaces de denunciar los abusos o de defenderse. En tales situaciones, un <a href=\"https:\/\/www.steinberglawfirm.com\/practice-areas\/nursing-home-abuse\/\" target=\"_blank\" rel=\"noopener\">Summerville abogado de abusos en residencias de ancianos<\/a> puede ayudar a responsabilizar a la residencia de ancianos y a su personal por su mala conducta.<\/p>\n\n\n\n<p><strong>Estad\u00edsticas de abusos en residencias de ancianos<\/strong><\/p>\n\n\n\n<p>Alrededor de uno de cada diez adultos mayores de 60 a\u00f1os ha sufrido malos tratos en Estados Unidos. Seg\u00fan el <a href=\"https:\/\/ncea.acl.gov\/\" target=\"_blank\" rel=\"noopener\">Centro Nacional sobre el Abuso de Ancianos<\/a>En la actualidad, alrededor del cinco por ciento de los pacientes de residencias de ancianos se han visto perjudicados por la negligencia del personal o han sufrido una lesi\u00f3n relacionada con la negligencia.<\/p>\n\n\n\n<p>Se cree que esta cifra es una estimaci\u00f3n conservadora, ya que la mayor\u00eda de los casos de abuso y negligencia en residencias de ancianos no se denuncian. A menudo, los familiares y amigos de las v\u00edctimas ancianas ni siquiera saben del abuso.<\/p>\n\n\n\n<p>Un estudio inform\u00f3 que m\u00e1s del 24 por ciento de los residentes experimentaron al menos un caso de abuso f\u00edsico mientras estaban en una residencia de ancianos. M\u00e1s del 50% del personal de las residencias de ancianos ha admitido haber cometido alg\u00fan tipo de maltrato a los ancianos.<\/p>\n\n\n\n<p>Un estudio de 2018 encontr\u00f3 que South Carolina ten\u00eda las peores protecciones contra el abuso para los adultos mayores en general, ubic\u00e1ndose en el \u00faltimo lugar de una lista nacional. El estado ocup\u00f3 el puesto 32 en cuanto a la calidad de los hogares de ancianos. El estudio tuvo en cuenta el abuso de ancianos, la negligencia grave y la explotaci\u00f3n de los residentes de 65 a\u00f1os o m\u00e1s.<\/p>\n\n\n\n<p><strong>Tipos de maltrato a personas mayores y c\u00f3mo identificarlos<\/strong><\/p>\n\n\n\n<p>Muchos ancianos residentes en residencias de ancianos Summerville est\u00e1n desatendidos debido a que las instalaciones no tienen suficiente personal y la financiaci\u00f3n es inadecuada. Hay un n\u00famero excesivo de residentes en comparaci\u00f3n con el n\u00famero de cuidadores. Como resultado, los residentes pueden no recibir los cuidados y la atenci\u00f3n que necesitan.<\/p>\n\n\n\n<p>Demostrar que se ha producido un maltrato a una persona mayor puede ser un reto. Esto se debe, en parte, al deterioro de las facultades de una persona mayor, incluyendo su o\u00eddo, visi\u00f3n y capacidad de pensar con claridad. Por lo tanto, puede ser dif\u00edcil para ellos ser conscientes del abuso y dar informaci\u00f3n sobre el abuso que han sufrido.<\/p>\n\n\n\n<p>El maltrato a las personas mayores puede producirse de forma intencionada, como cuando un miembro del personal niega la medicaci\u00f3n a un residente, o puede ocurrir de forma negligente, por ejemplo cuando un cuidador se olvida de ba\u00f1ar a un paciente. Los tipos m\u00e1s comunes de maltrato a los ancianos son <a href=\"https:\/\/www.steinberglawfirm.com\/practice-areas\/nursing-home-abuse\/physical-abuse\/\" target=\"_blank\" rel=\"noopener\">abuso f\u00edsico<\/a>, <a href=\"https:\/\/www.steinberglawfirm.com\/practice-areas\/nursing-home-abuse\/emotional-abuse\/\" target=\"_blank\" rel=\"noopener\">abuso emocional<\/a> y <a href=\"https:\/\/www.steinberglawfirm.com\/practice-areas\/nursing-home-abuse\/theft-or-fraud\/\" target=\"_blank\" rel=\"noopener\">abuso financiero<\/a>. Hay algunos signos reveladores que pueden facilitar la identificaci\u00f3n de que se est\u00e1 produciendo un abuso.<\/p>\n\n\n\n<p><strong> - Se\u00f1ales de abuso f\u00edsico<\/strong><\/p>\n\n\n\n<p>Entre los signos de maltrato f\u00edsico en las residencias de ancianos est\u00e1n las lesiones para las que no hay explicaci\u00f3n. Pueden ser ronchas, fracturas, escaras o marcas de cuerda en las mu\u00f1ecas o los tobillos de los residentes.<\/p>\n\n\n\n<p>Otros signos de maltrato son los altercados recurrentes entre un cuidador y un residente, la vestimenta inadecuada para el clima y las lesiones por ca\u00eddas. Tambi\u00e9n puede haber negligencia en cuanto a la higiene personal, que puede dar lugar a infecciones cut\u00e1neas, desnutrici\u00f3n, deshidrataci\u00f3n o p\u00e9rdida extraordinaria de peso.<\/p>\n\n\n\n<p><strong> - Se\u00f1ales de abuso emocional<\/strong><\/p>\n\n\n\n<p>Dado que los residentes tienen poco contacto con el mundo exterior, el personal de la residencia de ancianos ejerce un enorme poder sobre las personas mayores que residen en ella. En consecuencia, pueden abusar de dicho poder incurriendo en las siguientes formas de abuso emocional o psicol\u00f3gico:<\/p>\n\n\n\n<p>- Gritar e intimidar a los pacientes<br>- Amenazar con violencia<br>- Insultar o ridiculizar a los pacientes<br>- Aislar a los pacientes de sus familiares o compa\u00f1eros de residencia<br>- Desatenci\u00f3n a las necesidades de los pacientes<br>- Retenci\u00f3n de medicamentos, alimentos y otras necesidades<br>- Se\u00f1ales de abuso financiero<\/p>\n\n\n\n<p>El abuso financiero puede adoptar la forma de robo o fraude en residencias de ancianos, que es un tipo grave de abuso en residencias de ancianos que la gente no suele tener en cuenta. Este tipo de abuso difiere del abuso f\u00edsico en que no hay se\u00f1ales obvias de que se est\u00e1 cometiendo un robo o fraude.<\/p>\n\n\n\n<p>De hecho, es posible que la persona mayor ni siquiera se haya dado cuenta de que ha sido v\u00edctima de un delito. Algunos ejemplos de abuso financiero incluyen el robo directo, una cantidad considerable de retiros de las cuentas bancarias del residente o el uso del nombre del paciente para solicitar un cr\u00e9dito.<\/p>\n\n\n\n<p>La explotaci\u00f3n financiera se produce cuando un cuidador utiliza el acceso a los registros financieros de un paciente en su beneficio, roba o revela la informaci\u00f3n financiera del paciente a personas no autorizadas.<\/p>\n\n\n\n<p><strong>Responsabilidad de las residencias de ancianos<\/strong><\/p>\n\n\n\n<p>Usted puede responsabilizar a una residencia de ancianos Summerville por maltrato y negligencia siempre que pueda demostrar que el centro incumpli\u00f3 su deber con el paciente y que ese incumplimiento caus\u00f3 da\u00f1os al paciente. Aunque la responsabilidad de una residencia de ancianos suele derivarse del cuidado negligente de un paciente, tambi\u00e9n puede surgir de la negligencia en el mantenimiento de las instalaciones, la elecci\u00f3n del equipo o la contrataci\u00f3n de trabajadores.<\/p>\n\n\n\n<p>En virtud de la teor\u00eda de la responsabilidad indirecta, una residencia de ancianos puede ser considerada responsable de la negligencia de un cuidador, siempre que \u00e9ste sea un empleado. Esto es cierto incluso si la residencia de ancianos no dio instrucciones al cuidador para que realizara determinadas acciones.<\/p>\n\n\n\n<p><strong>Indemnizaci\u00f3n disponible en casos de abuso en residencias de ancianos<\/strong><\/p>\n\n\n\n<p>Las v\u00edctimas de abusos y negligencias en residencias de ancianos en Summerville tienen derecho a una indemnizaci\u00f3n por todas sus p\u00e9rdidas. La presentaci\u00f3n de una demanda por maltrato en una residencia de ancianos puede permitirle a usted o a su ser querido obtener una indemnizaci\u00f3n por los gastos m\u00e9dicos, el dolor y el sufrimiento, la angustia emocional y mucho m\u00e1s. Los da\u00f1os punitivos pueden estar disponibles en un n\u00famero limitado de casos para castigar al acusado por acciones particularmente atroces.<\/p>\n\n\n\n<h2 class=\"wp-block-heading\">C\u00f3mo el Steinberg Law Firm puede ayudar a combatir los abusos en residencias de ancianos<\/h2>\n\n\n\n<p>Si su familiar o amigo ha sido v\u00edctima de abusos en una residencia de ancianos en Summerville, la <a href=\"https:\/\/www.steinberglawfirm.com\/attorney\/\" target=\"_blank\" rel=\"noopener\">Los abogados del Steinberg Law Firm trabajar\u00e1n celosamente en nombre de su ser querido<\/a> para responsabilizar a los autores de estos abusos. Los residentes de las residencias de ancianos tienen importantes derechos y deben ser protegidos.<\/p>\n\n\n\n<p>En el <a href=\"https:\/\/www.steinberglawfirm.com\/\" target=\"_blank\" rel=\"noopener\">Steinberg Law Firm<\/a>, nuestro <a href=\"https:\/\/www.steinberglawfirm.com\/practice-areas\/nursing-home-abuse\/\" target=\"_blank\" rel=\"noopener\">los abogados cualificados en materia de abusos en residencias de ancianos est\u00e1n equipados para asesorar a los clientes<\/a> en casos de abuso f\u00edsico, abuso emocional y robo o fraude. No debe permitirse que se produzcan este tipo de abusos.<\/p>\n\n\n\n<p>Al presentar una demanda, estar\u00e1 dando un paso crucial para ayudar a erradicar el abuso y la negligencia en los hogares de ancianos Summerville. Le ayudaremos a usted y a sus seres queridos a recuperar una indemnizaci\u00f3n completa.<\/p>\n\n\n\n<h3 class=\"wp-block-heading\">Contacto con el Steinberg Law Firm<\/h3>\n\n\n\n<p>Si sospecha que su ser querido es v\u00edctima de abuso o negligencia en un hogar de ancianos en Summerville, South Carolina,&nbsp;<a href=\"https:\/\/www.steinberglawfirm.com\/practice-areas\/nursing-home-abuse\/\" target=\"_blank\" rel=\"noopener\">llame a los abogados expertos en abusos en residencias de ancianos<\/a>&nbsp;en el <a href=\"https:\/\/www.steinberglawfirm.com\/\" target=\"_blank\" rel=\"noopener\">Steinberg Law Firm<\/a>. <a href=\"https:\/\/www.steinberglawfirm.com\/attorney\/\" target=\"_blank\" rel=\"noopener\">Nuestros abogados defender\u00e1n sus derechos<\/a> y trabajar para poner fin al sufrimiento que han padecido. <a href=\"tel:843-720-2800\">Ll\u00e1menos hoy para una revisi\u00f3n gratuita de su caso al 843-720-2800<\/a>.<\/p>","protected":false},"excerpt":{"rendered":"<p>Summerville Abogados de abuso en hogares de ancianos Cuando usted toma la dif\u00edcil decisi\u00f3n de colocar a un ser querido en un hogar de ancianos Summerville, usted conf\u00eda en la instalaci\u00f3n para darles la atenci\u00f3n adecuada y mantenerlos seguros. Desafortunadamente, los pacientes de edad avanzada son vulnerables al abuso y la negligencia en el hogar de ancianos en varias formas, incluyendo el abuso f\u00edsico, emocional y financiero. Ellos...<\/p>","protected":false},"author":1,"featured_media":19836,"parent":3549,"menu_order":0,"comment_status":"closed","ping_status":"closed","template":"","meta":{"_acf_changed":false,"footnotes":""},"class_list":["post-3551","page","type-page","status-publish","has-post-thumbnail","hentry"],"acf":[],"_links":{"self":[{"href":"https:\/\/steinberglawfirm-staging.clmcloud.app\/es\/wp-json\/wp\/v2\/pages\/3551"}],"collection":[{"href":"https:\/\/steinberglawfirm-staging.clmcloud.app\/es\/wp-json\/wp\/v2\/pages"}],"about":[{"href":"https:\/\/steinberglawfirm-staging.clmcloud.app\/es\/wp-json\/wp\/v2\/types\/page"}],"author":[{"embeddable":true,"href":"https:\/\/steinberglawfirm-staging.clmcloud.app\/es\/wp-json\/wp\/v2\/users\/1"}],"replies":[{"embeddable":true,"href":"https:\/\/steinberglawfirm-staging.clmcloud.app\/es\/wp-json\/wp\/v2\/comments?post=3551"}],"version-history":[{"count":5,"href":"https:\/\/steinberglawfirm-staging.clmcloud.app\/es\/wp-json\/wp\/v2\/pages\/3551\/revisions"}],"predecessor-version":[{"id":24776,"href":"https:\/\/steinberglawfirm-staging.clmcloud.app\/es\/wp-json\/wp\/v2\/pages\/3551\/revisions\/24776"}],"up":[{"embeddable":true,"href":"https:\/\/steinberglawfirm-staging.clmcloud.app\/es\/wp-json\/wp\/v2\/pages\/3549"}],"wp:featuredmedia":[{"embeddable":true,"href":"https:\/\/steinberglawfirm-staging.clmcloud.app\/es\/wp-json\/wp\/v2\/media\/19836"}],"wp:attachment":[{"href":"https:\/\/steinberglawfirm-staging.clmcloud.app\/es\/wp-json\/wp\/v2\/media?parent=3551"}],"curies":[{"name":"wp","href":"https:\/\/api.w.org\/{rel}","templated":true}]}}