{"id":3549,"date":"2018-02-21T20:57:58","date_gmt":"2018-02-21T20:57:58","guid":{"rendered":"https:\/\/www.steinberglawfirm.com\/?page_id=3549"},"modified":"2022-05-06T20:53:53","modified_gmt":"2022-05-06T20:53:53","slug":"summerville","status":"publish","type":"page","link":"https:\/\/steinberglawfirm-staging.clmcloud.app\/es\/ubicaciones\/summerville\/","title":{"rendered":"Summerville, South Carolina Abogados de lesiones"},"content":{"rendered":"<h1 class=\"wp-block-heading\">Summerville Abogados de da\u00f1os personales<\/h1>\n\n\n\n<p>Sufrir una lesi\u00f3n puede poner su vida patas arriba, dej\u00e1ndole estresado e inseguro sobre lo que debe hacer. Si ha sufrido lesiones causadas por la negligencia o el descuido de otra persona, puede emprender acciones legales contra la parte responsable. El sitio web <a href=\"https:\/\/www.steinberglawfirm.com\/summerville\/personal-injury-lawyer\/\" target=\"_blank\" rel=\"noopener\">Summerville abogados de lesiones personales<\/a> en el <a href=\"https:\/\/www.steinberglawfirm.com\/\" target=\"_blank\" rel=\"noopener\">Steinberg Law Firm<\/a> puede ayudarle a presentar una reclamaci\u00f3n por da\u00f1os personales para obtener una indemnizaci\u00f3n que cubra todas sus p\u00e9rdidas.<\/p>\n\n\n\n<p><strong>\u00bfQu\u00e9 se considera un da\u00f1o personal en Summerville?<\/strong><\/p>\n\n\n\n<p><a href=\"https:\/\/www.steinberglawfirm.com\/practice-areas\/personal-injury\/\" target=\"_blank\" rel=\"noopener\">Da\u00f1os personales<\/a> cubre una amplia gama de lesiones que pueden resultar de <a href=\"https:\/\/www.steinberglawfirm.com\/practice-areas\/medical-malpractice\/\" target=\"_blank\" rel=\"noopener\">negligencia m\u00e9dica<\/a>, <a href=\"https:\/\/www.steinberglawfirm.com\/practice-areas\/auto-accidents\/\" target=\"_blank\" rel=\"noopener\">accidentes de tr\u00e1fico<\/a>, <a href=\"https:\/\/www.steinberglawfirm.com\/practice-areas\/dangerous-products\/\" target=\"_blank\" rel=\"noopener\">productos peligrosos<\/a>, <a href=\"https:\/\/www.steinberglawfirm.com\/practice-areas\/premises-liability\/slip-and-fall\/\" target=\"_blank\" rel=\"noopener\">accidentes por resbalones y ca\u00eddas<\/a> y <a href=\"https:\/\/www.steinberglawfirm.com\/practice-areas\/\" target=\"_blank\" rel=\"noopener\">muchas otras causas<\/a>. No importa el tipo de accidente, si usted ha sufrido una lesi\u00f3n debido a la negligencia de otra persona, puede tener una reclamaci\u00f3n por da\u00f1os personales. Por ejemplo, te has lesionado porque un conductor distra\u00eddo ha chocado con tu coche o porque el propietario de un inmueble no ha arreglado una escalera rota.<\/p>\n\n\n\n<p>Para calificar el comportamiento de una parte como negligente, debe tener la obligaci\u00f3n de mantenerle a salvo y de alguna manera incumplir esa obligaci\u00f3n. La violaci\u00f3n de ese deber caus\u00f3 directamente sus lesiones y dio lugar a da\u00f1os indemnizables. El Steinberg Law Firm puede examinar la naturaleza y el alcance de sus lesiones, as\u00ed como las circunstancias en las que se produjeron, para determinar si tiene una reclamaci\u00f3n.<\/p>\n\n\n\n<p><strong>Nuestras \u00e1reas de pr\u00e1ctica de da\u00f1os personales<\/strong><\/p>\n\n\n\n<p>Los da\u00f1os personales son un t\u00e9rmino que se refiere a una amplia variedad de accidentes. Ya sea en <a href=\"https:\/\/www.steinberglawfirm.com\/practice-areas\/medical-malpractice\/misdiagnosis\/\" target=\"_blank\" rel=\"noopener\">que ha sufrido un error de diagn\u00f3stico<\/a> o <a href=\"https:\/\/www.steinberglawfirm.com\/practice-areas\/auto-accidents\/pedestrian-accident\/\" target=\"_blank\" rel=\"noopener\">fueron atropellados mientras cruzaban una calle<\/a>Las lesiones pueden ocurrir en todos los \u00e1mbitos de la vida, a menudo cuando menos se espera. El Steinberg Law Firm tiene un historial probado de \u00e9xito en la representaci\u00f3n de clientes en muchos tipos diferentes de casos de lesiones personales en Summerville, incluyendo:<\/p>\n\n\n\n<p>- <a href=\"https:\/\/www.steinberglawfirm.com\/summerville\/car-accident-lawyer\/\" target=\"_blank\" rel=\"noopener\">Accidentes de tr\u00e1fico<\/a><br>- <a href=\"https:\/\/www.steinberglawfirm.com\/practice-areas\/auto-accidents\/pedestrian-accident\/\" target=\"_blank\" rel=\"noopener\">Accidentes de peatones<\/a><br>- <a href=\"https:\/\/www.steinberglawfirm.com\/practice-areas\/truck-accidents\/\" target=\"_blank\" rel=\"noopener\">Accidentes de camiones<\/a><br>- <a href=\"https:\/\/www.steinberglawfirm.com\/practice-areas\/motorcycle-accidents\/\" target=\"_blank\" rel=\"noopener\">Accidentes de moto<\/a><br>- <a href=\"https:\/\/www.steinberglawfirm.com\/summerville\/slip-and-fall-lawyer\/\" target=\"_blank\" rel=\"noopener\">Accidentes por resbalones y ca\u00eddas<\/a><br>- <a href=\"https:\/\/www.steinberglawfirm.com\/summerville\/workers-compensation-lawyer\/\" target=\"_blank\" rel=\"noopener\">Indemnizaci\u00f3n por accidente de trabajo<\/a><br>- <a href=\"https:\/\/www.steinberglawfirm.com\/practice-areas\/dangerous-products\/\" target=\"_blank\" rel=\"noopener\">Productos peligrosos<\/a><br>- <a href=\"https:\/\/www.steinberglawfirm.com\/practice-areas\/medical-malpractice\/\" target=\"_blank\" rel=\"noopener\">Negligencia m\u00e9dica<\/a><br>- <a href=\"https:\/\/www.steinberglawfirm.com\/summerville\/nursing-home-abuse-and-negligence\/\" target=\"_blank\" rel=\"noopener\">Abuso y negligencia en residencias de ancianos<\/a><br>- <a href=\"https:\/\/www.steinberglawfirm.com\/summerville\/wrongful-death-lawyer\/\" target=\"_blank\" rel=\"noopener\">Muerte por negligencia<\/a><\/p>\n\n\n\n<p><strong>Da\u00f1os personales<\/strong><\/p>\n\n\n\n<p>Despu\u00e9s de una lesi\u00f3n, es posible que tenga que hacer frente a los crecientes gastos m\u00e9dicos, a un doloroso y largo proceso de recuperaci\u00f3n y a una baja laboral. El objetivo de presentar una reclamaci\u00f3n por lesiones personales es obtener la indemnizaci\u00f3n que se merece. Puede utilizar la indemnizaci\u00f3n que reciba para pagar sus facturas m\u00e9dicas y otros gastos mientras avanza hacia la recuperaci\u00f3n de una sensaci\u00f3n de normalidad en su vida.<\/p>\n\n\n\n<p>En el Steinberg Law Firm, entendemos que una lesi\u00f3n personal va m\u00e1s all\u00e1 del dolor f\u00edsico. El impacto de un accidente se puede sentir en todos los aspectos de la vida para usted y su familia. Nuestros abogados de lesiones personales Summerville pueden calcular la cantidad de da\u00f1os y perjuicios que podr\u00eda recuperar y asegurarse de que cubren todas sus p\u00e9rdidas, tanto tangibles como intangibles.<\/p>\n\n\n\n<p>Estos son algunos de los tipos de indemnizaci\u00f3n m\u00e1s comunes que se conceden en los juicios por lesiones personales:<\/p>\n\n\n\n<p>- Gastos m\u00e9dicos<br>- Da\u00f1os a la propiedad<br>- Salarios perdidos<br>- Rehabilitaci\u00f3n<br>- Desfiguraci\u00f3n<br>- Angustia emocional<br>- Dolor y sufrimiento<\/p>\n\n\n\n<p>En algunos casos raros, tambi\u00e9n puede ser elegible para da\u00f1os punitivos. Est\u00e1n dise\u00f1ados para castigar a la parte culpable por una mala conducta atroz, imprudente y deliberada, con el fin de disuadirla de repetir ese comportamiento en el futuro. Sin embargo, los da\u00f1os punitivos no suelen concederse en casos de simple negligencia.<\/p>\n\n\n\n<p><strong>Determinaci\u00f3n de la culpa en un caso de lesiones personales<\/strong><\/p>\n\n\n\n<p>Cuando <a href=\"https:\/\/www.steinberglawfirm.com\/contact-us\/\" target=\"_blank\" rel=\"noopener\">se pone en contacto con el Steinberg Law Firm<\/a>Una de las primeras cosas que nuestro abogado de lesiones personales Summerville discutir\u00e1 es qui\u00e9n tuvo la culpa de su accidente. Si otra persona, empresa o entidad fue la culpable de causar sus lesiones a trav\u00e9s de la negligencia o sus acciones intencionales, entonces es probable que pueda presentar una demanda por lesiones personales en contra de ellos.<\/p>\n\n\n\n<p>Seg\u00fan las leyes de culpa comparativa de South Carolina, usted puede obtener una indemnizaci\u00f3n aunque sea parcialmente responsable de sus lesiones. Esto es as\u00ed siempre que su parte de culpa sea del 50% o menos. La cantidad de dinero que reciba disminuir\u00e1 en funci\u00f3n de su porcentaje de culpa.<\/p>\n\n\n\n<p><strong>Plazos para presentar una reclamaci\u00f3n por da\u00f1os personales en Summerville<\/strong><\/p>\n\n\n\n<p>Todas las demandas por lesiones personales deben presentarse dentro de un plazo determinado, conocido como plazo de prescripci\u00f3n. En South Carolina, generalmente tiene tres a\u00f1os desde la fecha de su lesi\u00f3n para presentar una demanda. Si se le pasa este plazo, pierde su derecho a emprender acciones legales y a reclamar una indemnizaci\u00f3n.<\/p>\n\n\n\n<p>Debido a los estrictos l\u00edmites de tiempo involucrados, es importante ponerse en contacto con un abogado de lesiones personales Summerville tan pronto como sea posible para discutir su caso. Su abogado tambi\u00e9n puede empezar a reunir pruebas y a investigar su accidente para elaborar su reclamaci\u00f3n. El proceso legal puede ser largo, por lo que empezar de inmediato es lo mejor para usted.<\/p>\n\n\n\n<h3 class=\"wp-block-heading\">\u00bfPor qu\u00e9 elegir el Steinberg Law Firm para su caso de lesiones personales?<\/h3>\n\n\n\n<p><a href=\"https:\/\/www.steinberglawfirm.com\/about-us\/\" target=\"_blank\" rel=\"noopener\">Los clientes contratan el Steinberg Law Firm<\/a> porque somos un miembro de confianza de la comunidad Summerville desde hace m\u00e1s de 85 a\u00f1os. Aplicamos el mismo nivel de cuidado y convicci\u00f3n a cada cliente que atendemos. Ya sea que estemos manejando un reclamo de compensaci\u00f3n laboral, un caso de accidente automovil\u00edstico u otro asunto, tratamos cada caso tan profesionalmente y cuidadosamente como sea posible.<\/p>\n\n\n\n<p>El Steinberg Law Firm est\u00e1 aqu\u00ed para servirle, y nuestros experimentados abogados de lesiones personales del Summerville trabajan duro para conseguir la justicia y la compensaci\u00f3n que usted merece seg\u00fan la ley. Hemos sido votados como el mejor bufete de abogados en Summerville por los lectores de Summerville Journal Scene.<\/p>\n\n\n\n<p><strong>Contacte con el Steinberg Law Firm hoy mismo<\/strong><\/p>\n\n\n\n<p>Si ha sufrido un da\u00f1o personal en Summerville, p\u00f3ngase en contacto con el Steinberg Law Firm de inmediato. Nuestro <a href=\"https:\/\/www.steinberglawfirm.com\/attorney\/\" target=\"_blank\" rel=\"noopener\">abogados cualificados en materia de da\u00f1os personales<\/a> tienen experiencia en una amplia gama de \u00e1reas de pr\u00e1ctica. Estamos listos para discutir su situaci\u00f3n y buscar una compensaci\u00f3n justa por sus lesiones. <a href=\"https:\/\/www.steinberglawfirm.com\/free-consultation\/\" target=\"_blank\" rel=\"noopener\">P\u00f3ngase en contacto con nosotros hoy para una revisi\u00f3n gratuita de su caso<\/a> en <a href=\"tel:843-720-2800\">843-720-2800<\/a>.<\/p>","protected":false},"excerpt":{"rendered":"<p>Summerville Abogados de lesiones personales Sufrir una lesi\u00f3n puede poner su vida patas arriba, dej\u00e1ndole estresado e inseguro sobre lo que debe hacer. Si ha sufrido lesiones que fueron causadas por la negligencia o las acciones descuidadas de otra persona, puede emprender acciones legales contra la parte responsable. Los abogados de lesiones personales Summerville del bufete Steinberg...<\/p>","protected":false},"author":1,"featured_media":21851,"parent":13547,"menu_order":0,"comment_status":"closed","ping_status":"closed","template":"","meta":{"_acf_changed":false,"footnotes":""},"class_list":["post-3549","page","type-page","status-publish","has-post-thumbnail","hentry"],"acf":[],"_links":{"self":[{"href":"https:\/\/steinberglawfirm-staging.clmcloud.app\/es\/wp-json\/wp\/v2\/pages\/3549"}],"collection":[{"href":"https:\/\/steinberglawfirm-staging.clmcloud.app\/es\/wp-json\/wp\/v2\/pages"}],"about":[{"href":"https:\/\/steinberglawfirm-staging.clmcloud.app\/es\/wp-json\/wp\/v2\/types\/page"}],"author":[{"embeddable":true,"href":"https:\/\/steinberglawfirm-staging.clmcloud.app\/es\/wp-json\/wp\/v2\/users\/1"}],"replies":[{"embeddable":true,"href":"https:\/\/steinberglawfirm-staging.clmcloud.app\/es\/wp-json\/wp\/v2\/comments?post=3549"}],"version-history":[{"count":5,"href":"https:\/\/steinberglawfirm-staging.clmcloud.app\/es\/wp-json\/wp\/v2\/pages\/3549\/revisions"}],"predecessor-version":[{"id":20657,"href":"https:\/\/steinberglawfirm-staging.clmcloud.app\/es\/wp-json\/wp\/v2\/pages\/3549\/revisions\/20657"}],"up":[{"embeddable":true,"href":"https:\/\/steinberglawfirm-staging.clmcloud.app\/es\/wp-json\/wp\/v2\/pages\/13547"}],"wp:featuredmedia":[{"embeddable":true,"href":"https:\/\/steinberglawfirm-staging.clmcloud.app\/es\/wp-json\/wp\/v2\/media\/21851"}],"wp:attachment":[{"href":"https:\/\/steinberglawfirm-staging.clmcloud.app\/es\/wp-json\/wp\/v2\/media?parent=3549"}],"curies":[{"name":"wp","href":"https:\/\/api.w.org\/{rel}","templated":true}]}}