{"id":3546,"date":"2018-02-21T20:55:36","date_gmt":"2018-02-21T20:55:36","guid":{"rendered":"https:\/\/www.steinberglawfirm.com\/?page_id=3546"},"modified":"2022-04-21T22:12:19","modified_gmt":"2022-04-21T22:12:19","slug":"nursing-home-abuse-and-negligence","status":"publish","type":"page","link":"https:\/\/steinberglawfirm-staging.clmcloud.app\/es\/ubicaciones\/goose-creek\/abuso-y-negligencia-en-hogares-de-ancianos-3\/","title":{"rendered":"Abuso y negligencia en residencias de ancianos"},"content":{"rendered":"<h1 class=\"wp-block-heading\">Goose Creek Abogados de abuso en hogares de ancianos<\/h1>\n\n\n\n<p>Una de las decisiones m\u00e1s dif\u00edciles que puede tomar una familia llega cuando un ser querido necesita cuidados diarios. Elegir un centro de enfermer\u00eda que ayude a su ser querido a mantenerse sano, seguro y feliz puede ser un proceso angustioso, especialmente cuando las opciones son limitadas.<\/p>\n\n\n\n<p>A pesar de la gran cantidad de consideraciones e investigaciones que se realizan para elegir el mejor centro, <a href=\"https:\/\/www.steinberglawfirm.com\/practice-areas\/nursing-home-abuse\/\" target=\"_blank\" rel=\"noopener\">los incidentes de abuso de ancianos en los hogares de ancianos ocurren con demasiada frecuencia<\/a>. Cuando una familia deposita su confianza en un centro de atenci\u00f3n, espera que su ser querido sea tratado con nada m\u00e1s que respeto, dignidad y diligencia.<\/p>\n\n\n\n<p>El <a href=\"https:\/\/www.steinberglawfirm.com\/\" target=\"_blank\" rel=\"noopener\">Steinberg Law Firm se compromete a responsabilizar a las instalaciones y a los miembros del personal que violen esa confianza<\/a> por sus acciones. Si su ser querido ha sufrido abusos o malos tratos en un South Carolina centro de enfermer\u00eda <a href=\"https:\/\/www.steinberglawfirm.com\/contact-us\/\" target=\"_blank\" rel=\"noopener\">contacte con el Steinberg Law Firm para obtener ayuda<\/a>.<\/p>\n\n\n\n<p><strong>Estad\u00edsticas de abusos en residencias de ancianos<\/strong><\/p>\n\n\n\n<p>El maltrato a las personas mayores no es un hecho infrecuente. Una de cada diez personas de 60 a\u00f1os o m\u00e1s afirma haber tenido una experiencia de primera mano con alguna forma de maltrato a personas mayores. De los cinco millones de residentes de South, 1,1 millones son personas mayores de 60 a\u00f1os. Se espera que este grupo demogr\u00e1fico aumente en la pr\u00f3xima d\u00e9cada, lo que hace que el maltrato a las personas mayores sea un problema creciente.<\/p>\n\n\n\n<p>Cada a\u00f1o se presentan m\u00e1s de dos millones de denuncias de malos tratos a personas mayores. Sin embargo, lo m\u00e1s impactante es que esta cifra es s\u00f3lo una parte de los incidentes que se producen. Se cree que s\u00f3lo se denuncia uno de cada 14 casos de maltrato a personas mayores. Muchas v\u00edctimas son incapaces de hablar y de presentarse para obtener ayuda. Lamentablemente, muchos maltratadores siguen sin ser detectados durante mucho tiempo.<\/p>\n\n\n\n<p><strong>Tipos de abusos en residencias de ancianos<\/strong><\/p>\n\n\n\n<p>El maltrato en las residencias de ancianos se produce cuando un m\u00e9dico, una enfermera, un miembro del personal, un ayudante, el personal de mantenimiento o un visitante causan da\u00f1os a un residente de una residencia de ancianos. A veces el abuso es un acto intencional de mala conducta. Otras veces es el resultado de una negligencia.<\/p>\n\n\n\n<p>El abuso en el hogar de ancianos puede incluir:<\/p>\n\n\n\n<p>- Abuso f\u00edsico<br>- Abuso emocional<br>- Abuso sexual<br>- Abuso financiero<br>- Descuido<\/p>\n\n\n\n<p>No importa cu\u00e1l sea la raz\u00f3n o la causa del abuso o la negligencia, puede servir como base para una demanda por abuso y negligencia en un hogar de ancianos.<\/p>\n\n\n\n<p><strong>Abuso financiero<\/strong><\/p>\n\n\n\n<p>En una residencia de ancianos, <a href=\"https:\/\/www.steinberglawfirm.com\/practice-areas\/nursing-home-abuse\/theft-or-fraud\/\" target=\"_blank\" rel=\"noopener\">el abuso financiero puede adoptar la forma de robo o fraude<\/a>. En esta forma de abuso, hay menos se\u00f1ales obvias. A menudo, debido a que los residentes de las residencias de ancianos tienen poco control sobre sus finanzas, nunca se dan cuenta de que han sido v\u00edctimas de un delito. Algunos ejemplos comunes de abuso financiero en un hogar de ancianos incluyen:<\/p>\n\n\n\n<p>- Bienes robados<br>- Robo de identidad<br>- Explotaci\u00f3n<br>- Extorsi\u00f3n<br>- Retenci\u00f3n de dinero a un residente<\/p>\n\n\n\n<p><strong>Abuso f\u00edsico<\/strong><\/p>\n\n\n\n<p><a href=\"https:\/\/www.steinberglawfirm.com\/practice-areas\/nursing-home-abuse\/physical-abuse\/\" target=\"_blank\" rel=\"noopener\">El maltrato f\u00edsico adopta muchas formas<\/a>. El signo n\u00famero uno del maltrato f\u00edsico en las residencias de ancianos es la aparici\u00f3n de lesiones para las que no hay explicaci\u00f3n. Algunos ejemplos de maltrato f\u00edsico en una residencia de ancianos son:<\/p>\n\n\n\n<p>- \u00dalceras por presi\u00f3n<br>- Moretones<br>- Abrasiones y cortes<br>- Erupciones causadas por la ropa mojada<br>- Desnutrici\u00f3n y deshidrataci\u00f3n<br>- Retenci\u00f3n de medicamentos<br>- Uso de restricciones f\u00edsicas o qu\u00edmicas indebidas<br>- Administraci\u00f3n excesiva de sedantes<\/p>\n\n\n\n<p><strong>Abuso emocional<\/strong><\/p>\n\n\n\n<p><a href=\"https:\/\/www.steinberglawfirm.com\/practice-areas\/nursing-home-abuse\/emotional-abuse\/\" target=\"_blank\" rel=\"noopener\">El maltrato emocional es muy perjudicial para los residentes de las residencias de ancianos<\/a>. El maltrato emocional incluye amenazas verbales y\/o violentas hacia un residente, abandono, intimidaci\u00f3n del residente y desatenci\u00f3n a las necesidades de un paciente. Los signos de maltrato emocional pueden ser sutiles, pero los cambios repentinos de humor, h\u00e1bitos y comportamiento pueden indicar que algo va mal.<\/p>\n\n\n\n<p>El abuso emocional incluye:<\/p>\n\n\n\n<p>- Amenazas<br>- Intimidaci\u00f3n<br>- Aislamiento social<br>- Llamada de atenci\u00f3n<\/p>\n\n\n\n<p>El maltrato emocional es el tipo de maltrato en residencias de ancianos m\u00e1s denunciado.<\/p>\n\n\n\n<p><strong>Negligencia en residencias de ancianos<\/strong><\/p>\n\n\n\n<p>El abandono suele ser el resultado de una falta de acci\u00f3n o atenci\u00f3n en actividades como:<\/p>\n\n\n\n<p>- Supervisi\u00f3n y control inadecuados<br>- Negaci\u00f3n de comida y\/o bebida<br>- No proporcionar la ropa necesaria, los art\u00edculos de aseo, etc.<br>- Condiciones insalubres<br>- Medicamentos omitidos o retrasados<br>- Atenci\u00f3n m\u00e9dica insuficiente (por ejemplo, no cambiar los ap\u00f3sitos de las heridas)<br>- Falta de higiene personal<\/p>\n\n\n\n<p>Aunque la negligencia no sea deliberada, los resultados pueden ser graves e incluso mortales.<\/p>\n\n\n\n<p><strong>Causas de los abusos en residencias de ancianos<\/strong><\/p>\n\n\n\n<p>\u00bfPor qu\u00e9 es tan frecuente el maltrato y la negligencia en las residencias de ancianos? Hay muchas razones.<\/p>\n\n\n\n<p>Una de las principales causas del maltrato a las personas mayores en las residencias de ancianos es la falta de personal. La falta de personal es un problema cr\u00f3nico en las residencias de ancianos y crea una atm\u00f3sfera en la que prosperan los abusos.<\/p>\n\n\n\n<p>En muchos casos, los empleados, ayudantes y dem\u00e1s personal que trabaja con los residentes no est\u00e1n formados o cualificados para hacerlo porque no hay suficientes personas para realizar el trabajo. Los centros con poco personal tambi\u00e9n suelen carecer de una supervisi\u00f3n adecuada de los empleados y los residentes.<\/p>\n\n\n\n<p>Otra complicaci\u00f3n es que a muchos residentes de edad avanzada les resulta dif\u00edcil hacer que su queja por maltrato sea escuchada y tomada en serio. Los ancianos pueden no reconocer el abuso o pueden ser manipulados para mantenerlo en secreto. La memoria y la capacidad cognitiva disminuyen con la edad, lo que hace que los matices de los comportamientos abusivos sean mucho m\u00e1s dif\u00edciles de detectar y denunciar. Adem\u00e1s, los residentes de las residencias de ancianos a veces est\u00e1n aislados de la familia y los amigos, lo que dificulta que se den cuenta de que algo va mal.<\/p>\n\n\n\n<p><strong>\u00bfQui\u00e9n es responsable de los abusos en residencias de ancianos?<\/strong><\/p>\n\n\n\n<p>Las personas mayores que viven en centros asistenciales tienen el derecho legal de no sufrir abusos financieros, f\u00edsicos, sexuales o mentales. Si su ser querido ha sufrido abusos en una residencia de ancianos, es posible que desee presentar una demanda civil en busca de una compensaci\u00f3n por los da\u00f1os sufridos.<\/p>\n\n\n\n<p>Cuando presente una reclamaci\u00f3n, podr\u00e1 responsabilizar a la residencia de ancianos por los abusos y la negligencia si puede demostrar que la residencia incumpli\u00f3 su deber de atenci\u00f3n al paciente. El personal y la direcci\u00f3n de la residencia pueden ser considerados responsables de los da\u00f1os.<\/p>\n\n\n\n<p>Los empleados de la residencia de ancianos son agentes que act\u00faan en nombre de la residencia. Adem\u00e1s, si la residencia de ancianos tiene protecciones deficientes para los residentes, una dotaci\u00f3n de personal inadecuada que caus\u00f3 da\u00f1os a un residente o el edificio no estaba bien mantenido, la propia residencia tambi\u00e9n puede ser considerada responsable.<\/p>\n\n\n\n<p>Un abogado con experiencia en casos de abuso en residencias de ancianos podr\u00e1 examinar las pruebas del caso y determinar qui\u00e9n es responsable de los da\u00f1os. Puede haber m\u00faltiples partes que compartan la culpa.<\/p>\n\n\n\n<h2 class=\"wp-block-heading\">Goose Creek Abogados de abuso en hogares de ancianos<\/h2>\n\n\n\n<p>Si un miembro de la familia ha sufrido de abuso o negligencia en un hogar de ancianos, el Steinberg Law Firm est\u00e1 listo para ayudar a perseguir la justicia y la compensaci\u00f3n que merecen. <a href=\"tel:843-720-2800\">Llame al Steinberg Law Firm al 843-720-2800<\/a> para hablar con un abogado experto en abusos en residencias de ancianos Goose Creek.<\/p>","protected":false},"excerpt":{"rendered":"<p>Goose Creek Abogados especializados en abusos en residencias de ancianos Una de las decisiones m\u00e1s dif\u00edciles que puede tomar una familia es cuando un ser querido necesita cuidados diarios. La elecci\u00f3n de un centro de enfermer\u00eda que ayude a su ser querido a mantenerse sano, seguro y feliz puede ser un proceso agonizante, especialmente cuando las opciones son limitadas. A pesar de la extensa consideraci\u00f3n e investigaci\u00f3n...<\/p>","protected":false},"author":1,"featured_media":20555,"parent":3406,"menu_order":0,"comment_status":"closed","ping_status":"closed","template":"","meta":{"_acf_changed":false,"footnotes":""},"class_list":["post-3546","page","type-page","status-publish","has-post-thumbnail","hentry"],"acf":[],"_links":{"self":[{"href":"https:\/\/steinberglawfirm-staging.clmcloud.app\/es\/wp-json\/wp\/v2\/pages\/3546"}],"collection":[{"href":"https:\/\/steinberglawfirm-staging.clmcloud.app\/es\/wp-json\/wp\/v2\/pages"}],"about":[{"href":"https:\/\/steinberglawfirm-staging.clmcloud.app\/es\/wp-json\/wp\/v2\/types\/page"}],"author":[{"embeddable":true,"href":"https:\/\/steinberglawfirm-staging.clmcloud.app\/es\/wp-json\/wp\/v2\/users\/1"}],"replies":[{"embeddable":true,"href":"https:\/\/steinberglawfirm-staging.clmcloud.app\/es\/wp-json\/wp\/v2\/comments?post=3546"}],"version-history":[{"count":4,"href":"https:\/\/steinberglawfirm-staging.clmcloud.app\/es\/wp-json\/wp\/v2\/pages\/3546\/revisions"}],"predecessor-version":[{"id":20569,"href":"https:\/\/steinberglawfirm-staging.clmcloud.app\/es\/wp-json\/wp\/v2\/pages\/3546\/revisions\/20569"}],"up":[{"embeddable":true,"href":"https:\/\/steinberglawfirm-staging.clmcloud.app\/es\/wp-json\/wp\/v2\/pages\/3406"}],"wp:featuredmedia":[{"embeddable":true,"href":"https:\/\/steinberglawfirm-staging.clmcloud.app\/es\/wp-json\/wp\/v2\/media\/20555"}],"wp:attachment":[{"href":"https:\/\/steinberglawfirm-staging.clmcloud.app\/es\/wp-json\/wp\/v2\/media?parent=3546"}],"curies":[{"name":"wp","href":"https:\/\/api.w.org\/{rel}","templated":true}]}}