{"id":3540,"date":"2018-02-21T20:51:21","date_gmt":"2018-02-21T20:51:21","guid":{"rendered":"https:\/\/www.steinberglawfirm.com\/?page_id=3540"},"modified":"2022-04-21T22:04:35","modified_gmt":"2022-04-21T22:04:35","slug":"nursing-home-abuse-and-negligence","status":"publish","type":"page","link":"https:\/\/steinberglawfirm-staging.clmcloud.app\/es\/ubicaciones\/charleston\/abuso-y-negligencia-en-hogares-de-ancianos-2\/","title":{"rendered":"Abuso y negligencia en residencias de ancianos"},"content":{"rendered":"<h1 class=\"wp-block-heading\">Charleston Abogados de abuso en hogares de ancianos<\/h1>\n\n\n\n<p>Cuando usted deposita toda su confianza en una residencia de ancianos para que cuide de su ser querido, existen ciertas expectativas. Si esa confianza ha sido violada en el caso de negligencia o abuso de ancianos, usted puede sentirse molesto y perdido. Las investigaciones sugieren que el 40 por ciento de los residentes en residencias de ancianos han denunciado abusos y el 90 por ciento de los residentes han denunciado haber sido descuidados ellos mismos o haber notado el descuido de un compa\u00f1ero. Es lamentable que el abuso y la negligencia de los ancianos sean tan comunes en las residencias de ancianos. Las instalaciones de vida asistida son lugares donde los ancianos deben sentirse seguros y reconfortados. En Steinberg Law Firm, nuestros experimentados abogados est\u00e1n preparados para luchar en su nombre y en el de su ser querido.<\/p>\n\n\n\n<p>Hay algunas distinciones entre el maltrato en residencias de ancianos y la negligencia. El maltrato en una residencia de ancianos insin\u00faa que el objetivo del cuidador es causar un da\u00f1o al anciano residente. La negligencia en una residencia de ancianos consiste en no realizar los cuidados necesarios y requeridos para el anciano residente que le causar\u00e1n un da\u00f1o inmediato o eventual.<\/p>\n\n\n\n<p>El abuso en el hogar de ancianos puede incluir:<\/p>\n\n\n\n<ul class=\"wp-block-list\"><li><strong>Abuso f\u00edsico de los ancianos.<\/strong> El maltrato f\u00edsico se produce en una residencia de ancianos con un acto de fuerza intencionado contra un residente anciano. Los resultados pueden incluir lesiones f\u00edsicas, dolor o deterioro. El maltrato f\u00edsico puede abarcar desde la agresi\u00f3n f\u00edsica, incluidos los golpes, hasta el uso inapropiado de sujeciones, drogas o confinamiento.<\/li><li><strong>Abuso emocional de los ancianos.<\/strong> Esta forma de maltrato puede ser emocional o psicol\u00f3gicamente perjudicial, de manera que cause al residente angustia o angustia mental. El maltrato emocional incluye la intimidaci\u00f3n o las amenazas verbales, la humillaci\u00f3n, el ignorar al residente, el aislamiento, el culparlo o el aterrorizarlo.<\/li><li><strong>Abuso sexual de ancianos.<\/strong> El abuso sexual se produce cuando un cuidador mantiene un contacto sexual no consentido con un residente de una residencia de ancianos. El abuso sexual incluye obligar a la persona mayor a desvestirse y forzar al residente a un acto sexual f\u00edsico o visual.<\/li><li><strong>Abuso financiero.<\/strong> Aprovecharse del dinero o los bienes de un residente es una forma de abuso en residencias de ancianos. El abuso financiero de los ancianos se produce cuando un cuidador roba dinero en efectivo, pertenencias o cheques, utiliza indebidamente las finanzas del anciano o comete un robo de identidad.<\/li><\/ul>\n\n\n\n<p>La negligencia en el hogar de ancianos puede incluir:<\/p>\n\n\n\n<ul class=\"wp-block-list\"><li><strong>Negligencia m\u00e9dica.<\/strong> Cuando un cuidador no cumple con las necesidades m\u00e9dicas de la persona mayor, esto se considerar\u00eda negligencia m\u00e9dica. Esto puede incluir la falta de atenci\u00f3n a las \u00falceras por dec\u00fabito, las infecciones, los problemas de desplazamiento, la administraci\u00f3n de medicamentos y los primeros auxilios si el residente se hace da\u00f1o.<\/li><li><strong>Descuido de las necesidades b\u00e1sicas.<\/strong> Las necesidades b\u00e1sicas incluyen el suministro de agua, comida, seguridad y limpieza. No satisfacer estas necesidades se considera una forma de abandono.<\/li><li><strong>Descuido en la higiene personal.<\/strong> Si una enfermera o asistente no cepilla los dientes del residente, no lo ba\u00f1a, no hace la colada o no limpia, se trata de una negligencia en la higiene personal.<\/li><li><strong>Descuido emocional.<\/strong> Uno de los deberes de las residencias de ancianos es brindar apoyo social y emocional. Si un empleado del centro ignora repetidamente a un residente, le grita o lo deja solo, es una forma de negligencia emocional.<\/li><\/ul>\n\n\n\n<p>La negligencia puede ser tanto intencionada como no intencionada. Los cuidadores trabajan para las residencias de ancianos para garantizar que su ser querido est\u00e9 bien atendido. Cuando un empleado de una residencia de ancianos es negligente con los residentes del centro, puede haber consecuencias que pongan en peligro su vida.<\/p>\n\n\n\n<p>En 2010, un estudio de investigaci\u00f3n dio a entender que casi la mitad de los cuidadores de centros de vida asistida admitieron haber causado abusos o haber descuidado a sus pacientes ancianos.<\/p>\n\n\n\n<p>Hay algunas razones por las que el maltrato en la enfermer\u00eda es tan com\u00fan. El factor de riesgo m\u00e1s importante es que los cuidadores son incapaces de hacer frente a su estr\u00e9s. Para ser un cuidador adecuado, hay que ser resistente. A menudo, los empleados de las residencias de ancianos est\u00e1n sobrecargados de trabajo debido a la falta de personal, tienen depresi\u00f3n, lo que lleva a la falta de capacidad de adaptaci\u00f3n, carecen de apoyo y no perciben la recompensa emocional. Aunque estas causas de abuso en residencias de ancianos son muy frecuentes en la sociedad, no hay absolutamente ninguna excusa para que se produzcan abusos o negligencias contra los ancianos.<\/p>\n\n\n\n<p>Si su ser querido es v\u00edctima de abuso o negligencia en un hogar de ancianos, merece ser protegido. Steinberg Law Firm est\u00e1 preparado para luchar para poner fin al abuso de su ser querido. <a href=\"https:\/\/www.steinberglawfirm.com\/contact-us\/\" target=\"_blank\" rel=\"noopener\">Contacte con nosotros hoy mismo<\/a> para saber m\u00e1s sobre c\u00f3mo nuestros experimentados abogados especializados en abusos en residencias de ancianos Charleston pueden apoyarle en su caso.<\/p>","protected":false},"excerpt":{"rendered":"<p>Charleston Abogados especializados en abusos en residencias de ancianos Cuando usted deposita toda su confianza en una residencia de ancianos para que cuide de su ser querido, existen ciertas expectativas. Si esa confianza ha sido violada en el caso de negligencia o abuso de ancianos, usted puede sentirse molesto y perdido. Las investigaciones sugieren que el 40 por ciento de los residentes en...<\/p>","protected":false},"author":1,"featured_media":19836,"parent":3313,"menu_order":0,"comment_status":"closed","ping_status":"closed","template":"","meta":{"_acf_changed":false,"footnotes":""},"class_list":["post-3540","page","type-page","status-publish","has-post-thumbnail","hentry"],"acf":[],"_links":{"self":[{"href":"https:\/\/steinberglawfirm-staging.clmcloud.app\/es\/wp-json\/wp\/v2\/pages\/3540"}],"collection":[{"href":"https:\/\/steinberglawfirm-staging.clmcloud.app\/es\/wp-json\/wp\/v2\/pages"}],"about":[{"href":"https:\/\/steinberglawfirm-staging.clmcloud.app\/es\/wp-json\/wp\/v2\/types\/page"}],"author":[{"embeddable":true,"href":"https:\/\/steinberglawfirm-staging.clmcloud.app\/es\/wp-json\/wp\/v2\/users\/1"}],"replies":[{"embeddable":true,"href":"https:\/\/steinberglawfirm-staging.clmcloud.app\/es\/wp-json\/wp\/v2\/comments?post=3540"}],"version-history":[{"count":3,"href":"https:\/\/steinberglawfirm-staging.clmcloud.app\/es\/wp-json\/wp\/v2\/pages\/3540\/revisions"}],"predecessor-version":[{"id":20553,"href":"https:\/\/steinberglawfirm-staging.clmcloud.app\/es\/wp-json\/wp\/v2\/pages\/3540\/revisions\/20553"}],"up":[{"embeddable":true,"href":"https:\/\/steinberglawfirm-staging.clmcloud.app\/es\/wp-json\/wp\/v2\/pages\/3313"}],"wp:featuredmedia":[{"embeddable":true,"href":"https:\/\/steinberglawfirm-staging.clmcloud.app\/es\/wp-json\/wp\/v2\/media\/19836"}],"wp:attachment":[{"href":"https:\/\/steinberglawfirm-staging.clmcloud.app\/es\/wp-json\/wp\/v2\/media?parent=3540"}],"curies":[{"name":"wp","href":"https:\/\/api.w.org\/{rel}","templated":true}]}}