{"id":3508,"date":"2018-02-02T21:14:44","date_gmt":"2018-02-02T21:14:44","guid":{"rendered":"https:\/\/www.steinberglawfirm.com\/?page_id=3508"},"modified":"2024-01-12T17:42:37","modified_gmt":"2024-01-12T17:42:37","slug":"distracted-driving-accidents","status":"publish","type":"page","link":"https:\/\/steinberglawfirm-staging.clmcloud.app\/es\/lesiones-personales\/accidentes-de-trafico-2\/accidentes-de-conduccion-distraida\/","title":{"rendered":"Charleston Accidentes por distracci\u00f3n al volante"},"content":{"rendered":"<h1 class=\"wp-block-heading\">Charleston Abogado de accidentes por conducci\u00f3n distra\u00edda<\/h1>\n\n\n\n<div style=\"height:15px\" aria-hidden=\"true\" class=\"wp-block-spacer\"><\/div>\n\n\n\n<p>La conducci\u00f3n distra\u00edda se produce cuando un conductor se ocupa de una actividad distinta a la de conducir. La conducci\u00f3n distra\u00edda incluye comportamientos como enviar mensajes de texto, navegar por Internet, hablar, arreglarse, etc. Los accidentes provocados por la conducci\u00f3n distra\u00edda son un problema importante para los conductores de todas las edades en todo el pa\u00eds.<\/p>\n\n\n\n<p>La conducci\u00f3n distra\u00edda puede dividirse en tres categor\u00edas distintas:<\/p>\n\n\n\n<h4 class=\"wp-block-heading\">Distracciones manuales<\/h4>\n\n\n\n<p>Las distracciones manuales pueden combinarse con distracciones visuales y cognitivas e implican que el conductor retire una o ambas manos del volante. Pueden consistir en coger el tel\u00e9fono, recoger un objeto del suelo, apagar un cigarrillo o meter la mano en el asiento trasero para recoger un objeto o sujetar a una mascota. Las distracciones manuales son una causa importante de accidentes, pero enviar mensajes de texto mientras se conduce, seg\u00fan la Administraci\u00f3n Nacional de Seguridad del Tr\u00e1fico en Carreteras (NHTSA), tiene el potencial m\u00e1s grave de accidentes por conducci\u00f3n distra\u00edda.<\/p>\n\n\n\n<h4 class=\"wp-block-heading\">Distracciones cognitivas<\/h4>\n\n\n\n<p>Una distracci\u00f3n cognitiva puede estar presente con las distracciones visuales y manuales. Estas distracciones impiden que la mente del conductor se concentre en la conducci\u00f3n. Estas tareas incluyen prestar atenci\u00f3n a las vallas publicitarias, hablar con un pasajero, la fatiga o el malestar emocional.<\/p>\n\n\n\n<h4 class=\"wp-block-heading\">Distracciones visuales<\/h4>\n\n\n\n<p>Las distracciones visuales est\u00e1n entre las m\u00e1s comunes entre los conductores y tambi\u00e9n pueden ir acompa\u00f1adas de distracciones manuales y cognitivas. Estas distracciones pueden consistir en mirar de reojo un accidente, ajustar el GPS o mirar la pantalla del m\u00f3vil para ver qui\u00e9n llama. Si los ojos del conductor no est\u00e1n en la carretera, corren el riesgo de verse involucrados en un accidente.<\/p>\n\n\n\n<p>La conducci\u00f3n distra\u00edda pone en peligro al conductor, pero tambi\u00e9n a otros automovilistas y peatones. De hecho, uno de cada cuatro accidentes de tr\u00e1fico es el resultado de una conducci\u00f3n distra\u00edda. Seg\u00fan la Administraci\u00f3n Nacional de Seguridad Vial (NHTSA), en 2016 murieron 1.015 personas en las carreteras South Carolina.<\/p>\n\n\n\n<p>En South Carolina, enviar mensajes de texto mientras se conduce se ha convertido r\u00e1pidamente en una de las principales causas de lesiones y muertes en las carreteras. Las consecuencias de la conducci\u00f3n distra\u00edda son tan graves que la ex gobernadora Nikki Haley aprob\u00f3 una ley que proh\u00edbe enviar mensajes de texto mientras se conduce en el estado.<\/p>\n\n\n\n<h3 class=\"wp-block-heading\">Las diez principales causas de la conducci\u00f3n distra\u00edda:<\/h3>\n\n\n\n<p>Aproximadamente el 25 por ciento de los accidentes de tr\u00e1fico son consecuencia de una conducci\u00f3n distra\u00edda. Seg\u00fan el Sistema de Informes de An\u00e1lisis de Fatalidad (FARS), hay diez causas principales de accidentes por conducci\u00f3n distra\u00edda. Son las siguientes:<\/p>\n\n\n\n<p>1. Perdido en sus pensamientos<br>2. Uso del tel\u00e9fono m\u00f3vil<br>3. Acontecimiento, objeto o persona exterior<br>4. Pasajeros<br>5. Alcanzar un objeto en el coche<br>6. Beber y\/o comer<br>7. Ajustar la radio o el aire acondicionado<br>8. Ajuste de otros dispositivos dentro del coche<br>9. Mover objetos dentro del coche<br>10. Fumar<\/p>\n\n\n\n<p>Despu\u00e9s de un <a href=\"https:\/\/www.steinberglawfirm.com\/practice-areas\/auto-accidents\/\" target=\"_blank\" rel=\"noopener\">accidente de coche<\/a>Es importante que reciba toda la ayuda m\u00e9dica que necesite, incluidas las visitas al m\u00e9dico y el tratamiento. Obtenga inmediatamente asesoramiento legal de un abogado especializado en accidentes de tr\u00e1fico y no firme ning\u00fan documento ni haga ninguna declaraci\u00f3n sin la aprobaci\u00f3n de su abogado.<\/p>\n\n\n\n<h2 class=\"wp-block-heading\">Abogados de accidentes de coche que representan Charleston y \u00e1reas cercanas de South Carolina<\/h2>\n\n\n\n<p>Si usted o un miembro de su familia ha resultado herido en un accidente causado por un conductor distra\u00eddo, <a href=\"https:\/\/www.steinberglawfirm.com\/contact-us\/\" target=\"_blank\" rel=\"noopener\">p\u00f3ngase en contacto con los abogados de Steinberg Law Firm<\/a> por <a href=\"tel:1-843-720-2800\">llamando al 843-720-2800<\/a> para un <a href=\"https:\/\/www.steinberglawfirm.com\/free-consultation\/\" target=\"_blank\" rel=\"noopener\">consulta gratuita<\/a>. Despu\u00e9s de un accidente causado por un conductor distra\u00eddo es posible que desee considerar la b\u00fasqueda de una demanda, adem\u00e1s de la indemnizaci\u00f3n de su seguro por sus lesiones. P\u00f3ngase en contacto con nosotros hoy para averiguar sus derechos legales, c\u00f3mo presentar una demanda y qu\u00e9 esperar durante el proceso. <a href=\"https:\/\/www.steinberglawfirm.com\/attorney\/\" target=\"_blank\" rel=\"noopener\">Nuestros abogados de accidentes de conductores distra\u00eddos<\/a> se dedican a proporcionar apoyo legal y representaci\u00f3n para que usted reciba la compensaci\u00f3n que se merece. Servimos a clientes en todo <a href=\"https:\/\/www.steinberglawfirm.com\/locations\/charleston\/car-accident-lawyers\/\" target=\"_blank\" rel=\"noopener\">Charleston<\/a>, <a href=\"https:\/\/www.steinberglawfirm.com\/locations\/goose-creek\/car-accident-lawyer\/\" target=\"_blank\" rel=\"noopener\">Goose Creek<\/a>, <a href=\"https:\/\/www.steinberglawfirm.com\/locations\/summerville\/car-accident-lawyer\/\" target=\"_blank\" rel=\"noopener\">Summerville<\/a> y <a href=\"https:\/\/www.steinberglawfirm.com\/locations\/\" target=\"_blank\" rel=\"noopener\">zonas circundantes en South Carolina<\/a>.<\/p>","protected":false},"excerpt":{"rendered":"<p>Charleston Abogado de Accidentes de Conducci\u00f3n Distra\u00edda La conducci\u00f3n distra\u00edda ocurre cuando un conductor se ocupa de una actividad distinta a la de conducir. La conducci\u00f3n distra\u00edda incluye comportamientos como enviar mensajes de texto, navegar por la web, hablar, aseo personal, etc. Los accidentes resultantes de la conducci\u00f3n distra\u00edda son un problema importante para los conductores de todas las edades en todo el pa\u00eds. La conducci\u00f3n distra\u00edda puede dividirse en...<\/p>","protected":false},"author":1,"featured_media":15188,"parent":760,"menu_order":0,"comment_status":"closed","ping_status":"closed","template":"","meta":{"_acf_changed":false,"footnotes":""},"class_list":["post-3508","page","type-page","status-publish","has-post-thumbnail","hentry"],"acf":[],"_links":{"self":[{"href":"https:\/\/steinberglawfirm-staging.clmcloud.app\/es\/wp-json\/wp\/v2\/pages\/3508"}],"collection":[{"href":"https:\/\/steinberglawfirm-staging.clmcloud.app\/es\/wp-json\/wp\/v2\/pages"}],"about":[{"href":"https:\/\/steinberglawfirm-staging.clmcloud.app\/es\/wp-json\/wp\/v2\/types\/page"}],"author":[{"embeddable":true,"href":"https:\/\/steinberglawfirm-staging.clmcloud.app\/es\/wp-json\/wp\/v2\/users\/1"}],"replies":[{"embeddable":true,"href":"https:\/\/steinberglawfirm-staging.clmcloud.app\/es\/wp-json\/wp\/v2\/comments?post=3508"}],"version-history":[{"count":6,"href":"https:\/\/steinberglawfirm-staging.clmcloud.app\/es\/wp-json\/wp\/v2\/pages\/3508\/revisions"}],"predecessor-version":[{"id":30335,"href":"https:\/\/steinberglawfirm-staging.clmcloud.app\/es\/wp-json\/wp\/v2\/pages\/3508\/revisions\/30335"}],"up":[{"embeddable":true,"href":"https:\/\/steinberglawfirm-staging.clmcloud.app\/es\/wp-json\/wp\/v2\/pages\/760"}],"wp:featuredmedia":[{"embeddable":true,"href":"https:\/\/steinberglawfirm-staging.clmcloud.app\/es\/wp-json\/wp\/v2\/media\/15188"}],"wp:attachment":[{"href":"https:\/\/steinberglawfirm-staging.clmcloud.app\/es\/wp-json\/wp\/v2\/media?parent=3508"}],"curies":[{"name":"wp","href":"https:\/\/api.w.org\/{rel}","templated":true}]}}