{"id":3503,"date":"2018-02-02T21:10:37","date_gmt":"2018-02-02T21:10:37","guid":{"rendered":"https:\/\/www.steinberglawfirm.com\/?page_id=3503"},"modified":"2022-04-19T00:39:13","modified_gmt":"2022-04-19T00:39:13","slug":"road-rage-car-accidents","status":"publish","type":"page","link":"https:\/\/steinberglawfirm-staging.clmcloud.app\/es\/lesiones-personales\/accidentes-de-trafico-2\/accidentes-de-trafico\/","title":{"rendered":"Charleston Abogado de accidentes de tr\u00e1fico"},"content":{"rendered":"<h1 class=\"wp-block-heading\">Charleston Abogado de accidentes de tr\u00e1fico<\/h1>\n\n\n\n<div style=\"height:15px\" aria-hidden=\"true\" class=\"wp-block-spacer\"><\/div>\n\n\n\n<p>La ira al volante se produce cuando un conductor utiliza su veh\u00edculo o un arma para agredir a otros automovilistas o pasajeros. Surge cuando el conductor tiene un comportamiento peligroso o irracional al volante, por ejemplo, cometiendo infracciones de tr\u00e1fico o mostrando una ira incontrolada hacia los dem\u00e1s en la carretera. Los accidentes por furia en la carretera se producen con demasiada frecuencia en las autopistas y carreteras de South Carolina.<\/p>\n\n\n\n<p>La conducci\u00f3n agresiva e imprudente no solo pone en peligro a las personas al causar lesiones graves, sino que tambi\u00e9n puede ser responsable de innumerables muertes cada a\u00f1o. La Administraci\u00f3n Nacional de Seguridad del Tr\u00e1fico en las Carreteras (NHTSA) inform\u00f3 de que la conducci\u00f3n agresiva y la furia al volante causaron 1.350 colisiones entre 2009 y 2014. Solo en 2011, la furia al volante provoc\u00f3 directamente 289 muertes en todo el pa\u00eds. South Carolina Los residentes est\u00e1n especialmente expuestos a este tipo de accidentes. South Carolina ocupa el tercer lugar en la lista de la NHTSA de los estados con los peores conductores y el s\u00e9ptimo en cuanto a exceso de velocidad y conducci\u00f3n descuidada.<\/p>\n\n\n\n<p>La rabia en la carretera tiene sus ra\u00edces en la conducci\u00f3n agresiva. Muchos de los h\u00e1bitos de conducci\u00f3n habituales que se observan en las carreteras estadounidenses se consideran agresivos. Sin embargo, la gente suele estar dispuesta a pasar por alto estos comportamientos como si fueran la norma, ya sea por exceso de velocidad o por no respetar las se\u00f1ales de stop. La rabia en la carretera a menudo comienza como una conducci\u00f3n agresiva que incluye uno o m\u00e1s de los siguientes aspectos:<\/p>\n\n\n\n<ul class=\"wp-block-list\"><li>Tailgating<\/li><li>Exceso de velocidad<\/li><li>Saltarse los sem\u00e1foros en rojo o las se\u00f1ales de stop<\/li><li>Entrando y saliendo del tr\u00e1fico<\/li><li>Bloquear carriles o hacer cambios de carril indebidos<\/li><li>No se\u00f1alizar<\/li><li>Adelantar por el arc\u00e9n o por el carril contrario<\/li><li>Conducir despacio por el carril de adelantamiento<\/li><li>Cortar el paso a otros conductores<\/li><\/ul>\n\n\n\n<p>Aunque muchos conductores pueden experimentar momentos de frustraci\u00f3n, sentirse ligeramente molesto no es lo mismo que mostrar rabia en la carretera. Una de las principales diferencias entre la furia al volante y la conducci\u00f3n agresiva es que esta \u00faltima no se realiza con la intenci\u00f3n de hacer da\u00f1o. Un conductor que exhibe rabia en la carretera tiene un comportamiento irresponsable y violento hasta el punto de sentir que est\u00e1 justificado tomar represalias contra otro automovilista. La rabia en la carretera a menudo se ve exacerbada por el consumo de alcohol o drogas, la inestabilidad mental o las tensiones externas relacionadas con la vida personal o profesional. La ira en la carretera es algo m\u00e1s que un conductor que pierde los nervios. Pone en peligro la vida del conductor y de los que le rodean.<\/p>\n\n\n\n<p>Cuando la rabia en la carretera resulta en un accidente de coche que causa lesiones o la muerte, el conductor agresivo puede ser encontrado responsable de los da\u00f1os, dependiendo del tipo de accidente. Los ejemplos m\u00e1s comunes de comportamiento de conducci\u00f3n agresiva que pueden calificar como rabia en la carretera incluyen:<\/p>\n\n\n\n<ul class=\"wp-block-list\"><li>Golpear deliberadamente a otro coche<\/li><li>Sacar a otro veh\u00edculo de la carretera<\/li><li>Detener el veh\u00edculo e intentar un enfrentamiento f\u00edsico con otro conductor<\/li><li>Usar un arma para da\u00f1ar a otro conductor o coche<\/li><li>Hacer gestos o ser verbalmente abusivo<\/li><li>Tocando el claxon<\/li><li>Luces intermitentes<\/li><\/ul>\n\n\n\n<p>Seg\u00fan los datos preliminares de la NHTSA, m\u00e1s de 981 personas murieron en accidentes de veh\u00edculos de motor en South Carolina autopistas y carreteras en 2016. Las principales causas de las muertes fueron el exceso de velocidad, no ceder el derecho de paso, seguir demasiado de cerca, el uso inadecuado del carril y la conducci\u00f3n bajo la influencia. Estos comportamientos de conducci\u00f3n agresiva se asocian com\u00fanmente con la ira en la carretera.<\/p>\n\n\n\n<h2 class=\"wp-block-heading\">Abogados de accidentes de coche que representan Charleston y \u00e1reas cercanas de South Carolina<\/h2>\n\n\n\n<p>Si usted o un miembro de su familia ha resultado herido en un accidente de tr\u00e1fico causado por las acciones imprudentes de un conductor agresivo, p\u00f3ngase en contacto con los abogados de Steinberg Law Firm hoy llamando al 843-720-2800 para una revisi\u00f3n gratuita de su caso. Nuestra experiencia <a href=\"https:\/\/www.steinberglawfirm.com\/practice-areas\/auto-accidents\/\" target=\"_blank\" rel=\"noopener\">abogados de accidentes de tr\u00e1fico<\/a> se dedican a proporcionar una representaci\u00f3n de alta calidad y apoyo legal para que usted obtenga la compensaci\u00f3n que merece por sus lesiones. Servimos a clientes en todo Charleston, Goose Creek, Summerville y \u00e1reas circundantes en South Carolina. Perm\u00edtanos investigar las circunstancias de su accidente y lidiar con poderosas compa\u00f1\u00edas de seguros para que usted no tenga que hacerlo.<\/p>","protected":false},"excerpt":{"rendered":"<p>Charleston Abogado de accidentes de tr\u00e1fico La rabia en la carretera se produce cuando un conductor utiliza su veh\u00edculo o un arma para agredir a otros automovilistas o pasajeros. Surge cuando el conductor tiene un comportamiento peligroso o irracional al volante, como por ejemplo, cometiendo infracciones de tr\u00e1fico o mostrando una ira incontrolada hacia otros en la carretera. La ira al volante...<\/p>","protected":false},"author":1,"featured_media":15198,"parent":760,"menu_order":0,"comment_status":"closed","ping_status":"closed","template":"","meta":{"_acf_changed":false,"footnotes":""},"class_list":["post-3503","page","type-page","status-publish","has-post-thumbnail","hentry"],"acf":[],"_links":{"self":[{"href":"https:\/\/steinberglawfirm-staging.clmcloud.app\/es\/wp-json\/wp\/v2\/pages\/3503"}],"collection":[{"href":"https:\/\/steinberglawfirm-staging.clmcloud.app\/es\/wp-json\/wp\/v2\/pages"}],"about":[{"href":"https:\/\/steinberglawfirm-staging.clmcloud.app\/es\/wp-json\/wp\/v2\/types\/page"}],"author":[{"embeddable":true,"href":"https:\/\/steinberglawfirm-staging.clmcloud.app\/es\/wp-json\/wp\/v2\/users\/1"}],"replies":[{"embeddable":true,"href":"https:\/\/steinberglawfirm-staging.clmcloud.app\/es\/wp-json\/wp\/v2\/comments?post=3503"}],"version-history":[{"count":4,"href":"https:\/\/steinberglawfirm-staging.clmcloud.app\/es\/wp-json\/wp\/v2\/pages\/3503\/revisions"}],"predecessor-version":[{"id":19882,"href":"https:\/\/steinberglawfirm-staging.clmcloud.app\/es\/wp-json\/wp\/v2\/pages\/3503\/revisions\/19882"}],"up":[{"embeddable":true,"href":"https:\/\/steinberglawfirm-staging.clmcloud.app\/es\/wp-json\/wp\/v2\/pages\/760"}],"wp:featuredmedia":[{"embeddable":true,"href":"https:\/\/steinberglawfirm-staging.clmcloud.app\/es\/wp-json\/wp\/v2\/media\/15198"}],"wp:attachment":[{"href":"https:\/\/steinberglawfirm-staging.clmcloud.app\/es\/wp-json\/wp\/v2\/media?parent=3503"}],"curies":[{"name":"wp","href":"https:\/\/api.w.org\/{rel}","templated":true}]}}