{"id":3498,"date":"2018-02-02T20:58:21","date_gmt":"2018-02-02T20:58:21","guid":{"rendered":"https:\/\/www.steinberglawfirm.com\/?page_id=3498"},"modified":"2024-08-01T20:40:49","modified_gmt":"2024-08-01T20:40:49","slug":"reckless-driver-car-accidents","status":"publish","type":"page","link":"https:\/\/steinberglawfirm-staging.clmcloud.app\/es\/lesiones-personales\/accidentes-de-trafico-2\/accidentes-de-trafico-por-conduccion-temeraria\/","title":{"rendered":"Accidentes de conductores imprudentes"},"content":{"rendered":"<h1 class=\"wp-block-heading\">Charleston Abogado de accidentes de tr\u00e1fico por conducci\u00f3n temeraria<\/h1>\n\n\n\n<div style=\"height:15px\" aria-hidden=\"true\" class=\"wp-block-spacer\"><\/div>\n\n\n\n<p>Ha habido varias campa\u00f1as que promueven la concienciaci\u00f3n sobre la conducci\u00f3n temeraria y la seguridad de los pasajeros. A\u00fan, <a href=\"https:\/\/www.steinberglawfirm.com\/practice-areas\/auto-accidents\/\" data-type=\"link\" data-id=\"https:\/\/www.steinberglawfirm.com\/practice-areas\/auto-accidents\/\" target=\"_blank\" rel=\"noopener\">accidentes de tr\u00e1fico<\/a> siguen ocurriendo en las carreteras de Charleston, South Carolina, poniendo en peligro la vida de personas inocentes.<\/p>\n\n\n\n<p>Algunos de los ejemplos m\u00e1s frecuentes de conducci\u00f3n temeraria son:<\/p>\n\n\n\n<ul class=\"wp-block-list\">\n<li>Conducir superando el l\u00edmite de velocidad<\/li>\n\n\n\n<li>No prestar atenci\u00f3n a las se\u00f1ales de stop<\/li>\n\n\n\n<li>Hacer paradas bruscas<\/li>\n\n\n\n<li>No se\u00f1alizar al girar<\/li>\n\n\n\n<li>Tailgating<\/li>\n\n\n\n<li>Conducir con distracciones<\/li>\n\n\n\n<li><a href=\"https:\/\/www.steinberglawfirm.com\/locations\/charleston\/car-accident-lawyers\/drunk-driving-injury-accident\/\" target=\"_blank\" rel=\"noopener\">Conducir bajo los efectos de las drogas o el alcohol<\/a><\/li>\n<\/ul>\n\n\n\n<h3 class=\"wp-block-heading\">\u00bfQu\u00e9 es la conducci\u00f3n temeraria?<\/h3>\n\n\n\n<p>La conducci\u00f3n temeraria es el acto de operar un veh\u00edculo con un desprecio intencional o gratuito por la seguridad de los dem\u00e1s. Cuando un individuo recibe una citaci\u00f3n por este delito, es porque ha mostrado una flagrante indiferencia por las normas de la carretera, y puede o no haber contribuido a la causa de un accidente o da\u00f1os a la propiedad. Frecuentemente conocida como conducci\u00f3n peligrosa, la conducci\u00f3n temeraria es una de las infracciones de tr\u00e1fico m\u00e1s graves, y normalmente se imputa como un delito menor. Si se le declara culpable, el infractor puede ser objeto de fuertes multas o prisi\u00f3n.<\/p>\n\n\n\n<p>Seg\u00fan la NHTSA, la conducci\u00f3n temeraria es una conducci\u00f3n agresiva que consiste en un comportamiento de conducci\u00f3n ilegal, como conducir por encima del l\u00edmite de velocidad establecido o conducir a una velocidad irracional para las condiciones. Tambi\u00e9n puede incluir un cambio de carril incorrecto o excesivo, como por ejemplo no se\u00f1alizar. Adem\u00e1s, puede incluir un adelantamiento incorrecto, como no se\u00f1alar sus intenciones, y el uso del arc\u00e9n, del medio o de un carril de emergencia para adelantar.<\/p>\n\n\n\n<p>Cuando se ignora la seguridad de otros conductores, puede dar lugar a cargos por conducci\u00f3n temeraria. El desprecio de las reglas de la carretera puede conducir a accidentes y\/o da\u00f1os a la propiedad. Los efectos de la conducci\u00f3n temeraria pueden ser mortales, dando lugar a graves consecuencias y sanciones.<\/p>\n\n\n\n<p>Las causas m\u00e1s comunes de la conducci\u00f3n temeraria son:<\/p>\n\n\n\n<ul class=\"wp-block-list\">\n<li>Un individuo que padece un trastorno l\u00edmite de la personalidad es m\u00e1s propenso a conducir de forma temeraria.<\/li>\n\n\n\n<li><a href=\"https:\/\/www.steinberglawfirm.com\/personal-injury\/auto-accidents\/drunk-driving-accident\/\" data-type=\"link\" data-id=\"https:\/\/www.steinberglawfirm.com\/personal-injury\/auto-accidents\/drunk-driving-accident\/\" target=\"_blank\" rel=\"noopener\">Conducir bajo los efectos del alcohol o las drogas<\/a><\/li>\n\n\n\n<li>Pasajeros que animan al conductor a conducir de forma temeraria. Tambi\u00e9n se denomina presi\u00f3n de grupo.<\/li>\n\n\n\n<li><a href=\"https:\/\/www.steinberglawfirm.com\/personal-injury\/auto-accidents\/road-rage-car-accidents\/\" data-type=\"link\" data-id=\"https:\/\/www.steinberglawfirm.com\/personal-injury\/auto-accidents\/road-rage-car-accidents\/\" target=\"_blank\" rel=\"noopener\">Furia en la carretera<\/a> es una de las causas m\u00e1s t\u00edpicas de conducci\u00f3n temeraria.<\/li>\n<\/ul>\n\n\n\n<h2 class=\"wp-block-heading\">Abogados de accidentes de coche que representan Charleston y \u00e1reas cercanas de South Carolina<\/h2>\n\n\n\n<p>Si ha sufrido un accidente de tr\u00e1fico, es importante que acuda al hospital aunque no sienta ning\u00fan dolor en el momento del accidente. Tome nota de los m\u00e9dicos, fisioterapeutas u otros profesionales m\u00e9dicos de los que reciba tratamiento. Adem\u00e1s, aseg\u00farese de obtener asesoramiento legal de un abogado especializado en accidentes de tr\u00e1fico durante las primeras fases del proceso, y no firme ning\u00fan documento ni haga ninguna declaraci\u00f3n sin la aprobaci\u00f3n de su abogado.<\/p>\n\n\n\n<p>Si usted o un ser querido se ha visto involucrado en un accidente de tr\u00e1fico que ha provocado da\u00f1os materiales o gastos m\u00e9dicos, llame al <a href=\"https:\/\/www.steinberglawfirm.com\/attorney\/\" data-type=\"link\" data-id=\"https:\/\/www.steinberglawfirm.com\/attorney\/\" target=\"_blank\" rel=\"noopener\">abogados de accidentes de tr\u00e1fico en Steinberg Law Firm<\/a> en <a href=\"tel:1-843-720-2800\">(843) 720-2800<\/a>. Atendemos a clientes en <a href=\"https:\/\/www.steinberglawfirm.com\/office-locations\/charleston-office\/\" data-type=\"link\" data-id=\"https:\/\/www.steinberglawfirm.com\/office-locations\/charleston-office\/\" target=\"_blank\" rel=\"noopener\">Charleston<\/a>, <a href=\"https:\/\/www.steinberglawfirm.com\/office-locations\/goose-creek-office\/\" data-type=\"link\" data-id=\"https:\/\/www.steinberglawfirm.com\/office-locations\/goose-creek-office\/\" target=\"_blank\" rel=\"noopener\">Goose Creek<\/a>, <a href=\"https:\/\/www.steinberglawfirm.com\/office-locations\/summerville-office\/\" data-type=\"link\" data-id=\"https:\/\/www.steinberglawfirm.com\/office-locations\/summerville-office\/\" target=\"_blank\" rel=\"noopener\">Summerville<\/a> y el <a href=\"https:\/\/www.steinberglawfirm.com\/locations\/\" data-type=\"link\" data-id=\"https:\/\/www.steinberglawfirm.com\/locations\/\" target=\"_blank\" rel=\"noopener\">zonas lim\u00edtrofes<\/a>.<\/p>","protected":false},"excerpt":{"rendered":"<p>Charleston Abogado de Accidentes de Coche por Conductor Imprudente Ha habido varias campa\u00f1as que promueven la concienciaci\u00f3n sobre la conducci\u00f3n temeraria y la seguridad de los pasajeros. Sin embargo, los accidentes automovil\u00edsticos siguen ocurriendo en las carreteras de Charleston, South Carolina, poniendo en peligro la vida de personas inocentes. Algunos de los ejemplos m\u00e1s frecuentes de conducci\u00f3n temeraria son: \u00bfQu\u00e9 es la conducci\u00f3n temeraria?<\/p>","protected":false},"author":1,"featured_media":19679,"parent":760,"menu_order":0,"comment_status":"closed","ping_status":"closed","template":"","meta":{"_acf_changed":false,"footnotes":""},"class_list":["post-3498","page","type-page","status-publish","has-post-thumbnail","hentry"],"acf":[],"_links":{"self":[{"href":"https:\/\/steinberglawfirm-staging.clmcloud.app\/es\/wp-json\/wp\/v2\/pages\/3498"}],"collection":[{"href":"https:\/\/steinberglawfirm-staging.clmcloud.app\/es\/wp-json\/wp\/v2\/pages"}],"about":[{"href":"https:\/\/steinberglawfirm-staging.clmcloud.app\/es\/wp-json\/wp\/v2\/types\/page"}],"author":[{"embeddable":true,"href":"https:\/\/steinberglawfirm-staging.clmcloud.app\/es\/wp-json\/wp\/v2\/users\/1"}],"replies":[{"embeddable":true,"href":"https:\/\/steinberglawfirm-staging.clmcloud.app\/es\/wp-json\/wp\/v2\/comments?post=3498"}],"version-history":[{"count":5,"href":"https:\/\/steinberglawfirm-staging.clmcloud.app\/es\/wp-json\/wp\/v2\/pages\/3498\/revisions"}],"predecessor-version":[{"id":31594,"href":"https:\/\/steinberglawfirm-staging.clmcloud.app\/es\/wp-json\/wp\/v2\/pages\/3498\/revisions\/31594"}],"up":[{"embeddable":true,"href":"https:\/\/steinberglawfirm-staging.clmcloud.app\/es\/wp-json\/wp\/v2\/pages\/760"}],"wp:featuredmedia":[{"embeddable":true,"href":"https:\/\/steinberglawfirm-staging.clmcloud.app\/es\/wp-json\/wp\/v2\/media\/19679"}],"wp:attachment":[{"href":"https:\/\/steinberglawfirm-staging.clmcloud.app\/es\/wp-json\/wp\/v2\/media?parent=3498"}],"curies":[{"name":"wp","href":"https:\/\/api.w.org\/{rel}","templated":true}]}}