{"id":3423,"date":"2017-12-28T22:21:30","date_gmt":"2017-12-28T22:21:30","guid":{"rendered":"https:\/\/www.steinberglawfirm.com\/?page_id=3423"},"modified":"2022-04-21T22:11:47","modified_gmt":"2022-04-21T22:11:47","slug":"wrongful-death-attorneys","status":"publish","type":"page","link":"https:\/\/steinberglawfirm-staging.clmcloud.app\/es\/ubicaciones\/goose-creek\/abogados-de-muerte-por-negligencia\/","title":{"rendered":"Goose Creek Abogados de Muerte Injusta"},"content":{"rendered":"<h1 class=\"wp-block-heading\">Goose Creek Abogados de Muerte Injusta<\/h1>\n\n\n\n<p>La p\u00e9rdida de un ser querido en un accidente supone una grave p\u00e9rdida emocional y econ\u00f3mica para los familiares supervivientes. Cuando la muerte de un ser querido fue causada por la negligencia de otro, <a href=\"https:\/\/www.steinberglawfirm.com\/practice-areas\/wrongful-death\/\" target=\"_blank\" rel=\"noopener\">se puede hacer una reclamaci\u00f3n por muerte por negligencia con la ayuda de un abogado con experiencia en muerte por negligencia<\/a>.<\/p>\n\n\n\n<p><strong>\u00bfQu\u00e9 es la muerte por negligencia?<\/strong><\/p>\n\n\n\n<p>\"Muerte por negligencia\" es un t\u00e9rmino legal que se refiere a una demanda civil presentada contra la persona o parte responsable de una muerte. Este tipo de reclamaci\u00f3n suele presentarse cuando los cargos penales no son apropiados o no tienen \u00e9xito. La base de una reclamaci\u00f3n por homicidio culposo es la misma que la de una <a href=\"https:\/\/www.steinberglawfirm.com\/practice-areas\/personal-injury\/\" target=\"_blank\" rel=\"noopener\">reclamaci\u00f3n por da\u00f1os personales<\/a>, salvo que la v\u00edctima no sobrevivi\u00f3, por lo que la demanda es presentada en su nombre por los familiares directos.<\/p>\n\n\n\n<p><strong>C\u00f3mo se producen las muertes por negligencia <\/strong><\/p>\n\n\n\n<p>En South Carolina, una muerte es il\u00edcita cuando se produce por un acto il\u00edcito, negligencia o incumplimiento. La mayor\u00eda de las veces est\u00e1n relacionadas con:<\/p>\n\n\n\n<p>- <a href=\"https:\/\/www.steinberglawfirm.com\/practice-areas\/workers-compensation\/\" target=\"_blank\" rel=\"noopener\">Accidentes laborales<\/a><br>- <a href=\"https:\/\/www.steinberglawfirm.com\/practice-areas\/nursing-home-abuse\/\" target=\"_blank\" rel=\"noopener\">Abuso o negligencia en residencias de ancianos<\/a><br>- <a href=\"https:\/\/www.steinberglawfirm.com\/practice-areas\/auto-accidents\/\" target=\"_blank\" rel=\"noopener\">Accidentes de tr\u00e1fico<\/a><br>- <a href=\"https:\/\/www.steinberglawfirm.com\/practice-areas\/truck-accidents\/\" target=\"_blank\" rel=\"noopener\">Accidentes de camiones<\/a><br>- <a href=\"https:\/\/www.steinberglawfirm.com\/practice-areas\/motorcycle-accidents\/\" target=\"_blank\" rel=\"noopener\">Accidentes de moto<\/a><br>- <a href=\"https:\/\/www.steinberglawfirm.com\/practice-areas\/dangerous-products\/\" target=\"_blank\" rel=\"noopener\">Productos defectuosos<\/a><br>- <a href=\"https:\/\/www.steinberglawfirm.com\/practice-areas\/medical-malpractice\/\" target=\"_blank\" rel=\"noopener\">Negligencia m\u00e9dica<\/a><br>- <a href=\"https:\/\/www.steinberglawfirm.com\/practice-areas\/auto-accidents\/pedestrian-accident\/\" target=\"_blank\" rel=\"noopener\">Accidente de peat\u00f3n<\/a><br>- <a href=\"https:\/\/www.steinberglawfirm.com\/practice-areas\/auto-accidents\/drunk-driving-accident\/\" target=\"_blank\" rel=\"noopener\">DUI<\/a><br>- <a href=\"https:\/\/www.steinberglawfirm.com\/practice-areas\/premises-liability\/slip-and-fall\/\" target=\"_blank\" rel=\"noopener\">Cataratas<\/a><br>- <a href=\"https:\/\/www.steinberglawfirm.com\/practice-areas\/premises-liability\/\" target=\"_blank\" rel=\"noopener\">Responsabilidades de los locales<\/a><\/p>\n\n\n\n<p>La ley South Carolina permite dos causas de acci\u00f3n separadas tras un fallecimiento: la acci\u00f3n de muerte por negligencia y la acci\u00f3n de supervivencia.<\/p>\n\n\n\n<p>Las demandas por homicidio culposo tienen por objeto indemnizar a la familia por la p\u00e9rdida de un ser querido, mientras que la acci\u00f3n de supervivencia se ocupa de las lesiones o da\u00f1os sufridos inmediatamente antes del fallecimiento de la v\u00edctima. <a href=\"https:\/\/www.steinberglawfirm.com\/attorney\/\" target=\"_blank\" rel=\"noopener\">Los expertos abogados de Steinberg Law Firm pueden ayudar a determinar cu\u00e1l es la mejor reclamaci\u00f3n<\/a>.<\/p>\n\n\n\n<p><strong>Estad\u00edsticas de muertes por negligencia<\/strong><\/p>\n\n\n\n<p>Los accidentes ocurren todo el tiempo y en muchas circunstancias diferentes. Cuando un accidente es mortal, podr\u00eda haber una posible demanda por homicidio culposo.<\/p>\n\n\n\n<p>Algunas de las causas m\u00e1s comunes de una muerte accidental son los accidentes de tr\u00e1fico, las negligencias m\u00e9dicas y los accidentes laborales.<\/p>\n\n\n\n<p>- Cada a\u00f1o mueren 32.000 personas en accidentes de tr\u00e1fico en las carreteras de Estados Unidos. Aproximadamente el 30% de estos accidentes mortales est\u00e1n relacionados con el alcohol.<br>- 98.000 personas mueren al a\u00f1o por errores m\u00e9dicos evitables, a menudo por diagn\u00f3sticos err\u00f3neos, errores quir\u00fargicos, retrasos en el tratamiento y errores de medicaci\u00f3n.<br>- Cada a\u00f1o se producen 5.840 accidentes laborales.<\/p>\n\n\n\n<p><strong>Presentaci\u00f3n de una reclamaci\u00f3n por muerte por negligencia en South Carolina<\/strong><\/p>\n\n\n\n<p>La ley South Carolina permite al albacea o administrador de una herencia presentar una demanda por homicidio culposo en nombre del c\u00f3nyuge superviviente y de los hijos del fallecido. Si no estaban casados y no ten\u00edan hijos, la demanda puede presentarse en nombre de sus padres u otros herederos. El albacea puede haber sido nombrado en el plan sucesorio de la persona fallecida o designado por los tribunales si no exist\u00eda un plan sucesorio o la persona elegida declina desempe\u00f1ar esta funci\u00f3n.<\/p>\n\n\n\n<p>El albacea o el administrador tambi\u00e9n puede presentar una acci\u00f3n de supervivencia junto con una demanda por homicidio culposo en South Carolina. Esto permite al patrimonio recuperar los da\u00f1os en nombre de la persona recientemente fallecida que sufri\u00f3 como resultado de las acciones negligentes antes de morir. Una acci\u00f3n de supervivencia puede ser apropiada cuando la persona fallecida vivi\u00f3 durante un tiempo antes de sucumbir a las lesiones o enfermedades causadas por la negligencia.<\/p>\n\n\n\n<p>South Carolina Las leyes de prescripci\u00f3n permiten que transcurran tres a\u00f1os desde la fecha de la muerte para presentar una demanda por homicidio culposo. Esto puede parecer mucho tiempo para actuar, sin embargo, la investigaci\u00f3n y la preparaci\u00f3n que conlleva la presentaci\u00f3n de dicha reclamaci\u00f3n es un proceso largo. Por lo tanto, es importante que la familia de la persona fallecida act\u00fae r\u00e1pidamente y se ponga en contacto con un abogado especializado en muerte por negligencia lo antes posible. Si no se cumple el plazo para presentar una reclamaci\u00f3n, la familia no podr\u00e1 recuperar los da\u00f1os.<\/p>\n\n\n\n<p><strong>Indemnizaci\u00f3n por da\u00f1os y perjuicios en caso de muerte por negligencia<\/strong><\/p>\n\n\n\n<p>Aunque nada puede reemplazar la p\u00e9rdida de un ser querido, la presentaci\u00f3n de una demanda por homicidio culposo puede ayudar a aliviar parte de la carga financiera que viene despu\u00e9s de una muerte repentina. Tambi\u00e9n puede ayudar a los familiares supervivientes a tener una sensaci\u00f3n de cierre. Aunque el albacea de la herencia debe ser quien presente la demanda, los beneficiarios de cualquier indemnizaci\u00f3n o compensaci\u00f3n resultante ser\u00e1n los herederos de la persona fallecida.<\/p>\n\n\n\n<p>Entre las personas que pueden recibir una indemnizaci\u00f3n por una demanda de muerte por negligencia en el Goose Creek se encuentran:<\/p>\n\n\n\n<p>- C\u00f3nyuge<br>- Ni\u00f1os<br>- Padres (si no hay c\u00f3nyuge o hijo)<br>- Herederos legales (si no hay padres, hijos o c\u00f3nyuge)<br>- Padres con un hijo adulto fallecido<\/p>\n\n\n\n<p>Los da\u00f1os y perjuicios relacionados con la muerte por negligencia se recuperar\u00e1n en forma de indemnizaci\u00f3n. Dependiendo de los detalles de la muerte, estos da\u00f1os podr\u00edan incluir:<\/p>\n\n\n\n<p>- P\u00e9rdida de salarios y prestaciones<br>- Da\u00f1os a la propiedad<br>- Gastos m\u00e9dicos relacionados con lesiones o enfermedades<br>- Gastos de funeral y entierro<br>- P\u00e9rdida de compa\u00f1\u00eda<br>- Sufrimiento mental de los familiares supervivientes<br>- Los da\u00f1os punitivos como forma de castigo para el demandado<\/p>\n\n\n\n<h2 class=\"wp-block-heading\">Un abogado de muerte por negligencia Goose Creek puede ayudar<\/h2>\n\n\n\n<p>La muerte de un ser querido es dif\u00edcil en cualquier circunstancia. Sin embargo, cuando la muerte podr\u00eda haberse evitado, es a\u00fan m\u00e1s dif\u00edcil de entender. Las consecuencias econ\u00f3micas de la muerte de un familiar tambi\u00e9n pueden ser devastadoras. Los costes inmediatos, como las facturas m\u00e9dicas y los gastos de funeral y entierro, se acumulan r\u00e1pidamente y, a veces, la p\u00e9rdida de ingresos y beneficios del familiar fallecido puede dejar a la familia paralizada.<\/p>\n\n\n\n<p>Es por estas razones que encontrar un abogado de muerte por negligencia es tan importante. Un abogado puede determinar el mejor curso de acci\u00f3n legal en el caso y asegurar que todos los procedimientos se sigan exactamente. Ellos pueden disminuir el estr\u00e9s de la situaci\u00f3n manejando los aspectos legales de la b\u00fasqueda de compensaci\u00f3n en una demanda por muerte injusta para la familia.<\/p>\n\n\n\n<p>Cuando las compa\u00f1\u00edas de seguros est\u00e1n involucradas, un abogado es especialmente \u00fatil. Las compa\u00f1\u00edas de seguros s\u00f3lo se preocupan por pagar lo menos posible y se preocupan poco por la situaci\u00f3n de las familias en duelo. Un abogado luchar\u00e1 contra sus t\u00e1cticas para que los clientes obtengan el m\u00e1ximo posible en un posible acuerdo.<\/p>\n\n\n\n<p>Tener un <a href=\"https:\/\/www.steinberglawfirm.com\/practice-areas\/wrongful-death\/\" target=\"_blank\" rel=\"noopener\">un abogado de muerte por negligencia de su lado nivela el campo de juego<\/a> y permite a la familia centrarse mejor en la curaci\u00f3n tras la p\u00e9rdida.<\/p>\n\n\n\n<h3 class=\"wp-block-heading\">Contacte con Steinberg Law Firm hoy mismo<\/h3>\n\n\n\n<p>El <a href=\"https:\/\/www.steinberglawfirm.com\/attorney\/\" target=\"_blank\" rel=\"noopener\">Los abogados de muerte por negligencia de Steinberg Law Firm pueden ayudar a su familia<\/a> a trav\u00e9s de este dif\u00edcil momento. Est\u00e1n altamente capacitados en la navegaci\u00f3n de los aspectos legales de un caso de muerte por negligencia y se comprometen a tratar a su familia con respeto y sensibilidad mientras usted llora a su ser querido.<\/p>\n\n\n\n<p><a href=\"https:\/\/www.steinberglawfirm.com\/free-consultation\/\" target=\"_blank\" rel=\"noopener\">Las consultas son siempre gratuitas<\/a>y <a href=\"https:\/\/www.steinberglawfirm.com\/no-fee-unless-you-win\/\" target=\"_blank\" rel=\"noopener\">no pagar\u00e1 ning\u00fan honorario hasta que ganemos su caso<\/a>. Para contactar con Steinberg Law Firm, <a href=\"tel:843-720-2800\">llame al 843-720-2800<\/a> o <a href=\"https:\/\/www.steinberglawfirm.com\/office-locations\/goose-creek-office\/\" target=\"_blank\" rel=\"noopener\">pase por nuestra oficina Goose Creek<\/a>.<\/p>","protected":false},"excerpt":{"rendered":"<p>Goose Creek Abogados de Homicidio Culposo La p\u00e9rdida de un ser querido en un accidente resulta en una severa p\u00e9rdida emocional y financiera para los miembros de la familia sobreviviente. Cuando la muerte de un ser querido fue causada por la negligencia de otro, se puede hacer una reclamaci\u00f3n por muerte injusta con la ayuda de un abogado con experiencia en muerte injusta...<\/p>","protected":false},"author":1,"featured_media":20555,"parent":3406,"menu_order":0,"comment_status":"closed","ping_status":"closed","template":"","meta":{"_acf_changed":false,"footnotes":""},"class_list":["post-3423","page","type-page","status-publish","has-post-thumbnail","hentry"],"acf":[],"_links":{"self":[{"href":"https:\/\/steinberglawfirm-staging.clmcloud.app\/es\/wp-json\/wp\/v2\/pages\/3423"}],"collection":[{"href":"https:\/\/steinberglawfirm-staging.clmcloud.app\/es\/wp-json\/wp\/v2\/pages"}],"about":[{"href":"https:\/\/steinberglawfirm-staging.clmcloud.app\/es\/wp-json\/wp\/v2\/types\/page"}],"author":[{"embeddable":true,"href":"https:\/\/steinberglawfirm-staging.clmcloud.app\/es\/wp-json\/wp\/v2\/users\/1"}],"replies":[{"embeddable":true,"href":"https:\/\/steinberglawfirm-staging.clmcloud.app\/es\/wp-json\/wp\/v2\/comments?post=3423"}],"version-history":[{"count":5,"href":"https:\/\/steinberglawfirm-staging.clmcloud.app\/es\/wp-json\/wp\/v2\/pages\/3423\/revisions"}],"predecessor-version":[{"id":20567,"href":"https:\/\/steinberglawfirm-staging.clmcloud.app\/es\/wp-json\/wp\/v2\/pages\/3423\/revisions\/20567"}],"up":[{"embeddable":true,"href":"https:\/\/steinberglawfirm-staging.clmcloud.app\/es\/wp-json\/wp\/v2\/pages\/3406"}],"wp:featuredmedia":[{"embeddable":true,"href":"https:\/\/steinberglawfirm-staging.clmcloud.app\/es\/wp-json\/wp\/v2\/media\/20555"}],"wp:attachment":[{"href":"https:\/\/steinberglawfirm-staging.clmcloud.app\/es\/wp-json\/wp\/v2\/media?parent=3423"}],"curies":[{"name":"wp","href":"https:\/\/api.w.org\/{rel}","templated":true}]}}