{"id":3416,"date":"2017-12-28T19:32:26","date_gmt":"2017-12-28T19:32:26","guid":{"rendered":"https:\/\/www.steinberglawfirm.com\/?page_id=3416"},"modified":"2022-04-27T18:09:57","modified_gmt":"2022-04-27T18:09:57","slug":"slip-and-fall-attorney","status":"publish","type":"page","link":"https:\/\/steinberglawfirm-staging.clmcloud.app\/es\/ubicaciones\/goose-creek\/abogado-de-resbalones-y-caidas\/","title":{"rendered":"Goose Creek Abogado de resbalones y ca\u00eddas"},"content":{"rendered":"<h1 class=\"wp-block-heading\">Goose Creek Abogado de resbalones y ca\u00eddas<\/h1>\n\n\n\n<p>Ya sea que visite una tienda de comestibles, una biblioteca p\u00fablica o la casa de un vecino, usted conf\u00eda en que el due\u00f1o de una propiedad tomar\u00e1 precauciones razonables para garantizar que la propiedad sea segura. Sin embargo, no siempre es as\u00ed. De hecho, <a href=\"https:\/\/www.steinberglawfirm.com\/practice-areas\/premises-liability\/slip-and-fall\/\" target=\"_blank\" rel=\"noopener\">los accidentes por resbalones y ca\u00eddas son una de las principales causas de lesiones accidentales<\/a> y muerte en los Estados Unidos. En algunos casos, los resbalones y las ca\u00eddas pueden causar peque\u00f1os golpes y contusiones; sin embargo, estos accidentes suelen provocar lesiones graves que alteran la vida.<\/p>\n\n\n\n<p>Si ha sufrido un accidente por resbal\u00f3n y ca\u00edda en Goose Creek, <a href=\"https:\/\/www.steinberglawfirm.com\/\" target=\"_blank\" rel=\"noopener\">p\u00f3ngase en contacto con los abogados especializados en lesiones personales del Steinberg Law Firm<\/a>. No es necesario que asuma solo los da\u00f1os f\u00edsicos, econ\u00f3micos y emocionales causados por la negligencia de otra persona. El Steinberg Law Firm est\u00e1 aqu\u00ed para usted. Nuestro <a href=\"https:\/\/www.steinberglawfirm.com\/attorney\/\" target=\"_blank\" rel=\"noopener\">los abogados agresivos tienen m\u00e1s de 95 a\u00f1os de experiencia<\/a> ayudar a las v\u00edctimas de accidentes como usted a reclamar con \u00e9xito una indemnizaci\u00f3n. Con nuestra ayuda, puede hacer que los responsables de sus lesiones rindan cuentas econ\u00f3micamente.<\/p>\n\n\n\n<p><strong>Secci\u00f3n de estad\u00edsticas<\/strong><\/p>\n\n\n\n<p>- En 2016, cerca de 9,2 millones de personas fueron tratadas en hospitales por lesiones relacionadas con las ca\u00eddas.<br>- Las ca\u00eddas son la principal causa de muerte en los adultos mayores.<br>- Cada a\u00f1o, el 30 por ciento de los adultos mayores dicen haberse ca\u00eddo. Esto supone unos 30 millones de ca\u00eddas al a\u00f1o.<br>- Entre 2007 y 2016, la tasa de mortalidad por ca\u00eddas de los adultos mayores aument\u00f3 un 30%.<br>- En 2016, 697 trabajadores murieron en accidentes relacionados con ca\u00eddas, y otros 48.000 faltaron al menos un d\u00eda al trabajo despu\u00e9s de caerse en el trabajo.<br>- Una de cada cinco ca\u00eddas provoca una lesi\u00f3n grave, como un traumatismo craneal o una fractura de huesos.<br>- M\u00e1s de 800.000 personas son hospitalizadas cada a\u00f1o debido a lesiones relacionadas con las ca\u00eddas.<br>\u25e6 El tipo de lesiones m\u00e1s com\u00fanmente reportadas son las lesiones en la cabeza y las fracturas de cadera.<br>- Las ca\u00eddas son la causa m\u00e1s com\u00fan de las lesiones cerebrales traum\u00e1ticas (TBI)<br>- En South Carolina, 67 de cada 100.000 personas morir\u00e1n como consecuencia de lesiones relacionadas con las ca\u00eddas.<\/p>\n\n\n\n<p><a href=\"https:\/\/www.steinberglawfirm.com\/practice-areas\/workers-compensation\/\" target=\"_blank\" rel=\"noopener\">Los accidentes laborales son una de las principales causas de resbalones y ca\u00eddas<\/a>. Seg\u00fan el Consejo Nacional de Seguridad, en 2016, casi 700 trabajadores murieron a causa de ca\u00eddas, y 48.060 sufrieron lesiones lo suficientemente graves como para perder al menos un d\u00eda de trabajo. Los sectores m\u00e1s peligrosos para las lesiones por ca\u00eddas son:<\/p>\n\n\n\n<p>- Gobierno: 63.350 heridos y 44 muertos<br>- Educaci\u00f3n y servicios sanitarios: 43.660 heridos y 18 muertos<br>- Al por menor: 29.830 heridos y 29 muertos<br>- Construcci\u00f3n: 24.700 heridos y 384 muertos<br>- Transporte y almacenamiento: 23.490 heridos y 46 muertos<br>- Servicios profesionales y empresariales: 22.090 heridos y 111 muertos<br>- Industria: 22.040 heridos y 49 muertos<br>- Comercio al por mayor: 10.250 heridos y 21 muertos<\/p>\n\n\n\n<p><strong>\u00bfQu\u00e9 es un accidente por resbal\u00f3n y ca\u00edda?<\/strong><\/p>\n\n\n\n<p>Los resbalones y las ca\u00eddas son accidentes que se producen cuando alguien se lesiona en la propiedad de otro, debido a la negligencia del propietario. Goose Creek los accidentes de resbalones y ca\u00eddas con frecuencia resultan en lesiones graves, discapacidad o incluso la muerte. La naturaleza y el alcance de las lesiones de una v\u00edctima de accidente var\u00edan; sin embargo, las siguientes lesiones son comunes en los accidentes de resbal\u00f3n y ca\u00edda:<\/p>\n\n\n\n<p>- Lesiones craneales y cerebrales<br>- Huesos rotos<br>- Fractura de cadera<br>- Lesiones en la mu\u00f1eca<br>- Lesiones de rodilla<\/p>\n\n\n\n<p>Los accidentes por resbalones y ca\u00eddas pueden ocurrir a lo largo de nuestra vida cotidiana. La mayor\u00eda de las veces, estos accidentes se producen debido a los siguientes peligros:<\/p>\n\n\n\n<p>- Suelos resbaladizos<br>- Derrames<br>- Alfombra rota<br>- Mala iluminaci\u00f3n<br>- Basura o residuos en los pasillos<br>- Escaleras irregulares o sin iluminaci\u00f3n<br>- Aceras u hormig\u00f3n agrietados<br>- Falta de barandillas en las escaleras<br>- Suelo desgastado<br>- Barandillas defectuosas<br>- Pavimento h\u00famedo o con hielo<br>- Infracciones del c\u00f3digo de construcci\u00f3n<\/p>\n\n\n\n<p>La ley South Carolina permite a los lesionados en accidentes por resbalones y ca\u00eddas reclamar una indemnizaci\u00f3n contra el propietario del terreno mediante una demanda por responsabilidad de los locales.<\/p>\n\n\n\n<p><strong>Establecer la responsabilidad en una reclamaci\u00f3n por resbal\u00f3n y ca\u00edda Goose Creek<\/strong><\/p>\n\n\n\n<p>Para probar una reclamaci\u00f3n por resbal\u00f3n y ca\u00edda, el demandante debe demostrar que otra persona o empresa fue negligente, y que esta negligencia fue la causa de sus lesiones. Cada elemento de una reclamaci\u00f3n de responsabilidad de locales debe estar respaldado por pruebas. Espec\u00edficamente, en cualquier demanda por resbal\u00f3n y ca\u00edda, el demandante debe probar lo siguiente:<\/p>\n\n\n\n<p>- El demandado ten\u00eda un deber de cuidado con el demandante;<br>- Ese deber de diligencia fue violado por la negligencia del demandado; y<br>- La v\u00edctima del accidente sufri\u00f3 da\u00f1os f\u00edsicos o emocionales como consecuencia de la infracci\u00f3n.<\/p>\n\n\n\n<p>Si el accidente de resbal\u00f3n y ca\u00edda fue el resultado del descuido de otra persona, usted podr\u00eda tener derecho a una compensaci\u00f3n por cualquier p\u00e9rdida emocional o financiera o lesi\u00f3n f\u00edsica relacionada con el incidente. Para maximizar su compensaci\u00f3n, es importante discutir su caso con un abogado experto en resbalones y ca\u00eddas Goose Creek.<\/p>\n\n\n\n<p>Las dos doctrinas jur\u00eddicas que rigen los accidentes por resbal\u00f3n y ca\u00edda son la doctrina del dolo y la doctrina de la responsabilidad objetiva. La doctrina del error intencionado supone que la lesi\u00f3n fue causada deliberadamente por un tercero. Adem\u00e1s de la indemnizaci\u00f3n econ\u00f3mica normal, en estos casos pueden ser apropiados los da\u00f1os punitivos.<\/p>\n\n\n\n<p>La doctrina de la responsabilidad objetiva permite a la v\u00edctima de un accidente responsabilizar al demandado de sus lesiones, incluso si el demandado no ten\u00eda la intenci\u00f3n directa de perjudicar a la v\u00edctima. En este caso, el demandante debe demostrar que ha sufrido alg\u00fan tipo de da\u00f1o emocional o f\u00edsico. Seg\u00fan ambas doctrinas, los demandantes deben demostrar que la negligencia del demandado fue la causa de sus lesiones. Adem\u00e1s, los demandantes deben alegar y probar sus da\u00f1os.<\/p>\n\n\n\n<p>Es importante que todos los casos de resbalones y ca\u00eddas Goose Creek se presenten dentro de los tres a\u00f1os siguientes a la fecha del accidente. Si la v\u00edctima de un accidente no presenta su reclamaci\u00f3n a tiempo, es probable que el tribunal desestime la reclamaci\u00f3n sin llegar a escuchar sus fundamentos. Si esto ocurre, la v\u00edctima del accidente se ver\u00e1 impedida para siempre de obtener una compensaci\u00f3n por sus lesiones.<\/p>\n\n\n\n<p><strong>Indemnizaci\u00f3n por da\u00f1os y perjuicios en las reclamaciones de responsabilidad civil de los locales Goose Creek<\/strong><\/p>\n\n\n\n<p>Los lesionados en un accidente de tropiezo y ca\u00edda Goose Creek pueden tener derecho a una indemnizaci\u00f3n por las lesiones sufridas. Aunque cada caso es \u00fanico y se evaluar\u00e1 en funci\u00f3n de las circunstancias espec\u00edficas del accidente, puede haber una indemnizaci\u00f3n por los siguientes tipos de da\u00f1os.<\/p>\n\n\n\n<p>- Facturas m\u00e9dicas y hospitalarias<br>- El coste de la asistencia a domicilio<br>- Futuros gastos m\u00e9dicos<br>- Dolor y sufrimiento<br>- Tecnolog\u00eda adaptativa necesaria<br>- P\u00e9rdida de las prestaciones del seguro<br>- Salarios perdidos pasados y futuros<\/p>\n\n\n\n<p>Las v\u00edctimas de accidentes de resbalones y ca\u00eddas deben asegurarse de ponerse en contacto con un abogado especializado en lesiones personales Goose Creek para obtener ayuda, ya que existen estrictos l\u00edmites de tiempo que rigen estas reclamaciones.<\/p>\n\n\n\n<h2 class=\"wp-block-heading\">P\u00f3ngase en contacto con el Steinberg Law Firm hoy mismo para una consulta gratuita<\/h2>\n\n\n\n<p>Si usted o un ser querido ha sido recientemente v\u00edctima de un accidente de resbal\u00f3n y ca\u00edda Goose Creek, <a href=\"https:\/\/www.steinberglawfirm.com\/contact-us\/\" target=\"_blank\" rel=\"noopener\">contacte con el Steinberg Law Firm para obtener asistencia inmediata<\/a>. Llevamos m\u00e1s de 95 a\u00f1os ayudando con \u00e9xito a las v\u00edctimas de accidentes y a sus familias a conseguir la indemnizaci\u00f3n que merecen. A lo largo de este per\u00edodo, hemos desarrollado un enfoque eficaz para manejar <a href=\"https:\/\/www.steinberglawfirm.com\/practice-areas\/premises-liability\/\" target=\"_blank\" rel=\"noopener\">todos los tipos de casos de responsabilidad civil de locales South Carolina<\/a>. Nuestros h\u00e1biles negociadores se comunicar\u00e1n directamente con la compa\u00f1\u00eda de seguros, para que usted no tenga que hacerlo. Y si la compa\u00f1\u00eda de seguros no est\u00e1 dispuesta a hacer una oferta de acuerdo justa, no dudaremos en llevar su caso a juicio. Para saber m\u00e1s, y para <a href=\"https:\/\/www.steinberglawfirm.com\/free-consultation\/\" target=\"_blank\" rel=\"noopener\">programar una consulta gratuita<\/a> para discutir su caso con uno de nuestros experimentados abogados de responsabilidad de locales Goose Creek hoy, <a href=\"tel:843-720-2800\">llame al 843-720-2800<\/a>. Tambi\u00e9n puede <a href=\"https:\/\/www.steinberglawfirm.com\/contact-us\/\" target=\"_blank\" rel=\"noopener\">contacte con nosotros a trav\u00e9s de nuestro formulario en l\u00ednea<\/a>.<\/p>","protected":false},"excerpt":{"rendered":"<p>Goose Creek Abogado de resbalones y ca\u00eddas Ya sea que visite una tienda de comestibles, una biblioteca p\u00fablica o la casa de un vecino, usted conf\u00eda en que el due\u00f1o de una propiedad tomar\u00e1 precauciones razonables para garantizar que la propiedad sea segura. Sin embargo, ese no es siempre el caso. De hecho, los accidentes por resbalones y ca\u00eddas son una de las principales causas...<\/p>","protected":false},"author":1,"featured_media":20555,"parent":3406,"menu_order":0,"comment_status":"closed","ping_status":"closed","template":"","meta":{"_acf_changed":false,"footnotes":""},"class_list":["post-3416","page","type-page","status-publish","has-post-thumbnail","hentry"],"acf":[],"_links":{"self":[{"href":"https:\/\/steinberglawfirm-staging.clmcloud.app\/es\/wp-json\/wp\/v2\/pages\/3416"}],"collection":[{"href":"https:\/\/steinberglawfirm-staging.clmcloud.app\/es\/wp-json\/wp\/v2\/pages"}],"about":[{"href":"https:\/\/steinberglawfirm-staging.clmcloud.app\/es\/wp-json\/wp\/v2\/types\/page"}],"author":[{"embeddable":true,"href":"https:\/\/steinberglawfirm-staging.clmcloud.app\/es\/wp-json\/wp\/v2\/users\/1"}],"replies":[{"embeddable":true,"href":"https:\/\/steinberglawfirm-staging.clmcloud.app\/es\/wp-json\/wp\/v2\/comments?post=3416"}],"version-history":[{"count":7,"href":"https:\/\/steinberglawfirm-staging.clmcloud.app\/es\/wp-json\/wp\/v2\/pages\/3416\/revisions"}],"predecessor-version":[{"id":21283,"href":"https:\/\/steinberglawfirm-staging.clmcloud.app\/es\/wp-json\/wp\/v2\/pages\/3416\/revisions\/21283"}],"up":[{"embeddable":true,"href":"https:\/\/steinberglawfirm-staging.clmcloud.app\/es\/wp-json\/wp\/v2\/pages\/3406"}],"wp:featuredmedia":[{"embeddable":true,"href":"https:\/\/steinberglawfirm-staging.clmcloud.app\/es\/wp-json\/wp\/v2\/media\/20555"}],"wp:attachment":[{"href":"https:\/\/steinberglawfirm-staging.clmcloud.app\/es\/wp-json\/wp\/v2\/media?parent=3416"}],"curies":[{"name":"wp","href":"https:\/\/api.w.org\/{rel}","templated":true}]}}