{"id":3413,"date":"2017-12-28T19:13:43","date_gmt":"2017-12-28T19:13:43","guid":{"rendered":"https:\/\/www.steinberglawfirm.com\/?page_id=3413"},"modified":"2023-03-14T20:26:08","modified_gmt":"2023-03-14T20:26:08","slug":"car-accident-lawyer","status":"publish","type":"page","link":"https:\/\/steinberglawfirm-staging.clmcloud.app\/es\/ubicaciones\/goose-creek\/abogado-accidente-de-coche-2\/","title":{"rendered":"Goose Creek Abogado de accidentes de tr\u00e1fico"},"content":{"rendered":"<h1 class=\"wp-block-heading\">Goose Creek Abogado de accidentes de tr\u00e1fico<\/h1>\n\n\n\n<p>A <a href=\"https:\/\/www.steinberglawfirm.com\/practice-areas\/auto-accidents\/\" target=\"_blank\" rel=\"noopener\">Goose Creek accidente de coche<\/a> puede cambiar para siempre el curso de la vida de una v\u00edctima de accidente. Aunque muchos de nosotros nos ponemos al volante de un coche todos los d\u00edas, nunca imaginamos estar involucrados en un accidente de coche grave. Sin embargo, los accidentes son extremadamente comunes, y los accidentes de coche son una de las principales causas de lesiones y muertes en los Estados Unidos.<\/p>\n\n\n\n<p>Si ha sufrido un accidente de coche Goose Creek, no tiene que enfrentarse a la situaci\u00f3n solo. Despu\u00e9s de un accidente de coche, estar\u00e1s centrado en la recuperaci\u00f3n f\u00edsica y emocional; deja que el <a href=\"https:\/\/www.steinberglawfirm.com\/locations\/goose-creek\/personal-injury-attorneys\/\" target=\"_blank\" rel=\"noopener\">experimentados abogados de lesiones personales Goose Creek en el Steinberg Law Firm le ayudan<\/a> a trav\u00e9s del proceso de recuperaci\u00f3n. Tenemos <a href=\"https:\/\/www.steinberglawfirm.com\/about-us\/\" target=\"_blank\" rel=\"noopener\">m\u00e1s de 95 a\u00f1os de experiencia ayudando a las v\u00edctimas de accidentes<\/a> en su posici\u00f3n responsabilizar a los automovilistas negligentes por sus acciones. Entendemos que recuperarse de un accidente de coche es un proceso largo y dif\u00edcil. Hacemos todo lo posible para que el proceso de recuperaci\u00f3n sea lo m\u00e1s f\u00e1cil posible para usted.<\/p>\n\n\n\n<p><strong>South Carolina Estad\u00edsticas de accidentes de tr\u00e1fico<\/strong><\/p>\n\n\n\n<p>En 2018, hubo un accidente de tr\u00e1fico South Carolina cada 3,7 minutos.<\/p>\n\n\n\n<p>- Se produce una colisi\u00f3n mortal cada 9 horas<br>- Un automovilista muere cada 8,5 horas<br>- Cada 13,8 minutos hay un herido<\/p>\n\n\n\n<p>En 2018:<\/p>\n\n\n\n<p>- Hubo 1.036 muertos en accidentes de tr\u00e1fico South Carolina<br>\u25e6 Aproximadamente la mitad de las v\u00edctimas mortales de accidentes de tr\u00e1fico no llevaban puesto el cintur\u00f3n de seguridad.<br>- Hubo 168 peatones muertos en accidentes de tr\u00e1fico South Carolina<br>- Hubo 22 peatones muertos en accidentes de tr\u00e1fico South Carolina<\/p>\n\n\n\n<p>En los \u00faltimos cinco a\u00f1os, el <a href=\"https:\/\/www.steinberglawfirm.com\/practice-areas\/auto-accidents\/fatal-car-accident\/\" target=\"_blank\" rel=\"noopener\">El n\u00famero de accidentes de tr\u00e1fico mortales South Carolina ha aumentado<\/a> de 756 en 2014 a 969 en 2018 (el a\u00f1o m\u00e1s reciente del que se dispone de datos).<\/p>\n\n\n\n<p>A partir de 2018, las causas m\u00e1s comunes de los accidentes de tr\u00e1fico South Carolina fueron:<\/p>\n\n\n\n<p>- Conducir demasiado r\u00e1pido para las condiciones (exceso de velocidad)<br>- No ceder el paso<br>- Cambio de carril inadecuado<br>- Seguir demasiado de cerca<br>- Conducci\u00f3n distra\u00edda<br>- Conducir bajo los efectos del alcohol<br>- Accidentes de tr\u00e1fico en direcci\u00f3n contraria<br>- Animales en la carretera<\/p>\n\n\n\n<p>El mayor n\u00famero de accidentes de tr\u00e1fico se produce durante los meses de agosto y octubre. Durante cada uno de estos meses se produjeron 102 v\u00edctimas mortales de tr\u00e1fico.<\/p>\n\n\n\n<p>La fiesta m\u00e1s peligrosa para la conducci\u00f3n es la de Nochevieja, durante la cual se produjo una v\u00edctima mortal cada 6,4 horas.<\/p>\n\n\n\n<p>Los viernes y los s\u00e1bados son los d\u00edas m\u00e1s peligrosos para conducir, ya que en cada uno de ellos se produce casi el 20% de los accidentes de tr\u00e1fico.<\/p>\n\n\n\n<p>Las horas m\u00e1s peligrosas para conducir son:<\/p>\n\n\n\n<p>- Entre las 6 y las 9 de la ma\u00f1ana<br>- Entre las 12 y las 15 horas<br>- Entre las 15:00 y las 18:00 horas<\/p>\n\n\n\n<p><strong>Causas de los accidentes de tr\u00e1fico Goose Creek<\/strong><\/p>\n\n\n\n<p>Los accidentes de coche pueden ocurrir de muchas maneras diferentes, y aunque cada situaci\u00f3n es \u00fanica, hay ciertos tipos de accidentes de coche que son m\u00e1s comunes que otros. A lo largo de los m\u00e1s de 95 a\u00f1os que llevamos tramitando reclamaciones por accidentes de coche South Carolina, hemos observado que las siguientes causas se encuentran entre las m\u00e1s comunes:<\/p>\n\n\n\n<p>- <a href=\"https:\/\/www.steinberglawfirm.com\/practice-areas\/auto-accidents\/road-rage-car-accidents\/\" target=\"_blank\" rel=\"noopener\">Furia en la carretera y conducci\u00f3n agresiva;<\/a><br>- Aver\u00eda de los frenos u otra aver\u00eda del equipo;<br>- <a href=\"https:\/\/www.steinberglawfirm.com\/practice-areas\/auto-accidents\/distracted-driving-accidents\/\" target=\"_blank\" rel=\"noopener\">Conducci\u00f3n distra\u00edda;<\/a><br>- <a href=\"https:\/\/www.steinberglawfirm.com\/practice-areas\/auto-accidents\/hit-and-run-car-accident\/\" target=\"_blank\" rel=\"noopener\">Accidentes por atropello;<\/a><br>- <a href=\"https:\/\/www.steinberglawfirm.com\/practice-areas\/auto-accidents\/multi-car-accident\/\" target=\"_blank\" rel=\"noopener\">Accidentes de tr\u00e1fico en cadena<\/a><br>- Accidente por falta de rendimiento;<br>- <a href=\"https:\/\/www.steinberglawfirm.com\/locations\/goose-creek\/truck-accident-lawyers\/\" target=\"_blank\" rel=\"noopener\">Conductores de camiones negligentes<\/a><br>- <a href=\"https:\/\/www.steinberglawfirm.com\/locations\/goose-creek\/car-accident-lawyer\/drunk-driving-accident\/\" target=\"_blank\" rel=\"noopener\">Conducci\u00f3n bajo los efectos de las drogas o del alcohol<\/a><br>- <a href=\"https:\/\/www.steinberglawfirm.com\/practice-areas\/auto-accidents\/speeding-car-accidents\/\" target=\"_blank\" rel=\"noopener\">Exceso de velocidad<\/a><br>- <a href=\"https:\/\/www.steinberglawfirm.com\/practice-areas\/auto-accidents\/reckless-driver-car-accidents\/\" target=\"_blank\" rel=\"noopener\">Conducci\u00f3n temeraria<\/a><\/p>\n\n\n\n<p>La gran mayor\u00eda de los accidentes de tr\u00e1fico son evitables, si el otro conductor hubiera prestado atenci\u00f3n y respetado las leyes de tr\u00e1fico. Cuando la negligencia de un conductor provoca un accidente de tr\u00e1fico, cualquier persona que resulte herida en el accidente puede presentar una reclamaci\u00f3n contra ese conductor.<\/p>\n\n\n\n<p><strong>El papel del seguro en los accidentes de tr\u00e1fico Goose Creek<\/strong><\/p>\n\n\n\n<p><a href=\"https:\/\/www.steinberglawfirm.com\/practice-areas\/auto-accidents\/insurance\/\" target=\"_blank\" rel=\"noopener\">Las compa\u00f1\u00edas de seguros est\u00e1n implicadas en la gran mayor\u00eda de los accidentes de tr\u00e1fico Goose Creek<\/a>. Esto se debe a que, seg\u00fan los t\u00e9rminos de la p\u00f3liza de seguro de la otra parte, la compa\u00f1\u00eda de seguros acept\u00f3 cubrir los costes asociados al accidente. Por lo tanto, aunque el otro automovilista puede ser el causante del accidente, a menudo tendr\u00e1 poco que ver con la forma en que se maneja el caso.<\/p>\n\n\n\n<p>Las compa\u00f1\u00edas de seguros son empresas con \u00e1nimo de lucro que dependen de que cada mes ingresen m\u00e1s dinero en primas que el que pagan en siniestros resueltos. Por lo tanto, el objetivo de una compa\u00f1\u00eda de seguros en cualquier caso de accidente de coche es pagar lo menos posible. A menudo, las compa\u00f1\u00edas de seguros se acercar\u00e1n a una v\u00edctima de accidente con una oferta de liquidaci\u00f3n baja poco despu\u00e9s de un accidente o cuando todav\u00eda se est\u00e1n recuperando, con la esperanza de encontrarlos en un momento de debilidad o desesperaci\u00f3n. Las v\u00edctimas de accidentes no deben aceptar la oferta de una compa\u00f1\u00eda de seguros para resolver un caso sin hablar primero con un abogado. Los estudios han demostrado que las v\u00edctimas de accidentes que trabajan con un abogado de lesiones personales tienen m\u00e1s probabilidades de obtener una compensaci\u00f3n justa por sus lesiones.<\/p>\n\n\n\n<p>Las compa\u00f1\u00edas de seguros tienen equipos de abogados, ajustadores e investigadores que trabajan contra usted para darle el menor dinero posible por su reclamaci\u00f3n de seguro. Los abogados de accidentes de coche de Steinberg Law Firm pueden ayudarle a preparar su caso para obtener una compensaci\u00f3n completa y justa por las lesiones sufridas. Nuestros abogados de accidentes de coche tambi\u00e9n pueden ayudarle:<\/p>\n\n\n\n<p>- Gestionar todos los expedientes y tr\u00e1mites necesarios;<br>- Negociar de primera mano con las compa\u00f1\u00edas de seguros;<br>- Localizar a los profesionales m\u00e9dicos necesarios para ayudarle a recuperarse de sus lesiones; y<br>- Entienda el sistema legal, qu\u00e9 derechos tiene y qu\u00e9 puede esperar del proceso de recuperaci\u00f3n.<\/p>\n\n\n\n<p><strong>Da\u00f1os y perjuicios en casos de accidentes de tr\u00e1fico Goose Creek<\/strong><\/p>\n\n\n\n<p>Despu\u00e9s de un accidente de coche, es probable que tenga un largo camino de recuperaci\u00f3n. A menudo, \u00e9ste comienza en el hospital. Sin embargo, una vez que le den el alta, todav\u00eda hay muchos obst\u00e1culos que debe superar antes de volver a ponerse en pie. Podemos ayudarle a conseguir una compensaci\u00f3n monetaria por sus lesiones. Las indemnizaciones disponibles pueden incluir:<\/p>\n\n\n\n<p>- Facturas m\u00e9dicas<br>- Futuros gastos m\u00e9dicos<br>- Salarios perdidos<br>- Disminuci\u00f3n de la capacidad de ganancia<br>- Da\u00f1os al veh\u00edculo o a la propiedad<br>- Dolor y sufrimiento<br>- Discapacidad f\u00edsica o mental<br>- Cicatrices o desfiguraciones permanentes<br>- P\u00e9rdida del disfrute de la vida<br>- P\u00e9rdida de la capacidad de realizar las tareas cotidianas<br>- P\u00e9rdida de compa\u00f1\u00eda<\/p>\n\n\n\n<p>Si has sufrido un accidente, el primer paso es acudir a un hospital para recibir la atenci\u00f3n m\u00e9dica adecuada. Aunque el impacto parezca menor y usted parezca ileso, muchas lesiones se manifiestan mucho despu\u00e9s del accidente. Adem\u00e1s, si esperas a ir al hospital, la compa\u00f1\u00eda de seguros puede argumentar que tus lesiones no fueron consecuencia del accidente. Por lo tanto, acudir a un m\u00e9dico puede reforzar su caso. Adem\u00e1s, es fundamental que recuerde guardar todos los registros del incidente y de los da\u00f1os que ha sufrido. Entre los registros que debe asegurarse de recopilar se encuentran:<\/p>\n\n\n\n<p>- Todos los gastos m\u00e9dicos relacionados con el accidente<br>- Todo el papeleo de la polic\u00eda, incluyendo un informe de accidente<br>- Los datos de contacto y del seguro del otro conductor implicado en el accidente<br>- Fotograf\u00edas del lugar del accidente<br>- La informaci\u00f3n de contacto de cualquier otra persona que haya sido testigo del accidente<\/p>\n\n\n\n<p>South Carolina tiene un estricto estatuto de limitaciones, o un l\u00edmite de tiempo, en el que se debe presentar una reclamaci\u00f3n. Por lo general, las v\u00edctimas de accidentes tienen tres a\u00f1os para presentar la demanda o pierden la posibilidad de presentarla. Si bien hay excepciones a la ley de prescripci\u00f3n, establecer que usted cumple con una excepci\u00f3n puede ser bastante dif\u00edcil. Un <a href=\"https:\/\/www.steinberglawfirm.com\/practice-areas\/auto-accidents\/\" target=\"_blank\" rel=\"noopener\">un abogado con experiencia en accidentes de tr\u00e1fico puede guiarle a trav\u00e9s del proceso<\/a> y le informar\u00e1 de los posibles plazos para presentar una reclamaci\u00f3n.<\/p>\n\n\n\n<h2 class=\"wp-block-heading\">Discuta su caso con un abogado especializado en accidentes de tr\u00e1fico Goose Creek hoy mismo<\/h2>\n\n\n\n<p>Si usted o un ser querido ha sido v\u00edctima de un accidente de tr\u00e1fico en Goose Creek, <a href=\"https:\/\/www.steinberglawfirm.com\/free-consultation\/\" target=\"_blank\" rel=\"noopener\">ll\u00e1menos hoy para una revisi\u00f3n gratuita de su caso<\/a>. <a href=\"https:\/\/www.steinberglawfirm.com\/attorney\/\" target=\"_blank\" rel=\"noopener\">Los abogados de accidentes de tr\u00e1fico de Steinberg Law Firm est\u00e1n preparados para ayudarle y apoyarle en cada paso del proceso legal<\/a> para ayudarle a conseguir una compensaci\u00f3n completa por sus lesiones. Llevamos m\u00e1s de 95 a\u00f1os ayudando a las v\u00edctimas de accidentes y a sus familias a conseguir la compensaci\u00f3n que se merecen. Para saber m\u00e1s, y para programar una consulta gratuita con un abogado, <a href=\"tel:843-720-2800\">llame al 843-720-2800<\/a>. Tambi\u00e9n puede <a href=\"https:\/\/www.steinberglawfirm.com\/contact-us\/\" target=\"_blank\" rel=\"noopener\">contacte con nosotros a trav\u00e9s de nuestro formulario en l\u00ednea<\/a>.<\/p>","protected":false},"excerpt":{"rendered":"<p>Goose Creek Abogado de accidentes de coche Un accidente de coche Goose Creek puede cambiar para siempre el curso de la vida de una v\u00edctima de accidente. Aunque muchos de nosotros nos ponemos al volante de un coche todos los d\u00edas, nunca imaginamos estar involucrados en un accidente de coche grave. Sin embargo, los accidentes son extremadamente comunes, y los accidentes de coche son una causa principal...<\/p>","protected":false},"author":1,"featured_media":20555,"parent":3406,"menu_order":0,"comment_status":"closed","ping_status":"closed","template":"","meta":{"_acf_changed":false,"footnotes":""},"class_list":["post-3413","page","type-page","status-publish","has-post-thumbnail","hentry"],"acf":[],"_links":{"self":[{"href":"https:\/\/steinberglawfirm-staging.clmcloud.app\/es\/wp-json\/wp\/v2\/pages\/3413"}],"collection":[{"href":"https:\/\/steinberglawfirm-staging.clmcloud.app\/es\/wp-json\/wp\/v2\/pages"}],"about":[{"href":"https:\/\/steinberglawfirm-staging.clmcloud.app\/es\/wp-json\/wp\/v2\/types\/page"}],"author":[{"embeddable":true,"href":"https:\/\/steinberglawfirm-staging.clmcloud.app\/es\/wp-json\/wp\/v2\/users\/1"}],"replies":[{"embeddable":true,"href":"https:\/\/steinberglawfirm-staging.clmcloud.app\/es\/wp-json\/wp\/v2\/comments?post=3413"}],"version-history":[{"count":7,"href":"https:\/\/steinberglawfirm-staging.clmcloud.app\/es\/wp-json\/wp\/v2\/pages\/3413\/revisions"}],"predecessor-version":[{"id":24349,"href":"https:\/\/steinberglawfirm-staging.clmcloud.app\/es\/wp-json\/wp\/v2\/pages\/3413\/revisions\/24349"}],"up":[{"embeddable":true,"href":"https:\/\/steinberglawfirm-staging.clmcloud.app\/es\/wp-json\/wp\/v2\/pages\/3406"}],"wp:featuredmedia":[{"embeddable":true,"href":"https:\/\/steinberglawfirm-staging.clmcloud.app\/es\/wp-json\/wp\/v2\/media\/20555"}],"wp:attachment":[{"href":"https:\/\/steinberglawfirm-staging.clmcloud.app\/es\/wp-json\/wp\/v2\/media?parent=3413"}],"curies":[{"name":"wp","href":"https:\/\/api.w.org\/{rel}","templated":true}]}}