{"id":3410,"date":"2017-12-28T19:02:09","date_gmt":"2017-12-28T19:02:09","guid":{"rendered":"https:\/\/www.steinberglawfirm.com\/?page_id=3410"},"modified":"2023-04-04T17:26:18","modified_gmt":"2023-04-04T17:26:18","slug":"personal-injury-attorneys","status":"publish","type":"page","link":"https:\/\/steinberglawfirm-staging.clmcloud.app\/es\/ubicaciones\/goose-creek\/abogados-de-danos-personales\/","title":{"rendered":"Goose Creek Abogados de lesiones personales"},"content":{"rendered":"<h1 class=\"wp-block-heading\">Goose Creek Abogados de lesiones personales<\/h1>\n\n\n\n<p>Si se ha visto implicado en un accidente con lesiones personales graves, es fundamental que <a href=\"https:\/\/www.steinberglawfirm.com\/locations\/goose-creek\/\" target=\"_blank\" rel=\"noopener\">que se ponga en contacto con un abogado de lesiones personales Goose Creek<\/a>. Mientras que la ley South Carolina proporciona una manera para que las v\u00edctimas de accidentes para recuperar por sus lesiones, el proceso es complejo y adversario. Las compa\u00f1\u00edas de seguros a menudo tratan de aprovecharse de las v\u00edctimas de lesiones a ra\u00edz de un accidente, y es esencial que usted tiene alguien que aboga en su nombre.<\/p>\n\n\n\n<p>En el <a href=\"https:\/\/www.steinberglawfirm.com\/\" target=\"_blank\" rel=\"noopener\">Steinberg Law Firm, LLC<\/a>Representamos a las v\u00edctimas de accidentes y a sus familias en <a href=\"https:\/\/www.steinberglawfirm.com\/locations\/goose-creek\/work-injury-lawyers\/\" target=\"_blank\" rel=\"noopener\">todos los tipos de indemnizaci\u00f3n de los trabajadores Goose Creek<\/a> y reclamaciones por da\u00f1os personales, ayud\u00e1ndoles a recuperarse de sus lesiones. <a href=\"https:\/\/www.steinberglawfirm.com\/attorney\/\" target=\"_blank\" rel=\"noopener\">Nuestros abogados, expertos y compasivos, tienen m\u00e1s de 170 a\u00f1os de experiencia legal combinada.<\/a> que se ocupan de las reclamaciones por da\u00f1os y perjuicios del Goose Creek y poseen los conocimientos y la profesionalidad necesarios para llevar su caso de principio a fin con el m\u00e1ximo cuidado y consideraci\u00f3n. <a href=\"https:\/\/www.steinberglawfirm.com\/results\/\" target=\"_blank\" rel=\"noopener\">Hemos recuperado m\u00e1s de $800 millones para nuestros clientes<\/a>y esperamos poder ayudarle a conseguir la compensaci\u00f3n que se merece. Aunque ning\u00fan bufete de abogados puede ganar todos los casos, estamos orgullosos de aplicar el mismo nivel de cuidado y dedicaci\u00f3n a cada cliente que servimos.<\/p>\n\n\n\n<h3 class=\"wp-block-heading\">Secci\u00f3n de estad\u00edsticas<\/h3>\n\n\n\n<p><strong>Estad\u00edsticas de accidentes de tr\u00e1fico:&nbsp;<\/strong><\/p>\n\n\n\n<p>En 2018, hubo un accidente de tr\u00e1fico South Carolina cada 3,7 minutos.<\/p>\n\n\n\n<p>- Se produce una colisi\u00f3n mortal cada 9 horas<br>- Un automovilista muere cada 8,5 horas<br>- Cada 13,8 minutos hay un herido<\/p>\n\n\n\n<p>En 2018:<\/p>\n\n\n\n<p>- Hubo 1.036 muertos en accidentes de tr\u00e1fico South Carolina<br>\u25e6 Aproximadamente la mitad de las v\u00edctimas mortales de accidentes de tr\u00e1fico no llevaban puesto el cintur\u00f3n de seguridad.<br>- Hubo 168 peatones muertos en accidentes de tr\u00e1fico South Carolina<br>- Hubo 22 peatones muertos en accidentes de tr\u00e1fico South Carolina<\/p>\n\n\n\n<p>En los \u00faltimos cinco a\u00f1os, el n\u00famero de accidentes de tr\u00e1fico mortales South Carolina ha aumentado de 756 en 2014 a 969 en 2018.<\/p>\n\n\n\n<p><strong>Estad\u00edsticas de resbalones y ca\u00eddas:<\/strong><\/p>\n\n\n\n<p>- En 2016, cerca de 9,2 millones de personas fueron tratadas en hospitales por lesiones relacionadas con las ca\u00eddas.<br>- Las ca\u00eddas son la principal causa de muerte en los adultos mayores.<br>- Cada a\u00f1o, el 30 por ciento de los adultos mayores dicen haberse ca\u00eddo. Esto supone unos 30 millones de ca\u00eddas al a\u00f1o.<br>- En 2016, 697 trabajadores murieron en accidentes relacionados con ca\u00eddas, y otros 48.000 faltaron al menos un d\u00eda al trabajo despu\u00e9s de caerse en el trabajo.<br>- Una de cada cinco ca\u00eddas provoca una lesi\u00f3n grave, como un traumatismo craneal o una fractura de huesos.<br>- M\u00e1s de 800.000 personas son hospitalizadas cada a\u00f1o debido a lesiones relacionadas con las ca\u00eddas.<br>- Los tipos de lesiones m\u00e1s frecuentes son los traumatismos craneales y las fracturas de cadera.<br>- Las ca\u00eddas son la causa m\u00e1s com\u00fan de las lesiones cerebrales traum\u00e1ticas (TBI)<br>- En South Carolina, 67 de cada 100.000 personas morir\u00e1n como consecuencia de lesiones relacionadas con las ca\u00eddas.&nbsp;<\/p>\n\n\n\n<p><strong>Estad\u00edsticas de accidentes de trabajo:<\/strong><\/p>\n\n\n\n<p>Seg\u00fan el Consejo Nacional de Seguridad, las principales causas de accidentes laborales no mortales son:<\/p>\n\n\n\n<p>- Sobreesfuerzo (280.000 accidentes)<br>- Resbalones, tropiezos y ca\u00eddas (240.000 accidentes)<br>- Entrar en contacto con un objeto o equipo (235.000 accidentes)<br>- Accidentes de transporte (50.000 accidentes)<br>- Violencia laboral (44.000 accidentes)<br>- Exposici\u00f3n a sustancias qu\u00edmicas nocivas (40.000 accidentes)<\/p>\n\n\n\n<p>Las cinco ocupaciones con el mayor \u00edndice de muertes anuales:<\/p>\n\n\n\n<p>1. Conductores, vendedores y <a href=\"https:\/\/www.steinberglawfirm.com\/locations\/goose-creek\/truck-accident-lawyers\/\" target=\"_blank\" rel=\"noopener\">camioneros<\/a><br>2. Agricultores, ganaderos y otros miembros de la industria agr\u00edcola<br>3. Trabajadores de mantenimiento del terreno<br>4. <a href=\"https:\/\/www.steinberglawfirm.com\/workers-compensation\/construction-accidents\/fall-from-roof-injury\/\" target=\"_blank\" rel=\"noopener\">Techadores<\/a><br>5. Pilotos de avi\u00f3n e ingenieros de vuelo<\/p>\n\n\n\n<p><strong>Tipos de reclamaciones por da\u00f1os personales Goose Creek<\/strong><\/p>\n\n\n\n<p>Como dice el viejo refr\u00e1n, \"los accidentes ocurren\". Sin embargo, la realidad es que la gran mayor\u00eda de los casos de lesiones personales Goose Creek son consecuencia de la negligencia de una o varias partes. Los accidentes pueden ocurrir, y a menudo lo hacen, durante las actividades diarias m\u00e1s rutinarias. Dejar a los ni\u00f1os en el colegio, hacer la compra, someterse a un procedimiento m\u00e9dico rutinario... cada una de estas actividades aparentemente mundanas puede dar lugar a lesiones graves e irreversibles cuando est\u00e1 implicada la negligencia de otra persona.<\/p>\n\n\n\n<p>En el Steinberg Law Firm, representamos a las v\u00edctimas de accidentes en una amplia gama de casos de lesiones personales, incluyendo los siguientes:<\/p>\n\n\n\n<p>- Accidentes de tr\u00e1fico<br>- Negligencia m\u00e9dica<br>- Resbalones y ca\u00eddas<br>- Mordeduras de perro<br>- Actos de violencia intencionados<br>- Reclamaciones de muerte por negligencia<br>- Lesiones en la cabeza y en la columna vertebral<br>- Amputaciones<br>- Abuso y negligencia en residencias de ancianos<br>- Mordeduras de perro<br>- Productos defectuosos<br>- Lesiones en el lugar de trabajo<\/p>\n\n\n\n<p>La mayor\u00eda de los casos de lesiones personales se basan en la teor\u00eda legal de la negligencia. Para establecer una reclamaci\u00f3n por negligencia Goose Creek, una v\u00edctima de accidente debe establecer cuatro elementos:<\/p>\n\n\n\n<p>1. La otra parte les deb\u00eda un deber de cuidado;<br>2. Mediante alguna acci\u00f3n u omisi\u00f3n, la otra parte viol\u00f3 el deber de cuidado;<br>3. El incumplimiento del deber provoc\u00f3 las lesiones de la v\u00edctima del accidente; y<br>4. La v\u00edctima del accidente ha sufrido alg\u00fan tipo de da\u00f1o legalmente reconocible, como lesiones f\u00edsicas o emocionales.<\/p>\n\n\n\n<p>Mientras que varias leyes estatales y federales pueden trabajar en su favor durante una demanda por lesiones personales, hay un n\u00famero igual de normas que rigen la forma en que estas reclamaciones deben ser presentadas. Por ejemplo, en general, South Carolina da a las v\u00edctimas de accidentes de tres a\u00f1os a partir de la fecha de la lesi\u00f3n para presentar una demanda contra otra parte. Adem\u00e1s, ciertos tipos de demandas por lesiones personales, tales como <a href=\"https:\/\/www.steinberglawfirm.com\/personal-injury\/medical-malpractice\/\" target=\"_blank\" rel=\"noopener\">Goose Creek casos de negligencia m\u00e9dica<\/a>En algunos casos, las v\u00edctimas de accidentes deben cumplir requisitos procesales adicionales. Para entender mejor sus derechos, y lo que se requiere de usted, se aconseja que usted trabaja con un abogado de lesiones personales dedicado. En <a href=\"https:\/\/www.steinberglawfirm.com\/attorney\/\" target=\"_blank\" rel=\"noopener\">abogados en el Steinberg Law Firm<\/a> puede guiarle a lo largo del proceso y asegurarse de que su caso cumple todas las leyes y normas judiciales aplicables.<\/p>\n\n\n\n<p><strong>Da\u00f1os y perjuicios en una demanda por lesiones personales Goose Creek<\/strong><\/p>\n\n\n\n<p>La indemnizaci\u00f3n a la que puede acceder una v\u00edctima de accidente a trav\u00e9s de un caso de da\u00f1os personales Goose Creek variar\u00e1 en funci\u00f3n de cada caso. Sin embargo, el South Carolina suele contemplar dos tipos principales de da\u00f1os, los econ\u00f3micos y los no econ\u00f3micos.<\/p>\n\n\n\n<p>Los da\u00f1os econ\u00f3micos son aquellos para los que se puede determinar f\u00e1cilmente un valor monetario. Por ejemplo, los tipos comunes de da\u00f1os econ\u00f3micos incluyen:<\/p>\n\n\n\n<p>- Facturas m\u00e9dicas anteriores<br>- Futuros gastos m\u00e9dicos<br>- Salarios perdidos<br>- Disminuci\u00f3n de la capacidad de ganancia<\/p>\n\n\n\n<p>Los da\u00f1os no econ\u00f3micos son menos tangibles que los econ\u00f3micos, ya que requieren alg\u00fan elemento de subjetividad para determinar su valor. Los tipos m\u00e1s comunes de da\u00f1os no econ\u00f3micos incluyen:<\/p>\n\n\n\n<p>- Dolor y sufrimiento<br>- Angustia mental<br>- Humillaci\u00f3n<br>- Desfiguraci\u00f3n<br>- P\u00e9rdida de reputaci\u00f3n<br>- Angustia emocional<br>- P\u00e9rdida de disfrute de la vida<br>- Deterioro f\u00edsico<br>- Inconvenientes<br>- P\u00e9rdida de consorcio (que implica una relaci\u00f3n conyugal)<br>- P\u00e9rdida de la sociedad y del compa\u00f1erismo (que implica una relaci\u00f3n con los dem\u00e1s)<\/p>\n\n\n\n<p>Aunque los da\u00f1os no econ\u00f3micos son menos concretos en cuanto a su valor, estos da\u00f1os a menudo superar\u00e1n a los econ\u00f3micos en muchas demandas por lesiones Goose Creek.<\/p>\n\n\n\n<p>En ocasiones, la v\u00edctima de un accidente ser\u00e1 parcialmente culpable de sus lesiones. Sin embargo, aquellos que temen que sus propias acciones jugaron un papel en el accidente que caus\u00f3 sus lesiones no deben ser disuadidos de perseguir una demanda. Esto se debe a que South Carolina utiliza la doctrina de la \"culpa comparativa modificada\" a la hora de determinar qu\u00e9 v\u00edctimas de accidentes pueden recuperar por sus lesiones. En virtud de esta doctrina, una parte lesionada puede recuperar contra otras partes culpables, siempre y cuando la negligencia de la parte lesionada no exceda la negligencia total de las otras partes combinadas. En otras palabras, una v\u00edctima de un accidente puede presentar una reclamaci\u00f3n contra otra parte si \u00e9sta tuvo menos del 51% de culpa. Sin embargo, si un juez o un jurado determina que una v\u00edctima de lesiones es parcialmente culpable, el tribunal reducir\u00e1 la indemnizaci\u00f3n por da\u00f1os y perjuicios de esa parte por su porcentaje de culpa.<\/p>\n\n\n\n<p>En algunos casos, la ley South Carolina pone un tope a la cantidad total de da\u00f1os que puede obtener una v\u00edctima de accidente. Los topes de da\u00f1os en South Carolina se aplican en casos contra instituciones ben\u00e9ficas y entidades gubernamentales. Adem\u00e1s, existen l\u00edmites a los da\u00f1os no econ\u00f3micos en los casos de negligencia m\u00e9dica, incluidos algunos casos presentados contra residencias de ancianos.<\/p>\n\n\n\n<p>El <a href=\"https:\/\/www.steinberglawfirm.com\/locations\/goose-creek\/\" target=\"_blank\" rel=\"noopener\">Goose Creek abogados de lesiones personales en el Steinberg Law Fir<\/a>m perseguir\u00e1 eficazmente la m\u00e1xima indemnizaci\u00f3n por sus lesiones, independientemente del tipo de caso o de contra qui\u00e9n se presente.<\/p>\n\n\n\n<h2 class=\"wp-block-heading\">Hable de sus lesiones con un abogado con experiencia en lesiones personales Goose Creek hoy<\/h2>\n\n\n\n<p>Si se ha lesionado, nuestros abogados de lesiones personales de Goose Creek quieren ayudarle. Representamos a clientes en todo tipo de reclamaciones por lesiones, incluyendo aquellas que implican <a href=\"https:\/\/www.steinberglawfirm.com\/practice-areas\/premises-liability\/slip-and-fall\/\" target=\"_blank\" rel=\"noopener\">resbalones y ca\u00eddas<\/a>, <a href=\"https:\/\/www.steinberglawfirm.com\/practice-areas\/auto-accidents\/\" target=\"_blank\" rel=\"noopener\">accidentes de tr\u00e1fico<\/a>, <a href=\"https:\/\/www.steinberglawfirm.com\/practice-areas\/medical-malpractice\/\" target=\"_blank\" rel=\"noopener\">negligencia m\u00e9dica<\/a>, <a href=\"https:\/\/www.steinberglawfirm.com\/practice-areas\/nursing-home-abuse\/\" target=\"_blank\" rel=\"noopener\">abuso en residencias de ancianos<\/a>, <a href=\"https:\/\/www.steinberglawfirm.com\/practice-areas\/construction-defect\/\" target=\"_blank\" rel=\"noopener\">defectos de construcci\u00f3n<\/a> y <a href=\"https:\/\/www.steinberglawfirm.com\/practice-areas\/wrongful-death\/\" target=\"_blank\" rel=\"noopener\">muerte por negligencia<\/a>. Nuestro equipo de abogados son h\u00e1biles negociadores, as\u00ed como agresivos litigantes y pueden cambiar sin problemas entre esos papeles, seg\u00fan sea necesario.<\/p>\n\n\n\n<p>En el <a href=\"https:\/\/www.steinberglawfirm.com\/\" target=\"_blank\" rel=\"noopener\">Steinberg Law Firm<\/a>, <a href=\"https:\/\/www.steinberglawfirm.com\/attorney\/\" target=\"_blank\" rel=\"noopener\">nuestros abogados tienen m\u00e1s de 200 a\u00f1os de experiencia colectiva<\/a> manejo de casi <a href=\"https:\/\/www.steinberglawfirm.com\/practice-areas\/\" target=\"_blank\" rel=\"noopener\">todo tipo de casos de da\u00f1os personales imaginables<\/a>. Dada esta amplia base de experiencia, es probable que hayamos manejado un caso como el suyo. Para saber m\u00e1s sobre c\u00f3mo podemos ayudarle a reclamar una indemnizaci\u00f3n basada en las lesiones que usted o su ser querido han sufrido, <a href=\"tel:843-720-2800\">llame al 843-720-2800<\/a>o <a href=\"https:\/\/www.steinberglawfirm.com\/contact-us\/\" target=\"_blank\" rel=\"noopener\">contacte con nosotros a trav\u00e9s de nuestro formulario online<\/a>.<\/p>","protected":false},"excerpt":{"rendered":"<p>Goose Creek Abogados de lesiones personales Si usted ha estado involucrado en un accidente de lesiones personales graves, es crucial que se ponga en contacto con un abogado de lesiones personales Goose Creek. Aunque la ley South Carolina ofrece a las v\u00edctimas de accidentes una forma de recuperar sus lesiones, el proceso es complejo y contradictorio. Las compa\u00f1\u00edas de seguros a menudo intentan...<\/p>","protected":false},"author":1,"featured_media":20555,"parent":3406,"menu_order":0,"comment_status":"closed","ping_status":"closed","template":"","meta":{"_acf_changed":false,"footnotes":""},"class_list":["post-3410","page","type-page","status-publish","has-post-thumbnail","hentry"],"acf":[],"_links":{"self":[{"href":"https:\/\/steinberglawfirm-staging.clmcloud.app\/es\/wp-json\/wp\/v2\/pages\/3410"}],"collection":[{"href":"https:\/\/steinberglawfirm-staging.clmcloud.app\/es\/wp-json\/wp\/v2\/pages"}],"about":[{"href":"https:\/\/steinberglawfirm-staging.clmcloud.app\/es\/wp-json\/wp\/v2\/types\/page"}],"author":[{"embeddable":true,"href":"https:\/\/steinberglawfirm-staging.clmcloud.app\/es\/wp-json\/wp\/v2\/users\/1"}],"replies":[{"embeddable":true,"href":"https:\/\/steinberglawfirm-staging.clmcloud.app\/es\/wp-json\/wp\/v2\/comments?post=3410"}],"version-history":[{"count":8,"href":"https:\/\/steinberglawfirm-staging.clmcloud.app\/es\/wp-json\/wp\/v2\/pages\/3410\/revisions"}],"predecessor-version":[{"id":24493,"href":"https:\/\/steinberglawfirm-staging.clmcloud.app\/es\/wp-json\/wp\/v2\/pages\/3410\/revisions\/24493"}],"up":[{"embeddable":true,"href":"https:\/\/steinberglawfirm-staging.clmcloud.app\/es\/wp-json\/wp\/v2\/pages\/3406"}],"wp:featuredmedia":[{"embeddable":true,"href":"https:\/\/steinberglawfirm-staging.clmcloud.app\/es\/wp-json\/wp\/v2\/media\/20555"}],"wp:attachment":[{"href":"https:\/\/steinberglawfirm-staging.clmcloud.app\/es\/wp-json\/wp\/v2\/media?parent=3410"}],"curies":[{"name":"wp","href":"https:\/\/api.w.org\/{rel}","templated":true}]}}